{"id":1163,"date":"2019-09-03T12:04:50","date_gmt":"2019-09-03T10:04:50","guid":{"rendered":"https:\/\/stage.oktober.de\/bergbau\/?page_id=1163"},"modified":"2024-12-17T10:06:53","modified_gmt":"2024-12-17T09:06:53","slug":"abtrennbarkeit-von-schadstoffen-aus-grubenwasser","status":"publish","type":"page","link":"https:\/\/fzn.thga.de\/en\/forschung\/abtrennbarkeit-von-schadstoffen-aus-grubenwasser\/","title":{"rendered":"Severability of harmful substances from minewater"},"content":{"rendered":"<div id=\"fws_69e7346d7ec00\"  data-column-margin=\"default\" data-midnight=\"dark\" data-top-percent=\"5%\" data-bottom-percent=\"4%\"  class=\"wpb_row vc_row-fluid vc_row standard_section\"  style=\"padding-top: calc(100vw * 0.05); padding-bottom: calc(100vw * 0.04); \"><div class=\"row-bg-wrap\" data-bg-animation=\"none\" data-bg-overlay=\"false\"><div class=\"inner-wrap\"><div class=\"row-bg\"  style=\"\"><\/div><\/div><div class=\"row-bg-overlay\" ><\/div><\/div><div class=\"row_col_wrap_12 col span_12 dark left\">\n\t<div  class=\"vc_col-sm-12 wpb_column column_container vc_column_container col no-extra-padding inherit_tablet inherit_phone\"  data-t-w-inherits=\"default\" data-bg-cover=\"\" data-padding-pos=\"all\" data-has-bg-color=\"false\" data-bg-color=\"\" data-bg-opacity=\"1\" data-hover-bg=\"\" data-hover-bg-opacity=\"1\" data-animation=\"\" data-delay=\"0\" >\n\t\t<div class=\"vc_column-inner\" ><div class=\"column-bg-overlay-wrap\" data-bg-animation=\"none\"><div class=\"column-bg-overlay\"><\/div><\/div>\n\t\t\t<div class=\"wpb_wrapper\">\n\t\t\t\t\r\n<div class=\"wpb_text_column wpb_content_element\" >\r\n\t<div class=\"wpb_wrapper\">\r\n\t\t<h2><span style=\"color: #e30000\">Project<\/span><\/h2>\n\t<\/div>\r\n<\/div>\r\n\r\n\r\n\r\n\r\n<div class=\"wpb_text_column wpb_content_element\" >\r\n\t<div class=\"wpb_wrapper\">\r\n\t\t<h1 style=\"text-align: left\"><span style=\"color: #06396a\">Severability of harmful substances from minewater<\/span><\/h1>\n\t<\/div>\r\n<\/div>\r\n\r\n\r\n\r\n\r\n<div class=\"wpb_text_column wpb_content_element\" >\r\n\t<div class=\"wpb_wrapper\">\r\n\t\t<h3>Minimising detrimental content, improving water quality<\/h3>\n\t<\/div>\r\n<\/div>\r\n\r\n\r\n\r\n\n\t\t\t<\/div> \n\t\t<\/div>\n\t<\/div> \n<\/div><\/div>\n\t\t<div id=\"fws_69e7346d7f35c\"  data-column-margin=\"default\" data-midnight=\"dark\"  class=\"wpb_row vc_row-fluid vc_row standard_section\"  style=\"padding-top: 0px; padding-bottom: 0px; \"><div class=\"row-bg-wrap\" data-bg-animation=\"none\" data-bg-overlay=\"false\"><div class=\"inner-wrap\"><div class=\"row-bg\"  style=\"\"><\/div><\/div><div class=\"row-bg-overlay\" ><\/div><\/div><div class=\"row_col_wrap_12 col span_12 dark left\">\n\t<div  class=\"vc_col-sm-3 wpb_column column_container vc_column_container col no-extra-padding inherit_tablet inherit_phone\"  data-t-w-inherits=\"default\" data-bg-cover=\"\" data-padding-pos=\"all\" data-has-bg-color=\"false\" data-bg-color=\"\" data-bg-opacity=\"1\" data-hover-bg=\"\" data-hover-bg-opacity=\"1\" data-animation=\"\" data-delay=\"0\" >\n\t\t<div class=\"vc_column-inner\" ><div class=\"column-bg-overlay-wrap\" data-bg-animation=\"none\"><div class=\"column-bg-overlay\"><\/div><\/div>\n\t\t\t<div class=\"wpb_wrapper\">\n\t\t\t\t\n\t\t\t<\/div> \n\t\t<\/div>\n\t<\/div> \n\n\t<div  class=\"vc_col-sm-9 wpb_column column_container vc_column_container col no-extra-padding inherit_tablet inherit_phone\"  data-t-w-inherits=\"default\" data-bg-cover=\"\" data-padding-pos=\"all\" data-has-bg-color=\"false\" data-bg-color=\"\" data-bg-opacity=\"1\" data-hover-bg=\"\" data-hover-bg-opacity=\"1\" data-animation=\"\" data-delay=\"0\" >\n\t\t<div class=\"vc_column-inner\" ><div class=\"column-bg-overlay-wrap\" data-bg-animation=\"none\"><div class=\"column-bg-overlay\"><\/div><\/div>\n\t\t\t<div class=\"wpb_wrapper\">\n\t\t\t\t\r\n<div class=\"wpb_text_column wpb_content_element  vc_custom_1625216913361\" >\r\n\t<div class=\"wpb_wrapper\">\r\n\t\t<p>W\u00e4sser, die aus der Rohstoffgewinnung und -aufbereitung stammen, enthalten zum Teil gr\u00f6\u00dfere Mengen an Schwefel, Eisen und Chlorid-Verbindungen sowie andere Bestandteile, die umweltgef\u00e4hrdend sein k\u00f6nnen. In dem Projekt werden Separationstechniken f\u00fcr die Behandlung und Aufbereitung von Wasser aus Bergbau- und Industriehinterlassenschaften entwickelt und in Mikroplantanlagen getestet. Ziel ist es, Ma\u00dfnahmen zu entwickeln, die den Austrag von Schadstoffen im Grubenwasser minimiert und die die Abtrennung belasteter Partikel erm\u00f6glichen. Der Bereich f\u00fcr Analytik und Abtrennung von organischen Stoffen vereint die Kompetenzen aus den Bereichen Chemie, Verfahrenstechnik und Nachbergbau an der THGA. Auftraggeber ist das <a href=\"https:\/\/hygiene-institut.de\/\"><strong>Hygiene-Institut des Ruhrgebiets<\/strong><\/a>.<\/p>\n\t<\/div>\r\n<\/div>\r\n\r\n\r\n\r\n<div class=\"img-with-aniamtion-wrap\" data-max-width=\"100%\" data-max-width-mobile=\"default\" data-border-radius=\"none\" data-shadow=\"none\" data-animation=\"fade-in\" >\r\n      <div class=\"inner\">\r\n        <div class=\"hover-wrap\" data-hover-animation=\"none\"> \r\n          <div class=\"hover-wrap-inner\">\r\n            <img loading=\"lazy\" decoding=\"async\" class=\"img-with-animation skip-lazy\" data-delay=\"0\" height=\"667\" width=\"1000\" data-animation=\"fade-in\" src=\"https:\/\/fzn.thga.de\/wp-content\/uploads\/sites\/4\/2019\/08\/20151202wb1009-web-opt2.jpg\" alt=\"\" srcset=\"https:\/\/fzn.thga.de\/wp-content\/uploads\/sites\/4\/2019\/08\/20151202wb1009-web-opt2.jpg 1000w, https:\/\/fzn.thga.de\/wp-content\/uploads\/sites\/4\/2019\/08\/20151202wb1009-web-opt2-300x200.jpg 300w, https:\/\/fzn.thga.de\/wp-content\/uploads\/sites\/4\/2019\/08\/20151202wb1009-web-opt2-768x512.jpg 768w, https:\/\/fzn.thga.de\/wp-content\/uploads\/sites\/4\/2019\/08\/20151202wb1009-web-opt2-900x600.jpg 900w\" sizes=\"auto, (min-width: 1450px) 75vw, (min-width: 1000px) 85vw, 100vw\" \/>\r\n          <\/div>\r\n        <\/div>\r\n      <\/div>\r\n    <\/div>\r\n<div class=\"wpb_text_column wpb_content_element\" >\r\n\t<div class=\"wpb_wrapper\">\r\n\t\t\t<\/div>\r\n<\/div>\r\n\r\n\r\n\r\n\n\t\t\t<\/div> \n\t\t<\/div>\n\t<\/div> \n<\/div><\/div>\n\t\t<div id=\"fws_69e7346d80057\"  data-column-margin=\"default\" data-midnight=\"dark\" data-top-percent=\"4%\" data-bottom-percent=\"7%\"  class=\"wpb_row vc_row-fluid vc_row standard_section\"  style=\"padding-top: calc(100vw * 0.04); padding-bottom: calc(100vw * 0.07); \"><div class=\"row-bg-wrap\" data-bg-animation=\"none\" data-bg-overlay=\"false\"><div class=\"inner-wrap\"><div class=\"row-bg\"  style=\"\"><\/div><\/div><div class=\"row-bg-overlay\" ><\/div><\/div><div class=\"row_col_wrap_12 col span_12 dark left\">\n\t<div  class=\"vc_col-sm-3 wpb_column column_container vc_column_container col no-extra-padding inherit_tablet inherit_phone\"  data-t-w-inherits=\"default\" data-bg-cover=\"\" data-padding-pos=\"all\" data-has-bg-color=\"false\" data-bg-color=\"\" data-bg-opacity=\"1\" data-hover-bg=\"\" data-hover-bg-opacity=\"1\" data-animation=\"\" data-delay=\"0\" >\n\t\t<div class=\"vc_column-inner\" ><div class=\"column-bg-overlay-wrap\" data-bg-animation=\"none\"><div class=\"column-bg-overlay\"><\/div><\/div>\n\t\t\t<div class=\"wpb_wrapper\">\n\t\t\t\t\n\t\t\t<\/div> \n\t\t<\/div>\n\t<\/div> \n\n\t<div  class=\"vc_col-sm-9 wpb_column column_container vc_column_container col no-extra-padding inherit_tablet inherit_phone\"  data-t-w-inherits=\"default\" data-bg-cover=\"\" data-padding-pos=\"all\" data-has-bg-color=\"false\" data-bg-color=\"\" data-bg-opacity=\"1\" data-hover-bg=\"\" data-hover-bg-opacity=\"1\" data-animation=\"\" data-delay=\"0\" >\n\t\t<div class=\"vc_column-inner\" ><div class=\"column-bg-overlay-wrap\" data-bg-animation=\"none\"><div class=\"column-bg-overlay\"><\/div><\/div>\n\t\t\t<div class=\"wpb_wrapper\">\n\t\t\t\t<div class=\"divider-wrap\" data-alignment=\"default\"><div style=\"margin-top: 10px; width: 20%px; height: 3px; margin-bottom: 10px;\" data-width=\"20%\" data-animate=\"\" data-animation-delay=\"\" data-color=\"accent-color\" class=\"divider-small-border\"><\/div><\/div>\r\n<div class=\"wpb_text_column wpb_content_element\" >\r\n\t<div class=\"wpb_wrapper\">\r\n\t\t<p><strong><span style=\"color: #e30000\">Project objectives<\/span><\/strong><\/p>\n\t<\/div>\r\n<\/div>\r\n\r\n\r\n\r\n\r\n<div class=\"wpb_text_column wpb_content_element\" >\r\n\t<div class=\"wpb_wrapper\">\r\n\t\t<ul>\n<li>Development of an analytical process for harmful substances in suspended particles<\/li>\n<li>Development of a model for the separation of suspended matter<\/li>\n<li>&lt;\u00dcbertragung der Ergebnisse auf reales Grubenwasser<\/li>\n<\/ul>\n\t<\/div>\r\n<\/div>\r\n\r\n\r\n\r\n<div class=\"divider-wrap\" data-alignment=\"default\"><div style=\"height: 64px;\" class=\"divider\"><\/div><\/div><div class=\"divider-wrap\" data-alignment=\"default\"><div style=\"margin-top: 10px; width: 20%px; height: 3px; margin-bottom: 10px;\" data-width=\"20%\" data-animate=\"\" data-animation-delay=\"\" data-color=\"accent-color\" class=\"divider-small-border\"><\/div><\/div>\r\n<div class=\"wpb_text_column wpb_content_element\" >\r\n\t<div class=\"wpb_wrapper\">\r\n\t\t<p><strong><span style=\"color: #e30000\">Contact<\/span><\/strong><\/p>\n\t<\/div>\r\n<\/div>\r\n\r\n\r\n\r\n<div id=\"fws_69e7346d807f6\" data-midnight=\"\" data-column-margin=\"default\" class=\"wpb_row vc_row-fluid vc_row inner_row standard_section\"  style=\"padding-top: 0px; padding-bottom: 0px; \"><div class=\"row-bg-wrap\"> <div class=\"row-bg\" ><\/div> <\/div><div class=\"row_col_wrap_12_inner col span_12  left\">\n\t<div  class=\"vc_col-sm-3 wpb_column column_container vc_column_container col child_column no-extra-padding inherit_tablet inherit_phone\"   data-t-w-inherits=\"default\" data-bg-cover=\"\" data-padding-pos=\"all\" data-has-bg-color=\"false\" data-bg-color=\"\" data-bg-opacity=\"1\" data-hover-bg=\"\" data-hover-bg-opacity=\"1\" data-animation=\"\" data-delay=\"0\">\n\t\t<div class=\"vc_column-inner\" ><div class=\"column-bg-overlay-wrap\" data-bg-animation=\"none\"><div class=\"column-bg-overlay\"><\/div><\/div>\n\t\t<div class=\"wpb_wrapper\">\n\t\t\t<div class=\"img-with-aniamtion-wrap\" data-max-width=\"100%\" data-max-width-mobile=\"default\" data-border-radius=\"none\" data-shadow=\"none\" data-animation=\"fade-in\" >\r\n      <div class=\"inner\">\r\n        <div class=\"hover-wrap\" data-hover-animation=\"none\"> \r\n          <div class=\"hover-wrap-inner\">\r\n            <img loading=\"lazy\" decoding=\"async\" class=\"img-with-animation skip-lazy\" data-delay=\"0\" height=\"1500\" width=\"1000\" data-animation=\"fade-in\" src=\"https:\/\/fzn.thga.de\/wp-content\/uploads\/sites\/4\/2019\/07\/Prof.-Dr.-Andreas-Kreipl-SC-weboptimiert.jpg\" alt=\"\" srcset=\"https:\/\/fzn.thga.de\/wp-content\/uploads\/sites\/4\/2019\/07\/Prof.-Dr.-Andreas-Kreipl-SC-weboptimiert.jpg 1000w, https:\/\/fzn.thga.de\/wp-content\/uploads\/sites\/4\/2019\/07\/Prof.-Dr.-Andreas-Kreipl-SC-weboptimiert-200x300.jpg 200w, https:\/\/fzn.thga.de\/wp-content\/uploads\/sites\/4\/2019\/07\/Prof.-Dr.-Andreas-Kreipl-SC-weboptimiert-768x1152.jpg 768w, https:\/\/fzn.thga.de\/wp-content\/uploads\/sites\/4\/2019\/07\/Prof.-Dr.-Andreas-Kreipl-SC-weboptimiert-683x1024.jpg 683w\" sizes=\"auto, (min-width: 1450px) 75vw, (min-width: 1000px) 85vw, 100vw\" \/>\r\n          <\/div>\r\n        <\/div>\r\n      <\/div>\r\n    <\/div>\n\t\t<\/div> \n\t<\/div>\n\t<\/div> \n\n\t<div  class=\"vc_col-sm-9 wpb_column column_container vc_column_container col child_column no-extra-padding inherit_tablet inherit_phone\"   data-t-w-inherits=\"default\" data-bg-cover=\"\" data-padding-pos=\"all\" data-has-bg-color=\"false\" data-bg-color=\"\" data-bg-opacity=\"1\" data-hover-bg=\"\" data-hover-bg-opacity=\"1\" data-animation=\"\" data-delay=\"0\">\n\t\t<div class=\"vc_column-inner\" ><div class=\"column-bg-overlay-wrap\" data-bg-animation=\"none\"><div class=\"column-bg-overlay\"><\/div><\/div>\n\t\t<div class=\"wpb_wrapper\">\n\t\t\t\r\n<div class=\"wpb_text_column wpb_content_element\" >\r\n\t<div class=\"wpb_wrapper\">\r\n\t\t<h3><strong>Prof. Dr. Andreas Kreipl<\/strong><\/h3>\n<p>Technische Hochschule Georg Agricola University<br \/>\nHerner Street 45<br \/>\n44787 Bochum<br \/>\nBuilding 8, room S12<\/p>\n<p><span style=\"color: #e30000\"><strong>Phone<\/strong><\/span> 0234 968 3687<br \/>\n<span style=\"color: #e30000\"><strong>Mail<\/strong><\/span> andreas.kreipl@thga.de<\/p>\n<p><a href=\"https:\/\/fzn.thga.de\/en\/fzn\/team\/andreas-kreipl\/\"><strong><span style=\"color: #e30000\">To the profile<\/span><\/strong><\/a><\/p>\n\t<\/div>\r\n<\/div>\r\n\r\n\r\n\r\n\n\t\t<\/div> \n\t<\/div>\n\t<\/div> \n<\/div><\/div><div class=\"divider-wrap\" data-alignment=\"default\"><div style=\"height: 64px;\" class=\"divider\"><\/div><\/div><div id=\"fws_69e7346d812c8\" data-midnight=\"\" data-column-margin=\"default\" class=\"wpb_row vc_row-fluid vc_row inner_row standard_section\"  style=\"padding-top: 0px; padding-bottom: 0px; \"><div class=\"row-bg-wrap\"> <div class=\"row-bg\" ><\/div> <\/div><div class=\"row_col_wrap_12_inner col span_12  left\">\n\t<div  class=\"vc_col-sm-3 wpb_column column_container vc_column_container col child_column no-extra-padding inherit_tablet inherit_phone\"   data-t-w-inherits=\"default\" data-bg-cover=\"\" data-padding-pos=\"all\" data-has-bg-color=\"false\" data-bg-color=\"\" data-bg-opacity=\"1\" data-hover-bg=\"\" data-hover-bg-opacity=\"1\" data-animation=\"\" data-delay=\"0\">\n\t\t<div class=\"vc_column-inner\" ><div class=\"column-bg-overlay-wrap\" data-bg-animation=\"none\"><div class=\"column-bg-overlay\"><\/div><\/div>\n\t\t<div class=\"wpb_wrapper\">\n\t\t\t<div class=\"img-with-aniamtion-wrap\" data-max-width=\"100%\" data-max-width-mobile=\"default\" data-border-radius=\"none\" data-shadow=\"none\" data-animation=\"fade-in\" >\r\n      <div class=\"inner\">\r\n        <div class=\"hover-wrap\" data-hover-animation=\"none\"> \r\n          <div class=\"hover-wrap-inner\">\r\n            <img loading=\"lazy\" decoding=\"async\" class=\"img-with-animation skip-lazy\" data-delay=\"0\" height=\"100\" width=\"100\" data-animation=\"fade-in\" src=\"\" alt=\"\"  \/>\r\n          <\/div>\r\n        <\/div>\r\n      <\/div>\r\n    <\/div>\n\t\t<\/div> \n\t<\/div>\n\t<\/div> \n\n\t<div  class=\"vc_col-sm-9 wpb_column column_container vc_column_container col child_column no-extra-padding inherit_tablet inherit_phone\"   data-t-w-inherits=\"default\" data-bg-cover=\"\" data-padding-pos=\"all\" data-has-bg-color=\"false\" data-bg-color=\"\" data-bg-opacity=\"1\" data-hover-bg=\"\" data-hover-bg-opacity=\"1\" data-animation=\"\" data-delay=\"0\">\n\t\t<div class=\"vc_column-inner\" ><div class=\"column-bg-overlay-wrap\" data-bg-animation=\"none\"><div class=\"column-bg-overlay\"><\/div><\/div>\n\t\t<div class=\"wpb_wrapper\">\n\t\t\t\r\n<div class=\"wpb_text_column wpb_content_element\" >\r\n\t<div class=\"wpb_wrapper\">\r\n\t\t<h3><strong>Prof. Dr. Christian Melchers<br \/>\n<\/strong><\/h3>\n<p>Technische Hochschule Georg Agricola University<br \/>\nHerner Street 45<br \/>\n44787 Bochum<br \/>\nBuilding 2, room 104b<\/p>\n<p><span style=\"color: #e30000\"><strong>Phone<\/strong><\/span> 0234 968 3280<br \/>\n<span style=\"color: #e30000\"><strong>Mail<\/strong><\/span> christian.melchers@thga.de<\/p>\n<p><a href=\"https:\/\/fzn.thga.de\/en\/fzn\/team\/christian-melchers\/\"><strong><span style=\"color: #e30000\">To the profile<\/span><\/strong><\/a><\/p>\n\t<\/div>\r\n<\/div>\r\n\r\n\r\n\r\n\n\t\t<\/div> \n\t<\/div>\n\t<\/div> \n<\/div><\/div>\n\t\t\t<\/div> \n\t\t<\/div>\n\t<\/div> \n<\/div><\/div>","protected":false},"excerpt":{"rendered":"Projekt Abtrennbarkeit von Schadstoffen aus Grubenwasser Belastungen minimieren, Wasserqualit\u00e4ten verbessern W\u00e4sser, die aus der Rohstoffgewinnung und -aufbereitung stammen, enthalten zum Teil gr\u00f6\u00dfere Mengen an Schwefel, Eisen und Chlorid-Verbindungen sowie andere...","protected":false},"author":6,"featured_media":0,"parent":2554,"menu_order":0,"comment_status":"closed","ping_status":"closed","template":"","meta":{"footnotes":""},"class_list":["post-1163","page","type-page","status-publish"],"_links":{"self":[{"href":"https:\/\/fzn.thga.de\/en\/wp-json\/wp\/v2\/pages\/1163","targetHints":{"allow":["GET"]}}],"collection":[{"href":"https:\/\/fzn.thga.de\/en\/wp-json\/wp\/v2\/pages"}],"about":[{"href":"https:\/\/fzn.thga.de\/en\/wp-json\/wp\/v2\/types\/page"}],"author":[{"embeddable":true,"href":"https:\/\/fzn.thga.de\/en\/wp-json\/wp\/v2\/users\/6"}],"replies":[{"embeddable":true,"href":"https:\/\/fzn.thga.de\/en\/wp-json\/wp\/v2\/comments?post=1163"}],"version-history":[{"count":6,"href":"https:\/\/fzn.thga.de\/en\/wp-json\/wp\/v2\/pages\/1163\/revisions"}],"predecessor-version":[{"id":5894,"href":"https:\/\/fzn.thga.de\/en\/wp-json\/wp\/v2\/pages\/1163\/revisions\/5894"}],"up":[{"embeddable":true,"href":"https:\/\/fzn.thga.de\/en\/wp-json\/wp\/v2\/pages\/2554"}],"wp:attachment":[{"href":"https:\/\/fzn.thga.de\/en\/wp-json\/wp\/v2\/media?parent=1163"}],"curies":[{"name":"wp","href":"https:\/\/api.w.org\/{rel}","templated":true}]}}