{"id":2749,"date":"2021-05-27T15:41:35","date_gmt":"2021-05-27T13:41:35","guid":{"rendered":"https:\/\/fzn.thga.de\/?page_id=2749"},"modified":"2026-01-08T17:33:37","modified_gmt":"2026-01-08T16:33:37","slug":"barbara-teichert","status":"publish","type":"page","link":"https:\/\/fzn.thga.de\/en\/fzn\/team\/barbara-teichert\/","title":{"rendered":"PD DR. rer. nat. Barbara Teichert"},"content":{"rendered":"<div id=\"fws_69e045fcd693c\"  data-column-margin=\"default\" data-midnight=\"dark\" data-top-percent=\"5%\" data-bottom-percent=\"7%\"  class=\"wpb_row vc_row-fluid vc_row standard_section\"  style=\"padding-top: calc(100vw * 0.05); padding-bottom: calc(100vw * 0.07); \"><div class=\"row-bg-wrap\" data-bg-animation=\"none\" data-bg-overlay=\"false\"><div class=\"inner-wrap\"><div class=\"row-bg\"  style=\"\"><\/div><\/div><div class=\"row-bg-overlay\" ><\/div><\/div><div class=\"row_col_wrap_12 col span_12 dark left\">\n\t<div  class=\"vc_col-sm-8 wpb_column column_container vc_column_container col no-extra-padding inherit_tablet inherit_phone\"  data-t-w-inherits=\"default\" data-bg-cover=\"\" data-padding-pos=\"all\" data-has-bg-color=\"false\" data-bg-color=\"\" data-bg-opacity=\"1\" data-hover-bg=\"\" data-hover-bg-opacity=\"1\" data-animation=\"\" data-delay=\"0\" >\n\t\t<div class=\"vc_column-inner\" ><div class=\"column-bg-overlay-wrap\" data-bg-animation=\"none\"><div class=\"column-bg-overlay\"><\/div><\/div>\n\t\t\t<div class=\"wpb_wrapper\">\n\t\t\t\t\r\n<div class=\"wpb_text_column wpb_content_element\" >\r\n\t<div class=\"wpb_wrapper\">\r\n\t\t<h2><a href=\"https:\/\/fzn.thga.de\/en\/fzn\/team\/\"><span style=\"color: #e30000\">Team<\/span><\/a><\/h2>\n\t<\/div>\r\n<\/div>\r\n\r\n\r\n\r\n\r\n<div class=\"wpb_text_column wpb_content_element\" >\r\n\t<div class=\"wpb_wrapper\">\r\n\t\t<h1 style=\"text-align: left\">PD Dr. rer. nat. Barbara Teichert<\/h1>\n\t<\/div>\r\n<\/div>\r\n\r\n\r\n\r\n<p style=\"font-size: 28px;color: #00325f;line-height: 1.5;text-align: left\" class=\"vc_custom_heading\" >Forschungsschwerpunkt Hydrobiogeochemie der Grubenw\u00e4sser und Isotopengeochemie der Grubengase<\/p><div class=\"divider-wrap\" data-alignment=\"default\"><div style=\"height: 25px;\" class=\"divider\"><\/div><\/div>\r\n<div class=\"wpb_text_column wpb_content_element\" >\r\n\t<div class=\"wpb_wrapper\">\r\n\t\t<h3><strong>VITA<\/strong><\/h3>\n\t<\/div>\r\n<\/div>\r\n\r\n\r\n\r\n<div class=\"nectar-icon-list\" data-icon-color=\"default\" data-icon-style=\"border\" data-columns=\"3\" data-direction=\"vertical\" data-icon-size=\"small\" data-animate=\"\"><div class=\"nectar-icon-list-item\"><div class=\"list-icon-holder\" data-icon_type=\"icon\"><\/div><div class=\"content\"><h4>Seit 2021<\/h4>Wissenschaftliche Mitarbeiterin, Forschungszentrum Nachbergbau der THGA<\/div><\/div><div class=\"nectar-icon-list-item\"><div class=\"list-icon-holder\" data-icon_type=\"icon\"><\/div><div class=\"content\"><h4>2019-2020<\/h4>GIS-Spezialistin, GEO Group GmbH &amp; Co. KG, Wilhelmshaven<\/div><\/div><div class=\"nectar-icon-list-item\"><div class=\"list-icon-holder\" data-icon_type=\"icon\"><\/div><div class=\"content\"><h4>2019<\/h4>Habilitation<br \/>\nFachbereich Geowissenschaften der Math.-Nat. Fakult\u00e4t der Westf\u00e4lischen Wilhelms-Universit\u00e4t M\u00fcnster<\/div><\/div><div class=\"nectar-icon-list-item\"><div class=\"list-icon-holder\" data-icon_type=\"icon\"><\/div><div class=\"content\"><h4>2008-2018<\/h4>Wissenschaftliche Mitarbeiterin, Westf\u00e4lische Wilhelms-Universit\u00e4t M\u00fcnster<\/div><\/div><div class=\"nectar-icon-list-item\"><div class=\"list-icon-holder\" data-icon_type=\"icon\"><\/div><div class=\"content\"><h4>2013<\/h4>Gast-Professorin, Department f\u00fcr Geodynamik und Sedimentologie, Universit\u00e4t Wien, \u00d6sterreich<\/div><\/div><div class=\"nectar-icon-list-item\"><div class=\"list-icon-holder\" data-icon_type=\"icon\"><\/div><div class=\"content\"><h4>2005-2008<\/h4>Wissenschaftliche Koordinatorin des ODP-IODP Schwerpunktprogramms der DFG, Bundesanstalt f\u00fcr Geowissenschaften und Rohstoffe, Hannover<\/div><\/div><div class=\"nectar-icon-list-item\"><div class=\"list-icon-holder\" data-icon_type=\"icon\"><\/div><div class=\"content\"><h4>2002-2005<\/h4>Wissenschaftliche Mitarbeiterin, RCOM\/Universit\u00e4t Bremen<\/div><\/div><div class=\"nectar-icon-list-item\"><div class=\"list-icon-holder\" data-icon_type=\"icon\"><\/div><div class=\"content\"><h4>2002<\/h4>Promotion (Dr. rer. nat.)<br \/>\nSektion Geowissenschaften der Math.-Nat. Fakult\u00e4t der Christian-Albrechts-Universit\u00e4t zu Kiel<br \/>\nThema: Authigene Karbonate an Methanquellen des Cascadia Akkretionskeils: Archive des Fluidflusses<\/div><\/div><div class=\"nectar-icon-list-item\"><div class=\"list-icon-holder\" data-icon_type=\"icon\"><\/div><div class=\"content\"><h4>2002<\/h4>Wissenschaftliche Mitarbeiterin, GEOMAR, Kiel<\/div><\/div><div class=\"nectar-icon-list-item\"><div class=\"list-icon-holder\" data-icon_type=\"icon\"><\/div><div class=\"content\"><h4>1999-2002<\/h4>Promotions-Stipendiatin, DFG-Graduiertenkolleg, GEOMAR, Kiel<\/div><\/div><div class=\"nectar-icon-list-item\"><div class=\"list-icon-holder\" data-icon_type=\"icon\"><\/div><div class=\"content\"><h4>1999<\/h4>Diplom (Dipl. geol.)<br \/>\nFachbereich Geowissenschaften der Math.-Nat. Fakult\u00e4t der Westf\u00e4lischen Wilhelms-Universit\u00e4t M\u00fcnster<\/div><\/div><div class=\"nectar-icon-list-item\"><div class=\"list-icon-holder\" data-icon_type=\"icon\"><\/div><div class=\"content\"><h4>1997<\/h4>Stipendiatin, University of Oklahoma, USA<\/div><\/div><div class=\"nectar-icon-list-item\"><div class=\"list-icon-holder\" data-icon_type=\"icon\"><\/div><div class=\"content\"><h4>1992-1996<\/h4>Studium der Geologie-Pal\u00e4ontologie, Ruprecht-Karls-Universit\u00e4t Heidelberg<\/div><\/div><\/div><div class=\"divider-wrap\" data-alignment=\"default\"><div style=\"height: 100px;\" class=\"divider\"><\/div><\/div>\r\n<div class=\"wpb_text_column wpb_content_element\" >\r\n\t<div class=\"wpb_wrapper\">\r\n\t\t<h3><strong>Research focuses<\/strong><\/h3>\n<ul>\n<li>Hydrobiogeochemie der Grubenw\u00e4sser<\/li>\n<li>Isotopengeochemie der Grubengase<\/li>\n<li>Schwefel-Umsatzprozesse<\/li>\n<li>Modellierung<\/li>\n<li>Geodatenmanagement<\/li>\n<\/ul>\n\t<\/div>\r\n<\/div>\r\n\r\n\r\n\r\n<div class=\"divider-wrap\" data-alignment=\"default\"><div style=\"height: 80px;\" class=\"divider\"><\/div><\/div>\r\n<div class=\"wpb_text_column wpb_content_element\" >\r\n\t<div class=\"wpb_wrapper\">\r\n\t\t<h3><strong>Memberships<\/strong><\/h3>\n<ul>\n<li>Deutsche Geologische Gesellschaft \u2013 Geologische Vereinigung e.V. (DGGV)<\/li>\n<\/ul>\n\t<\/div>\r\n<\/div>\r\n\r\n\r\n\r\n<div class=\"divider-wrap\" data-alignment=\"default\"><div style=\"height: 80px;\" class=\"divider\"><\/div><\/div><div class=\"toggles\" data-style=\"minimal\"><div class=\"toggle accent-color\" data-inner-wrap=\"true\"><h3><a href=\"#\"><i class=\"icon-plus-sign\"><\/i>Publications (selection)<\/a><\/h3><div><div class=\"inner-toggle-wrap\">\r\n<div class=\"wpb_text_column wpb_content_element\" >\r\n\t<div class=\"wpb_wrapper\">\r\n\t\t<p>Eine vollst\u00e4ndige Publikationsliste findet sich hier:<br \/>\n<a id=\"cy-effective-orcid-url\" class=\"underline\" style=\"vertical-align: top\" href=\"https:\/\/orcid.org\/0000-0003-1729-9064\" target=\"orcid.widget\" rel=\"me noopener noreferrer\"><strong>https:\/\/orcid.org\/0000-0003-1729-9064<\/strong><br \/>\n<\/a><\/p>\n<p>&nbsp;<\/p>\n<p><span style=\"color: #e40000\"><strong>WITTKE, A., GUSSONE, N., M\u00c4RZ, C., TEICHERT, B.M.A. (2019):<\/strong><\/span> The effect of extraction techniques on calcium concentrations and isotope ratios of marine pore water. Isotopes in Environmental and Health Studies 56, 51-68.<\/p>\n<p><span style=\"color: #e40000\"><strong>TEICHERT, B.M.A., CHEVALIER, N., GUSSONE, N., BAYON, G., PONZEVERA, E., RUFFINE, L., STRAUSS, H. (2018):<\/strong><\/span> Sulfate-dependent anaerobic oxidation of methane at a highly dynamic bubbling site in the Eastern Sea of Marmara (\u00c7inarcik Basin). In: Deep-Sea Research Part II, 153, 79-91.<\/p>\n<p><span style=\"color: #e40000\"><strong>LIN, Z., SUN, X., PECKMANN, J., LU, Y., XU, L., STRAUSS, H., ZHOU, H., GONG, J., LU, H., TEICHERT, B.M.A. (2016):<\/strong><\/span> How sulfate-driven anaerobic oxidation of methane affects the sulfur isotopic composition of pyrite: a SIMS study from the South China Sea. In: Chemical Geology 440, 26-41.<\/p>\n<p><span style=\"color: #e40000\"><strong>TEICHERT, B.M.A., LUPPOLD, F.W. (2013):<\/strong><\/span> Glendonites from an Early Jurassic methane seep \u2013 Climate or methane indicators? In: Palaeogeography, Palaeoclimatology, Palaeoecology 390, 81-93.<\/p>\n<p><span style=\"color: #e40000\"><strong>OCKERT, C., GUSSONE, N., KAUFHOLD, S., TEICHERT, B.M.A. (2013):\u00a0<\/strong><\/span> Isotope fractionation during Ca exchange on clay minerals in a marine environment. In: Geochimica et Cosmochimica Acta 112, 374-388.<\/p>\n<p><span style=\"color: #e40000\"><strong>TEICHERT, B.M.A., GUSSONE, N. and TORRES, M.E. (2009): <\/strong><\/span>Controls on calcium isotope fractionation in sedimentary porewaters. In: Earth and Planetary Science Letters 279, 373-382.<\/p>\n<p><span style=\"color: #e40000\"><strong>TEICHERT, B.M.A., BOHRMANN, G., SUESS, E. (2005):<\/strong><\/span> Chemoherms on Hydrate Ridge &#8211; Unique microbially-mediated carbonate build-ups growing into the water column. In: Palaeogeography, Palaeoclimatology, Palaeoecology 227, 67-85.<\/p>\n<p><span style=\"color: #e40000\"><strong>TEICHERT, B.M.A., GUSSONE, N., EISENHAUER, A., BOHRMANN, G. (2005):<\/strong><\/span> Clathrites \u2013 Archives of near-seafloor pore fluid evolution (\u03b4<sup>44\/40<\/sup>Ca, \u03b4<sup>13<\/sup>C, \u03b4<sup>18<\/sup>O) in gas hydrate environments. In: Geology 33 (3), 213-216.<\/p>\n<p><span style=\"color: #e40000\"><strong>TEICHERT, B.M.A., EISENHAUER, A., BOHRMANN, G., HAASE-SCHRAMM, A., BOCK, B. and LINKE, P. (2003):<\/strong><\/span> U\/Th systematics and ages of authigenic carbonates from Hydrate Ridge, Cascadia convergent margin: recorders of fluid composition and sealevel changes. In: Geochimica et Cosmochimica Acta 67 (20), 3845-3857.<\/p>\n\t<\/div>\r\n<\/div>\r\n\r\n\r\n\r\n<\/div><\/div><\/div><\/div>\r\n\r\n\r\n\r\n\r\n\r\n\r\n\r\n\r\n\r\n\r\n\r\n\r\n\r\n\r\n\r\n\r\n\r\n\r\n\r\n\n\t\t\t<\/div> \n\t\t<\/div>\n\t<\/div> \n\n\t<div  class=\"vc_col-sm-1 wpb_column column_container vc_column_container col no-extra-padding inherit_tablet inherit_phone\"  data-t-w-inherits=\"default\" data-bg-cover=\"\" data-padding-pos=\"all\" data-has-bg-color=\"false\" data-bg-color=\"\" data-bg-opacity=\"1\" data-hover-bg=\"\" data-hover-bg-opacity=\"1\" data-animation=\"\" data-delay=\"0\" >\n\t\t<div class=\"vc_column-inner\" ><div class=\"column-bg-overlay-wrap\" data-bg-animation=\"none\"><div class=\"column-bg-overlay\"><\/div><\/div>\n\t\t\t<div class=\"wpb_wrapper\">\n\t\t\t\t\n\t\t\t<\/div> \n\t\t<\/div>\n\t<\/div> \n\n\t<div  class=\"vc_col-sm-3 wpb_column column_container vc_column_container col no-extra-padding inherit_tablet inherit_phone\"  data-t-w-inherits=\"default\" data-bg-cover=\"\" data-padding-pos=\"all\" data-has-bg-color=\"false\" data-bg-color=\"\" data-bg-opacity=\"1\" data-hover-bg=\"\" data-hover-bg-opacity=\"1\" data-animation=\"\" data-delay=\"0\" >\n\t\t<div class=\"vc_column-inner\" ><div class=\"column-bg-overlay-wrap\" data-bg-animation=\"none\"><div class=\"column-bg-overlay\"><\/div><\/div>\n\t\t\t<div class=\"wpb_wrapper\">\n\t\t\t\t<div class=\"img-with-aniamtion-wrap\" data-max-width=\"100%\" data-max-width-mobile=\"default\" data-border-radius=\"none\" data-shadow=\"none\" data-animation=\"fade-in\" >\r\n      <div class=\"inner\">\r\n        <div class=\"hover-wrap\" data-hover-animation=\"none\"> \r\n          <div class=\"hover-wrap-inner\">\r\n            <img loading=\"lazy\" decoding=\"async\" class=\"img-with-animation skip-lazy\" data-delay=\"0\" height=\"2560\" width=\"1707\" data-animation=\"fade-in\" src=\"https:\/\/fzn.thga.de\/wp-content\/uploads\/sites\/4\/2024\/12\/BarbaraTeichert-scaled.jpg\" alt=\"\" srcset=\"https:\/\/fzn.thga.de\/wp-content\/uploads\/sites\/4\/2024\/12\/BarbaraTeichert-scaled.jpg 1707w, https:\/\/fzn.thga.de\/wp-content\/uploads\/sites\/4\/2024\/12\/BarbaraTeichert-200x300.jpg 200w, https:\/\/fzn.thga.de\/wp-content\/uploads\/sites\/4\/2024\/12\/BarbaraTeichert-683x1024.jpg 683w, https:\/\/fzn.thga.de\/wp-content\/uploads\/sites\/4\/2024\/12\/BarbaraTeichert-768x1152.jpg 768w, https:\/\/fzn.thga.de\/wp-content\/uploads\/sites\/4\/2024\/12\/BarbaraTeichert-1024x1536.jpg 1024w, https:\/\/fzn.thga.de\/wp-content\/uploads\/sites\/4\/2024\/12\/BarbaraTeichert-1365x2048.jpg 1365w, https:\/\/fzn.thga.de\/wp-content\/uploads\/sites\/4\/2024\/12\/BarbaraTeichert-8x12.jpg 8w\" sizes=\"auto, (min-width: 1450px) 75vw, (min-width: 1000px) 85vw, 100vw\" \/>\r\n          <\/div>\r\n        <\/div>\r\n      <\/div>\r\n    <\/div>\n\t\t\t<\/div> \n\t\t<\/div>\n\t<\/div> \n<\/div><\/div>","protected":false},"excerpt":{"rendered":"Team PD Dr. rer. nat. Barbara Teichert Forschungsschwerpunkt Hydrobiogeochemie der Grubenw\u00e4sser und Isotopengeochemie der Grubengase VITA Seit 2021Wissenschaftliche Mitarbeiterin, Forschungszentrum Nachbergbau der THGA2019-2020GIS-Spezialistin, GEO Group GmbH &amp; Co. KG, Wilhelmshaven2019Habilitation...","protected":false},"author":15,"featured_media":0,"parent":2894,"menu_order":0,"comment_status":"closed","ping_status":"closed","template":"","meta":{"footnotes":""},"class_list":["post-2749","page","type-page","status-publish"],"_links":{"self":[{"href":"https:\/\/fzn.thga.de\/en\/wp-json\/wp\/v2\/pages\/2749","targetHints":{"allow":["GET"]}}],"collection":[{"href":"https:\/\/fzn.thga.de\/en\/wp-json\/wp\/v2\/pages"}],"about":[{"href":"https:\/\/fzn.thga.de\/en\/wp-json\/wp\/v2\/types\/page"}],"author":[{"embeddable":true,"href":"https:\/\/fzn.thga.de\/en\/wp-json\/wp\/v2\/users\/15"}],"replies":[{"embeddable":true,"href":"https:\/\/fzn.thga.de\/en\/wp-json\/wp\/v2\/comments?post=2749"}],"version-history":[{"count":24,"href":"https:\/\/fzn.thga.de\/en\/wp-json\/wp\/v2\/pages\/2749\/revisions"}],"predecessor-version":[{"id":8811,"href":"https:\/\/fzn.thga.de\/en\/wp-json\/wp\/v2\/pages\/2749\/revisions\/8811"}],"up":[{"embeddable":true,"href":"https:\/\/fzn.thga.de\/en\/wp-json\/wp\/v2\/pages\/2894"}],"wp:attachment":[{"href":"https:\/\/fzn.thga.de\/en\/wp-json\/wp\/v2\/media?parent=2749"}],"curies":[{"name":"wp","href":"https:\/\/api.w.org\/{rel}","templated":true}]}}