{"id":2788,"date":"2021-06-02T14:59:12","date_gmt":"2021-06-02T12:59:12","guid":{"rendered":"https:\/\/fzn.thga.de\/?page_id=2788"},"modified":"2026-03-23T09:25:43","modified_gmt":"2026-03-23T08:25:43","slug":"sebastian-westermann","status":"publish","type":"page","link":"https:\/\/fzn.thga.de\/en\/fzn\/team\/sebastian-westermann\/","title":{"rendered":"Dr.-Ing. Sebastian Westermann"},"content":{"rendered":"<div id=\"fws_69d81482c6270\"  data-column-margin=\"default\" data-midnight=\"dark\" data-top-percent=\"5%\" data-bottom-percent=\"7%\"  class=\"wpb_row vc_row-fluid vc_row standard_section\"  style=\"padding-top: calc(100vw * 0.05); padding-bottom: calc(100vw * 0.07); \"><div class=\"row-bg-wrap\" data-bg-animation=\"none\" data-bg-overlay=\"false\"><div class=\"inner-wrap\"><div class=\"row-bg\"  style=\"\"><\/div><\/div><div class=\"row-bg-overlay\" ><\/div><\/div><div class=\"row_col_wrap_12 col span_12 dark left\">\n\t<div  class=\"vc_col-sm-8 wpb_column column_container vc_column_container col no-extra-padding inherit_tablet inherit_phone\"  data-t-w-inherits=\"default\" data-bg-cover=\"\" data-padding-pos=\"all\" data-has-bg-color=\"false\" data-bg-color=\"\" data-bg-opacity=\"1\" data-hover-bg=\"\" data-hover-bg-opacity=\"1\" data-animation=\"\" data-delay=\"0\" >\n\t\t<div class=\"vc_column-inner\" ><div class=\"column-bg-overlay-wrap\" data-bg-animation=\"none\"><div class=\"column-bg-overlay\"><\/div><\/div>\n\t\t\t<div class=\"wpb_wrapper\">\n\t\t\t\t\r\n<div class=\"wpb_text_column wpb_content_element\" >\r\n\t<div class=\"wpb_wrapper\">\r\n\t\t<h2><a href=\"https:\/\/fzn.thga.de\/en\/fzn\/team\/\"><span style=\"color: #e30000\">Team<\/span><\/a><\/h2>\n\t<\/div>\r\n<\/div>\r\n\r\n\r\n\r\n\r\n<div class=\"wpb_text_column wpb_content_element\" >\r\n\t<div class=\"wpb_wrapper\">\r\n\t\t<h1 style=\"text-align: left\">Dr.-Ing. Sebastian Westermann<\/h1>\n\t<\/div>\r\n<\/div>\r\n\r\n\r\n\r\n<p style=\"font-size: 28px;color: #00325f;line-height: 1.5;text-align: left\" class=\"vc_custom_heading\" >Research focus Perpetual tasks and minewater management<\/p><div class=\"divider-wrap\" data-alignment=\"default\"><div style=\"height: 25px;\" class=\"divider\"><\/div><\/div>\r\n<div class=\"wpb_text_column wpb_content_element\" >\r\n\t<div class=\"wpb_wrapper\">\r\n\t\t<h3><strong>VITA<\/strong><\/h3>\n\t<\/div>\r\n<\/div>\r\n\r\n\r\n\r\n<div class=\"nectar-icon-list\" data-icon-color=\"default\" data-icon-style=\"border\" data-columns=\"3\" data-direction=\"vertical\" data-icon-size=\"small\" data-animate=\"\"><div class=\"nectar-icon-list-item\"><div class=\"list-icon-holder\" data-icon_type=\"icon\"><\/div><div class=\"content\"><h4>seit 04\/2026<\/h4>Lehrauftrag f\u00fcr die Vorlesung \u201eGrund- und Grubenwassermanagement\u201c im Master-Studiengang \u201eGeoingenieurwesen und Nachbergbau\u201c an der Technischen Hochschule Georg Agricola<\/div><\/div><div class=\"nectar-icon-list-item\"><div class=\"list-icon-holder\" data-icon_type=\"icon\"><\/div><div class=\"content\"><h4>seit 04\/2026<\/h4>Lehrauftrag f\u00fcr die Vorlesung \u201eHydromechanik\u201c im Bachelor-Studiengang \u201eGeotechnik und Angewandte Geologie, Bau- und Umweltgeotechnik\u201c an der Technischen Hochschule Georg Agricola<\/div><\/div><div class=\"nectar-icon-list-item\"><div class=\"list-icon-holder\" data-icon_type=\"icon\"><\/div><div class=\"content\"><h4>seit 09\/2025<\/h4>Lecturer for the course \u201cDevelopment of Case Studies and Feasibility Studies\u201d in the master's program \u201cGeoengineering and Post-Mining\u201d at the Georg Agricola Technical University<\/div><\/div><div class=\"nectar-icon-list-item\"><div class=\"list-icon-holder\" data-icon_type=\"icon\"><\/div><div class=\"content\"><h4>seit 01\/2025<\/h4>Lecturer in module WH4 \u2013 Groundwater Management of the distance learning course \u201cWater and Environment\u201d at Leibniz University Hannover, units \u201cHydrogeological Fundamentals\u201d and \u201cHydrogeological Field and Mapping Methods\u201d<\/div><\/div><div class=\"nectar-icon-list-item\"><div class=\"list-icon-holder\" data-icon_type=\"icon\"><\/div><div class=\"content\"><h4>seit 09\/2024<\/h4>Lecturer for the course \u201cMine Life Cycle\u201d in the bachelor's degree programs \u201cGeotechnical Engineering\u201d and \u201cMining Engineering and Sustainable Resource Management\u201d at the Georg Agricola Technical University<\/div><\/div><div class=\"nectar-icon-list-item\"><div class=\"list-icon-holder\" data-icon_type=\"icon\"><\/div><div class=\"content\"><h4>seit 04\/2023<\/h4>Head of the research focus on perpetual obligations and mine water management at the FZN<\/div><\/div><div class=\"nectar-icon-list-item\"><div class=\"list-icon-holder\" data-icon_type=\"icon\"><\/div><div class=\"content\"><h4>2021<\/h4>Dissertation awarded the Oskar Niemcyzk Prize by the German Association of Mine Surveyors<\/div><\/div><div class=\"nectar-icon-list-item\"><div class=\"list-icon-holder\" data-icon_type=\"icon\"><\/div><div class=\"content\"><h4>2020<\/h4>Doctorate in engineering at the Institute of Mining at Clausthal University of Technology with the topic \u201cModel-based sensitivity analysis of system-determining factors of mine water rise in underground mines using statistical experimental design.\u201d<\/div><\/div><div class=\"nectar-icon-list-item\"><div class=\"list-icon-holder\" data-icon_type=\"icon\"><\/div><div class=\"content\"><h4>seit 2015<\/h4>Research assistant at the Research Center of Post-Mining at the Georg Agricola Technical University in Bochum<\/div><\/div><div class=\"nectar-icon-list-item\"><div class=\"list-icon-holder\" data-icon_type=\"icon\"><\/div><div class=\"content\"><h4>2010-2015<\/h4>Research assistant\/project manager at Schmidt &amp; Partner GmbH engineering firm, Bielefeld<\/div><\/div><div class=\"nectar-icon-list-item\"><div class=\"list-icon-holder\" data-icon_type=\"icon\"><\/div><div class=\"content\"><h4>2010<\/h4>Master's thesis \u201cAssessment of the applicability of geohydraulic borehole tests in a highly permeable formation\u201d awarded the Heitfeld Prize by the Hildegard and Karl-Heinrich Heitfeld Foundation<\/div><\/div><div class=\"nectar-icon-list-item\"><div class=\"list-icon-holder\" data-icon_type=\"icon\"><\/div><div class=\"content\"><h4>2009<\/h4>Research assistant at the Institute of Geology and Paleontology at the University of M\u00fcnster<\/div><\/div><div class=\"nectar-icon-list-item\"><div class=\"list-icon-holder\" data-icon_type=\"icon\"><\/div><div class=\"content\"><h4>2008-2009<\/h4>Scholarship from the Hildegard and Karl-Heinrich Heitfeld Foundation<\/div><\/div><div class=\"nectar-icon-list-item\"><div class=\"list-icon-holder\" data-icon_type=\"icon\"><\/div><div class=\"content\"><h4>2004-2009<\/h4>Studied geosciences at the University of M\u00fcnster, graduating with a Master of Science degree<\/div><\/div><\/div><div class=\"divider-wrap\" data-alignment=\"default\"><div style=\"height: 100px;\" class=\"divider\"><\/div><\/div>\r\n<div class=\"wpb_text_column wpb_content_element\" >\r\n\t<div class=\"wpb_wrapper\">\r\n\t\t<h3><strong>Research focuses<\/strong><\/h3>\n<ul>\n<li>Mine water management in abandoned mines<\/li>\n<li>Modeling of mine water rise processes<\/li>\n<li>Groundwater and mine water treatment<\/li>\n<li>Options for reusing mine water<\/li>\n<li>Mine water geothermal energy<\/li>\n<li>Hydraulic and hydrochemical measurement methods<\/li>\n<li>Detection of fluid and gas migration<\/li>\n<li>Petrophysical determination of low-permeability rocks<\/li>\n<li>Monitoring of waste rock piles (including water balance accounting)<\/li>\n<\/ul>\n\t<\/div>\r\n<\/div>\r\n\r\n\r\n\r\n<div class=\"divider-wrap\" data-alignment=\"default\"><div style=\"height: 80px;\" class=\"divider\"><\/div><\/div>\r\n<div class=\"wpb_text_column wpb_content_element\" >\r\n\t<div class=\"wpb_wrapper\">\r\n\t\t<h3><strong>Memberships<\/strong><\/h3>\n<ul>\n<li>Fachsektion Hydrogeologie e.V.\u00a0 der Deutschen Geologischen Gesellschaft \u2013 Geologische Vereinigung e.V (FH-DGGV)<\/li>\n<li>Arbeitskreis Grubenwasser der FH-DGGV<\/li>\n<li>Deutscher Markscheider-Verein<\/li>\n<li>Member of the DIN Mirror Committee \u201cManaging Mining Legacies\u201d<\/li>\n<\/ul>\n\t<\/div>\r\n<\/div>\r\n\r\n\r\n\r\n<div class=\"divider-wrap\" data-alignment=\"default\"><div style=\"height: 80px;\" class=\"divider\"><\/div><\/div><div class=\"toggles\" data-style=\"minimal\"><div class=\"toggle accent-color\" data-inner-wrap=\"true\"><h3><a href=\"#\"><i class=\"icon-plus-sign\"><\/i>Publications (selection)<\/a><\/h3><div><div class=\"inner-toggle-wrap\">\r\n<div class=\"wpb_text_column wpb_content_element\" >\r\n\t<div class=\"wpb_wrapper\">\r\n\t\t<p><span style=\"color: #e30000\"><strong>MELCHERS, C. &amp; WESTERMANN, S. (2026):<\/strong><\/span> Grubenwasser neu gedacht \u2013 Georessource, Wertstoffstrom, Energie- und W\u00e4rmespeicher. &#8211; In: Musolff, A. &amp; R\u00fcsgen, M. (Hrsg.): 30. Tagung der FH-DGGV, \u201eGrundwasser und Wasserwirtschaft im Wandel\u201c, 10. \u2013 13.03.2026, Leipzig, Schriftenreihe der FH-DGGV, Heft 6, S. 214.<\/p>\n<p><span style=\"color: #e40000\"><strong>Westermann, S.; Teichert, B. (2025):<\/strong><\/span> Vom Wasser getrieben? System- und Prozesszusammenh\u00e4nge der Grubengasfreisetzung in stillgelegten Steinkohlenbergwerken. In: Langefeld, O. (Hrsg.): 23. Altbergbau-Kolloquium. 6. und 7. November 2025, TU Clausthal. Clausthal-Zellerfeld: S. 79-86. Online verf\u00fcgbar unter: https:\/\/doi.org\/10.21268\/20250804-0 (zuletzt gepr\u00fcft am 10.11.2025)<\/p>\n<p><span style=\"color: #e40000\"><strong>Westermann, S.; Reker, B.; Melchers, C. (2025):<\/strong><\/span> Experiences and Findings for Sustainable Mine Water.\u00a0Management in Underground Hard Coal Mining = Erfahrungen und Erkenntnisse f\u00fcr ein nachhaltiges Grubenwassermanagement im untert\u00e4gigen Steinkohlenbergbau. In: Mining Report Gl\u00fcckauf 161 (5), S. 409-422.<\/p>\n<p><span style=\"color: #e40000\"><strong>Rudakov, D.; Sharifi, S.; Westermann, S. (2025):<\/strong><\/span> An Empirical-Analytical Model of Mine Water Level Rebound. In: Mining 2025, 5, 59, 14 S. Online verf\u00fcgbar unter: https:\/\/doi.org\/10.3390\/mining5040059 (zuletzt gepr\u00fcft am 25.09.2025) <em>[peer reviewed]<\/em><\/p>\n<p><span style=\"color: #e40000\"><strong>Westermann, S.; Reker, B.; Wieber, G. (2024):<\/strong><\/span> Grund- und Grubenwassermanagement in der Nachbergbauphase am Beispiel des Ruhrgebietes (Exkursion F am 5. September 2024). In: Kobler, H.-U. (Hrsg.): Geologische Exkursionen im M\u00fcnsterl\u00e4nder Kreidebecken und Umgebung. Stuttgart: E. Schweizerbart`sche Verlagsbuchhandlung, S. 105-116 (Jahresberichte und Mitteilungen des Oberrheinischen Geologischen Vereins Band 106). DOI: 10.1127\/jmogv\/106\/0006<\/p>\n<p><strong><span style=\"color: #e3000f\">Burghardt, D.; Coldewey, W.G.; Melchers, C.; Me\u00dfer, J.; Paul, M., Walter, T.; Wesche, D.; Westermann, S.; Wieber, G.; Wolkersdorfer, C. Hrsg.:<\/span> <\/strong>Fachsektion Hydrogeologie e.V. in der DGGV e.V.\/ Arbeitskreis Grubenwasser (2023): Praxisleitfaden Grubenwasser \u2013 Teil 1: Beprobung und Vor-Ort-Untersuchung. Neustadt\/Wstr.: Arbeitskreis Grubenwasser der Fachsektion Hydrogeologie e.V. in der DGGV e.V. (FH-DGGV). Schriftenreihe der FH-DGGV, Heft 4.<\/p>\n<p><span style=\"color: #e40000\"><strong>Melchers, C., Westermann, S. &amp; Reker, B. (2021):<\/strong><\/span> Evaluation of Mine Water Rebound Processes in the German Coalfields of Ruhr, Saar, Ibbenb\u00fcren, and the adjacent European Countries. &#8211; 129 S., 60 Abb., 5 Tab.; Bochum (Selbstverlag des Deutschen Bergbau-Museums Bochum). &#8211; Online verf\u00fcgbar unter: https:\/\/fzn.thga.de\/forschung\/publikationen\/berichte-zum-nachbergbau\/ (zuletzt aufgerufen am 23.02.2021).<\/p>\n<p><span style=\"color: #e40000\"><strong>Rudakov, D.V. &amp; Westermann, S. (2021):<\/strong><\/span> Analytical Modeling of Mine Water Rebound. Three Case Studies in closed Hard-Coal Mines in Germany. &#8211; Mining of Mineral Deposits, 9 S., 8 Abb., 3 Tab.<\/p>\n<p><span style=\"color: #e40000\"><strong>Westermann, S., Reker, B., Goerke-Mallet, B. &amp; Melchers, C. (2020): <\/strong><\/span>Grubenwasseranstieg nach Bergwerksschlie\u00dfung. Grundlagen und Erfahrungen. &#8211; GeoResources, 4(2020): 37\u201342, 7\u00a0Abb. &#8211; Online verf\u00fcgbar unter: https:\/\/www.georesources.net\/download\/GeoResources-Zeitschrift-4-2020.pdf (zuletzt aufgerufen am 23.02.2021).<\/p>\n<p><span style=\"color: #e40000\"><strong>Reker, B., Westermann, S., Goerke-Mallet, P. &amp; Melchers, C. (2020):<\/strong><\/span> Mine Water Rebound Processes in Europe. &#8211; Tagungsbeitrag auf MineXChange vom 23.6. bis 26.2.2020 in Phoenix (USA), Society for Mining, Metallurgy &amp; Exploration (SME), 6 S., 2 Abb.; Phoenix (USA).<\/p>\n<p><span style=\"color: #e40000\"><strong>Westermann, S. (2020):<\/strong><\/span> Modellbasierte Sensitivit\u00e4tsanalyse systembestimmender Faktoren eines Grubenwasseranstiegs in Untertagebergwerken mittels statistischer Versuchsplanung. &#8211; Berichte zum Nachbergbau, 2: 220 S., 50 Abb., 45 Tab.; Clausthal-Zellerfeld (Papierflieger). &#8211; Online verf\u00fcgbar unter: https:\/\/fzn.thga.de\/forschung\/publikationen\/berichte-zum-nachbergbau\/ (zuletzt aufgerufen am 23.02.2021).<\/p>\n<p><span style=\"color: #e40000\"><strong>Melchers, C., Westermann, S. &amp; Reker, B. (2019):<\/strong><\/span> Evaluierung von Grubenwasseranstiegsprozessen im Ruhrgebiet, Saarland, in Ibbenb\u00fcren sowie weiteren deutschen Steinkohlenrevieren und dem angrenzenden europ\u00e4ischen Ausland. &#8211; Berichte zum Nachbergbau, 1: 130 S., 60\u00a0Abb., 5 Tab.; Bochum (Selbstverlag des Deutschen Bergbau-Museums Bochum). &#8211; Online verf\u00fcgbar unter: https:\/\/fzn.thga.de\/forschung\/publikationen\/berichte-zum-nachbergbau\/ (zuletzt aufgerufen am 23.02.2021).<\/p>\n<p><span style=\"color: #e40000\"><strong>Reker, B., Goerke-Mallet, P., Westermann, S. &amp; Melchers, C. (2019a):<\/strong><\/span> Der Schutz von Grundwasserleitern beim Grubenwasseranstieg: Grubenwassermanagement im Durham Revier (Gro\u00dfbritannien) und ein Vergleich mit dem Konzept in Lothringen (Frankreich). &#8211; Mining Report, 155(3): 272\u2013286.<\/p>\n<p><span style=\"color: #e40000\"><strong>Reker, B., Goerke-Mallet, P., Westermann, S. &amp; Melchers, C. (2019b):<\/strong><\/span> Die spanische Steinkohle und der Nachbergbau: Eindr\u00fccke aus Asturien. &#8211; Bergbau, 70(4): 160\u2013166.<\/p>\n<p><span style=\"color: #e40000\"><strong>Reker, B., Westermann, S., Goerke-Mallet, P. &amp; Melchers, C. (2019a):<\/strong><\/span> Grubenwasseranstiegsprozesse in Europa. &#8211; Technische Hochschule Georg Agricola, Forschungszentrum Nachbergbau &amp; Deutscher Markscheider-Verein (Hrsg.): Tagungsband Bergbau, Energie und Rohstoffe 2019. \u00dcbergang zu neuen Zeiten. 11.\u201313. September 2019, Technische Hochschule Georg Agricola, Bochum, 15\u201322; Clausthal-Zellerfeld (Papierflieger Verlag GmbH)<\/p>\n<p><span style=\"color: #e40000\"><strong>Westermann, S., Rudakov, D. V., Reker, B. &amp; Melchers, C. (2019):<\/strong><\/span> Ein neuer Blick auf Grubenwasseranstiegsprozesse \u2013 ausgew\u00e4hlte Beispiele aus dem deutschen Steinkohlenbergbau. &#8211; Markscheidewesen, 126(1): 30\u201338.<\/p>\n<p><span style=\"color: #e40000\"><strong>Westermann, S., Rudakov, D.\u00a0V., Wolkersdorfer, C. &amp; Melchers, C. (2019):<\/strong><\/span> Design of Experiments. Ein systemanalytischer Ansatz f\u00fcr ein besseres Verst\u00e4ndnis von Grubenwasseranstiegsprozessen in Untertagebergwerken. In: Mayer, G., Benndorf, J., L\u00f6bel, K.-H., Butscher, C., Tondera, D. &amp; Busch, W. (Hrsg.): 19. Altbergbaukolloquium vom 7.\u20139. November 2019 in Leoben, 81\u201393, 6 Abb., 4 Tab.; Nossen (Wagner Digitaldruck und Medien GmbH).<\/p>\n<p><span style=\"color: #e40000\"><strong>Reker, B., Goerke-Mallet, P., Westermann, S. &amp; Melchers, C. (2018):<\/strong><\/span> Die britische Steinkohle und der Nachbergbau: Eindr\u00fccke aus dem Revier South Yorkshire und aktuelle Entwicklungen in Gro\u00dfbritannien. &#8211; Bergbau, 69(6): 269\u2013274.<\/p>\n<p><span style=\"color: #e40000\"><strong>Westermann, S. (2018):<\/strong><\/span> Analyse und Bewertung der hydraulischen, hydrochemischen und geomechanischen Grundlagen eines Grubenwasseranstiegs in untert\u00e4gigen Steinkohlenbergwerken. &#8211; In: Banning, A., Frank, S., Kaufmann-Knoke, R., Niedermayr, A., Wisotzky, F. &amp; Wohnlich, S. (Hrsg..): Grundwasser im Umfeld von Bergbau, Energie und urbanen R\u00e4umen &#8211; 26. Fachtagung der Fachsektion Hydrologie e. V. in der DGGV e. V. Bochum, 21.\u201324. M\u00e4rz 2018. Tagungsband: 233; Bochum (Selbstverlag Institut f\u00fcr Geologie, Mineralogie und Geophysik der Ruhr-Universit\u00e4t Bochum). &#8211; [Bochumer geowissenschaftliche Arbeiten, 24].<\/p>\n<p><span style=\"color: #e40000\"><strong>Westermann, S. &amp; Melchers, C. (2018):<\/strong><\/span> Scientific basics of mine water rebound. &#8211; In: Sankt-Peterburgskij Gornyj Universitet (Hrsg.): Problemy nedropol&#8217;zovanija &#8211; Me\u017edunarodnyj Forum-Konkurs Molodych U\u010denych, 18-20 aprel&#8217;ja 2018 g, Sbornik nau\u010dnych trudov, \u010cast&#8216; II: 84\u201386; Sankt-Peterburg (Sankt-Peterburgskij Gornyj Universitet). &#8211; Online verf\u00fcgbar unter: https:\/\/spmi.ru\/sites\/default\/files\/imci_images\/sciens\/nirs\/vkladka_2_%D1%87%D0%B0%D 1%81%D1%82%D1%8C%20II_%202018.pdf (zuletzt aufgerufen am 24.01.2019).<\/p>\n<p><span style=\"color: #e40000\"><strong>Westermann, S., Reker, B., Goerke-Mallet, P., Wolkersdorfer, C. &amp; Melchers, C. (2018):<\/strong><\/span> Hydraulics of Underground Mine Flooding \u2013 Optimization of Prediction and Monitoring Procedures. &#8211; In: Drebenstedt, C., von Bismarck, F., Fourie, A. &amp; Tibbett, M. (Hrsg.): Mine Closure 2018 &#8211; Proceedings of the 12<sup>th<\/sup> International Conference on Mine Closure, 3.\u20137. September 2018, Leipzig, Germany: 512\u2013523; Freiberg (Technical University Bergakademie Freiberg, Institute of Mining and Special Civil Engineering). &#8211; Online verf\u00fcgbar unter: http:\/\/mineclosure2018.com\/wp-content\/uploads\/2017\/08\/Book_prev_index_complete_online.pdf (zuletzt aufgerufen am 24.01.2019).<\/p>\n<p><span style=\"color: #e40000\"><strong>Westermann, S., Rudakov, D. &amp; Melchers, C. (2018):<\/strong><\/span> Analytical Assessment of Mine Water Rebound \u2013 Case Study Ruhr Coal Vasin. &#8211; In: Ministerstwo Oswity i Nauky Ukrajny, Nazionaljnyj Technitschnyj Uniwersitet, \u201cDniprowsj ka Politechnika\u201d (Hrsg.): Forum Girnykiw &#8211; 2018 &#8211; Materialy mischnarodnoj konferenzij, 10.-13. schowtnja 2018 r [Tagungsband des Forum of Mining Engineers an der National Technical University Dnipro Polytechnic vom 10.\u201313. Oktober 2018 in Dnipro]: 204\u2013212; Dnipro (Serednjak T.K.).<\/p>\n<p><span style=\"color: #e40000\"><strong>Westermann, S., Rudakov, D. V., Reker, B. &amp; Melchers, C. (2018):<\/strong><\/span>Ein neuer Blick auf Grubenwasseranstiegsprozesse \u2013 ausgew\u00e4hlte Beispiele aus dem deutschen Steinkohlenbergbau. &#8211; In: Meier, G., Benndorf, J., L\u00f6bel, K.-H., Butscher, C., Tondera, D., Busch, W., Dziurzynski, &amp; Sroka, A. (Hrsg.): 18. Altbergbau-Kolloquium. 8. bis 10. November 2018, IMG PAN, Bergwerk Wieliczka: 61\u201375; Nossen (Wagner).<\/p>\n<p><span style=\"color: #e40000\"><strong>Coldewey, W.\u00a0G. (Hrsg.), Burghardt, D., Melchers, C., Me\u00dfer, J., Paul, M., Walter, T., Wesche, D., Westermann, S., Wieber, G., Wisotzky, F. &amp; Wolkersdorfer, C. (2017):<\/strong><\/span> Glossar bergm\u00e4nnische Wasserwirtschaft. &#8211; Fachsektion Hydrogeologie e.\u00a0V. in der DGGV e.\u00a0V \/ AK Grubenwasser \/ Coldewey, W.G. [Hrsg.], 1. Aufl., 79 S.; Neustadt\/Wstr.<\/p>\n<p><span style=\"color: #e40000\"><strong>Goerke-Mallet, P., Reker, B., Westermann, S. &amp; Melchers, C. (2017): <\/strong><\/span>Nachbergbau in Gro\u00dfbritannien: das Steinkohlenrevier South Yorkshire. &#8211; Markscheidewesen, 124(1): 13\u201321.<\/p>\n<p><span style=\"color: #e40000\"><strong>Westermann, S., Dogan, T., Reker, B., Goerke-Mallet, P., Wolkersdorfer, C. &amp; Melchers, C. (2017):<\/strong><\/span> Evaluation of Mine Water Rebound Processes in European Coal Mine Districts to enhance the Understanding of hydraulic, hydrochemical and geomechanical Processes. &#8211; In: Wolkersdorfer, C., Sartz, L., Sillanp\u00e4\u00e4, M. &amp; H\u00e4kkinen, A. (Eds.): Proceedings 13<sup>th<\/sup> International Mine Water Association Congress &#8211; Mine water &amp; circular economy &#8211; Lappeenranta, Finland, June 25\u201330, 2017, Vol. 1: 147\u2013153; Lappeenranta (LUT Scientific and Expertise Publications). &#8211; [LUT Scientific and Expertise Publications: Research Reports, 63]. &#8211; Online verf\u00fcgbar unter: http:\/\/imwa.info\/docs\/imwa_2017\/IMWA2017_Westermann_147.pdf (zuletzt aufgerufen am 24.01.2019).<\/p>\n<p><span style=\"color: #e40000\"><strong>Westermann, S., Dogan, T., Reker, B., Goerke-Mallet, P. &amp; Melchers, C. (2017):<\/strong><\/span> Mine Water Rebound and its environmental Impacts. &#8211; In: Sankt-Peterburgskij Gornyj Universitet (Hrsg.): Problemy nedropol&#8217;zovanija &#8211; Me\u017edunarodnyj Forum-Konkurs Molodych U\u010denych, 19-21 aprel&#8217;ja 2017 g, Sbornik nau\u010dnych trudov, \u010cast&#8216; II: 75\u201377; Sankt-Peterburg (Sankt-Peterburgskij Gornyj Universitet).<\/p>\n<p><span style=\"color: #e40000\"><strong>Westermann, S., Goerke-Mallet, P., Reker, B., Dogan, T., Wolkersdorfer, C. &amp; Melchers, C. (2017):<\/strong><\/span> Aus Erfahrungen lernen: Evaluierung von Grubenwasseranstiegsprozessen zur Verbesserung zuk\u00fcnftiger Prognosen. &#8211; In: Meier, G., Benndorf, J., L\u00f6bel, K.-H., Butscher, C., Tondera, D. &amp; Busch, W. (Hrsg.): 17. Altbergbau-Kolloquium vom 16. bis 18. November 2017, Freiberg: 259\u2013273; Nossen (Wagner).<\/p>\n<p><span style=\"color: #e40000\"><strong>Goerke-Mallet, P., Westermann, S. &amp; Melchers, C. (2016):<\/strong><\/span> Die Verwahrung der Bergwerke im D\u00f6hlener Becken durch die Wismut GmbH \u2013 Eine Evaluierung des Grubenwasseranstiegsprozesses. &#8211; In: Sroka, A. (Hrsg.): 17. Geokinematischer Tag des Institutes f\u00fcr Markscheidewesen und Geod\u00e4sie am 12. und 13. Mai 2016 in Freiberg: 123\u2013130; Nossen (Wagner). &#8211; [Schriftenreihe des Institutes f\u00fcr Markscheidewesen und Geod\u00e4sie an der Technischen Universit\u00e4t Bergakademie Freiberg, 2016,1]. &#8211; Online verf\u00fcgbar unter: http:\/\/www.qucosa.de\/fileadmin\/data\/qucosa\/documents\/20541\/Textbeitrag_9.pdf (zuletzt aufgerufen am 24.01.2019).<\/p>\n\t<\/div>\r\n<\/div>\r\n\r\n\r\n\r\n<\/div><\/div><\/div><\/div>\r\n\r\n\r\n\r\n\r\n\r\n\r\n\r\n\r\n\r\n\r\n\r\n\r\n\r\n\r\n\r\n\r\n\r\n\r\n\r\n\n\t\t\t<\/div> \n\t\t<\/div>\n\t<\/div> \n\n\t<div  class=\"vc_col-sm-1 wpb_column column_container vc_column_container col no-extra-padding inherit_tablet inherit_phone\"  data-t-w-inherits=\"default\" data-bg-cover=\"\" data-padding-pos=\"all\" data-has-bg-color=\"false\" data-bg-color=\"\" data-bg-opacity=\"1\" data-hover-bg=\"\" data-hover-bg-opacity=\"1\" data-animation=\"\" data-delay=\"0\" >\n\t\t<div class=\"vc_column-inner\" ><div class=\"column-bg-overlay-wrap\" data-bg-animation=\"none\"><div class=\"column-bg-overlay\"><\/div><\/div>\n\t\t\t<div class=\"wpb_wrapper\">\n\t\t\t\t\n\t\t\t<\/div> \n\t\t<\/div>\n\t<\/div> \n\n\t<div  class=\"vc_col-sm-3 wpb_column column_container vc_column_container col no-extra-padding inherit_tablet inherit_phone\"  data-t-w-inherits=\"default\" data-bg-cover=\"\" data-padding-pos=\"all\" data-has-bg-color=\"false\" data-bg-color=\"\" data-bg-opacity=\"1\" data-hover-bg=\"\" data-hover-bg-opacity=\"1\" data-animation=\"\" data-delay=\"0\" >\n\t\t<div class=\"vc_column-inner\" ><div class=\"column-bg-overlay-wrap\" data-bg-animation=\"none\"><div class=\"column-bg-overlay\"><\/div><\/div>\n\t\t\t<div class=\"wpb_wrapper\">\n\t\t\t\t<div class=\"img-with-aniamtion-wrap\" data-max-width=\"100%\" data-max-width-mobile=\"default\" data-border-radius=\"none\" data-shadow=\"none\" data-animation=\"fade-in\" >\r\n      <div class=\"inner\">\r\n        <div class=\"hover-wrap\" data-hover-animation=\"none\"> \r\n          <div class=\"hover-wrap-inner\">\r\n            <img loading=\"lazy\" decoding=\"async\" class=\"img-with-animation skip-lazy\" data-delay=\"0\" height=\"2560\" width=\"1707\" data-animation=\"fade-in\" src=\"https:\/\/fzn.thga.de\/wp-content\/uploads\/sites\/4\/2024\/04\/Dr.-Ing.-Sebastian-Westermann-scaled.jpg\" alt=\"Dies ist ein Portraitbild von Dr. Sebastian Westermann. Er hat blau-graue Augen, kurze braune Haare und einen Bart. Unter seinem schwarzen Jacket tr\u00e4gt Westermann ein hellblaues Hemd.\" srcset=\"https:\/\/fzn.thga.de\/wp-content\/uploads\/sites\/4\/2024\/04\/Dr.-Ing.-Sebastian-Westermann-scaled.jpg 1707w, https:\/\/fzn.thga.de\/wp-content\/uploads\/sites\/4\/2024\/04\/Dr.-Ing.-Sebastian-Westermann-200x300.jpg 200w, https:\/\/fzn.thga.de\/wp-content\/uploads\/sites\/4\/2024\/04\/Dr.-Ing.-Sebastian-Westermann-683x1024.jpg 683w, https:\/\/fzn.thga.de\/wp-content\/uploads\/sites\/4\/2024\/04\/Dr.-Ing.-Sebastian-Westermann-768x1152.jpg 768w, https:\/\/fzn.thga.de\/wp-content\/uploads\/sites\/4\/2024\/04\/Dr.-Ing.-Sebastian-Westermann-1024x1536.jpg 1024w, https:\/\/fzn.thga.de\/wp-content\/uploads\/sites\/4\/2024\/04\/Dr.-Ing.-Sebastian-Westermann-1365x2048.jpg 1365w, https:\/\/fzn.thga.de\/wp-content\/uploads\/sites\/4\/2024\/04\/Dr.-Ing.-Sebastian-Westermann-8x12.jpg 8w\" sizes=\"auto, (min-width: 1450px) 75vw, (min-width: 1000px) 85vw, 100vw\" \/>\r\n          <\/div>\r\n        <\/div>\r\n      <\/div>\r\n    <\/div>\n\t\t\t<\/div> \n\t\t<\/div>\n\t<\/div> \n<\/div><\/div>","protected":false},"excerpt":{"rendered":"Team Dr.-Ing. Sebastian Westermann Forschungsschwerpunkt Ewigkeitsaufgaben und Grubenwassermanagement VITA seit 04\/2026Lehrauftrag f\u00fcr die Vorlesung \u201eGrund- und Grubenwassermanagement\u201c im Master-Studiengang \u201eGeoingenieurwesen und Nachbergbau\u201c an der Technischen Hochschule Georg Agricolaseit 04\/2026Lehrauftrag f\u00fcr...","protected":false},"author":15,"featured_media":0,"parent":2894,"menu_order":0,"comment_status":"closed","ping_status":"closed","template":"","meta":{"footnotes":""},"class_list":["post-2788","page","type-page","status-publish"],"_links":{"self":[{"href":"https:\/\/fzn.thga.de\/en\/wp-json\/wp\/v2\/pages\/2788","targetHints":{"allow":["GET"]}}],"collection":[{"href":"https:\/\/fzn.thga.de\/en\/wp-json\/wp\/v2\/pages"}],"about":[{"href":"https:\/\/fzn.thga.de\/en\/wp-json\/wp\/v2\/types\/page"}],"author":[{"embeddable":true,"href":"https:\/\/fzn.thga.de\/en\/wp-json\/wp\/v2\/users\/15"}],"replies":[{"embeddable":true,"href":"https:\/\/fzn.thga.de\/en\/wp-json\/wp\/v2\/comments?post=2788"}],"version-history":[{"count":33,"href":"https:\/\/fzn.thga.de\/en\/wp-json\/wp\/v2\/pages\/2788\/revisions"}],"predecessor-version":[{"id":9014,"href":"https:\/\/fzn.thga.de\/en\/wp-json\/wp\/v2\/pages\/2788\/revisions\/9014"}],"up":[{"embeddable":true,"href":"https:\/\/fzn.thga.de\/en\/wp-json\/wp\/v2\/pages\/2894"}],"wp:attachment":[{"href":"https:\/\/fzn.thga.de\/en\/wp-json\/wp\/v2\/media?parent=2788"}],"curies":[{"name":"wp","href":"https:\/\/api.w.org\/{rel}","templated":true}]}}