{"id":2828,"date":"2021-06-08T14:05:31","date_gmt":"2021-06-08T12:05:31","guid":{"rendered":"https:\/\/fzn.thga.de\/?page_id=2828"},"modified":"2026-01-08T17:32:16","modified_gmt":"2026-01-08T16:32:16","slug":"bastian-reker","status":"publish","type":"page","link":"https:\/\/fzn.thga.de\/en\/fzn\/team\/bastian-reker\/","title":{"rendered":"Dr. rer. nat. Bastian Reker"},"content":{"rendered":"<div id=\"fws_69f290fb81230\"  data-column-margin=\"default\" data-midnight=\"dark\" data-top-percent=\"5%\" data-bottom-percent=\"7%\"  class=\"wpb_row vc_row-fluid vc_row standard_section\"  style=\"padding-top: calc(100vw * 0.05); padding-bottom: calc(100vw * 0.07); \"><div class=\"row-bg-wrap\" data-bg-animation=\"none\" data-bg-overlay=\"false\"><div class=\"inner-wrap\"><div class=\"row-bg\"  style=\"\"><\/div><\/div><div class=\"row-bg-overlay\" ><\/div><\/div><div class=\"row_col_wrap_12 col span_12 dark left\">\n\t<div  class=\"vc_col-sm-8 wpb_column column_container vc_column_container col no-extra-padding inherit_tablet inherit_phone\"  data-t-w-inherits=\"default\" data-bg-cover=\"\" data-padding-pos=\"all\" data-has-bg-color=\"false\" data-bg-color=\"\" data-bg-opacity=\"1\" data-hover-bg=\"\" data-hover-bg-opacity=\"1\" data-animation=\"\" data-delay=\"0\" >\n\t\t<div class=\"vc_column-inner\" ><div class=\"column-bg-overlay-wrap\" data-bg-animation=\"none\"><div class=\"column-bg-overlay\"><\/div><\/div>\n\t\t\t<div class=\"wpb_wrapper\">\n\t\t\t\t\r\n<div class=\"wpb_text_column wpb_content_element\" >\r\n\t<div class=\"wpb_wrapper\">\r\n\t\t<h2><a href=\"https:\/\/fzn.thga.de\/en\/fzn\/team\/\"><span style=\"color: #e30000\">Team<\/span><\/a><\/h2>\n\t<\/div>\r\n<\/div>\r\n\r\n\r\n\r\n\r\n<div class=\"wpb_text_column wpb_content_element\" >\r\n\t<div class=\"wpb_wrapper\">\r\n\t\t<h1 style=\"text-align: left\">Dr. rer. nat. Bastian Reker<\/h1>\n\t<\/div>\r\n<\/div>\r\n\r\n\r\n\r\n<p style=\"font-size: 28px;color: #00325f;line-height: 1.5;text-align: left\" class=\"vc_custom_heading\" >Forschungsschwerpunkt Grubenwasserchemie und Grubenwasseraufbereitung<\/p><div class=\"divider-wrap\" data-alignment=\"default\"><div style=\"height: 25px;\" class=\"divider\"><\/div><\/div>\r\n<div class=\"wpb_text_column wpb_content_element\" >\r\n\t<div class=\"wpb_wrapper\">\r\n\t\t<h3><strong>VITA<\/strong><\/h3>\n\t<\/div>\r\n<\/div>\r\n\r\n\r\n\r\n<div class=\"nectar-icon-list\" data-icon-color=\"default\" data-icon-style=\"border\" data-columns=\"3\" data-direction=\"vertical\" data-icon-size=\"small\" data-animate=\"\"><div class=\"nectar-icon-list-item\"><div class=\"list-icon-holder\" data-icon_type=\"icon\"><\/div><div class=\"content\"><h4>Seit 2016<\/h4>Wissenschaftlicher Mitarbeiter am Forschungszentrum Nachbergbau der Technischen Hochschule Georg Agricola<\/div><\/div><div class=\"nectar-icon-list-item\"><div class=\"list-icon-holder\" data-icon_type=\"icon\"><\/div><div class=\"content\"><h4>2013-2015<\/h4>Postdoc an der Leibniz-Universit\u00e4t Hannover im Fachbereich Anorganische Chemie (Prof. M. Binnewies)<\/div><\/div><div class=\"nectar-icon-list-item\"><div class=\"list-icon-holder\" data-icon_type=\"icon\"><\/div><div class=\"content\"><h4>2010-2013<\/h4>Promotion zum Dr. rer. nat. im Fachbereich Anorganische Chemie der chemischen Fakult\u00e4t der Westf\u00e4lischen Wilhelms-Universit\u00e4t in M\u00fcnster. Dissertation zum Thema \u201eSynthese und Charakterisierung tern\u00e4rer Seltenerd-Stannide und -Germanide.\u201c (Prof. R. P\u00f6ttgen).<\/div><\/div><div class=\"nectar-icon-list-item\"><div class=\"list-icon-holder\" data-icon_type=\"icon\"><\/div><div class=\"content\"><h4>2004-2010<\/h4>Studium der Geowissenschaften im Fachbereich Hydrogeologie der Westf\u00e4lischen Wilhelms-Universit\u00e4t M\u00fcnster mit dem Abschluss Master of Science (Prof. W. G. Coldewey).<\/div><\/div><\/div><div class=\"divider-wrap\" data-alignment=\"default\"><div style=\"height: 100px;\" class=\"divider\"><\/div><\/div>\r\n<div class=\"wpb_text_column wpb_content_element\" >\r\n\t<div class=\"wpb_wrapper\">\r\n\t\t<h3><strong>Research focuses<\/strong><\/h3>\n<ul>\n<li>Grubenwasseranstiegsprozesse<\/li>\n<li>Grubenwasserchemie<\/li>\n<li>Grubenwasseraufbereitung<\/li>\n<li>Internationaler Steinkohlenbergbau<\/li>\n<li>Biometallurgie<\/li>\n<li>Rohstoffgewinnung aus Grubenw\u00e4ssern<\/li>\n<\/ul>\n\t<\/div>\r\n<\/div>\r\n\r\n\r\n\r\n<div class=\"divider-wrap\" data-alignment=\"default\"><div style=\"height: 80px;\" class=\"divider\"><\/div><\/div>\r\n<div class=\"wpb_text_column wpb_content_element\" >\r\n\t<div class=\"wpb_wrapper\">\r\n\t\t<h3><strong>Memberships<\/strong><\/h3>\n<ul>\n<li>Mitglied der International Mine Water Association (IMWA)<\/li>\n<li>Mitglied der Fachsektion Hydrogeologie in der Deutschen Gesellschaft f\u00fcr Geowissenschaften (FHDGG)<\/li>\n<\/ul>\n\t<\/div>\r\n<\/div>\r\n\r\n\r\n\r\n<div class=\"divider-wrap\" data-alignment=\"default\"><div style=\"height: 80px;\" class=\"divider\"><\/div><\/div><div class=\"toggles\" data-style=\"minimal\"><div class=\"toggle accent-color\" data-inner-wrap=\"true\"><h3><a href=\"#\"><i class=\"icon-plus-sign\"><\/i>Publications<\/a><\/h3><div><div class=\"inner-toggle-wrap\">\r\n<div class=\"wpb_text_column wpb_content_element\" >\r\n\t<div class=\"wpb_wrapper\">\r\n\t\t<p><span style=\"color: #e40000\"><strong>MELCHERS, C.; WESTERMANN, S.; REKER, B. (2020):<\/strong><\/span> Evaluation of Mine Water Rebound Processes \u2013 in the German Coalfields of Ruhr, Saar, Ibbenb\u00fcren, and the adjacent European Countries. Project report. Bochum: Selbstverlag des Deutschen Bergbau-Museums Bochum (Berichte zum Nachbergbau 1)<\/p>\n<p><span style=\"color: #e40000\"><strong>REKER, B.; WESTERMANN, S.; GOERKE-MALLET, P.; MELCHERS, C. (2020):<\/strong><\/span> Mine water rebound processes in Europe. In: SME Annual Meeting \u2013 23-26 Feb. 2020, Phoenix, AZ, Preprint 20-045, 4 S.<\/p>\n<p><span style=\"color: #e40000\"><strong>WESTERMANN, S.; REKER, B.; GOERKE-MALLET, P.; MELCHERS, C. (2020):<\/strong><\/span> Grubenwasseranstieg nach Bergwerksschlie\u00dfung \u2013 Grundlagen und Erfahrungen. In: GeoResources 2020 (4), S. 37-42.<\/p>\n<p><span style=\"color: #e40000\"><strong>MELCHERS, C.; WESTERMANN, S.; REKER, B. (2019):<\/strong><\/span> Evaluierung von Grubenwasseranstiegsprozessen \u2013 im Ruhrgebiet, Saarland, in Ibbenb\u00fcren sowie weiteren deutschen Steinkohlenrevieren und dem angrenzenden europ\u00e4ischen Ausland. Projektbericht. Bochum: Selbstverlag des Deutschen Bergbau-Museums Bochum (Berichte zum Nachbergbau 1)<\/p>\n<p><span style=\"color: #e40000\"><strong>REKER, B.; WESTERMANN, S.; GOERKE-MALLET, P.; MELCHERS, C. (2019a):<\/strong><\/span>Grubenwasseranstiegsprozesse in Europa. Technische Hochschule Georg Agricola, Forschungszentrum Nachbergbau; Deutscher Markscheider-Verein (Hrsg.): Tagungsband Bergbau, Energie und Rohstoffe 2019. \u00dcbergang zu neuen Zeiten. 11. &#8211; 13. September, Technische Hochschule Georg Agricola, Bochum. Clausthal-Zellerfeld: Papierflieger Verlag GmbH, S. 344-363.<\/p>\n<p><span style=\"color: #e40000\"><strong>REKER, B.; WESTERMANN, S.; GOERKE-MALLET, P.; MELCHERS, C. (2019b):<\/strong><\/span> Protecting aquifers from rising mine waters: managing mine water in the Durham coalfield (UK) and a comparison with methods used in Lorraine (France) = Der Schutz von Grundwasserleitern beim Grubenwasseranstieg: Grubenwassermanagement im Durham-Revier (Gro\u00dfbritannien) und ein Vergleich mit dem Konzept in Lothringen (Frankreich). In: Mining report 155 (3), S. 272-286.<\/p>\n<p><span style=\"color: #e40000\"><strong>REKER, B.; GOERKE-MALLET, P.; WESTERMANN, S.; MELCHERS, C. (2019):<\/strong><\/span> Die spanische Steinkohle und der Nachbergbau: Eindr\u00fccke aus Asturien. In: Bergbau 70 (4), S. 160-166.<\/p>\n<p><span style=\"color: #e40000\"><strong>WESTERMANN, S.; RUDAKOV, D. V.; REKER, B.; MELCHERS, C. (2019):<\/strong><\/span> Ein neuer Blick auf Grubenwasseranstiegsprozesse \u2013 ausgew\u00e4hlte Beispiele aus dem deutschen Steinkohlenbergbau. In: Markscheidewesen 126 (1), S. 30-38.<\/p>\n<p><span style=\"color: #e40000\"><strong>REKER, B.; GOERKE-MALLET, P.; WESTERMANN, S.; MELCHERS, C. (2018):<\/strong><\/span> Die britische Steinkohle und der Nachbergbau: Eindr\u00fccke aus dem Revier South Yorkshire und aktuelle Entwicklungen in Gro\u00dfbritannien. In: Bergbau 69 (6), S. 269-274.<\/p>\n<p><span style=\"color: #e40000\"><strong>WESTERMANN, S.; REKER, B.; GOERKE-MALLET, P.; WOLKERSDORFER, C.; MELCHERS, C.: (2018):<\/strong><\/span> Hydraulics of Underground Mine Flooding \u2013 Optimization of Prediction and Monitoring Procedures. In: Drebenstedt, C.; von Bismarck, F.; Fourie, A.; Tibbet, M. (Hrsg.): Mine Closure 2018. Proceedings of the 12th International Conference on Mine Closure, 3.-7. September 2018, Leipzig, Germany. Freiberg: Technical University Bergakademie Freiberg, Institute of Mining and Special Civil Engineering, S. 512-523.<\/p>\n<p><span style=\"color: #e40000\"><strong>WESTERMANN, S.; RUDAKOV, D. V.; REKER, B.; MELCHERS, C. (2018):<\/strong><\/span> Ein neuer Blick auf Grubenwasseranstiegsprozesse \u2013 ausgew\u00e4hlte Beispiele aus dem deutschen Steinkohlenbergbau. In: Meier, G.; Benndorf, J.; L\u00f6bel, K.-H.; Butscher, C.; Tondera, D.; Busch, W.; Dziurzynski, W.; Sroka, A. (Hrsg.): 18. Altbergbau-Kolloquium. 8. bis 10. November 2018, IMG PAN, Bergwerk Wieliczka. Nossen: Wagner Digitaldruck und Medien GmbH, S. 61-75.<\/p>\n<p><span style=\"color: #e40000\"><strong>GOERKE-MALLET, P.; REKER, B.; WESTERMANN, B.; MELCHERS, C. (2017):<\/strong><\/span> Nachbergbau in Gro\u00dfbritannien: das Steinkohlenrevier South Yorkshire. In: Markscheidewesen 124 (1), S. 13-21.<\/p>\n<p><span style=\"color: #e40000\"><strong>WESTERMANN, S.; DOGAN, T.; REKER, B.; GOERKE-MALLET, P.; MELCHERS, C. (2017):<\/strong><\/span> Mine water rebound and its environmental impacts. In: Sankt-Peterburgskij Gornyj Universitet (Hrsg.): Problemy nedropol&#8217;zovanija. Me\u017edunarodnyj Forum-Konkurs Molodych U\u010denych, 19-21 aprel&#8217;ja 2017 g. Sbornik nau\u010dnych trudov. \u010cast&#8216; II. Sankt-Peterburg: Sankt-Peterburgskij Gornyj Universitet, S. 75-77.<\/p>\n<p><span style=\"color: #e40000\"><strong>WESTERMANN, S.; DOGAN, T.; REKER, B.; GOERKE-MALLET, P.; WOLKERSDORFER, C.; MELCHERS, C. (2017):<\/strong><\/span> Evaluation of mine water rebound processes in European coal mine districts to enhance the understanding of hydraulic, hydro chemical and geomechanical processes. In: Wolkersdorfer, C.; Sartz, L.; Sillanp\u00e4\u00e4, M.; H\u00e4kkinen, A. (Eds.): Proceedings 13th International Mine Water Association Congress &#8211; Mine water &amp; circular economy. Lappeenranta, Finland, June 25 \u2013 30, 2017. Lappeenranta: LUT Scientific and Expertise Publications, Vol. 1, S. 147-154 (LUT Scientific and Expertise Publications: research reports 63).<\/p>\n<p><span style=\"color: #e40000\"><strong>WESTERMANN, S.; GOERKE-MALLET, P.; REKER, B.; DOGAN, T.; WOLKERSDORFER, C.; MELCHERS, C. (2017):<\/strong><\/span> Aus Erfahrungen lernen: Evaluierung von Grubenwasseranstiegsprozessen zur Verbesserung zuk\u00fcnftiger Prognosen. In: Meier, G.; Benndorf, J.; L\u00f6bel, K.-H.; Butscher, C.; Tondera, D.; Busch, W. (Hrsg.): 17. Altbergbau-Kolloquium. 16. bis 18. November 2017, Freiberg. Nossen: Wagner Digitaldruck und Medien GmbH, S. 259-273.<\/p>\n<p><span style=\"color: #e40000\"><strong>REKER, B.; JOHRENDT, D.; P\u00d6TTGEN, R. (2013):<\/strong><\/span> Rare earth-zinc-germanides RE4Zn5Ge6 (Ge = Y, Dy, Ho, Er) and RE5Zn4-xGe6 (RE = Er, Tm, Lu). Intermetallics 2013, 38, 36-43.<\/p>\n<p><span style=\"color: #e40000\"><strong>REKER, B.; CHEVALIER, B.; NIEHAUS, O.; RODEWALD, U. CH.; P\u00d6TTGEN, R. (2013):<\/strong><\/span> From REZnSn to REZnSnH1.5 (RE = Pr, Nd) &#8211; Inducing Ferromagnetism through Hydrogenation. Zeitschrift f\u00fcr Naturforschung 2013, 68b, 1191-1197.<\/p>\n<p><span style=\"color: #e40000\"><strong>REKER, B.; MATAR, S.F.; RODEWALD, U. CH.; HOFFMANN, R.-D.; P\u00d6TTGEN, R. (2013):<\/strong><\/span> Single-crystal Data of Ternary Germanides RE2Nb3Ge4 (RE = Sc, Y, Gd-Er, Lu) and Sc2Ta3Ge4 with Ordered Sm5Ge4-type Structure. Zeitschrift f\u00fcr Naturforschung 2013, 68b, 625-634.<\/p>\n\t<\/div>\r\n<\/div>\r\n\r\n\r\n\r\n<\/div><\/div><\/div><\/div>\r\n\r\n\r\n\r\n\r\n\r\n\r\n\r\n\r\n\r\n\r\n\r\n\r\n\r\n\r\n\r\n\r\n\r\n\r\n\r\n\n\t\t\t<\/div> \n\t\t<\/div>\n\t<\/div> \n\n\t<div  class=\"vc_col-sm-1 wpb_column column_container vc_column_container col no-extra-padding inherit_tablet inherit_phone\"  data-t-w-inherits=\"default\" data-bg-cover=\"\" data-padding-pos=\"all\" data-has-bg-color=\"false\" data-bg-color=\"\" data-bg-opacity=\"1\" data-hover-bg=\"\" data-hover-bg-opacity=\"1\" data-animation=\"\" data-delay=\"0\" >\n\t\t<div class=\"vc_column-inner\" ><div class=\"column-bg-overlay-wrap\" data-bg-animation=\"none\"><div class=\"column-bg-overlay\"><\/div><\/div>\n\t\t\t<div class=\"wpb_wrapper\">\n\t\t\t\t\n\t\t\t<\/div> \n\t\t<\/div>\n\t<\/div> \n\n\t<div  class=\"vc_col-sm-3 wpb_column column_container vc_column_container col no-extra-padding inherit_tablet inherit_phone\"  data-t-w-inherits=\"default\" data-bg-cover=\"\" data-padding-pos=\"all\" data-has-bg-color=\"false\" data-bg-color=\"\" data-bg-opacity=\"1\" data-hover-bg=\"\" data-hover-bg-opacity=\"1\" data-animation=\"\" data-delay=\"0\" >\n\t\t<div class=\"vc_column-inner\" ><div class=\"column-bg-overlay-wrap\" data-bg-animation=\"none\"><div class=\"column-bg-overlay\"><\/div><\/div>\n\t\t\t<div class=\"wpb_wrapper\">\n\t\t\t\t<div class=\"img-with-aniamtion-wrap\" data-max-width=\"100%\" data-max-width-mobile=\"default\" data-border-radius=\"none\" data-shadow=\"none\" data-animation=\"fade-in\" >\r\n      <div class=\"inner\">\r\n        <div class=\"hover-wrap\" data-hover-animation=\"none\"> \r\n          <div class=\"hover-wrap-inner\">\r\n            <img loading=\"lazy\" decoding=\"async\" class=\"img-with-animation skip-lazy\" data-delay=\"0\" height=\"2560\" width=\"1707\" data-animation=\"fade-in\" src=\"https:\/\/fzn.thga.de\/wp-content\/uploads\/sites\/4\/2024\/04\/Dr.-rer.-nat.-Bastian-Reker-scaled.jpg\" alt=\"Portraitfoto von Dr. Bastian Reker. Reker hat kurze braune Haare und tr\u00e4gt einen Vollbart. Sein Pullover mit Stehkragen ist aus grauer Wolle mit Steppbesatz und hat einen Rei\u00dfverschluss in der Mitte.\" srcset=\"https:\/\/fzn.thga.de\/wp-content\/uploads\/sites\/4\/2024\/04\/Dr.-rer.-nat.-Bastian-Reker-scaled.jpg 1707w, https:\/\/fzn.thga.de\/wp-content\/uploads\/sites\/4\/2024\/04\/Dr.-rer.-nat.-Bastian-Reker-200x300.jpg 200w, https:\/\/fzn.thga.de\/wp-content\/uploads\/sites\/4\/2024\/04\/Dr.-rer.-nat.-Bastian-Reker-683x1024.jpg 683w, https:\/\/fzn.thga.de\/wp-content\/uploads\/sites\/4\/2024\/04\/Dr.-rer.-nat.-Bastian-Reker-768x1152.jpg 768w, https:\/\/fzn.thga.de\/wp-content\/uploads\/sites\/4\/2024\/04\/Dr.-rer.-nat.-Bastian-Reker-1024x1536.jpg 1024w, https:\/\/fzn.thga.de\/wp-content\/uploads\/sites\/4\/2024\/04\/Dr.-rer.-nat.-Bastian-Reker-1365x2048.jpg 1365w, https:\/\/fzn.thga.de\/wp-content\/uploads\/sites\/4\/2024\/04\/Dr.-rer.-nat.-Bastian-Reker-8x12.jpg 8w\" sizes=\"auto, (min-width: 1450px) 75vw, (min-width: 1000px) 85vw, 100vw\" \/>\r\n          <\/div>\r\n        <\/div>\r\n      <\/div>\r\n    <\/div>\n\t\t\t<\/div> \n\t\t<\/div>\n\t<\/div> \n<\/div><\/div>","protected":false},"excerpt":{"rendered":"Team Dr. rer. nat. Bastian Reker Forschungsschwerpunkt Grubenwasserchemie und Grubenwasseraufbereitung VITA Seit 2016Wissenschaftlicher Mitarbeiter am Forschungszentrum Nachbergbau der Technischen Hochschule Georg Agricola2013-2015Postdoc an der Leibniz-Universit\u00e4t Hannover im Fachbereich Anorganische Chemie...","protected":false},"author":15,"featured_media":0,"parent":2894,"menu_order":0,"comment_status":"closed","ping_status":"closed","template":"","meta":{"footnotes":""},"class_list":["post-2828","page","type-page","status-publish"],"_links":{"self":[{"href":"https:\/\/fzn.thga.de\/en\/wp-json\/wp\/v2\/pages\/2828","targetHints":{"allow":["GET"]}}],"collection":[{"href":"https:\/\/fzn.thga.de\/en\/wp-json\/wp\/v2\/pages"}],"about":[{"href":"https:\/\/fzn.thga.de\/en\/wp-json\/wp\/v2\/types\/page"}],"author":[{"embeddable":true,"href":"https:\/\/fzn.thga.de\/en\/wp-json\/wp\/v2\/users\/15"}],"replies":[{"embeddable":true,"href":"https:\/\/fzn.thga.de\/en\/wp-json\/wp\/v2\/comments?post=2828"}],"version-history":[{"count":10,"href":"https:\/\/fzn.thga.de\/en\/wp-json\/wp\/v2\/pages\/2828\/revisions"}],"predecessor-version":[{"id":8809,"href":"https:\/\/fzn.thga.de\/en\/wp-json\/wp\/v2\/pages\/2828\/revisions\/8809"}],"up":[{"embeddable":true,"href":"https:\/\/fzn.thga.de\/en\/wp-json\/wp\/v2\/pages\/2894"}],"wp:attachment":[{"href":"https:\/\/fzn.thga.de\/en\/wp-json\/wp\/v2\/media?parent=2828"}],"curies":[{"name":"wp","href":"https:\/\/api.w.org\/{rel}","templated":true}]}}