{"id":2975,"date":"2021-06-16T16:06:40","date_gmt":"2021-06-16T14:06:40","guid":{"rendered":"https:\/\/fzn.thga.de\/?page_id=2975"},"modified":"2025-06-16T16:12:37","modified_gmt":"2025-06-16T14:12:37","slug":"hydrogeochemisches_monitoring","status":"publish","type":"page","link":"https:\/\/fzn.thga.de\/en\/forschung\/hydrogeochemisches_monitoring\/","title":{"rendered":"Hydrogeochemical monitoring"},"content":{"rendered":"<div id=\"fws_6a02edfee9229\"  data-column-margin=\"default\" data-midnight=\"dark\" data-top-percent=\"5%\" data-bottom-percent=\"4%\"  class=\"wpb_row vc_row-fluid vc_row standard_section\"  style=\"padding-top: calc(100vw * 0.05); padding-bottom: calc(100vw * 0.04); \"><div class=\"row-bg-wrap\" data-bg-animation=\"none\" data-bg-overlay=\"false\"><div class=\"inner-wrap\"><div class=\"row-bg\"  style=\"\"><\/div><\/div><div class=\"row-bg-overlay\" ><\/div><\/div><div class=\"row_col_wrap_12 col span_12 dark left\">\n\t<div  class=\"vc_col-sm-12 wpb_column column_container vc_column_container col no-extra-padding inherit_tablet inherit_phone\"  data-t-w-inherits=\"default\" data-bg-cover=\"\" data-padding-pos=\"all\" data-has-bg-color=\"false\" data-bg-color=\"\" data-bg-opacity=\"1\" data-hover-bg=\"\" data-hover-bg-opacity=\"1\" data-animation=\"\" data-delay=\"0\" >\n\t\t<div class=\"vc_column-inner\" ><div class=\"column-bg-overlay-wrap\" data-bg-animation=\"none\"><div class=\"column-bg-overlay\"><\/div><\/div>\n\t\t\t<div class=\"wpb_wrapper\">\n\t\t\t\t\r\n<div class=\"wpb_text_column wpb_content_element\" >\r\n\t<div class=\"wpb_wrapper\">\r\n\t\t<h2><span style=\"color: #e30000\">Project<\/span><\/h2>\n\t<\/div>\r\n<\/div>\r\n\r\n\r\n\r\n\r\n<div class=\"wpb_text_column wpb_content_element\" >\r\n\t<div class=\"wpb_wrapper\">\r\n\t\t<h1 style=\"text-align: left\"><span style=\"color: #003c7b\">Extended hydrogeochemical monitoring to understand in-situ sulphur turnover processes<\/span><\/h1>\n\t<\/div>\r\n<\/div>\r\n\r\n\r\n\r\n\r\n<div class=\"wpb_text_column wpb_content_element\" >\r\n\t<div class=\"wpb_wrapper\">\r\n\t\t<h3>New research approaches for minimizing concentrations<\/h3>\n\t<\/div>\r\n<\/div>\r\n\r\n\r\n\r\n\n\t\t\t<\/div> \n\t\t<\/div>\n\t<\/div> \n<\/div><\/div>\n\t\t<div id=\"fws_6a02edfee9461\"  data-column-margin=\"default\" data-midnight=\"dark\"  class=\"wpb_row vc_row-fluid vc_row standard_section\"  style=\"padding-top: 0px; padding-bottom: 0px; \"><div class=\"row-bg-wrap\" data-bg-animation=\"none\" data-bg-overlay=\"false\"><div class=\"inner-wrap\"><div class=\"row-bg\"  style=\"\"><\/div><\/div><div class=\"row-bg-overlay\" ><\/div><\/div><div class=\"row_col_wrap_12 col span_12 dark left\">\n\t<div  class=\"vc_col-sm-3 wpb_column column_container vc_column_container col no-extra-padding inherit_tablet inherit_phone\"  data-t-w-inherits=\"default\" data-bg-cover=\"\" data-padding-pos=\"all\" data-has-bg-color=\"false\" data-bg-color=\"\" data-bg-opacity=\"1\" data-hover-bg=\"\" data-hover-bg-opacity=\"1\" data-animation=\"\" data-delay=\"0\" >\n\t\t<div class=\"vc_column-inner\" ><div class=\"column-bg-overlay-wrap\" data-bg-animation=\"none\"><div class=\"column-bg-overlay\"><\/div><\/div>\n\t\t\t<div class=\"wpb_wrapper\">\n\t\t\t\t\n\t\t\t<\/div> \n\t\t<\/div>\n\t<\/div> \n\n\t<div  class=\"vc_col-sm-9 wpb_column column_container vc_column_container col no-extra-padding inherit_tablet inherit_phone\"  data-t-w-inherits=\"default\" data-bg-cover=\"\" data-padding-pos=\"all\" data-has-bg-color=\"false\" data-bg-color=\"\" data-bg-opacity=\"1\" data-hover-bg=\"\" data-hover-bg-opacity=\"1\" data-animation=\"\" data-delay=\"0\" >\n\t\t<div class=\"vc_column-inner\" ><div class=\"column-bg-overlay-wrap\" data-bg-animation=\"none\"><div class=\"column-bg-overlay\"><\/div><\/div>\n\t\t\t<div class=\"wpb_wrapper\">\n\t\t\t\t\r\n<div class=\"wpb_text_column wpb_content_element  vc_custom_1731490717452\" >\r\n\t<div class=\"wpb_wrapper\">\r\n\t\t<p>Mining has left its mark on the Ruhr region. Every year, around 70 million cubic meters of mine water have to be lifted via RAG AG's central dewatering systems. The mine water, which is formed from seepage water, has absorbed various minerals and trace elements on its way through the rock strata. In contact with the hard coal, iron and sulphur in particular are added.<\/p>\n\t<\/div>\r\n<\/div>\r\n\r\n\r\n\r\n<div class=\"img-with-aniamtion-wrap\" data-max-width=\"100%\" data-max-width-mobile=\"default\" data-border-radius=\"none\" data-shadow=\"none\" data-animation=\"fade-in\" >\r\n      <div class=\"inner\">\r\n        <div class=\"hover-wrap\" data-hover-animation=\"none\"> \r\n          <div class=\"hover-wrap-inner\">\r\n            <img loading=\"lazy\" decoding=\"async\" class=\"img-with-animation skip-lazy\" data-delay=\"0\" height=\"1706\" width=\"2560\" data-animation=\"fade-in\" src=\"https:\/\/fzn.thga.de\/wp-content\/uploads\/sites\/4\/2021\/05\/FZN_Labor_Hydrochemie_3_quer-scaled.jpg\" alt=\"\" srcset=\"https:\/\/fzn.thga.de\/wp-content\/uploads\/sites\/4\/2021\/05\/FZN_Labor_Hydrochemie_3_quer-scaled.jpg 2560w, https:\/\/fzn.thga.de\/wp-content\/uploads\/sites\/4\/2021\/05\/FZN_Labor_Hydrochemie_3_quer-300x200.jpg 300w, https:\/\/fzn.thga.de\/wp-content\/uploads\/sites\/4\/2021\/05\/FZN_Labor_Hydrochemie_3_quer-1024x682.jpg 1024w, https:\/\/fzn.thga.de\/wp-content\/uploads\/sites\/4\/2021\/05\/FZN_Labor_Hydrochemie_3_quer-768x512.jpg 768w, https:\/\/fzn.thga.de\/wp-content\/uploads\/sites\/4\/2021\/05\/FZN_Labor_Hydrochemie_3_quer-1536x1024.jpg 1536w, https:\/\/fzn.thga.de\/wp-content\/uploads\/sites\/4\/2021\/05\/FZN_Labor_Hydrochemie_3_quer-2048x1365.jpg 2048w, https:\/\/fzn.thga.de\/wp-content\/uploads\/sites\/4\/2021\/05\/FZN_Labor_Hydrochemie_3_quer-16x12.jpg 16w, https:\/\/fzn.thga.de\/wp-content\/uploads\/sites\/4\/2021\/05\/FZN_Labor_Hydrochemie_3_quer-900x600.jpg 900w\" sizes=\"auto, (min-width: 1450px) 75vw, (min-width: 1000px) 85vw, 100vw\" \/>\r\n          <\/div>\r\n        <\/div>\r\n      <\/div>\r\n    <\/div>\r\n<div class=\"wpb_text_column wpb_content_element  vc_custom_1731490804112\" >\r\n\t<div class=\"wpb_wrapper\">\r\n\t\t<p>Based on the ongoing monitoring program, the scientists at the FZN are developing a hydrogeochemical model as part of this project that simulates the turnover processes of sulphur (iron sulphide oxidation, sulphate reduction). This allows a comprehensive hydrochemical system understanding of the processes during the mine water rise to be established. In future, the findings will allow optimized prediction of the geochemical development of mine water. The investigations are being carried out in the Ruhr area and the Saarland.<\/p>\n<p>The aim of the scientists is to control and shape the natural hydrochemical processes in the mine water in such a way that the mine water quality is improved and the underground pump infrastructure is protected in the best possible way in terms of sustainability.<\/p>\n<p>The project is supported by the <a href=\"https:\/\/www.rag.de\"><strong>RAG AG<\/strong><\/a> since 2021.<\/p>\n\t<\/div>\r\n<\/div>\r\n\r\n\r\n\r\n<div class=\"img-with-aniamtion-wrap center\" data-max-width=\"50%\" data-max-width-mobile=\"default\" data-border-radius=\"none\" data-shadow=\"none\" data-animation=\"fade-in\" >\r\n      <div class=\"inner\">\r\n        <div class=\"hover-wrap\" data-hover-animation=\"none\"> \r\n          <div class=\"hover-wrap-inner\">\r\n            <img loading=\"lazy\" decoding=\"async\" class=\"img-with-animation skip-lazy\" data-delay=\"0\" height=\"95\" width=\"250\" data-animation=\"fade-in\" src=\"https:\/\/fzn.thga.de\/wp-content\/uploads\/sites\/4\/2019\/08\/RAG_Aktiengesellschaft.svg_-e1623757001416.png\" alt=\"\"  \/>\r\n          <\/div>\r\n        <\/div>\r\n      <\/div>\r\n    <\/div>\n\t\t\t<\/div> \n\t\t<\/div>\n\t<\/div> \n<\/div><\/div>\n\t\t<div id=\"fws_6a02edfee99e8\"  data-column-margin=\"default\" data-midnight=\"dark\" data-top-percent=\"4%\" data-bottom-percent=\"7%\"  class=\"wpb_row vc_row-fluid vc_row standard_section\"  style=\"padding-top: calc(100vw * 0.04); padding-bottom: calc(100vw * 0.07); \"><div class=\"row-bg-wrap\" data-bg-animation=\"none\" data-bg-overlay=\"false\"><div class=\"inner-wrap\"><div class=\"row-bg\"  style=\"\"><\/div><\/div><div class=\"row-bg-overlay\" ><\/div><\/div><div class=\"row_col_wrap_12 col span_12 dark left\">\n\t<div  class=\"vc_col-sm-3 wpb_column column_container vc_column_container col no-extra-padding inherit_tablet inherit_phone\"  data-t-w-inherits=\"default\" data-bg-cover=\"\" data-padding-pos=\"all\" data-has-bg-color=\"false\" data-bg-color=\"\" data-bg-opacity=\"1\" data-hover-bg=\"\" data-hover-bg-opacity=\"1\" data-animation=\"\" data-delay=\"0\" >\n\t\t<div class=\"vc_column-inner\" ><div class=\"column-bg-overlay-wrap\" data-bg-animation=\"none\"><div class=\"column-bg-overlay\"><\/div><\/div>\n\t\t\t<div class=\"wpb_wrapper\">\n\t\t\t\t\n\t\t\t<\/div> \n\t\t<\/div>\n\t<\/div> \n\n\t<div  class=\"vc_col-sm-9 wpb_column column_container vc_column_container col no-extra-padding inherit_tablet inherit_phone\"  data-t-w-inherits=\"default\" data-bg-cover=\"\" data-padding-pos=\"all\" data-has-bg-color=\"false\" data-bg-color=\"\" data-bg-opacity=\"1\" data-hover-bg=\"\" data-hover-bg-opacity=\"1\" data-animation=\"\" data-delay=\"0\" >\n\t\t<div class=\"vc_column-inner\" ><div class=\"column-bg-overlay-wrap\" data-bg-animation=\"none\"><div class=\"column-bg-overlay\"><\/div><\/div>\n\t\t\t<div class=\"wpb_wrapper\">\n\t\t\t\t<div class=\"divider-wrap\" data-alignment=\"default\"><div style=\"margin-top: 10px; width: 20%px; height: 3px; margin-bottom: 10px;\" data-width=\"20%\" data-animate=\"\" data-animation-delay=\"\" data-color=\"accent-color\" class=\"divider-small-border\"><\/div><\/div>\r\n<div class=\"wpb_text_column wpb_content_element\" >\r\n\t<div class=\"wpb_wrapper\">\r\n\t\t<p><strong><span style=\"color: #e30000\">Project objectives<\/span><\/strong><\/p>\n\t<\/div>\r\n<\/div>\r\n\r\n\r\n\r\n\r\n<div class=\"wpb_text_column wpb_content_element\" >\r\n\t<div class=\"wpb_wrapper\">\r\n\t\t<ul>\n<li>Recording the sulphur cycle in mine water<\/li>\n<li>Determination of the relevant parameters that control iron sulfide oxidation, bacterial sulfate reduction and methanogenesis<\/li>\n<li>Geochemical modeling of iron sulfide oxidation and bacterial sulfate reduction in the mine water system<\/li>\n<li>Development of a hydrogeochemical model for hydrological modeling<\/li>\n<\/ul>\n\t<\/div>\r\n<\/div>\r\n\r\n\r\n\r\n<div class=\"divider-wrap\" data-alignment=\"default\"><div style=\"height: 64px;\" class=\"divider\"><\/div><\/div><div class=\"divider-wrap\" data-alignment=\"default\"><div style=\"margin-top: 10px; width: 20%px; height: 3px; margin-bottom: 10px;\" data-width=\"20%\" data-animate=\"\" data-animation-delay=\"\" data-color=\"accent-color\" class=\"divider-small-border\"><\/div><\/div>\r\n<div class=\"wpb_text_column wpb_content_element\" >\r\n\t<div class=\"wpb_wrapper\">\r\n\t\t<p><strong><span style=\"color: #e30000\">Contact<\/span><\/strong><\/p>\n\t<\/div>\r\n<\/div>\r\n\r\n\r\n\r\n<div id=\"fws_6a02edfee9c13\" data-midnight=\"\" data-column-margin=\"default\" class=\"wpb_row vc_row-fluid vc_row inner_row standard_section\"  style=\"padding-top: 0px; padding-bottom: 0px; \"><div class=\"row-bg-wrap\"> <div class=\"row-bg\" ><\/div> <\/div><div class=\"row_col_wrap_12_inner col span_12  left\">\n\t<div  class=\"vc_col-sm-3 wpb_column column_container vc_column_container col child_column no-extra-padding inherit_tablet inherit_phone\"   data-t-w-inherits=\"default\" data-bg-cover=\"\" data-padding-pos=\"all\" data-has-bg-color=\"false\" data-bg-color=\"\" data-bg-opacity=\"1\" data-hover-bg=\"\" data-hover-bg-opacity=\"1\" data-animation=\"\" data-delay=\"0\">\n\t\t<div class=\"vc_column-inner\" ><div class=\"column-bg-overlay-wrap\" data-bg-animation=\"none\"><div class=\"column-bg-overlay\"><\/div><\/div>\n\t\t<div class=\"wpb_wrapper\">\n\t\t\t<div class=\"img-with-aniamtion-wrap\" data-max-width=\"100%\" data-max-width-mobile=\"default\" data-border-radius=\"none\" data-shadow=\"none\" data-animation=\"fade-in\" >\r\n      <div class=\"inner\">\r\n        <div class=\"hover-wrap\" data-hover-animation=\"none\"> \r\n          <div class=\"hover-wrap-inner\">\r\n            <img loading=\"lazy\" decoding=\"async\" class=\"img-with-animation skip-lazy\" data-delay=\"0\" height=\"2560\" width=\"1707\" data-animation=\"fade-in\" src=\"https:\/\/fzn.thga.de\/wp-content\/uploads\/sites\/4\/2024\/12\/BarbaraTeichert-scaled.jpg\" alt=\"\" srcset=\"https:\/\/fzn.thga.de\/wp-content\/uploads\/sites\/4\/2024\/12\/BarbaraTeichert-scaled.jpg 1707w, https:\/\/fzn.thga.de\/wp-content\/uploads\/sites\/4\/2024\/12\/BarbaraTeichert-200x300.jpg 200w, https:\/\/fzn.thga.de\/wp-content\/uploads\/sites\/4\/2024\/12\/BarbaraTeichert-683x1024.jpg 683w, https:\/\/fzn.thga.de\/wp-content\/uploads\/sites\/4\/2024\/12\/BarbaraTeichert-768x1152.jpg 768w, https:\/\/fzn.thga.de\/wp-content\/uploads\/sites\/4\/2024\/12\/BarbaraTeichert-1024x1536.jpg 1024w, https:\/\/fzn.thga.de\/wp-content\/uploads\/sites\/4\/2024\/12\/BarbaraTeichert-1365x2048.jpg 1365w, https:\/\/fzn.thga.de\/wp-content\/uploads\/sites\/4\/2024\/12\/BarbaraTeichert-8x12.jpg 8w\" sizes=\"auto, (min-width: 1450px) 75vw, (min-width: 1000px) 85vw, 100vw\" \/>\r\n          <\/div>\r\n        <\/div>\r\n      <\/div>\r\n    <\/div>\n\t\t<\/div> \n\t<\/div>\n\t<\/div> \n\n\t<div  class=\"vc_col-sm-9 wpb_column column_container vc_column_container col child_column no-extra-padding inherit_tablet inherit_phone\"   data-t-w-inherits=\"default\" data-bg-cover=\"\" data-padding-pos=\"all\" data-has-bg-color=\"false\" data-bg-color=\"\" data-bg-opacity=\"1\" data-hover-bg=\"\" data-hover-bg-opacity=\"1\" data-animation=\"\" data-delay=\"0\">\n\t\t<div class=\"vc_column-inner\" ><div class=\"column-bg-overlay-wrap\" data-bg-animation=\"none\"><div class=\"column-bg-overlay\"><\/div><\/div>\n\t\t<div class=\"wpb_wrapper\">\n\t\t\t\r\n<div class=\"wpb_text_column wpb_content_element\" >\r\n\t<div class=\"wpb_wrapper\">\r\n\t\t<h3><strong>Dr. Barbara Teichert<br \/>\n<\/strong><\/h3>\n<p>Technische Hochschule Georg Agricola University<br \/>\nHerner Street 45<br \/>\n44787 Bochum<br \/>\nBuilding 2, room 104a<\/p>\n<p><span style=\"color: #e30000\"><strong>Phone<\/strong><\/span> 0234 968 3802<br \/>\n<span style=\"color: #e30000\"><strong>Mail<\/strong><\/span>\u00a0 barbara.teichert@thga.de<\/p>\n\t<\/div>\r\n<\/div>\r\n\r\n\r\n\r\n\n\t\t<\/div> \n\t<\/div>\n\t<\/div> \n<\/div><\/div><div id=\"fws_6a02edfee9f5b\" data-midnight=\"\" data-column-margin=\"default\" class=\"wpb_row vc_row-fluid vc_row inner_row standard_section\"  style=\"padding-top: 0px; padding-bottom: 0px; \"><div class=\"row-bg-wrap\"> <div class=\"row-bg\" ><\/div> <\/div><div class=\"row_col_wrap_12_inner col span_12  left\">\n\t<div  class=\"vc_col-sm-3 wpb_column column_container vc_column_container col child_column no-extra-padding inherit_tablet inherit_phone\"   data-t-w-inherits=\"default\" data-bg-cover=\"\" data-padding-pos=\"all\" data-has-bg-color=\"false\" data-bg-color=\"\" data-bg-opacity=\"1\" data-hover-bg=\"\" data-hover-bg-opacity=\"1\" data-animation=\"\" data-delay=\"0\">\n\t\t<div class=\"vc_column-inner\" ><div class=\"column-bg-overlay-wrap\" data-bg-animation=\"none\"><div class=\"column-bg-overlay\"><\/div><\/div>\n\t\t<div class=\"wpb_wrapper\">\n\t\t\t<div class=\"img-with-aniamtion-wrap\" data-max-width=\"100%\" data-max-width-mobile=\"default\" data-border-radius=\"none\" data-shadow=\"none\" data-animation=\"fade-in\" >\r\n      <div class=\"inner\">\r\n        <div class=\"hover-wrap\" data-hover-animation=\"none\"> \r\n          <div class=\"hover-wrap-inner\">\r\n            <img loading=\"lazy\" decoding=\"async\" class=\"img-with-animation skip-lazy\" data-delay=\"0\" height=\"2560\" width=\"1707\" data-animation=\"fade-in\" src=\"https:\/\/fzn.thga.de\/wp-content\/uploads\/sites\/4\/2024\/12\/SimonNIkutta-scaled.jpg\" alt=\"\" srcset=\"https:\/\/fzn.thga.de\/wp-content\/uploads\/sites\/4\/2024\/12\/SimonNIkutta-scaled.jpg 1707w, https:\/\/fzn.thga.de\/wp-content\/uploads\/sites\/4\/2024\/12\/SimonNIkutta-200x300.jpg 200w, https:\/\/fzn.thga.de\/wp-content\/uploads\/sites\/4\/2024\/12\/SimonNIkutta-683x1024.jpg 683w, https:\/\/fzn.thga.de\/wp-content\/uploads\/sites\/4\/2024\/12\/SimonNIkutta-768x1152.jpg 768w, https:\/\/fzn.thga.de\/wp-content\/uploads\/sites\/4\/2024\/12\/SimonNIkutta-1024x1536.jpg 1024w, https:\/\/fzn.thga.de\/wp-content\/uploads\/sites\/4\/2024\/12\/SimonNIkutta-1365x2048.jpg 1365w, https:\/\/fzn.thga.de\/wp-content\/uploads\/sites\/4\/2024\/12\/SimonNIkutta-8x12.jpg 8w\" sizes=\"auto, (min-width: 1450px) 75vw, (min-width: 1000px) 85vw, 100vw\" \/>\r\n          <\/div>\r\n        <\/div>\r\n      <\/div>\r\n    <\/div>\n\t\t<\/div> \n\t<\/div>\n\t<\/div> \n\n\t<div  class=\"vc_col-sm-9 wpb_column column_container vc_column_container col child_column no-extra-padding inherit_tablet inherit_phone\"   data-t-w-inherits=\"default\" data-bg-cover=\"\" data-padding-pos=\"all\" data-has-bg-color=\"false\" data-bg-color=\"\" data-bg-opacity=\"1\" data-hover-bg=\"\" data-hover-bg-opacity=\"1\" data-animation=\"\" data-delay=\"0\">\n\t\t<div class=\"vc_column-inner\" ><div class=\"column-bg-overlay-wrap\" data-bg-animation=\"none\"><div class=\"column-bg-overlay\"><\/div><\/div>\n\t\t<div class=\"wpb_wrapper\">\n\t\t\t\r\n<div class=\"wpb_text_column wpb_content_element\" >\r\n\t<div class=\"wpb_wrapper\">\r\n\t\t<h3><strong>M.Sc. Simon Nikutta<\/strong><\/h3>\n<p>Technische Hochschule Georg Agricola University<br \/>\nHerner Street 45<br \/>\n44787 Bochum<br \/>\nBuilding 2, room 205<\/p>\n<p><span style=\"color: #e30000\"><strong>Mail<\/strong><\/span> simon.nikutta@thga.de<\/p>\n\t<\/div>\r\n<\/div>\r\n\r\n\r\n\r\n\n\t\t<\/div> \n\t<\/div>\n\t<\/div> \n<\/div><\/div><div class=\"divider-wrap\" data-alignment=\"default\"><div style=\"height: 32px;\" class=\"divider\"><\/div><\/div>\n\t\t\t<\/div> \n\t\t<\/div>\n\t<\/div> \n<\/div><\/div>","protected":false},"excerpt":{"rendered":"Projekt Erweitertes Hydrogeochemisches Monitoring zum Verst\u00e4ndnis von in-situ Schwefelumsatzprozessen Neue Forschungsans\u00e4tze sollen Konzentrationen minimieren Der Bergbau hat im Ruhrgebiet deutliche Spuren hinterlassen. J\u00e4hrlich m\u00fcssen etwa 70 Millionen Kubikmeter Grubenwasser \u00fcber...","protected":false},"author":1,"featured_media":0,"parent":2554,"menu_order":0,"comment_status":"closed","ping_status":"closed","template":"","meta":{"footnotes":""},"class_list":["post-2975","page","type-page","status-publish"],"_links":{"self":[{"href":"https:\/\/fzn.thga.de\/en\/wp-json\/wp\/v2\/pages\/2975","targetHints":{"allow":["GET"]}}],"collection":[{"href":"https:\/\/fzn.thga.de\/en\/wp-json\/wp\/v2\/pages"}],"about":[{"href":"https:\/\/fzn.thga.de\/en\/wp-json\/wp\/v2\/types\/page"}],"author":[{"embeddable":true,"href":"https:\/\/fzn.thga.de\/en\/wp-json\/wp\/v2\/users\/1"}],"replies":[{"embeddable":true,"href":"https:\/\/fzn.thga.de\/en\/wp-json\/wp\/v2\/comments?post=2975"}],"version-history":[{"count":13,"href":"https:\/\/fzn.thga.de\/en\/wp-json\/wp\/v2\/pages\/2975\/revisions"}],"predecessor-version":[{"id":7395,"href":"https:\/\/fzn.thga.de\/en\/wp-json\/wp\/v2\/pages\/2975\/revisions\/7395"}],"up":[{"embeddable":true,"href":"https:\/\/fzn.thga.de\/en\/wp-json\/wp\/v2\/pages\/2554"}],"wp:attachment":[{"href":"https:\/\/fzn.thga.de\/en\/wp-json\/wp\/v2\/media?parent=2975"}],"curies":[{"name":"wp","href":"https:\/\/api.w.org\/{rel}","templated":true}]}}