{"id":3014,"date":"2021-08-16T09:10:37","date_gmt":"2021-08-16T07:10:37","guid":{"rendered":"https:\/\/fzn.thga.de\/?page_id=3014"},"modified":"2026-01-08T17:30:41","modified_gmt":"2026-01-08T16:30:41","slug":"stefan-moellerherm","status":"publish","type":"page","link":"https:\/\/fzn.thga.de\/en\/fzn\/team\/stefan-moellerherm\/","title":{"rendered":"Prof. Dr.-Ing. Dipl.-Wirt. Ing. Stefan M\u00f6llerherm"},"content":{"rendered":"<div id=\"fws_69d812fd50176\"  data-column-margin=\"default\" data-midnight=\"dark\" data-top-percent=\"5%\" data-bottom-percent=\"7%\"  class=\"wpb_row vc_row-fluid vc_row standard_section\"  style=\"padding-top: calc(100vw * 0.05); padding-bottom: calc(100vw * 0.07); \"><div class=\"row-bg-wrap\" data-bg-animation=\"none\" data-bg-overlay=\"false\"><div class=\"inner-wrap\"><div class=\"row-bg\"  style=\"\"><\/div><\/div><div class=\"row-bg-overlay\" ><\/div><\/div><div class=\"row_col_wrap_12 col span_12 dark left\">\n\t<div  class=\"vc_col-sm-8 wpb_column column_container vc_column_container col no-extra-padding inherit_tablet inherit_phone\"  data-t-w-inherits=\"default\" data-bg-cover=\"\" data-padding-pos=\"all\" data-has-bg-color=\"false\" data-bg-color=\"\" data-bg-opacity=\"1\" data-hover-bg=\"\" data-hover-bg-opacity=\"1\" data-animation=\"\" data-delay=\"0\" >\n\t\t<div class=\"vc_column-inner\" ><div class=\"column-bg-overlay-wrap\" data-bg-animation=\"none\"><div class=\"column-bg-overlay\"><\/div><\/div>\n\t\t\t<div class=\"wpb_wrapper\">\n\t\t\t\t\r\n<div class=\"wpb_text_column wpb_content_element\" >\r\n\t<div class=\"wpb_wrapper\">\r\n\t\t<h2><a href=\"https:\/\/fzn.thga.de\/en\/fzn\/team\/\"><span style=\"color: #e30000\">Team<\/span><\/a><\/h2>\n\t<\/div>\r\n<\/div>\r\n\r\n\r\n\r\n\r\n<div class=\"wpb_text_column wpb_content_element\" >\r\n\t<div class=\"wpb_wrapper\">\r\n\t\t<h1>Prof. Dr.-Ing. Dipl.-Wirt.Ing. Stefan M\u00f6llerherm<\/h1>\n\t<\/div>\r\n<\/div>\r\n\r\n\r\n\r\n<p style=\"font-size: 28px;color: #00325f;line-height: 1.5;text-align: left\" class=\"vc_custom_heading\" >Forschungsmanagement<\/p><div class=\"divider-wrap\" data-alignment=\"default\"><div style=\"height: 25px;\" class=\"divider\"><\/div><\/div>\r\n<div class=\"wpb_text_column wpb_content_element\" >\r\n\t<div class=\"wpb_wrapper\">\r\n\t\t<h3><strong>VITA<\/strong><\/h3>\n\t<\/div>\r\n<\/div>\r\n\r\n\r\n\r\n<div class=\"nectar-icon-list\" data-icon-color=\"default\" data-icon-style=\"border\" data-columns=\"3\" data-direction=\"vertical\" data-icon-size=\"small\" data-animate=\"\"><div class=\"nectar-icon-list-item\"><div class=\"list-icon-holder\" data-icon_type=\"icon\"><\/div><div class=\"content\"><h4>Seit 2019<\/h4>Technische Hochschule Georg Agricola Bochum<br \/>\nDozent \u201cAusgasungen an der Tagesoberfl\u00e4che\u201c im Master-Studiengang Geoingenieurwesen und Nachbergbau<\/div><\/div><div class=\"nectar-icon-list-item\"><div class=\"list-icon-holder\" data-icon_type=\"icon\"><\/div><div class=\"content\"><h4>Seit 2018<\/h4>Technische Hochschule Georg Agricola Bochum<br \/>\nDozent \u201eSustainable Raw Materials and Energy Supply\u201d im Masterstudiengang Mineral Resource and Process Engineering<\/div><\/div><div class=\"nectar-icon-list-item\"><div class=\"list-icon-holder\" data-icon_type=\"icon\"><\/div><div class=\"content\"><h4>Seit 2016<\/h4>Mitarbeiter im Forschungszentrum Nachbergbau der Technischen Hochschule Georg Agricola<\/div><\/div><div class=\"nectar-icon-list-item\"><div class=\"list-icon-holder\" data-icon_type=\"icon\"><\/div><div class=\"content\"><h4>2011-2016<\/h4>Solvay Energy Systems Tochter der Solvay SA (Chemieunternehmen mit Sitz in Br\u00fcssel): Senior Project Manager SOLWATT<\/div><\/div><div class=\"nectar-icon-list-item\"><div class=\"list-icon-holder\" data-icon_type=\"icon\"><\/div><div class=\"content\"><h4>2009-2011<\/h4>Rhodia Energy Systems Tochter der Rhodia SA (Chemieunternehmen mit Sitz in Paris): Senior Project Manager<\/div><\/div><div class=\"nectar-icon-list-item\"><div class=\"list-icon-holder\" data-icon_type=\"icon\"><\/div><div class=\"content\"><h4>2007-2009<\/h4>OneCarbon Germany GmbH Tochter von Econcern b.v. (Energieunternehmen mit Schwerpunkt Erneuerbare Energien; Sitz in Utrecht, NL): Senior Project Manager Origination &amp; Project Development<\/div><\/div><div class=\"nectar-icon-list-item\"><div class=\"list-icon-holder\" data-icon_type=\"icon\"><\/div><div class=\"content\"><h4>2006-2007<\/h4>CBM Gesellschaft f\u00fcr Consulting, Business &amp; Management mbH, Aachen: Technischer und kaufm\u00e4nnischer Gesch\u00e4ftsf\u00fchrer<\/div><\/div><div class=\"nectar-icon-list-item\"><div class=\"list-icon-holder\" data-icon_type=\"icon\"><\/div><div class=\"content\"><h4>2000-2005<\/h4>RWTH Aachen; Institut f\u00fcr Bergbaukunde I: Oberingenieur und stellvertretender Institutsleiter<\/div><\/div><div class=\"nectar-icon-list-item\"><div class=\"list-icon-holder\" data-icon_type=\"icon\"><\/div><div class=\"content\"><h4>1995-1999<\/h4>RWTH Aachen; Institut f\u00fcr Bergbaukunde I: Wissenschaftlicher Angestellter<\/div><\/div><div class=\"nectar-icon-list-item\"><div class=\"list-icon-holder\" data-icon_type=\"icon\"><\/div><div class=\"content\"><h4>1989-1989<\/h4>Hydrauliker bei der Preussag Anthrazit GmbH, Ibbenb\u00fcren<\/div><\/div><div class=\"nectar-icon-list-item\"><div class=\"list-icon-holder\" data-icon_type=\"icon\"><\/div><div class=\"content\"><h4>1988-1989<\/h4>Grundwehrdienst<\/div><\/div><div class=\"nectar-icon-list-item\"><div class=\"list-icon-holder\" data-icon_type=\"icon\"><\/div><div class=\"content\"><h4>1987-1988<\/h4>Hydrauliker bei der Preussag Anthrazit GmbH, Ibbenb\u00fcren<\/div><\/div><\/div>\r\n<div class=\"wpb_text_column wpb_content_element\" >\r\n\t<div class=\"wpb_wrapper\">\r\n\t\t<h3><strong>Ausbildung\u00a0<\/strong><\/h3>\n\t<\/div>\r\n<\/div>\r\n\r\n\r\n\r\n<div class=\"nectar-icon-list\" data-icon-color=\"default\" data-icon-style=\"border\" data-columns=\"3\" data-direction=\"vertical\" data-icon-size=\"small\" data-animate=\"\"><div class=\"nectar-icon-list-item\"><div class=\"list-icon-holder\" data-icon_type=\"icon\"><\/div><div class=\"content\"><h4>1999<\/h4>Promotion zum Dr.-Ing. an der RWTH Aachen<\/div><\/div><div class=\"nectar-icon-list-item\"><div class=\"list-icon-holder\" data-icon_type=\"icon\"><\/div><div class=\"content\"><h4>1995-1999<\/h4>BWL-Aufbaustudium an der FernUniversit\u00e4t Hagen Abschluss: Dipl.-Wirt.Ing.<\/div><\/div><div class=\"nectar-icon-list-item\"><div class=\"list-icon-holder\" data-icon_type=\"icon\"><\/div><div class=\"content\"><h4>1989-1995<\/h4>Bergbaustudium an der RWTH Aachen Abschluss: Dipl.-Ing<\/div><\/div><div class=\"nectar-icon-list-item\"><div class=\"list-icon-holder\" data-icon_type=\"icon\"><\/div><div class=\"content\"><h4>1985-1987<\/h4>Ausbildung zum Bergmechaniker bei der Preussag Anthrazit GmbH in Ibbenb\u00fcren<\/div><\/div><\/div><div class=\"divider-wrap\" data-alignment=\"default\"><div style=\"height: 100px;\" class=\"divider\"><\/div><\/div>\r\n<div class=\"wpb_text_column wpb_content_element\" >\r\n\t<div class=\"wpb_wrapper\">\r\n\t\t<h3><strong>Research focuses<\/strong><\/h3>\n<ul>\n<li>Methanausgasungen und -verwertung<\/li>\n<li>Reaktivierung und Strukturwandel<\/li>\n<\/ul>\n\t<\/div>\r\n<\/div>\r\n\r\n\r\n\r\n<div class=\"divider-wrap\" data-alignment=\"default\"><div style=\"height: 80px;\" class=\"divider\"><\/div><\/div>\r\n<div class=\"wpb_text_column wpb_content_element\" >\r\n\t<div class=\"wpb_wrapper\">\r\n\t\t<h3><strong>Memberships<\/strong><\/h3>\n<ul>\n<li>Technical Advisory Group \u201eRisk Management in the Extractive Sector\u201d der EU DG Environment<\/li>\n<li>Group of Experts \u201cCoal Mine Methane\u201d der UN ECE<\/li>\n<li>Subcommittee \u201cCoal\u201d der Global Methane Initiative<\/li>\n<li>Technical Research Group von Euracoal<\/li>\n<\/ul>\n\t<\/div>\r\n<\/div>\r\n\r\n\r\n\r\n<div class=\"divider-wrap\" data-alignment=\"default\"><div style=\"height: 80px;\" class=\"divider\"><\/div><\/div><div class=\"toggles\" data-style=\"minimal\"><div class=\"toggle accent-color\" data-inner-wrap=\"true\"><h3><a href=\"#\"><i class=\"icon-plus-sign\"><\/i>Publications<\/a><\/h3><div><div class=\"inner-toggle-wrap\">\r\n<div class=\"wpb_text_column wpb_content_element\" >\r\n\t<div class=\"wpb_wrapper\">\r\n\t\t<p><strong><span style=\"color: #e30000\">D\u00d6PPENSCHMITT, S., SCHEMMER, F., MELCHERS, C., M\u00d6LLERHERM, S. (2021):<\/span><\/strong> Grubengasnutzung aus stillgelegten Bergwerken an Ruhr und Saar. In: Bergbau 72 (2), S. 70 \u2013 71 \/ 74.<\/p>\n<p><strong><span style=\"color: #e30000\">GOERKE-MALLET, P., BRUNE, J., M\u00d6LLERHERM, S., KRETSCHMANN, J., RUDOLPH, T., M\u00dcTERTHIES, A. (2020):<\/span><\/strong> Post mining analytics from space: an innovative approach to improve risk-management in mining. In: SME Annual Meeting &#8211; 23-26 Feb. 2020, Phoenix, AZ, Preprint 20-020, 3 S.<\/p>\n<p><strong><span style=\"color: #e30000\">KRETSCHMANN J., M\u00d6LLERHERM S., GOERKE-MALLET P., MELCHERS C (2020):<\/span><\/strong> Risk management for abandoned mine sites by integrated monitoring. In: BECTHNIK NO3 (12) P. 17 \u2013 23. ISSN 2518-797X.<\/p>\n<p><strong><span style=\"color: #e30000\">SCHIFFER, R., M\u00d6LLERHERM, S., WOHNLICH, S. (2020):<\/span><\/strong> Energiebergbau \u2013 M\u00f6glichkeiten der Um- und Nachnutzung bergbaulicher Infrastruktur durch energetische Nutzung des Grubenwassers \u2013 Chance oder Fiktion? In: Erd\u00f6l, Erdgas, Kohle 2020 (4), S. 34-37.<\/p>\n<p><strong><span style=\"color: #e30000\">BR\u00dcGGEMANN, J., KASPERIDUS, L., M\u00d6LLERHERM, S. (2019):<\/span><\/strong> Postmontane Regionalentwicklung Ruhr. In: Technische Hochschule Georg Agricola, Forschungszentrum Nachbergbau; Deutscher Markscheider-Verein (Hrsg.): Tagungsband Bergbau, Energie und Rohstoffe 2019. \u00dcbergang zu neuen Zeiten. 11. &#8211; 13. September, Technische Hochschule Georg Agricola, Bochum. Clausthal-Zellerfeld: Papierflieger Verlag GmbH, S. 270-278.<\/p>\n<p><strong><span style=\"color: #e30000\">SCHIFFER, R., M\u00d6LLERHERM, S, WOHNLICH, S. (2019):<\/span> <\/strong>Energiebergbau \u2013 M\u00f6glichkeiten der Um- und Nachnutzung bergbaulicher Infrastruktur durch energetische Nutzung des Grubenwassers \u2013 Chance oder Fiktion? In: Technische Hochschule Georg Agricola, Forschungszentrum Nachbergbau; Deutscher Markscheider-Verein (Hrsg.): Tagungsband Bergbau, Energie und Rohstoffe 2019. \u00dcbergang zu neuen Zeiten. 11. &#8211; 13. September, Technische Hochschule Georg Agricola, Bochum. Clausthal-Zellerfeld: Papierflieger Verlag GmbH, S. 308-317.<\/p>\n<p><strong><span style=\"color: #e30000\">SUAREZ, C., M\u00d6LLERHERM, S., KRETSCHMANN, J., BRUNE, J. (2019):<\/span> <\/strong>Coal mining in Ruhr Germany: An American perspective of an industry in transition. In: Mining engineering 71 (3), S. 20-33.<\/p>\n<p><strong><span style=\"color: #e30000\">BR\u00d6MME, K., STOLPE, H., M\u00d6LLERHERM S. (2006):<\/span><\/strong> Power to the People &#8211; Ein Land reich an Ressourcen will Kapazit\u00e4ten ausbauen, in: S\u00fcdostasien Vol. 22, Nr. 1 p. 18 &#8211; 22.<\/p>\n<p><span style=\"color: #e30000\"><strong>MARTENS, P.N., FERNANDEZ-PATEINO, J. B.,\u00a0 RATTMANN, L.,\u00a0 M\u00d6LLERHERM, STOLPE, H., BR\u00d6MME, K. (2006):<\/strong><\/span> Environmental Challenges in Vietnamese Mining, Proceedings of the 2nd International Conference &#8222;Advances in Mineral Resources Management and Environmental Geotechnology&#8220; (AMIREG 2006), Sep. 25, 2006 &#8211; Sep. 27, 2006, Hania, Crete, Greece.<\/p>\n<p><strong><span style=\"color: #e30000\">MARTENS, P.N., SANS, A., M\u00d6LLERHERM, S. (2004):<\/span><\/strong> Entwicklung eines Investitionsmodells f\u00fcr die Auswahl und Optimierung der F\u00f6rderger\u00e4te in einem Eisenerztagebau. In: Tagungsband zum Kolloquium F\u00f6rdertechnik der TU Clausthal; 28 \u2013 29 Januar 2004, S. 201 \u2013 212.<\/p>\n<p><strong><span style=\"color: #e30000\">MARTENS, P.N., RATTMANN, L., WILDE, J., M\u00d6LLERHERM, S., WEYER, TH. (2003):<\/span><\/strong> KNOWRISC \u2013An Occupational Risk Assessment Software for German Quarrying Industry. In: KOMAG Mining Mechanization Centre (Ed): Technology at the service of environment. Vol 1, Proc. of the conference KOMEKO 2003 p. 71 \u2013 80.<\/p>\n<p><strong><span style=\"color: #e30000\">MARTENS, P.N., RUHRBERG, M., M\u00d6LLERHERM, S.; MISTRY, M. (2002):<\/span> <\/strong>An Integrated Resource-Orientated View on the Use of Copper Tailings as Paste Backfill in Underground Copper Mines. In Kebo, Farana, Smutn\u00fd, &amp; Strakos (Eds): Proc. of Mine Planning and Equipment Selection 2002. pp. 555 \u2013 559. ISBN 80-248-0127-2<\/p>\n<p><span style=\"color: #e30000\"><strong>M\u00d6LLERHERM, S., MARTENS, P.N. (2002)<\/strong><\/span>: Use of Copper Mine Tailings as Paste Backfill Material in Mining Operations \u2013 Approach to Minimise Land Occupation. In A.A. Balkema. Tailings and Mine Waste \u201a02 pp. 149 \u2013 153. ISBN 90 5809 353 0<\/p>\n<p><strong><span style=\"color: #e30000\">MARENS, P.N., RATTMANN, L.,\u00a0 M\u00d6LLERHERM, S. (2001):<\/span><\/strong> Das Institut f\u00fcr Bergbaukunde I der RWTH Aachen. In: Gl\u00fcckauf 137 (2001) Nr.3, S. 11 \u2013 16.<\/p>\n<p><strong><span style=\"color: #e30000\">M\u00d6LLERHERM, S.,\u00a0 MARTENS, P.N. (2000):<\/span> <\/strong>The Use of Geometrical-Technical Planning Systems for Support: A Prerequisite for High-Performance Longwall Operations. In A.A. Balkema Mine Planning and Equipment Selection 2000 pp. 835 \u2013 839. ISBN 90 \u2013 5809 178 3<\/p>\n<p><strong><span style=\"color: #e30000\">M\u00d6LLERHERM, S. (2000):<\/span> <\/strong>The Use of Geometrical-Technical Planning Systems for Support: A Prerequisite for High-Performance Longwall Operations. In Martens (Hrsg.): Hochleistungs-Strebbetriebe \u2013 High-Performance Longwall Operations Internationales Kolloquium, Wissenschaftsverlag Mainz in Aachen; Aachener Beitr\u00e4ge zur Rohstofftechnik und \u2013wirtschaft, Band 28, S. 493 \u2013 502. ISBN 3-86073-817-8<\/p>\n<p><span style=\"color: #e30000\"><strong>M\u00d6LLERHERM, S.,\u00a0 SENG, J. Ph. (1999):<\/strong> <\/span>Das Forschungslabor des National Institute of Occupational Safety (NIOSH) in Pittsburgh (Pennsylvania). In Martens (Hrsg.) USA Exkursion 1999. Wissenschaftsverlag Mainz in Aachen; Aachener Beitr\u00e4ge zur Rohstofftechnik und -wirtschaft, Band 23, S. 23 \u2013 36. ISBN 3-86073-812-7<\/p>\n<p><strong><span style=\"color: #e30000\">SENG, J. PH., M\u00d6LLERHERM, S. (1999):<\/span><\/strong> Das Zinkbergwerk Cumberland der Firma Savage Zinc in Gordonsville (Tennessee). In Martens (Hrsg.) USA Exkursion 1999. Wissenschaftsverlag Mainz in Aachen; Aachener Beitr\u00e4ge zur Rohstofftechnik und -wirtschaft, Band 23, S. 129 \u2013143. ISBN 3-86073-812-7<\/p>\n<p><strong><span style=\"color: #e30000\">M\u00d6LLERHERM, S. (1999):<\/span> <\/strong>Entwicklung der Wissensbasis \u201eUmwelt\u201c f\u00fcr ein Expertensystem zur Unterst\u00fctzung bergtechnischer Planung. Wissenschaftsverlag Mainz in Aachen; Aachener Beitr\u00e4ge zur Rohstofftechnik und -wirtschaft, Band 20, S. 138. ISBN 3-86073-659-0<\/p>\n<p><strong><span style=\"color: #e30000\">M\u00d6LLERHERM, S., INDERST, R.; MARTENS, P.N., PETIT, E. (1997):<\/span> <\/strong>Entwicklung der Wissensbasis \u201eUmweltschutz\u201c f\u00fcr das Expertensystem \u201eBergtechnische Planung\u201c. Wissenschaftsverlag Mainz in Aachen; Wissenschaftliche Schriftenreihe im Markscheidewesen 1997, Heft 17; S. 45 \u2013 49.<\/p>\n<p><strong><span style=\"color: #e30000\">MARTENS, P.N., M\u00d6LLERHERM S.,\u00a0 INDERST, R. (1997):<\/span><\/strong> Development of the Knowledge Base \u201eRock Mechanics\u201c for a Mine Planning Expert System. In Computer Applications and Operations Research in the Mineral Industries. 2nd Regional APCOM Symposium Moscow 1997, pp. 240 \u2013 243.<\/p>\n<p><strong><span style=\"color: #e30000\">INDERST, R., M\u00d6LLERHERM, S.,\u00a0 PETIT, E. (1997):<\/span><\/strong> Modelling Knowledge in \u201eMining\u201c. In Computer Applications and Operations Research in the Mineral Industries. 2nd Regional APCOM Symposium Moscow 1997, pp. 418 \u2013 421.<\/p>\n\t<\/div>\r\n<\/div>\r\n\r\n\r\n\r\n<\/div><\/div><\/div><\/div>\r\n\r\n\r\n\r\n\r\n\r\n\r\n\r\n\r\n\r\n\r\n\r\n\r\n\r\n\r\n\r\n\r\n\r\n\r\n\r\n\n\t\t\t<\/div> \n\t\t<\/div>\n\t<\/div> \n\n\t<div  class=\"vc_col-sm-1 wpb_column column_container vc_column_container col no-extra-padding inherit_tablet inherit_phone\"  data-t-w-inherits=\"default\" data-bg-cover=\"\" data-padding-pos=\"all\" data-has-bg-color=\"false\" data-bg-color=\"\" data-bg-opacity=\"1\" data-hover-bg=\"\" data-hover-bg-opacity=\"1\" data-animation=\"\" data-delay=\"0\" >\n\t\t<div class=\"vc_column-inner\" ><div class=\"column-bg-overlay-wrap\" data-bg-animation=\"none\"><div class=\"column-bg-overlay\"><\/div><\/div>\n\t\t\t<div class=\"wpb_wrapper\">\n\t\t\t\t\n\t\t\t<\/div> \n\t\t<\/div>\n\t<\/div> \n\n\t<div  class=\"vc_col-sm-3 wpb_column column_container vc_column_container col no-extra-padding inherit_tablet inherit_phone\"  data-t-w-inherits=\"default\" data-bg-cover=\"\" data-padding-pos=\"all\" data-has-bg-color=\"false\" data-bg-color=\"\" data-bg-opacity=\"1\" data-hover-bg=\"\" data-hover-bg-opacity=\"1\" data-animation=\"\" data-delay=\"0\" >\n\t\t<div class=\"vc_column-inner\" ><div class=\"column-bg-overlay-wrap\" data-bg-animation=\"none\"><div class=\"column-bg-overlay\"><\/div><\/div>\n\t\t\t<div class=\"wpb_wrapper\">\n\t\t\t\t<div class=\"img-with-aniamtion-wrap\" data-max-width=\"100%\" data-max-width-mobile=\"default\" data-border-radius=\"none\" data-shadow=\"none\" data-animation=\"fade-in\" >\r\n      <div class=\"inner\">\r\n        <div class=\"hover-wrap\" data-hover-animation=\"none\"> \r\n          <div class=\"hover-wrap-inner\">\r\n            <img loading=\"lazy\" decoding=\"async\" class=\"img-with-animation skip-lazy\" data-delay=\"0\" height=\"2560\" width=\"1707\" data-animation=\"fade-in\" src=\"https:\/\/fzn.thga.de\/wp-content\/uploads\/sites\/4\/2024\/12\/StefanMoellerherm-scaled.jpg\" alt=\"\" srcset=\"https:\/\/fzn.thga.de\/wp-content\/uploads\/sites\/4\/2024\/12\/StefanMoellerherm-scaled.jpg 1707w, https:\/\/fzn.thga.de\/wp-content\/uploads\/sites\/4\/2024\/12\/StefanMoellerherm-200x300.jpg 200w, https:\/\/fzn.thga.de\/wp-content\/uploads\/sites\/4\/2024\/12\/StefanMoellerherm-683x1024.jpg 683w, https:\/\/fzn.thga.de\/wp-content\/uploads\/sites\/4\/2024\/12\/StefanMoellerherm-768x1152.jpg 768w, https:\/\/fzn.thga.de\/wp-content\/uploads\/sites\/4\/2024\/12\/StefanMoellerherm-1024x1536.jpg 1024w, https:\/\/fzn.thga.de\/wp-content\/uploads\/sites\/4\/2024\/12\/StefanMoellerherm-1365x2048.jpg 1365w, https:\/\/fzn.thga.de\/wp-content\/uploads\/sites\/4\/2024\/12\/StefanMoellerherm-8x12.jpg 8w\" sizes=\"auto, (min-width: 1450px) 75vw, (min-width: 1000px) 85vw, 100vw\" \/>\r\n          <\/div>\r\n        <\/div>\r\n      <\/div>\r\n    <\/div>\n\t\t\t<\/div> \n\t\t<\/div>\n\t<\/div> \n<\/div><\/div>","protected":false},"excerpt":{"rendered":"Team Prof. Dr.-Ing. Dipl.-Wirt.Ing. Stefan M\u00f6llerherm Forschungsmanagement VITA Seit 2019Technische Hochschule Georg Agricola Bochum Dozent \u201cAusgasungen an der Tagesoberfl\u00e4che\u201c im Master-Studiengang Geoingenieurwesen und NachbergbauSeit 2018Technische Hochschule Georg Agricola Bochum Dozent...","protected":false},"author":15,"featured_media":0,"parent":2894,"menu_order":0,"comment_status":"closed","ping_status":"closed","template":"","meta":{"footnotes":""},"class_list":["post-3014","page","type-page","status-publish"],"_links":{"self":[{"href":"https:\/\/fzn.thga.de\/en\/wp-json\/wp\/v2\/pages\/3014","targetHints":{"allow":["GET"]}}],"collection":[{"href":"https:\/\/fzn.thga.de\/en\/wp-json\/wp\/v2\/pages"}],"about":[{"href":"https:\/\/fzn.thga.de\/en\/wp-json\/wp\/v2\/types\/page"}],"author":[{"embeddable":true,"href":"https:\/\/fzn.thga.de\/en\/wp-json\/wp\/v2\/users\/15"}],"replies":[{"embeddable":true,"href":"https:\/\/fzn.thga.de\/en\/wp-json\/wp\/v2\/comments?post=3014"}],"version-history":[{"count":10,"href":"https:\/\/fzn.thga.de\/en\/wp-json\/wp\/v2\/pages\/3014\/revisions"}],"predecessor-version":[{"id":8807,"href":"https:\/\/fzn.thga.de\/en\/wp-json\/wp\/v2\/pages\/3014\/revisions\/8807"}],"up":[{"embeddable":true,"href":"https:\/\/fzn.thga.de\/en\/wp-json\/wp\/v2\/pages\/2894"}],"wp:attachment":[{"href":"https:\/\/fzn.thga.de\/en\/wp-json\/wp\/v2\/media?parent=3014"}],"curies":[{"name":"wp","href":"https:\/\/api.w.org\/{rel}","templated":true}]}}