{"id":3132,"date":"2021-06-25T10:54:01","date_gmt":"2021-06-25T08:54:01","guid":{"rendered":"https:\/\/fzn.thga.de\/?page_id=3132"},"modified":"2026-02-13T09:34:29","modified_gmt":"2026-02-13T08:34:29","slug":"potentials","status":"publish","type":"page","link":"https:\/\/fzn.thga.de\/en\/forschung\/potentials\/","title":{"rendered":"POTENTIALS"},"content":{"rendered":"<div id=\"fws_69e6aefc18b39\"  data-column-margin=\"default\" data-midnight=\"dark\" data-top-percent=\"5%\" data-bottom-percent=\"4%\"  class=\"wpb_row vc_row-fluid vc_row standard_section\"  style=\"padding-top: calc(100vw * 0.05); padding-bottom: calc(100vw * 0.04); \"><div class=\"row-bg-wrap\" data-bg-animation=\"none\" data-bg-overlay=\"false\"><div class=\"inner-wrap\"><div class=\"row-bg\"  style=\"\"><\/div><\/div><div class=\"row-bg-overlay\" ><\/div><\/div><div class=\"row_col_wrap_12 col span_12 dark left\">\n\t<div  class=\"vc_col-sm-8 wpb_column column_container vc_column_container col no-extra-padding inherit_tablet inherit_phone\"  data-t-w-inherits=\"default\" data-bg-cover=\"\" data-padding-pos=\"all\" data-has-bg-color=\"false\" data-bg-color=\"\" data-bg-opacity=\"1\" data-hover-bg=\"\" data-hover-bg-opacity=\"1\" data-animation=\"\" data-delay=\"0\" >\n\t\t<div class=\"vc_column-inner\" ><div class=\"column-bg-overlay-wrap\" data-bg-animation=\"none\"><div class=\"column-bg-overlay\"><\/div><\/div>\n\t\t\t<div class=\"wpb_wrapper\">\n\t\t\t\t\r\n<div class=\"wpb_text_column wpb_content_element\" >\r\n\t<div class=\"wpb_wrapper\">\r\n\t\t<h2><span style=\"color: #e30000\">Project<\/span><\/h2>\n\t<\/div>\r\n<\/div>\r\n\r\n\r\n\r\n\r\n<div class=\"wpb_text_column wpb_content_element\" >\r\n\t<div class=\"wpb_wrapper\">\r\n\t\t<h1 style=\"text-align: left\"><span style=\"color: #06396a\">POTENTIALS<br \/>\n<\/span><\/h1>\n\t<\/div>\r\n<\/div>\r\n\r\n\r\n\r\n\r\n<div class=\"wpb_text_column wpb_content_element\" >\r\n\t<div class=\"wpb_wrapper\">\r\n\t\t<h3>Neue Ideen f\u00fcr alte Industrien<\/h3>\n\t<\/div>\r\n<\/div>\r\n\r\n\r\n\r\n\n\t\t\t<\/div> \n\t\t<\/div>\n\t<\/div> \n\n\t<div  class=\"vc_col-sm-4 wpb_column column_container vc_column_container col no-extra-padding inherit_tablet inherit_phone\"  data-t-w-inherits=\"default\" data-bg-cover=\"\" data-padding-pos=\"all\" data-has-bg-color=\"false\" data-bg-color=\"\" data-bg-opacity=\"1\" data-hover-bg=\"\" data-hover-bg-opacity=\"1\" data-animation=\"\" data-delay=\"0\" >\n\t\t<div class=\"vc_column-inner\" ><div class=\"column-bg-overlay-wrap\" data-bg-animation=\"none\"><div class=\"column-bg-overlay\"><\/div><\/div>\n\t\t\t<div class=\"wpb_wrapper\">\n\t\t\t\t\n\t\t\t<\/div> \n\t\t<\/div>\n\t<\/div> \n<\/div><\/div>\n\t\t<div id=\"fws_69e6aefc19341\"  data-column-margin=\"default\" data-midnight=\"dark\"  class=\"wpb_row vc_row-fluid vc_row standard_section\"  style=\"padding-top: 0px; padding-bottom: 0px; \"><div class=\"row-bg-wrap\" data-bg-animation=\"none\" data-bg-overlay=\"false\"><div class=\"inner-wrap\"><div class=\"row-bg\"  style=\"\"><\/div><\/div><div class=\"row-bg-overlay\" ><\/div><\/div><div class=\"row_col_wrap_12 col span_12 dark left\">\n\t<div  class=\"vc_col-sm-3 wpb_column column_container vc_column_container col no-extra-padding inherit_tablet inherit_phone\"  data-t-w-inherits=\"default\" data-bg-cover=\"\" data-padding-pos=\"all\" data-has-bg-color=\"false\" data-bg-color=\"\" data-bg-opacity=\"1\" data-hover-bg=\"\" data-hover-bg-opacity=\"1\" data-animation=\"\" data-delay=\"0\" >\n\t\t<div class=\"vc_column-inner\" ><div class=\"column-bg-overlay-wrap\" data-bg-animation=\"none\"><div class=\"column-bg-overlay\"><\/div><\/div>\n\t\t\t<div class=\"wpb_wrapper\">\n\t\t\t\t\n\t\t\t<\/div> \n\t\t<\/div>\n\t<\/div> \n\n\t<div  class=\"vc_col-sm-9 wpb_column column_container vc_column_container col no-extra-padding inherit_tablet inherit_phone\"  data-t-w-inherits=\"default\" data-bg-cover=\"\" data-padding-pos=\"all\" data-has-bg-color=\"false\" data-bg-color=\"\" data-bg-opacity=\"1\" data-hover-bg=\"\" data-hover-bg-opacity=\"1\" data-animation=\"\" data-delay=\"0\" >\n\t\t<div class=\"vc_column-inner\" ><div class=\"column-bg-overlay-wrap\" data-bg-animation=\"none\"><div class=\"column-bg-overlay\"><\/div><\/div>\n\t\t\t<div class=\"wpb_wrapper\">\n\t\t\t\t\r\n<div class=\"wpb_text_column wpb_content_element  vc_custom_1624610916506\" >\r\n\t<div class=\"wpb_wrapper\">\r\n\t\t<p>Bergbau hinterl\u00e4sst Spuren \u2013 darunter auch weitl\u00e4ufige Industrieanlagen, die nicht nur das stillgelegte Zechengel\u00e4nde, sondern oftmals auch weitere Industrien und angeschlossene Kraftwerke umfassen. Diese Konzentration an bestimmten Standorten soll auch in Zukunft zum Vorteil genutzt werden. So entwickeln die Expertinnen und Experten im Projekt POTENTIALS innovative Nachnutzungsideen die diese besondere Integration nutzen, um neue wirtschaftliche Aktivit\u00e4ten zu stimulieren. Dazu z\u00e4hlt langfristig auch, die Wertsch\u00f6pfung in Nachbergbau-Regionen weiter zu entwickeln und neue Arbeitspl\u00e4tze zu schaffen. Der vollst\u00e4ndige Projekttitel von POTENTIALS lautet daher: <em>Synergistic potentials of end-of-life coal mines and coal-fired power plants, along with closely related neighbouring industries: update and re-adoption of territorial just transition plans.<\/em><\/p>\n<p>Das FZN beteiligt sich hierzu in einem europ\u00e4ischen\u00a0Forschungskonsortium von insgesamt sechs Partnern unter Federf\u00fchrung des polnischen Bergbau-Instituts GIG. Weitere Partner sind die VGB Power Tech (Deutschland), CERTH (Griechenland), die Universit\u00e4t Oviedo und HUNOSA (Spanien).<\/p>\n\t<\/div>\r\n<\/div>\r\n\r\n\r\n\r\n<div class=\"img-with-aniamtion-wrap center\" data-max-width=\"100%\" data-max-width-mobile=\"default\" data-border-radius=\"none\" data-shadow=\"none\" data-animation=\"fade-in\" >\r\n      <div class=\"inner\">\r\n        <div class=\"hover-wrap\" data-hover-animation=\"none\"> \r\n          <div class=\"hover-wrap-inner\">\r\n            <a href=\"https:\/\/fzn.thga.de\/wp-content\/uploads\/sites\/4\/2022\/12\/FZN_Reaktivierung-und-Transition_Julia-Tiganj_POTENTIALS4-scaled.jpg\" class=\"pp center\">\r\n              <img loading=\"lazy\" decoding=\"async\" class=\"img-with-animation skip-lazy\" data-delay=\"0\" height=\"1659\" width=\"2560\" data-animation=\"fade-in\" src=\"https:\/\/fzn.thga.de\/wp-content\/uploads\/sites\/4\/2022\/12\/FZN_Reaktivierung-und-Transition_Julia-Tiganj_POTENTIALS4-scaled.jpg\" alt=\"\" srcset=\"https:\/\/fzn.thga.de\/wp-content\/uploads\/sites\/4\/2022\/12\/FZN_Reaktivierung-und-Transition_Julia-Tiganj_POTENTIALS4-scaled.jpg 2560w, https:\/\/fzn.thga.de\/wp-content\/uploads\/sites\/4\/2022\/12\/FZN_Reaktivierung-und-Transition_Julia-Tiganj_POTENTIALS4-300x194.jpg 300w, https:\/\/fzn.thga.de\/wp-content\/uploads\/sites\/4\/2022\/12\/FZN_Reaktivierung-und-Transition_Julia-Tiganj_POTENTIALS4-1024x664.jpg 1024w, https:\/\/fzn.thga.de\/wp-content\/uploads\/sites\/4\/2022\/12\/FZN_Reaktivierung-und-Transition_Julia-Tiganj_POTENTIALS4-768x498.jpg 768w, https:\/\/fzn.thga.de\/wp-content\/uploads\/sites\/4\/2022\/12\/FZN_Reaktivierung-und-Transition_Julia-Tiganj_POTENTIALS4-1536x995.jpg 1536w, https:\/\/fzn.thga.de\/wp-content\/uploads\/sites\/4\/2022\/12\/FZN_Reaktivierung-und-Transition_Julia-Tiganj_POTENTIALS4-2048x1327.jpg 2048w, https:\/\/fzn.thga.de\/wp-content\/uploads\/sites\/4\/2022\/12\/FZN_Reaktivierung-und-Transition_Julia-Tiganj_POTENTIALS4-18x12.jpg 18w\" sizes=\"auto, (min-width: 1450px) 75vw, (min-width: 1000px) 85vw, 100vw\" \/>\r\n            <\/a>\r\n          <\/div>\r\n        <\/div>\r\n      <\/div>\r\n      <\/div>\r\n<div class=\"wpb_text_column wpb_content_element  vc_custom_1625218381104\" >\r\n\t<div class=\"wpb_wrapper\">\r\n\t\t<p style=\"text-align: right\"><span style=\"color: #999999\"><em>\u00a9 THGA\/Volker Wiciok<\/em><\/span><\/p>\n\t<\/div>\r\n<\/div>\r\n\r\n\r\n\r\n\r\n<div class=\"wpb_text_column wpb_content_element  vc_custom_1624610970994\" >\r\n\t<div class=\"wpb_wrapper\">\r\n\t\t<p>Die Projektpartner stellen sich der wichtigen Transformationsaufgabe, die Kohlegewinnung und -verstromung innerhalb der EU aus klimapolitischen Gr\u00fcnden zu beenden und dabei zugleich weder die Besch\u00e4ftigten, noch die Kohleindustrie und betroffene Regionen sozio\u00f6konomisch zur\u00fcckzulassen. POTENTIALS identifiziert und bewertet Synergien mit Hilfe einer prospektiven Analyse und erm\u00f6glicht es so, neue Gesch\u00e4ftsmodelle zu entwickeln, insbesondere im Hinblick auf erneuerbare Energien, Energiespeicherung und Kreislaufwirtschaft. Das Projekt unterst\u00fctzt so die Just Transition-Pl\u00e4ne in den einzelnen Regionen.<\/p>\n\t<\/div>\r\n<\/div>\r\n\r\n\r\n\r\n\n\t\t\t<\/div> \n\t\t<\/div>\n\t<\/div> \n<\/div><\/div>\n\t\t<div id=\"fws_69e6aefc19d1f\"  data-column-margin=\"default\" data-midnight=\"dark\"  class=\"wpb_row vc_row-fluid vc_row standard_section\"  style=\"padding-top: 0px; padding-bottom: 0px; \"><div class=\"row-bg-wrap\" data-bg-animation=\"none\" data-bg-overlay=\"false\"><div class=\"inner-wrap\"><div class=\"row-bg\"  style=\"\"><\/div><\/div><div class=\"row-bg-overlay\" ><\/div><\/div><div class=\"row_col_wrap_12 col span_12 dark left\">\n\t<div  class=\"vc_col-sm-3 wpb_column column_container vc_column_container col no-extra-padding inherit_tablet inherit_phone\"  data-t-w-inherits=\"default\" data-bg-cover=\"\" data-padding-pos=\"all\" data-has-bg-color=\"false\" data-bg-color=\"\" data-bg-opacity=\"1\" data-hover-bg=\"\" data-hover-bg-opacity=\"1\" data-animation=\"\" data-delay=\"0\" >\n\t\t<div class=\"vc_column-inner\" ><div class=\"column-bg-overlay-wrap\" data-bg-animation=\"none\"><div class=\"column-bg-overlay\"><\/div><\/div>\n\t\t\t<div class=\"wpb_wrapper\">\n\t\t\t\t\n\t\t\t<\/div> \n\t\t<\/div>\n\t<\/div> \n\n\t<div  class=\"vc_col-sm-3 wpb_column column_container vc_column_container col no-extra-padding inherit_tablet inherit_phone\"  data-t-w-inherits=\"default\" data-bg-cover=\"\" data-padding-pos=\"all\" data-has-bg-color=\"false\" data-bg-color=\"\" data-bg-opacity=\"1\" data-hover-bg=\"\" data-hover-bg-opacity=\"1\" data-animation=\"\" data-delay=\"0\" >\n\t\t<div class=\"vc_column-inner\" ><div class=\"column-bg-overlay-wrap\" data-bg-animation=\"none\"><div class=\"column-bg-overlay\"><\/div><\/div>\n\t\t\t<div class=\"wpb_wrapper\">\n\t\t\t\t<div class=\"img-with-aniamtion-wrap center\" data-max-width=\"100%\" data-max-width-mobile=\"default\" data-border-radius=\"none\" data-shadow=\"none\" data-animation=\"fade-in\" >\r\n      <div class=\"inner\">\r\n        <div class=\"hover-wrap\" data-hover-animation=\"none\"> \r\n          <div class=\"hover-wrap-inner\">\r\n            <a href=\"https:\/\/ec.europa.eu\/info\/research-and-innovation\/funding\/funding-opportunities\/funding-programmes-and-open-calls\/research-fund-coal-and-steel-rfcs_en\" target=\"_self\" class=\"center\">\r\n              <img loading=\"lazy\" decoding=\"async\" class=\"img-with-animation skip-lazy\" data-delay=\"0\" height=\"178\" width=\"283\" data-animation=\"fade-in\" src=\"https:\/\/fzn.thga.de\/wp-content\/uploads\/sites\/4\/2021\/06\/logo-RFCS.png\" alt=\"\" srcset=\"https:\/\/fzn.thga.de\/wp-content\/uploads\/sites\/4\/2021\/06\/logo-RFCS.png 283w, https:\/\/fzn.thga.de\/wp-content\/uploads\/sites\/4\/2021\/06\/logo-RFCS-16x10.png 16w\" sizes=\"auto, (min-width: 1450px) 75vw, (min-width: 1000px) 85vw, 100vw\" \/>\r\n            <\/a>\r\n          <\/div>\r\n        <\/div>\r\n      <\/div>\r\n      <\/div>\n\t\t\t<\/div> \n\t\t<\/div>\n\t<\/div> \n\n\t<div  class=\"vc_col-sm-3 wpb_column column_container vc_column_container col no-extra-padding inherit_tablet inherit_phone\"  data-t-w-inherits=\"default\" data-bg-cover=\"\" data-padding-pos=\"all\" data-has-bg-color=\"false\" data-bg-color=\"\" data-bg-opacity=\"1\" data-hover-bg=\"\" data-hover-bg-opacity=\"1\" data-animation=\"\" data-delay=\"0\" >\n\t\t<div class=\"vc_column-inner\" ><div class=\"column-bg-overlay-wrap\" data-bg-animation=\"none\"><div class=\"column-bg-overlay\"><\/div><\/div>\n\t\t\t<div class=\"wpb_wrapper\">\n\t\t\t\t\r\n<div class=\"wpb_text_column wpb_content_element\" >\r\n\t<div class=\"wpb_wrapper\">\r\n\t\t<p>This project is funded by the <a href=\"https:\/\/ec.europa.eu\/info\/research-and-innovation\/funding\/funding-opportunities\/funding-programmes-and-open-calls\/research-fund-coal-and-steel-rfcs_en\"><strong>Research Fund for Coal and Steel<\/strong> <\/a>(project number: 101034042) and ran from 2021-2023.<\/p>\n\t<\/div>\r\n<\/div>\r\n\r\n\r\n\r\n\n\t\t\t<\/div> \n\t\t<\/div>\n\t<\/div> \n\n\t<div  class=\"vc_col-sm-3 wpb_column column_container vc_column_container col no-extra-padding inherit_tablet inherit_phone\"  data-t-w-inherits=\"default\" data-bg-cover=\"\" data-padding-pos=\"all\" data-has-bg-color=\"false\" data-bg-color=\"\" data-bg-opacity=\"1\" data-hover-bg=\"\" data-hover-bg-opacity=\"1\" data-animation=\"\" data-delay=\"0\" >\n\t\t<div class=\"vc_column-inner\" ><div class=\"column-bg-overlay-wrap\" data-bg-animation=\"none\"><div class=\"column-bg-overlay\"><\/div><\/div>\n\t\t\t<div class=\"wpb_wrapper\">\n\t\t\t\t\n\t\t\t<\/div> \n\t\t<\/div>\n\t<\/div> \n<\/div><\/div>\n\t\t<div id=\"fws_69e6aefc1a84b\"  data-column-margin=\"default\" data-midnight=\"dark\" data-top-percent=\"4%\" data-bottom-percent=\"7%\"  class=\"wpb_row vc_row-fluid vc_row standard_section\"  style=\"padding-top: calc(100vw * 0.04); padding-bottom: calc(100vw * 0.07); \"><div class=\"row-bg-wrap\" data-bg-animation=\"none\" data-bg-overlay=\"false\"><div class=\"inner-wrap\"><div class=\"row-bg\"  style=\"\"><\/div><\/div><div class=\"row-bg-overlay\" ><\/div><\/div><div class=\"row_col_wrap_12 col span_12 dark left\">\n\t<div  class=\"vc_col-sm-3 wpb_column column_container vc_column_container col no-extra-padding inherit_tablet inherit_phone\"  data-t-w-inherits=\"default\" data-bg-cover=\"\" data-padding-pos=\"all\" data-has-bg-color=\"false\" data-bg-color=\"\" data-bg-opacity=\"1\" data-hover-bg=\"\" data-hover-bg-opacity=\"1\" data-animation=\"\" data-delay=\"0\" >\n\t\t<div class=\"vc_column-inner\" ><div class=\"column-bg-overlay-wrap\" data-bg-animation=\"none\"><div class=\"column-bg-overlay\"><\/div><\/div>\n\t\t\t<div class=\"wpb_wrapper\">\n\t\t\t\t\n\t\t\t<\/div> \n\t\t<\/div>\n\t<\/div> \n\n\t<div  class=\"vc_col-sm-9 wpb_column column_container vc_column_container col no-extra-padding inherit_tablet inherit_phone\"  data-t-w-inherits=\"default\" data-bg-cover=\"\" data-padding-pos=\"all\" data-has-bg-color=\"false\" data-bg-color=\"\" data-bg-opacity=\"1\" data-hover-bg=\"\" data-hover-bg-opacity=\"1\" data-animation=\"\" data-delay=\"0\" >\n\t\t<div class=\"vc_column-inner\" ><div class=\"column-bg-overlay-wrap\" data-bg-animation=\"none\"><div class=\"column-bg-overlay\"><\/div><\/div>\n\t\t\t<div class=\"wpb_wrapper\">\n\t\t\t\t<div class=\"divider-wrap\" data-alignment=\"default\"><div style=\"margin-top: 10px; width: 20%px; height: 3px; margin-bottom: 10px;\" data-width=\"20%\" data-animate=\"\" data-animation-delay=\"\" data-color=\"accent-color\" class=\"divider-small-border\"><\/div><\/div>\r\n<div class=\"wpb_text_column wpb_content_element\" >\r\n\t<div class=\"wpb_wrapper\">\r\n\t\t<p><strong><span style=\"color: #e30000\">Project objectives<\/span><\/strong><\/p>\n\t<\/div>\r\n<\/div>\r\n\r\n\r\n\r\n\r\n<div class=\"wpb_text_column wpb_content_element\" >\r\n\t<div class=\"wpb_wrapper\">\r\n\t\t<ul>\n<li>Aufbau von Gesch\u00e4ftsmodellszenarien f\u00fcr integrierte Bergwerksunternehmen<\/li>\n<li>Evaluierung der Gesch\u00e4ftsmodelle<\/li>\n<li>Absch\u00e4tzung der \u00f6konomischen Wirkung der vorgeschlagenen Gesch\u00e4ftsmodelle auf wirtschaftliche Diversifizierung, m\u00f6gliche kommerzielle Tragf\u00e4higkeit und Mehrwert<\/li>\n<\/ul>\n\t<\/div>\r\n<\/div>\r\n\r\n\r\n\r\n<div class=\"divider-wrap\" data-alignment=\"default\"><div style=\"height: 64px;\" class=\"divider\"><\/div><\/div><div class=\"divider-wrap\" data-alignment=\"default\"><div style=\"margin-top: 10px; width: 20%px; height: 3px; margin-bottom: 10px;\" data-width=\"20%\" data-animate=\"\" data-animation-delay=\"\" data-color=\"accent-color\" class=\"divider-small-border\"><\/div><\/div>\r\n<div class=\"wpb_text_column wpb_content_element\" >\r\n\t<div class=\"wpb_wrapper\">\r\n\t\t<p><strong><span style=\"color: #e30000\">Contact<\/span><\/strong><\/p>\n\t<\/div>\r\n<\/div>\r\n\r\n\r\n\r\n<div id=\"fws_69e6aefc1af5b\" data-midnight=\"\" data-column-margin=\"default\" class=\"wpb_row vc_row-fluid vc_row inner_row standard_section\"  style=\"padding-top: 0px; padding-bottom: 0px; \"><div class=\"row-bg-wrap\"> <div class=\"row-bg\" ><\/div> <\/div><div class=\"row_col_wrap_12_inner col span_12  left\">\n\t<div  class=\"vc_col-sm-3 wpb_column column_container vc_column_container col child_column no-extra-padding inherit_tablet inherit_phone\"   data-t-w-inherits=\"default\" data-bg-cover=\"\" data-padding-pos=\"all\" data-has-bg-color=\"false\" data-bg-color=\"\" data-bg-opacity=\"1\" data-hover-bg=\"\" data-hover-bg-opacity=\"1\" data-animation=\"\" data-delay=\"0\">\n\t\t<div class=\"vc_column-inner\" ><div class=\"column-bg-overlay-wrap\" data-bg-animation=\"none\"><div class=\"column-bg-overlay\"><\/div><\/div>\n\t\t<div class=\"wpb_wrapper\">\n\t\t\t<div class=\"img-with-aniamtion-wrap\" data-max-width=\"100%\" data-max-width-mobile=\"default\" data-border-radius=\"none\" data-shadow=\"none\" data-animation=\"fade-in\" >\r\n      <div class=\"inner\">\r\n        <div class=\"hover-wrap\" data-hover-animation=\"none\"> \r\n          <div class=\"hover-wrap-inner\">\r\n            <img loading=\"lazy\" decoding=\"async\" class=\"img-with-animation skip-lazy\" data-delay=\"0\" height=\"2560\" width=\"1725\" data-animation=\"fade-in\" src=\"https:\/\/fzn.thga.de\/wp-content\/uploads\/sites\/4\/2024\/12\/KaivandeLoo-scaled.jpg\" alt=\"\" srcset=\"https:\/\/fzn.thga.de\/wp-content\/uploads\/sites\/4\/2024\/12\/KaivandeLoo-scaled.jpg 1725w, https:\/\/fzn.thga.de\/wp-content\/uploads\/sites\/4\/2024\/12\/KaivandeLoo-202x300.jpg 202w, https:\/\/fzn.thga.de\/wp-content\/uploads\/sites\/4\/2024\/12\/KaivandeLoo-690x1024.jpg 690w, https:\/\/fzn.thga.de\/wp-content\/uploads\/sites\/4\/2024\/12\/KaivandeLoo-768x1140.jpg 768w, https:\/\/fzn.thga.de\/wp-content\/uploads\/sites\/4\/2024\/12\/KaivandeLoo-1035x1536.jpg 1035w, https:\/\/fzn.thga.de\/wp-content\/uploads\/sites\/4\/2024\/12\/KaivandeLoo-1380x2048.jpg 1380w, https:\/\/fzn.thga.de\/wp-content\/uploads\/sites\/4\/2024\/12\/KaivandeLoo-8x12.jpg 8w\" sizes=\"auto, (min-width: 1450px) 75vw, (min-width: 1000px) 85vw, 100vw\" \/>\r\n          <\/div>\r\n        <\/div>\r\n      <\/div>\r\n    <\/div>\n\t\t<\/div> \n\t<\/div>\n\t<\/div> \n\n\t<div  class=\"vc_col-sm-9 wpb_column column_container vc_column_container col child_column no-extra-padding inherit_tablet inherit_phone\"   data-t-w-inherits=\"default\" data-bg-cover=\"\" data-padding-pos=\"all\" data-has-bg-color=\"false\" data-bg-color=\"\" data-bg-opacity=\"1\" data-hover-bg=\"\" data-hover-bg-opacity=\"1\" data-animation=\"\" data-delay=\"0\">\n\t\t<div class=\"vc_column-inner\" ><div class=\"column-bg-overlay-wrap\" data-bg-animation=\"none\"><div class=\"column-bg-overlay\"><\/div><\/div>\n\t\t<div class=\"wpb_wrapper\">\n\t\t\t\r\n<div class=\"wpb_text_column wpb_content_element\" >\r\n\t<div class=\"wpb_wrapper\">\r\n\t\t<h3><strong>Prof. Dr. Kai van de Loo<br \/>\n<\/strong><\/h3>\n<p>Technische Hochschule Georg Agricola University<br \/>\nHerner Street 45<br \/>\n44787 Bochum<br \/>\nBuilding 2, room 210<\/p>\n<p><span style=\"color: #e30000\"><strong>Phone<\/strong><\/span> 0234 968 <span id=\"ctl00_ctl44_g_9e71e89c_5e51_459f_8ebd_b2babfa7d404_ctl00_lblResultPhonenumber\">4063<\/span><br \/>\n<span style=\"color: #e30000\"><strong>Mail<\/strong><\/span> kai.vandeloo@thga.de<\/p>\n\t<\/div>\r\n<\/div>\r\n\r\n\r\n\r\n\n\t\t<\/div> \n\t<\/div>\n\t<\/div> \n<\/div><\/div><div id=\"fws_69e6aefc1b849\" data-midnight=\"\" data-column-margin=\"default\" class=\"wpb_row vc_row-fluid vc_row inner_row standard_section\"  style=\"padding-top: 0px; padding-bottom: 0px; \"><div class=\"row-bg-wrap\"> <div class=\"row-bg\" ><\/div> <\/div><div class=\"row_col_wrap_12_inner col span_12  left\">\n\t<div  class=\"vc_col-sm-3 wpb_column column_container vc_column_container col child_column no-extra-padding inherit_tablet inherit_phone\"   data-t-w-inherits=\"default\" data-bg-cover=\"\" data-padding-pos=\"all\" data-has-bg-color=\"false\" data-bg-color=\"\" data-bg-opacity=\"1\" data-hover-bg=\"\" data-hover-bg-opacity=\"1\" data-animation=\"\" data-delay=\"0\">\n\t\t<div class=\"vc_column-inner\" ><div class=\"column-bg-overlay-wrap\" data-bg-animation=\"none\"><div class=\"column-bg-overlay\"><\/div><\/div>\n\t\t<div class=\"wpb_wrapper\">\n\t\t\t<div class=\"img-with-aniamtion-wrap\" data-max-width=\"100%\" data-max-width-mobile=\"default\" data-border-radius=\"none\" data-shadow=\"none\" data-animation=\"fade-in\" >\r\n      <div class=\"inner\">\r\n        <div class=\"hover-wrap\" data-hover-animation=\"none\"> \r\n          <div class=\"hover-wrap-inner\">\r\n            <img loading=\"lazy\" decoding=\"async\" class=\"img-with-animation skip-lazy\" data-delay=\"0\" height=\"100\" width=\"100\" data-animation=\"fade-in\" src=\"\" alt=\"\"  \/>\r\n          <\/div>\r\n        <\/div>\r\n      <\/div>\r\n    <\/div>\n\t\t<\/div> \n\t<\/div>\n\t<\/div> \n\n\t<div  class=\"vc_col-sm-9 wpb_column column_container vc_column_container col child_column no-extra-padding inherit_tablet inherit_phone\"   data-t-w-inherits=\"default\" data-bg-cover=\"\" data-padding-pos=\"all\" data-has-bg-color=\"false\" data-bg-color=\"\" data-bg-opacity=\"1\" data-hover-bg=\"\" data-hover-bg-opacity=\"1\" data-animation=\"\" data-delay=\"0\">\n\t\t<div class=\"vc_column-inner\" ><div class=\"column-bg-overlay-wrap\" data-bg-animation=\"none\"><div class=\"column-bg-overlay\"><\/div><\/div>\n\t\t<div class=\"wpb_wrapper\">\n\t\t\t\r\n<div class=\"wpb_text_column wpb_content_element\" >\r\n\t<div class=\"wpb_wrapper\">\r\n\t\t<h3><strong>Dr. des. Julia Haske<br \/>\n<\/strong><\/h3>\n<p>Technische Hochschule Georg Agricola University<br \/>\nHerner Street 45<br \/>\n44787 Bochum<br \/>\nBuilding 2, room 202<\/p>\n<p><span style=\"color: #e30000\"><strong>Phone<\/strong><\/span> 0234 968 <span id=\"ctl00_ctl44_g_9e71e89c_5e51_459f_8ebd_b2babfa7d404_ctl00_lblResultPhonenumber\"> 4147<\/span><br \/>\n<span style=\"color: #e30000\"><strong>Mail<\/strong><\/span> julia.haske@thga.de<\/p>\n\t<\/div>\r\n<\/div>\r\n\r\n\r\n\r\n\n\t\t<\/div> \n\t<\/div>\n\t<\/div> \n<\/div><\/div><div class=\"divider-wrap\" data-alignment=\"default\"><div style=\"height: 32px;\" class=\"divider\"><\/div><\/div>\n\t\t\t<\/div> \n\t\t<\/div>\n\t<\/div> \n<\/div><\/div>","protected":false},"excerpt":{"rendered":"Projekt POTENTIALS Neue Ideen f\u00fcr alte Industrien Bergbau hinterl\u00e4sst Spuren \u2013 darunter auch weitl\u00e4ufige Industrieanlagen, die nicht nur das stillgelegte Zechengel\u00e4nde, sondern oftmals auch weitere Industrien und angeschlossene Kraftwerke umfassen....","protected":false},"author":1,"featured_media":0,"parent":2554,"menu_order":0,"comment_status":"closed","ping_status":"closed","template":"","meta":{"footnotes":""},"class_list":["post-3132","page","type-page","status-publish"],"_links":{"self":[{"href":"https:\/\/fzn.thga.de\/en\/wp-json\/wp\/v2\/pages\/3132","targetHints":{"allow":["GET"]}}],"collection":[{"href":"https:\/\/fzn.thga.de\/en\/wp-json\/wp\/v2\/pages"}],"about":[{"href":"https:\/\/fzn.thga.de\/en\/wp-json\/wp\/v2\/types\/page"}],"author":[{"embeddable":true,"href":"https:\/\/fzn.thga.de\/en\/wp-json\/wp\/v2\/users\/1"}],"replies":[{"embeddable":true,"href":"https:\/\/fzn.thga.de\/en\/wp-json\/wp\/v2\/comments?post=3132"}],"version-history":[{"count":14,"href":"https:\/\/fzn.thga.de\/en\/wp-json\/wp\/v2\/pages\/3132\/revisions"}],"predecessor-version":[{"id":9019,"href":"https:\/\/fzn.thga.de\/en\/wp-json\/wp\/v2\/pages\/3132\/revisions\/9019"}],"up":[{"embeddable":true,"href":"https:\/\/fzn.thga.de\/en\/wp-json\/wp\/v2\/pages\/2554"}],"wp:attachment":[{"href":"https:\/\/fzn.thga.de\/en\/wp-json\/wp\/v2\/media?parent=3132"}],"curies":[{"name":"wp","href":"https:\/\/api.w.org\/{rel}","templated":true}]}}