{"id":3394,"date":"2021-10-01T11:47:40","date_gmt":"2021-10-01T09:47:40","guid":{"rendered":"https:\/\/fzn.thga.de\/?page_id=3394"},"modified":"2026-01-08T17:29:29","modified_gmt":"2026-01-08T16:29:29","slug":"hernan-flores","status":"publish","type":"page","link":"https:\/\/fzn.thga.de\/en\/fzn\/team\/hernan-flores\/","title":{"rendered":"M. Sc. Hernan Flores"},"content":{"rendered":"<div id=\"fws_69d812fd02f22\"  data-column-margin=\"default\" data-midnight=\"dark\" data-top-percent=\"5%\" data-bottom-percent=\"7%\"  class=\"wpb_row vc_row-fluid vc_row standard_section\"  style=\"padding-top: calc(100vw * 0.05); padding-bottom: calc(100vw * 0.07); \"><div class=\"row-bg-wrap\" data-bg-animation=\"none\" data-bg-overlay=\"false\"><div class=\"inner-wrap\"><div class=\"row-bg\"  style=\"\"><\/div><\/div><div class=\"row-bg-overlay\" ><\/div><\/div><div class=\"row_col_wrap_12 col span_12 dark left\">\n\t<div  class=\"vc_col-sm-8 wpb_column column_container vc_column_container col no-extra-padding inherit_tablet inherit_phone\"  data-t-w-inherits=\"default\" data-bg-cover=\"\" data-padding-pos=\"all\" data-has-bg-color=\"false\" data-bg-color=\"\" data-bg-opacity=\"1\" data-hover-bg=\"\" data-hover-bg-opacity=\"1\" data-animation=\"\" data-delay=\"0\" >\n\t\t<div class=\"vc_column-inner\" ><div class=\"column-bg-overlay-wrap\" data-bg-animation=\"none\"><div class=\"column-bg-overlay\"><\/div><\/div>\n\t\t\t<div class=\"wpb_wrapper\">\n\t\t\t\t\r\n<div class=\"wpb_text_column wpb_content_element\" >\r\n\t<div class=\"wpb_wrapper\">\r\n\t\t<h2><a href=\"https:\/\/fzn.thga.de\/en\/fzn\/team\/\"><span style=\"color: #e30000\">Team<\/span><\/a><\/h2>\n\t<\/div>\r\n<\/div>\r\n\r\n\r\n\r\n\r\n<div class=\"wpb_text_column wpb_content_element\" >\r\n\t<div class=\"wpb_wrapper\">\r\n\t\t<h1 style=\"text-align: left\">M. Sc. Hernan Flores<\/h1>\n\t<\/div>\r\n<\/div>\r\n\r\n\r\n\r\n<p style=\"font-size: 28px;color: #00325f;line-height: 1.5;text-align: left\" class=\"vc_custom_heading\" >Nachbergbau und Energiewende<\/p><div class=\"divider-wrap\" data-alignment=\"default\"><div style=\"height: 25px;\" class=\"divider\"><\/div><\/div>\r\n<div class=\"wpb_text_column wpb_content_element\" >\r\n\t<div class=\"wpb_wrapper\">\r\n\t\t<h3><strong>VITA<\/strong><\/h3>\n\t<\/div>\r\n<\/div>\r\n\r\n\r\n\r\n<div class=\"nectar-icon-list\" data-icon-color=\"default\" data-icon-style=\"border\" data-columns=\"3\" data-direction=\"vertical\" data-icon-size=\"small\" data-animate=\"\"><div class=\"nectar-icon-list-item\"><div class=\"list-icon-holder\" data-icon_type=\"icon\"><\/div><div class=\"content\"><h4>Seit 2021<\/h4>Wissenschaftlicher Mitarbeiter im Forschungszentrum Nachbergbau der Technischen Hochschule Georg Agricola<\/div><\/div><div class=\"nectar-icon-list-item\"><div class=\"list-icon-holder\" data-icon_type=\"icon\"><\/div><div class=\"content\"><h4>2019-2021<\/h4>Wissenschaftlicher Mitarbeiter (Abteilung Erkundung) im Helmholtz-Institut Freiberg f\u00fcr Ressourcentechnologie (HIF) am Helmholtz-Zentrum Dresden-Rossendorf (HZDR)<\/div><\/div><div class=\"nectar-icon-list-item\"><div class=\"list-icon-holder\" data-icon_type=\"icon\"><\/div><div class=\"content\"><h4>2018-2019<\/h4>Laborant (Abteilung Aufbereitung) im Helmholtz-Institut Freiberg f\u00fcr Ressourcen-Technologie (HIF) am Helmholtz-Zentrum Dresden-Rossendorf (HZDR)<\/div><\/div><div class=\"nectar-icon-list-item\"><div class=\"list-icon-holder\" data-icon_type=\"icon\"><\/div><div class=\"content\"><h4>2017-2020<\/h4>Master-Abschluss in Grundwassermanagement an der Technische Universit\u00e4t Bergakademie Freiberg<\/div><\/div><div class=\"nectar-icon-list-item\"><div class=\"list-icon-holder\" data-icon_type=\"icon\"><\/div><div class=\"content\"><h4>2014<\/h4>Praktikant im Bereich Geophysik bei REPSOL S.A., Madrid (Spanien)<\/div><\/div><div class=\"nectar-icon-list-item\"><div class=\"list-icon-holder\" data-icon_type=\"icon\"><\/div><div class=\"content\"><h4>2013-2014<\/h4>Austauschstudent (Stipendium) an der Schule f\u00fcr Bergbauingenieurwesen, Universidad Politecnica de Madrid (Spanien)<\/div><\/div><div class=\"nectar-icon-list-item\"><div class=\"list-icon-holder\" data-icon_type=\"icon\"><\/div><div class=\"content\"><h4>2009-2015<\/h4>Abschluss zum Diplom Ingenieur in Geophysik an der Universidad Simon Bolivar (Venezuela)<\/div><\/div><\/div><div class=\"divider-wrap\" data-alignment=\"default\"><div style=\"height: 100px;\" class=\"divider\"><\/div><\/div>\r\n<div class=\"wpb_text_column wpb_content_element\" >\r\n\t<div class=\"wpb_wrapper\">\r\n\t\t<h3><strong>Research focuses<\/strong><\/h3>\n<ul>\n<li>Reaktivierung und Transformation von Nachbergbaugebieten<\/li>\n<li>Management von Bergbauabf\u00e4llen und verantwortungsvolle Strategien<\/li>\n<li>Neue Generation der Umweltsensorik (z. B. hyperspektrale, multispektrale)<\/li>\n<li>Wassermanagement (Hydrogeochemie der Grubenw\u00e4sser)<\/li>\n<\/ul>\n\t<\/div>\r\n<\/div>\r\n\r\n\r\n\r\n<div class=\"divider-wrap\" data-alignment=\"default\"><div style=\"height: 80px;\" class=\"divider\"><\/div><\/div>\r\n<div class=\"wpb_text_column wpb_content_element\" >\r\n\t<div class=\"wpb_wrapper\">\r\n\t\t<h3><strong>Auszeichnungen<\/strong><\/h3>\n<ul>\n<li>Explore South Australia: Gawler Challenge [Gewinner], 2020 <em>\u201cUndercover Award\u201d DeMIST Team<\/em><\/li>\n<li>HIDA Remote Challenge On Climate Changue [Gewinner], 2020<\/li>\n<li>DAAD-Stipendium f\u00fcr besonders begabte internationale Studierende, 2019<\/li>\n<li>SMILE-Programm Stipendium Magalh\u00e3es-Netzwerk f\u00fcr Austauschstudenten, 2014<\/li>\n<\/ul>\n\t<\/div>\r\n<\/div>\r\n\r\n\r\n\r\n<div class=\"divider-wrap\" data-alignment=\"default\"><div style=\"height: 80px;\" class=\"divider\"><\/div><\/div>\r\n<div class=\"wpb_text_column wpb_content_element\" >\r\n\t<div class=\"wpb_wrapper\">\r\n\t\t<h3><strong>Memberships<\/strong><\/h3>\n<ul>\n<li>Mitglied der International Mine Water Association (IMWA)<\/li>\n<li>Mitglied der European Geosciences Union (EGU)<\/li>\n<li>Mitglied der EIT RawMaterials Alumni<\/li>\n<li>Mitglied der European Association of Geoscientists &amp; Engineers (EAGE)<\/li>\n<\/ul>\n\t<\/div>\r\n<\/div>\r\n\r\n\r\n\r\n<div class=\"divider-wrap\" data-alignment=\"default\"><div style=\"height: 80px;\" class=\"divider\"><\/div><\/div><div class=\"toggles\" data-style=\"minimal\"><div class=\"toggle accent-color\" data-inner-wrap=\"true\"><h3><a href=\"#\"><i class=\"icon-plus-sign\"><\/i>Publications<\/a><\/h3><div><div class=\"inner-toggle-wrap\">\r\n<div class=\"wpb_text_column wpb_content_element\" >\r\n\t<div class=\"wpb_wrapper\">\r\n\t\t<p><span style=\"color: #e30000\"><strong>FLORES, H.; M\u00d6LLERHERM, S. (2023):<\/strong> <\/span>TRIM4Post-Mining: Mine Waste Management and Risk Monitoring \u2013 A lignite mine case. In: European Association of Geoscientists &amp; Engineers (Hrsg.): 84th EAGE Annual Conference &amp; Exhibition, Jun 2023, Volume 2023, S.1-5. DOI: 10.3997\/2214-4609.2023101158<\/p>\n<p><span style=\"color: #e30000\"><strong>FLORES, H.; RUDOLPH, T.; M\u00d6LLERHERM, S. (2023a):<\/strong><\/span> Hyperspectral sensing as a tool for smart environmental monitoring in mine waste management (No. EGU23-7324). Copernicus Meetings. <a href=\"https:\/\/meetingorganizer.copernicus.org\/EGU23\/EGU23-7324.html\"><strong>https:\/\/meetingorganizer.copernicus.org\/EGU23\/EGU23-7324.html<\/strong><\/a><\/p>\n<p><strong><span style=\"color: #e30000\">FLORES, H.; RUDOLPH, T.; M\u00d6LLERHERM, S. (2023b):<\/span><\/strong> Hyperspectral Sensing To Boost Mine Waste Characterization And Water Monitoring. \u2013 In: Pope, J.; Wolkersdorfer, C.; Rait, R.; Trumm, D.; Christenson, H.; Wolkersdorfer, K.: IMWA 2022 \u2013 Reconnect. \u2013 p. 83 \u2013 90; Christchurch, New Zealand (International Mine Water Association). <strong><a href=\"http:\/\/www.mwen.info\/docs\/imwa_2022\/IMWA2022_Flores_83.pdf\">http:\/\/www.mwen.info\/docs\/imwa_2022\/IMWA2022_Flores_83.pdf<\/a><\/strong><\/p>\n<p><span style=\"color: #e30000\"><strong>FLORES, H.; RUDOLPH, T.; M\u00d6LLERHERM, S. (2022):<\/strong><\/span> Hyperspectral Sensing to Boost AMD Monitoring in Post-Mining Scenery = Hyperspektralerkundung zur Steigerung der \u00dcberwachung saurer Grubenw\u00e4sser in Nachbergbauregionen. In: Mining Report Gl\u00fcckauf 158 (2), S. 128-136. <strong><a href=\"https:\/\/doi.org\/10.48771\/bhjp-m875\">https:\/\/doi.org\/10.48771\/bhjp-m875<\/a><\/strong><\/p>\n<p><span style=\"color: #e30000\"><strong>BENNDORF, J.; RESTREPO, D.A.; MERKEL, N.; JOHN, A.; BUXTON, M.; GUATAME-GARCIA, A.; DALM, M.; de WAARD, B.; FLORES, H.; M\u00d6LLERHERM, S; PIZANO WAGNER, L. A.; SCHMIDT, S.; KNOBLOCH, A.; NOLTE, H.; KRE\u00dfNER, M. (2022):<\/strong><\/span> TRIM4Post-Mining: Transition Information Modelling for Attractive Post-Mining Landscapes \u2013 A Conceptual Framework. In: Mining 2022 (2), S. 248-277. <a href=\"https:\/\/doi.org\/10.3390\/mining2020014\"><strong>https:\/\/doi.org\/10.3390\/mining2020014<\/strong><\/a><\/p>\n<p><span style=\"color: #e30000\"><strong>FLORES, H.; <span style=\"color: #e30000\">LORENZ, S.; J<\/span>ACKISCH, R.; TUSA, L.; CONTRERAS, I.C.; ZIMMERMANN, R.; GLOAGUEN, R. (2021):<\/strong> <\/span>\u00a0UAS-Based Hyperspectral Environmental Monitoring of Acid Mine Drainage Affected Waters. In: Minerals 11 (2), 182.\u00a0 <strong><a href=\"https:\/\/doi.org\/10.3390\/min11020182\">https:\/\/doi.org\/10.3390\/min11020182<\/a><\/strong><\/p>\n<p><strong><span style=\"color: #e30000\">FLORES, H.; LORENZ, S.; JACKISCH, R.; TUSA, L.; CONTRERAS, I.C.; GLOAGUEN, R. (2020):<\/span><\/strong> Integrated Environmental Monitoring of AMD Affected Waters using Hyperspectral Imaging and In-situ Analytics. In: EGU General Assembly Conference Abstracts (p. 17124).<\/p>\n\t<\/div>\r\n<\/div>\r\n\r\n\r\n\r\n<\/div><\/div><\/div><\/div>\r\n\r\n\r\n\r\n\r\n\r\n\r\n\r\n\r\n\r\n\r\n\r\n\r\n\r\n\r\n\r\n\r\n\r\n\r\n\r\n\n\t\t\t<\/div> \n\t\t<\/div>\n\t<\/div> \n\n\t<div  class=\"vc_col-sm-1 wpb_column column_container vc_column_container col no-extra-padding inherit_tablet inherit_phone\"  data-t-w-inherits=\"default\" data-bg-cover=\"\" data-padding-pos=\"all\" data-has-bg-color=\"false\" data-bg-color=\"\" data-bg-opacity=\"1\" data-hover-bg=\"\" data-hover-bg-opacity=\"1\" data-animation=\"\" data-delay=\"0\" >\n\t\t<div class=\"vc_column-inner\" ><div class=\"column-bg-overlay-wrap\" data-bg-animation=\"none\"><div class=\"column-bg-overlay\"><\/div><\/div>\n\t\t\t<div class=\"wpb_wrapper\">\n\t\t\t\t\n\t\t\t<\/div> \n\t\t<\/div>\n\t<\/div> \n\n\t<div  class=\"vc_col-sm-3 wpb_column column_container vc_column_container col no-extra-padding inherit_tablet inherit_phone\"  data-t-w-inherits=\"default\" data-bg-cover=\"\" data-padding-pos=\"all\" data-has-bg-color=\"false\" data-bg-color=\"\" data-bg-opacity=\"1\" data-hover-bg=\"\" data-hover-bg-opacity=\"1\" data-animation=\"\" data-delay=\"0\" >\n\t\t<div class=\"vc_column-inner\" ><div class=\"column-bg-overlay-wrap\" data-bg-animation=\"none\"><div class=\"column-bg-overlay\"><\/div><\/div>\n\t\t\t<div class=\"wpb_wrapper\">\n\t\t\t\t<div class=\"img-with-aniamtion-wrap\" data-max-width=\"100%\" data-max-width-mobile=\"default\" data-border-radius=\"none\" data-shadow=\"none\" data-animation=\"fade-in\" >\r\n      <div class=\"inner\">\r\n        <div class=\"hover-wrap\" data-hover-animation=\"none\"> \r\n          <div class=\"hover-wrap-inner\">\r\n            <img loading=\"lazy\" decoding=\"async\" class=\"img-with-animation skip-lazy\" data-delay=\"0\" height=\"2560\" width=\"1707\" data-animation=\"fade-in\" src=\"https:\/\/fzn.thga.de\/wp-content\/uploads\/sites\/4\/2023\/10\/Hernan-neu-scaled.jpg\" alt=\"\" srcset=\"https:\/\/fzn.thga.de\/wp-content\/uploads\/sites\/4\/2023\/10\/Hernan-neu-scaled.jpg 1707w, https:\/\/fzn.thga.de\/wp-content\/uploads\/sites\/4\/2023\/10\/Hernan-neu-200x300.jpg 200w, https:\/\/fzn.thga.de\/wp-content\/uploads\/sites\/4\/2023\/10\/Hernan-neu-683x1024.jpg 683w, https:\/\/fzn.thga.de\/wp-content\/uploads\/sites\/4\/2023\/10\/Hernan-neu-768x1152.jpg 768w, https:\/\/fzn.thga.de\/wp-content\/uploads\/sites\/4\/2023\/10\/Hernan-neu-1024x1536.jpg 1024w, https:\/\/fzn.thga.de\/wp-content\/uploads\/sites\/4\/2023\/10\/Hernan-neu-1365x2048.jpg 1365w, https:\/\/fzn.thga.de\/wp-content\/uploads\/sites\/4\/2023\/10\/Hernan-neu-8x12.jpg 8w\" sizes=\"auto, (min-width: 1450px) 75vw, (min-width: 1000px) 85vw, 100vw\" \/>\r\n          <\/div>\r\n        <\/div>\r\n      <\/div>\r\n    <\/div>\n\t\t\t<\/div> \n\t\t<\/div>\n\t<\/div> \n<\/div><\/div>","protected":false},"excerpt":{"rendered":"Team M. Sc. Hernan Flores Nachbergbau und Energiewende VITA Seit 2021Wissenschaftlicher Mitarbeiter im Forschungszentrum Nachbergbau der Technischen Hochschule Georg Agricola2019-2021Wissenschaftlicher Mitarbeiter (Abteilung Erkundung) im Helmholtz-Institut Freiberg f\u00fcr Ressourcentechnologie (HIF) am...","protected":false},"author":15,"featured_media":0,"parent":2894,"menu_order":0,"comment_status":"closed","ping_status":"closed","template":"","meta":{"footnotes":""},"class_list":["post-3394","page","type-page","status-publish"],"_links":{"self":[{"href":"https:\/\/fzn.thga.de\/en\/wp-json\/wp\/v2\/pages\/3394","targetHints":{"allow":["GET"]}}],"collection":[{"href":"https:\/\/fzn.thga.de\/en\/wp-json\/wp\/v2\/pages"}],"about":[{"href":"https:\/\/fzn.thga.de\/en\/wp-json\/wp\/v2\/types\/page"}],"author":[{"embeddable":true,"href":"https:\/\/fzn.thga.de\/en\/wp-json\/wp\/v2\/users\/15"}],"replies":[{"embeddable":true,"href":"https:\/\/fzn.thga.de\/en\/wp-json\/wp\/v2\/comments?post=3394"}],"version-history":[{"count":12,"href":"https:\/\/fzn.thga.de\/en\/wp-json\/wp\/v2\/pages\/3394\/revisions"}],"predecessor-version":[{"id":8805,"href":"https:\/\/fzn.thga.de\/en\/wp-json\/wp\/v2\/pages\/3394\/revisions\/8805"}],"up":[{"embeddable":true,"href":"https:\/\/fzn.thga.de\/en\/wp-json\/wp\/v2\/pages\/2894"}],"wp:attachment":[{"href":"https:\/\/fzn.thga.de\/en\/wp-json\/wp\/v2\/media?parent=3394"}],"curies":[{"name":"wp","href":"https:\/\/api.w.org\/{rel}","templated":true}]}}