{"id":3403,"date":"2021-10-01T13:11:41","date_gmt":"2021-10-01T11:11:41","guid":{"rendered":"https:\/\/fzn.thga.de\/?page_id=3403"},"modified":"2026-01-08T17:16:03","modified_gmt":"2026-01-08T16:16:03","slug":"marcin-pawlik","status":"publish","type":"page","link":"https:\/\/fzn.thga.de\/en\/fzn\/team\/marcin-pawlik\/","title":{"rendered":"Dr.-Ing. Marcin Pawlik"},"content":{"rendered":"<div id=\"fws_69d7e2f86e9b9\"  data-column-margin=\"default\" data-midnight=\"dark\" data-top-percent=\"5%\" data-bottom-percent=\"7%\"  class=\"wpb_row vc_row-fluid vc_row standard_section\"  style=\"padding-top: calc(100vw * 0.05); padding-bottom: calc(100vw * 0.07); \"><div class=\"row-bg-wrap\" data-bg-animation=\"none\" data-bg-overlay=\"false\"><div class=\"inner-wrap\"><div class=\"row-bg\"  style=\"\"><\/div><\/div><div class=\"row-bg-overlay\" ><\/div><\/div><div class=\"row_col_wrap_12 col span_12 dark left\">\n\t<div  class=\"vc_col-sm-8 wpb_column column_container vc_column_container col no-extra-padding inherit_tablet inherit_phone\"  data-t-w-inherits=\"default\" data-bg-cover=\"\" data-padding-pos=\"all\" data-has-bg-color=\"false\" data-bg-color=\"\" data-bg-opacity=\"1\" data-hover-bg=\"\" data-hover-bg-opacity=\"1\" data-animation=\"\" data-delay=\"0\" >\n\t\t<div class=\"vc_column-inner\" ><div class=\"column-bg-overlay-wrap\" data-bg-animation=\"none\"><div class=\"column-bg-overlay\"><\/div><\/div>\n\t\t\t<div class=\"wpb_wrapper\">\n\t\t\t\t\r\n<div class=\"wpb_text_column wpb_content_element\" >\r\n\t<div class=\"wpb_wrapper\">\r\n\t\t<h2><a href=\"https:\/\/fzn.thga.de\/en\/fzn\/team\/\"><span style=\"color: #e30000\">Team<\/span><\/a><\/h2>\n\t<\/div>\r\n<\/div>\r\n\r\n\r\n\r\n\r\n<div class=\"wpb_text_column wpb_content_element\" >\r\n\t<div class=\"wpb_wrapper\">\r\n\t\t<h1 style=\"text-align: left\">Dr.-Ing. Marcin Pawlik<\/h1>\n\t<\/div>\r\n<\/div>\r\n\r\n\r\n\r\n<p style=\"font-size: 28px;color: #00325f;line-height: 1.5;text-align: left\" class=\"vc_custom_heading\" >Erdbeobachtung<\/p><div class=\"divider-wrap\" data-alignment=\"default\"><div style=\"height: 25px;\" class=\"divider\"><\/div><\/div>\r\n<div class=\"wpb_text_column wpb_content_element\" >\r\n\t<div class=\"wpb_wrapper\">\r\n\t\t<h3><strong>VITA<\/strong><\/h3>\n\t<\/div>\r\n<\/div>\r\n\r\n\r\n\r\n<div class=\"nectar-icon-list\" data-icon-color=\"default\" data-icon-style=\"border\" data-columns=\"3\" data-direction=\"vertical\" data-icon-size=\"small\" data-animate=\"\"><div class=\"nectar-icon-list-item\"><div class=\"list-icon-holder\" data-icon_type=\"icon\"><\/div><div class=\"content\"><h4>Seit 2020<\/h4>Wissenschaftlicher Mitarbeiter im Forschungszentrum Nachbergbau an der Technischen Hochschule Georg Agricola<\/div><\/div><div class=\"nectar-icon-list-item\"><div class=\"list-icon-holder\" data-icon_type=\"icon\"><\/div><div class=\"content\"><h4>2021 - 2025<\/h4>Promotion an der Fakult\u00e4t f\u00fcr Geowissenschaften, Geotechnik und Bergbau (Technische Universit\u00e4t Bergakademie Freiberg)<\/div><\/div><div class=\"nectar-icon-list-item\"><div class=\"list-icon-holder\" data-icon_type=\"icon\"><\/div><div class=\"content\"><h4>2018-2019<\/h4>Studium der Geod\u00e4sie und Kartographie an der Fakult\u00e4t Geoingenieurwesen, Bergbau und Geologie der Technischen Universit\u00e4t Wroc\u0142aw (Polen) mit Abschluss zum Master of Science<\/div><\/div><div class=\"nectar-icon-list-item\"><div class=\"list-icon-holder\" data-icon_type=\"icon\"><\/div><div class=\"content\"><h4>2013-2018<\/h4>Studium der Geod\u00e4sie und Kartographie an der Fakult\u00e4t f\u00fcr Geoingenieurwesen, Bergbau und Geologie der Technischen Universit\u00e4t Wroc\u0142aw (Polen) mit Abschluss zum Ingenieur<\/div><\/div><\/div><div class=\"divider-wrap\" data-alignment=\"default\"><div style=\"height: 100px;\" class=\"divider\"><\/div><\/div>\r\n<div class=\"wpb_text_column wpb_content_element\" >\r\n\t<div class=\"wpb_wrapper\">\r\n\t\t<h3><strong>Research focuses<\/strong><\/h3>\n<ul>\n<li>Erdbeobachtung<\/li>\n<li>Geodatenmanagement<\/li>\n<li>Geomonitoring<\/li>\n<\/ul>\n\t<\/div>\r\n<\/div>\r\n\r\n\r\n\r\n<div class=\"divider-wrap\" data-alignment=\"default\"><div style=\"height: 80px;\" class=\"divider\"><\/div><\/div>\r\n<div class=\"wpb_text_column wpb_content_element\" >\r\n\t<div class=\"wpb_wrapper\">\r\n\t\t<h3><strong>Memberships<\/strong><\/h3>\n<ul>\n<li>Stowarzyszenie Absolwent\u00f3w Wydzia\u0142u G\u00f3rniczego Politechniki Wroc\u0142awskiej (SAWG)<\/li>\n<li>Deutsche Markscheider-Verein (DMV)<\/li>\n<li>Deutsche Geologische Gesellschaft \u2013 Geologische Vereinigung e.V. (DGGV)<\/li>\n<li>Deutsche Wissenschaftliche Gesellschaft f\u00fcr nachhaltige Energietr\u00e4ger, Mobilit\u00e4t und Kohlenstoffkreisl\u00e4ufe e.V. (DGMK)<\/li>\n<li>European Association of Geoscientists and Engineers (EAGE)<\/li>\n<li>Polnische Vermessungsgesellschaft (PTG)<\/li>\n<\/ul>\n\t<\/div>\r\n<\/div>\r\n\r\n\r\n\r\n<div class=\"divider-wrap\" data-alignment=\"default\"><div style=\"height: 80px;\" class=\"divider\"><\/div><\/div><div class=\"toggles\" data-style=\"minimal\"><div class=\"toggle accent-color\" data-inner-wrap=\"true\"><h3><a href=\"#\"><i class=\"icon-plus-sign\"><\/i>Publications<\/a><\/h3><div><div class=\"inner-toggle-wrap\">\r\n<div class=\"wpb_text_column wpb_content_element\" >\r\n\t<div class=\"wpb_wrapper\">\r\n\t\t<p><strong><span style=\"color: #e30000\">JAECKEL J; PAWLIK M; BERNSDORF B; RUDOLPH T (2025):<\/span><\/strong> Comparison of soil moisture data from in-situ measurements with soil data, Civil and Environmental Engineering Reports, 35(1), 272-284. ceer.com.pl\/pdf-200842-122088?filename=Comparison of Soil.pdf<\/p>\n<p><strong><span style=\"color: #e30000\">PAWLIK M.; RUDOLPH T, BERNSDORF B, BENNDORF J (2024):<\/span><\/strong> Proposal for a new Green Red Water Index for geo-environmental surface water monitoring. IOP Conf. Ser.: Earth Environ. Sci.\u00a0 1295 012013<br \/>\n<a href=\"https:\/\/doi.org\/10.1088\/1755-1315\/1295\/1\/012013\">https:\/\/doi.org\/10.1088\/1755-1315\/1295\/1\/012013<\/a><\/p>\n<p><strong><span style=\"color: #e30000\">HASKE B., RUDOLPH T., BERNSDORF B., PAWLIK M (2024):<\/span><\/strong> Best of both worlds: Innovative environmental monitoring methods using multispectral UAV and satellite data, First break<br \/>\n<a href=\"https:\/\/doi.org\/10.3997\/2214-4609.202220064\">https:\/\/doi.org\/10.3997\/2214-4609.202220064<\/a><\/p>\n<p><strong><span style=\"color: #e30000\">PAWLIK M., HASKE B., FLORES H, RUDOLPH T., BERNSDORF B. (2024):<\/span><\/strong> Towards a long-term UAV monitoring framework\/strategy for post-mining effects: Prosper-Haniel Mine Case, Mining 4(2), S.211-229.<br \/>\n<a href=\"https:\/\/doi.org\/10.3390\/mining4020013\">https:\/\/doi.org\/10.3390\/mining4020013<\/a><\/p>\n<p><strong><span style=\"color: #e30000\">PAWLIK M.; RUDOLPH T (2024):<\/span><\/strong> Concept for long-term geo-monitoring of the post-mining environment using the example of the Prosper-Haniel mine. 3S Web of Conferences.<br \/>\n<a href=\"https:\/\/doi.org\/10.1051\/e3sconf\/202452601009\">https:\/\/doi.org\/10.1051\/e3sconf\/202452601009<\/a><\/p>\n<p><strong><span style=\"color: #e30000\">PAWLIK M., BERNSDORF B., CIMOLINO U.\u00a0 (2024):<\/span><\/strong> Vegetationsbr\u00e4nde und ihre Bek\u00e4mpfung Beitr\u00e4ge aus Fernerkundung und Geoinformation, Vfdb.73, 3, 123-134.<\/p>\n<p><strong><span style=\"color: #e30000\">BERNSDORF B., GENDRULLIS M., ADAM T., UPHUES C., KOSCHARE A., RUDOLPH T, HASKE B, PAWLIK M, GOERKE-MALLET, P (2024):<\/span><\/strong> Risikobewertung und Sicherheitskonzept f\u00fcr untert\u00e4gige Vermessungen Eine nicht allt\u00e4gliche Aufgabe der Feuerwehr, Vdfb, 73,4, 163-174.<\/p>\n<p><strong><span style=\"color: #e30000\">BLACHOWSKI J., BECKER M., KUJAWA P., KO\u0179MA J., WARCHA\u0141A E., DYNOWSKI A., PAWLIK M., WAJS J., BUCZY\u0143SKA A. (2023):<\/span><\/strong> Transformation processes in lignite post-mining landscape &#8211; erosion of anthropogenic formations in the former \u201cPrzyjazn Narodow \u2013 Szyb Babina\u201d mine (Poland), ZDGG<br \/>\n<a href=\"https:\/\/doi.org\/10.1127\/zdgg\/2022\/0338\">https:\/\/doi.org\/10.1127\/zdgg\/2022\/0338<\/a><\/p>\n<p><strong><span style=\"color: #e30000\">PAWLIK, M.; YIN, X.; RUDOLPH, T.; GOERKE-MALLET, P.; BRUNE, J.F.; BENNDORF, J. (2023):<\/span><\/strong> Modern methods of Geomonitoring in Post-Mining processes, MINING ENGINEERING , VOL. 75, NO. 1, PP. 23-23<\/p>\n<p><strong><span style=\"color: #e30000\">BERNSDORF B., RUDOLPH T., PAWLIK M., B\u00d6KELMANN S. (2023):<\/span><\/strong> Multisensorales Geomonitoring \u2013 Ein Beitrag zur Datenfusion im Nachbergbau, GIS-Science 1\/2023<\/p>\n<p><strong><span style=\"color: #e30000\">PAWLIK M, RUDOLPH T, BERNSDORF B, GOERKE-MALLET P; HEGEMANN M; GELLENDIN M (2023):<\/span><\/strong> Digital Twin \u2013 Integriertes Geomonitoring, Gl\u00fcckauf Mining Report 159 (2), s. 133-145<\/p>\n<p><strong><span style=\"color: #e30000\">PAWLIK, M.; RUDOLPH, T.; BERNSDORF, B. (2023):<\/span><\/strong> Analysis of changes of the vegetation condition on the area of the closed Prosper-Haniel mine in 1984-2021 using multispectral satellite images. IOP Conf. Ser.: Earth Environ. Sci.1189 012022<br \/>\n<a href=\"https:\/\/doi.org\/10.1088\/1755-1315\/1189\/1\/012022\">https:\/\/doi.org\/10.1088\/1755-1315\/1189\/1\/012022<\/a><\/p>\n<p><strong><span style=\"color: #e30000\">PAWLIK M., HASKE B., BERNSDORF B., RUDOLOPH T., JOHN, A., BLACHOWSKI J., KUJAWA P., DYNOWSKI A. (2023):<\/span><\/strong> The use of mobile GIS in the scientific research- Post- Mining Case Studies- IOP Conf. Ser.: Earth Environ. Sci. 1189 012023<br \/>\n<a href=\"https:\/\/doi.org\/10.1088\/1755-1315\/1295\/1\/012013\">https:\/\/doi.org\/10.1088\/1755-1315\/1295\/1\/012013<\/a><\/p>\n<p><strong><span style=\"color: #e30000\">PAWLIK M., GELLENDIN M., BERNSDORF B., RUDOLPH T., BENNDORF J. (2022):<\/span><\/strong> Digital-Twin \u2013 How to Observe Changes and Trends on the Post-Mining Areas, International Journal of Earth and Environmental Science 2022, 7: 195<br \/>\n<a href=\"https:\/\/doi.org\/10.15344\/2456-351X\/2022\/195\">https:\/\/doi.org\/10.15344\/2456-351X\/2022\/195<\/a><\/p>\n<p><strong><span style=\"color: #e30000\">PAWLIK M, HASKE B., BERNSDORF B., RUDOLPH T., BENNDORF J. (2022):<\/span><\/strong> Analyse des Zustands der Vegetation auf dem Gel\u00e4nde des stillgelegten Bergwerks Prosper-Haniel anhand von multispektralen Satellitenbildern der Sentinel-2 Mission und Drohnenfl\u00fcge. Markscheidewesen 129 (Nr.1), S.37-44<br \/>\n<a href=\"https:\/\/doi.org\/10.23689\/fidgeo-6254\">https:\/\/doi.org\/10.23689\/fidgeo-6254<\/a><\/p>\n<p><strong><span style=\"color: #e30000\">PAWLIK M., YIN X., BERNSDORF B., RUDOLPH T., GOERKE-MALLET P.:<\/span><\/strong> Einsatz moderner Methoden des Geo- und Umweltmonitoring im nachhaltigen Umgang mit Georessourcen, Gl\u00fcckauf Mining Report, 157, 6\/2021<\/p>\n<p><strong><span style=\"color: #e30000\">PAWLIK M., RUDOLPH T. BENNDORF J., BLACHOWSKI J. (2021):<\/span><\/strong> Review of vegetation indices for studies of post-mining processes, IOP Conf. Ser.: Earth Environ. Sci. 942 012034, 2021,<br \/>\n<a href=\"https:\/\/doi.org\/10.1088\/1755-1315\/942\/1\/012034\">https:\/\/doi.org\/10.1088\/1755-1315\/942\/1\/012034<\/a><\/p>\n\t<\/div>\r\n<\/div>\r\n\r\n\r\n\r\n\r\n<div class=\"wpb_text_column wpb_content_element\" >\r\n\t<div class=\"wpb_wrapper\">\r\n\t\t\t<\/div>\r\n<\/div>\r\n\r\n\r\n\r\n<\/div><\/div><\/div><\/div>\r\n\r\n\r\n\r\n\r\n\r\n\r\n\r\n\r\n\r\n\r\n\r\n\r\n\r\n\r\n\r\n\r\n\r\n\r\n\r\n\n\t\t\t<\/div> \n\t\t<\/div>\n\t<\/div> \n\n\t<div  class=\"vc_col-sm-1 wpb_column column_container vc_column_container col no-extra-padding inherit_tablet inherit_phone\"  data-t-w-inherits=\"default\" data-bg-cover=\"\" data-padding-pos=\"all\" data-has-bg-color=\"false\" data-bg-color=\"\" data-bg-opacity=\"1\" data-hover-bg=\"\" data-hover-bg-opacity=\"1\" data-animation=\"\" data-delay=\"0\" >\n\t\t<div class=\"vc_column-inner\" ><div class=\"column-bg-overlay-wrap\" data-bg-animation=\"none\"><div class=\"column-bg-overlay\"><\/div><\/div>\n\t\t\t<div class=\"wpb_wrapper\">\n\t\t\t\t\n\t\t\t<\/div> \n\t\t<\/div>\n\t<\/div> \n\n\t<div  class=\"vc_col-sm-3 wpb_column column_container vc_column_container col no-extra-padding inherit_tablet inherit_phone\"  data-t-w-inherits=\"default\" data-bg-cover=\"\" data-padding-pos=\"all\" data-has-bg-color=\"false\" data-bg-color=\"\" data-bg-opacity=\"1\" data-hover-bg=\"\" data-hover-bg-opacity=\"1\" data-animation=\"\" data-delay=\"0\" >\n\t\t<div class=\"vc_column-inner\" ><div class=\"column-bg-overlay-wrap\" data-bg-animation=\"none\"><div class=\"column-bg-overlay\"><\/div><\/div>\n\t\t\t<div class=\"wpb_wrapper\">\n\t\t\t\t<div class=\"img-with-aniamtion-wrap\" data-max-width=\"100%\" data-max-width-mobile=\"default\" data-border-radius=\"none\" data-shadow=\"none\" data-animation=\"fade-in\" >\r\n      <div class=\"inner\">\r\n        <div class=\"hover-wrap\" data-hover-animation=\"none\"> \r\n          <div class=\"hover-wrap-inner\">\r\n            <img loading=\"lazy\" decoding=\"async\" class=\"img-with-animation skip-lazy\" data-delay=\"0\" height=\"2560\" width=\"1707\" data-animation=\"fade-in\" src=\"https:\/\/fzn.thga.de\/wp-content\/uploads\/sites\/4\/2025\/08\/Marcin-Pawlik.jpg\" alt=\"\" srcset=\"https:\/\/fzn.thga.de\/wp-content\/uploads\/sites\/4\/2025\/08\/Marcin-Pawlik.jpg 1707w, https:\/\/fzn.thga.de\/wp-content\/uploads\/sites\/4\/2025\/08\/Marcin-Pawlik-200x300.jpg 200w, https:\/\/fzn.thga.de\/wp-content\/uploads\/sites\/4\/2025\/08\/Marcin-Pawlik-683x1024.jpg 683w, https:\/\/fzn.thga.de\/wp-content\/uploads\/sites\/4\/2025\/08\/Marcin-Pawlik-768x1152.jpg 768w, https:\/\/fzn.thga.de\/wp-content\/uploads\/sites\/4\/2025\/08\/Marcin-Pawlik-1024x1536.jpg 1024w, https:\/\/fzn.thga.de\/wp-content\/uploads\/sites\/4\/2025\/08\/Marcin-Pawlik-1366x2048.jpg 1366w, https:\/\/fzn.thga.de\/wp-content\/uploads\/sites\/4\/2025\/08\/Marcin-Pawlik-8x12.jpg 8w\" sizes=\"auto, (min-width: 1450px) 75vw, (min-width: 1000px) 85vw, 100vw\" \/>\r\n          <\/div>\r\n        <\/div>\r\n      <\/div>\r\n    <\/div>\n\t\t\t<\/div> \n\t\t<\/div>\n\t<\/div> \n<\/div><\/div>","protected":false},"excerpt":{"rendered":"Team Dr.-Ing. Marcin Pawlik Erdbeobachtung VITA Seit 2020Wissenschaftlicher Mitarbeiter im Forschungszentrum Nachbergbau an der Technischen Hochschule Georg Agricola2021 - 2025Promotion an der Fakult\u00e4t f\u00fcr Geowissenschaften, Geotechnik und Bergbau (Technische Universit\u00e4t...","protected":false},"author":15,"featured_media":0,"parent":2894,"menu_order":0,"comment_status":"closed","ping_status":"closed","template":"","meta":{"footnotes":""},"class_list":["post-3403","page","type-page","status-publish"],"_links":{"self":[{"href":"https:\/\/fzn.thga.de\/en\/wp-json\/wp\/v2\/pages\/3403","targetHints":{"allow":["GET"]}}],"collection":[{"href":"https:\/\/fzn.thga.de\/en\/wp-json\/wp\/v2\/pages"}],"about":[{"href":"https:\/\/fzn.thga.de\/en\/wp-json\/wp\/v2\/types\/page"}],"author":[{"embeddable":true,"href":"https:\/\/fzn.thga.de\/en\/wp-json\/wp\/v2\/users\/15"}],"replies":[{"embeddable":true,"href":"https:\/\/fzn.thga.de\/en\/wp-json\/wp\/v2\/comments?post=3403"}],"version-history":[{"count":18,"href":"https:\/\/fzn.thga.de\/en\/wp-json\/wp\/v2\/pages\/3403\/revisions"}],"predecessor-version":[{"id":8796,"href":"https:\/\/fzn.thga.de\/en\/wp-json\/wp\/v2\/pages\/3403\/revisions\/8796"}],"up":[{"embeddable":true,"href":"https:\/\/fzn.thga.de\/en\/wp-json\/wp\/v2\/pages\/2894"}],"wp:attachment":[{"href":"https:\/\/fzn.thga.de\/en\/wp-json\/wp\/v2\/media?parent=3403"}],"curies":[{"name":"wp","href":"https:\/\/api.w.org\/{rel}","templated":true}]}}