{"id":3543,"date":"2022-01-11T16:41:09","date_gmt":"2022-01-11T15:41:09","guid":{"rendered":"https:\/\/fzn.thga.de\/?page_id=3543"},"modified":"2026-01-08T17:32:48","modified_gmt":"2026-01-08T16:32:48","slug":"somayeh-sharifi","status":"publish","type":"page","link":"https:\/\/fzn.thga.de\/en\/fzn\/team\/somayeh-sharifi\/","title":{"rendered":"Somayeh Sharifi, M.Sc."},"content":{"rendered":"<div id=\"fws_69d82932c4879\"  data-column-margin=\"default\" data-midnight=\"dark\" data-top-percent=\"5%\" data-bottom-percent=\"7%\"  class=\"wpb_row vc_row-fluid vc_row standard_section\"  style=\"padding-top: calc(100vw * 0.05); padding-bottom: calc(100vw * 0.07); \"><div class=\"row-bg-wrap\" data-bg-animation=\"none\" data-bg-overlay=\"false\"><div class=\"inner-wrap\"><div class=\"row-bg\"  style=\"\"><\/div><\/div><div class=\"row-bg-overlay\" ><\/div><\/div><div class=\"row_col_wrap_12 col span_12 dark left\">\n\t<div  class=\"vc_col-sm-8 wpb_column column_container vc_column_container col no-extra-padding inherit_tablet inherit_phone\"  data-t-w-inherits=\"default\" data-bg-cover=\"\" data-padding-pos=\"all\" data-has-bg-color=\"false\" data-bg-color=\"\" data-bg-opacity=\"1\" data-hover-bg=\"\" data-hover-bg-opacity=\"1\" data-animation=\"\" data-delay=\"0\" >\n\t\t<div class=\"vc_column-inner\" ><div class=\"column-bg-overlay-wrap\" data-bg-animation=\"none\"><div class=\"column-bg-overlay\"><\/div><\/div>\n\t\t\t<div class=\"wpb_wrapper\">\n\t\t\t\t\r\n<div class=\"wpb_text_column wpb_content_element\" >\r\n\t<div class=\"wpb_wrapper\">\r\n\t\t<h2><a href=\"https:\/\/fzn.thga.de\/en\/fzn\/team\/\"><span style=\"color: #e30000\">Team<\/span><\/a><\/h2>\n\t<\/div>\r\n<\/div>\r\n\r\n\r\n\r\n\r\n<div class=\"wpb_text_column wpb_content_element\" >\r\n\t<div class=\"wpb_wrapper\">\r\n\t\t<h1 style=\"text-align: left\"><span style=\"color: #06396a\">Somayeh Sharifi, M.Sc.<\/span><\/h1>\n\t<\/div>\r\n<\/div>\r\n\r\n\r\n\r\n<p style=\"font-size: 28px;color: #00325f;line-height: 1.5;text-align: left\" class=\"vc_custom_heading\" >Wissenschaftliche Mitarbeiterin im Bereich Ewigkeitsaufgaben und Grubenwasser Management<\/p><div class=\"divider-wrap\" data-alignment=\"default\"><div style=\"height: 25px;\" class=\"divider\"><\/div><\/div>\r\n<div class=\"wpb_text_column wpb_content_element\" >\r\n\t<div class=\"wpb_wrapper\">\r\n\t\t<h3><strong>VITA<\/strong><\/h3>\n\t<\/div>\r\n<\/div>\r\n\r\n\r\n\r\n<div class=\"nectar-icon-list\" data-icon-color=\"default\" data-icon-style=\"border\" data-columns=\"3\" data-direction=\"vertical\" data-icon-size=\"small\" data-animate=\"\"><div class=\"nectar-icon-list-item\"><div class=\"list-icon-holder\" data-icon_type=\"icon\"><\/div><div class=\"content\"><h4>Seit 2024<\/h4>Wissenschaftliche Mitarbeiterin im Forschungsbereich Ewigkeitsaufgaben und Grubenwasser Management<\/div><\/div><div class=\"nectar-icon-list-item\"><div class=\"list-icon-holder\" data-icon_type=\"icon\"><\/div><div class=\"content\"><h4>2022-2024<\/h4>Wissenschaftliche Mitarbeiterin an der TU Dresden, Fakult\u00e4t Elektrotechnik und Informationstechnik, Institut f\u00fcr Schaltungen und Systeme, Lehrstuhl f\u00fcr Hochparallele VLSI-Systeme und Neuromorphe Schaltungen<\/div><\/div><div class=\"nectar-icon-list-item\"><div class=\"list-icon-holder\" data-icon_type=\"icon\"><\/div><div class=\"content\"><h4>2021<\/h4>Lehrt\u00e4tigkeit am Indian Institute of Management-Rohtak (IIM-Rohtak), Rohtak, Ha-ryana, einem Teil der Nathinal Capital Region (NCR) von Indien<\/div><\/div><div class=\"nectar-icon-list-item\"><div class=\"list-icon-holder\" data-icon_type=\"icon\"><\/div><div class=\"content\"><h4>2019-2020<\/h4>Gastwissenschaftlerin bei DiGiES an der Mittelmeeruniversit\u00e4t von Reggio Calabria, Italien<\/div><\/div><\/div><div class=\"divider-wrap\" data-alignment=\"default\"><div style=\"height: 80px;\" class=\"divider\"><\/div><\/div>\r\n<div class=\"wpb_text_column wpb_content_element\" >\r\n\t<div class=\"wpb_wrapper\">\r\n\t\t<h3><strong>Research focuses<\/strong><\/h3>\n<ul>\n<li>Mathematische Modellierung und Optimierungsprobleme<\/li>\n<li>Management von Wasserressourcen<\/li>\n<li>K\u00fcnstliche Intelligenz<\/li>\n<li>Maschinelles Lernen<\/li>\n<li>Numerische Analyse<\/li>\n<li>Spieltheorie<\/li>\n<\/ul>\n\t<\/div>\r\n<\/div>\r\n\r\n\r\n\r\n\r\n<div class=\"wpb_text_column wpb_content_element\" >\r\n\t<div class=\"wpb_wrapper\">\r\n\t\t<h3><strong>Memberships<\/strong><\/h3>\n<ul>\n<li>Mitglied der Association for Mathematics Applied to Social and Economic Sciences (AMASES), Italien<\/li>\n<li>Forscherin bei MEDAlics, Forschungszentrum der Universita per Stranieri Dante Alighieri, Reggio Calabria, Italien<\/li>\n<\/ul>\n\t<\/div>\r\n<\/div>\r\n\r\n\r\n\r\n\r\n<div class=\"wpb_text_column wpb_content_element\" >\r\n\t<div class=\"wpb_wrapper\">\r\n\t\t<h3><strong>Publications<\/strong><\/h3>\n<ul>\n<li>Sharifi, S., Badakaya, AJ., Salimi, M. (2022): On game value for a pursuit-evasion differential game with state and integral constraints, Japan Journal of Industrial and Applied Mathematics 39 (2), 653-66.<\/li>\n<li>Abdal, S., Siddique, L., Afzal, S., Sharifi, S., Salimi, M., Ahmadian, A. (2022): An analysis for variable physical properties involved in the nano-biofilm transportation of Sutterby fluid across shrinking\/stretching surface, Nanomaterials 12 (4), 599.<\/li>\n<li>Khademi, M., Sharifi, S., Salimi, M., Pansera, BA., Ferrara, M. (2022): An interval-stochastic compromise programming for urban water resource allocation Atti della Accademia Peloritana dei Pericolanti- Classe di Scienze Fisiche, Matematiche e Naturali, 100 (1), A4.<\/li>\n<li>I., R., Sharifi, S., Khademi, M., Salimi, M., Ferrara, M. (2021): Analysis of some incentives on two-echelon reverse supply chain with a strategic consumer: The case of unwanted medications in households, Multiple Criteria Decision Making in Health and Medicine, 29, 37-48.<\/li>\n<li>Behl, R., Salimi, M., Ferrara, M., Sharifi, S., Samaher K.A. (2019): Some real-life application of a newly constructed derivative free iterative scheme, Symmetry, 11(2), 239.<\/li>\n<li>Jamaludin, N., A., A., Nik Long, N., M., A., Salimi, M., Sharifi, S. (2019): Review of some iterative methods for solving nonlinear equations with multiple zeros, Afrika Matematika 30 (3), 355-369.<\/li>\n<li>Salimi, M., Nik Long, N.M.A., Sharifi, S., Pansera, B.A. (2018): A multi-point iterative method for solving nonlinear equations with optimal order of convergence, Japan Journal of Industrial and Applied Mathematics, 35 (2), 497-509.<\/li>\n<li>Ferrara, M., Khademi, M., Salimi, M., Sharifi, S. (2017): A Dynamic Stackelberg Game of Supply Chain for a Corporate Social Responsibility, Discrete Dynamics in Nature and Society, vol. 2017, Article ID 8656174, 8 page s.<\/li>\n<li>Nik Long, N.M.A., Salimi, M., Sharifi, S., Ferrara, M. (2017): Developing a new family of Newton\u2013 Secant method with memory based on a weight function, SeMA Journal, 74 (4), 503-512.<\/li>\n<li>Salimi, M., Lotfi, T., Sharifi, S., Siegmund, S. (2017): Optimal Newton-Secant-like methods without memory for solving nonlinear equations with its dynamics, International Journal of Computer Mathematics, 94 (9), 1759-1777.<\/li>\n<li>Ferrara, M., Sharifi, S., Salimi, M. (2017): Computing multiple zeros by using a parameter in Newton-Secant method, SeMA Journal, 74 (4), 361-369.<\/li>\n<li>Matthies, G., Salimi, M., Sharifi, S., Varona, J.L. (2016): An optimal three-point eighth-order iterative method without memory for solving nonlinear equations with its dynamics, Japan Journal of Industrial and Applied Mathematics, 33 (3), 751-766.<\/li>\n<li>Sharifi, S., Ferrara, M., Salimi, M., Siegmund, S. (2016): New modification of Maheshwari method with optimal eighth order of convergence for solving nonlinear equations, Open Mathematics (formerly Central European Journal of Mathematics), 14, 443-451.<\/li>\n<li>Sharifi, S., Salimi, M., Siegmund, S., Lotfi, T. (2016): A new class of optimal four-point methods with convergence order 16 for solving nonlinear equations, Mathematics, and Computers in Simulation, 119, 69-90.<\/li>\n<li>Sharifi, S., Siegmund, S., Salimi, M. (2016): Solving nonlinear equations by a derivativefree form of King&#8217;s family with memory, Calcolo, 53 (2), 201-215.<\/li>\n<li>Salimi, M., Ibragimov, G., Siegmund, S., Sharifi, S. (2016): On a Fixed Duration Pursuit Differential Game with Geometric and Integral Constraints, Dynamic Games and Applications, 6 (3), 409-425.<\/li>\n<li>Lotfi, T., Sharifi, S., Salimi, M., Siegmund, S. (2015): A new class of three-point methods with optimal convergence order eight and its dynamics, Numerical Algorithms, 68 (2), 261- 288.<\/li>\n<li>Lotfi, T., Soleymani, F., Sharifi, S., Shateyi, S., KhaksarHaghani, F. (2014): Multi-point iterative methods for finding all the simple zeros in an interval, Journal of Applied Mathematics, vol. 2014, Article ID 601205, 13 pages.<\/li>\n<li style=\"list-style-type: none\"><\/li>\n<\/ul>\n\t<\/div>\r\n<\/div>\r\n\r\n\r\n\r\n\n\t\t\t<\/div> \n\t\t<\/div>\n\t<\/div> \n\n\t<div  class=\"vc_col-sm-1 wpb_column column_container vc_column_container col no-extra-padding inherit_tablet inherit_phone\"  data-t-w-inherits=\"default\" data-bg-cover=\"\" data-padding-pos=\"all\" data-has-bg-color=\"false\" data-bg-color=\"\" data-bg-opacity=\"1\" data-hover-bg=\"\" data-hover-bg-opacity=\"1\" data-animation=\"\" data-delay=\"0\" >\n\t\t<div class=\"vc_column-inner\" ><div class=\"column-bg-overlay-wrap\" data-bg-animation=\"none\"><div class=\"column-bg-overlay\"><\/div><\/div>\n\t\t\t<div class=\"wpb_wrapper\">\n\t\t\t\t\n\t\t\t<\/div> \n\t\t<\/div>\n\t<\/div> \n\n\t<div  class=\"vc_col-sm-3 wpb_column column_container vc_column_container col no-extra-padding inherit_tablet inherit_phone\"  data-t-w-inherits=\"default\" data-bg-cover=\"\" data-padding-pos=\"all\" data-has-bg-color=\"false\" data-bg-color=\"\" data-bg-opacity=\"1\" data-hover-bg=\"\" data-hover-bg-opacity=\"1\" data-animation=\"\" data-delay=\"0\" >\n\t\t<div class=\"vc_column-inner\" ><div class=\"column-bg-overlay-wrap\" data-bg-animation=\"none\"><div class=\"column-bg-overlay\"><\/div><\/div>\n\t\t\t<div class=\"wpb_wrapper\">\n\t\t\t\t<div class=\"img-with-aniamtion-wrap\" data-max-width=\"100%\" data-max-width-mobile=\"default\" data-border-radius=\"none\" data-shadow=\"none\" data-animation=\"fade-in\" >\r\n      <div class=\"inner\">\r\n        <div class=\"hover-wrap\" data-hover-animation=\"none\"> \r\n          <div class=\"hover-wrap-inner\">\r\n            <img loading=\"lazy\" decoding=\"async\" class=\"img-with-animation skip-lazy\" data-delay=\"0\" height=\"2560\" width=\"1707\" data-animation=\"fade-in\" src=\"https:\/\/fzn.thga.de\/wp-content\/uploads\/sites\/4\/2024\/12\/SomayehSharifi-scaled.jpg\" alt=\"\" srcset=\"https:\/\/fzn.thga.de\/wp-content\/uploads\/sites\/4\/2024\/12\/SomayehSharifi-scaled.jpg 1707w, https:\/\/fzn.thga.de\/wp-content\/uploads\/sites\/4\/2024\/12\/SomayehSharifi-200x300.jpg 200w, https:\/\/fzn.thga.de\/wp-content\/uploads\/sites\/4\/2024\/12\/SomayehSharifi-683x1024.jpg 683w, https:\/\/fzn.thga.de\/wp-content\/uploads\/sites\/4\/2024\/12\/SomayehSharifi-768x1152.jpg 768w, https:\/\/fzn.thga.de\/wp-content\/uploads\/sites\/4\/2024\/12\/SomayehSharifi-1024x1536.jpg 1024w, https:\/\/fzn.thga.de\/wp-content\/uploads\/sites\/4\/2024\/12\/SomayehSharifi-1365x2048.jpg 1365w, https:\/\/fzn.thga.de\/wp-content\/uploads\/sites\/4\/2024\/12\/SomayehSharifi-8x12.jpg 8w\" sizes=\"auto, (min-width: 1450px) 75vw, (min-width: 1000px) 85vw, 100vw\" \/>\r\n          <\/div>\r\n        <\/div>\r\n      <\/div>\r\n    <\/div>\n\t\t\t<\/div> \n\t\t<\/div>\n\t<\/div> \n<\/div><\/div>","protected":false},"excerpt":{"rendered":"Team Somayeh Sharifi, M.Sc. Wissenschaftliche Mitarbeiterin im Bereich Ewigkeitsaufgaben und Grubenwasser Management VITA Seit 2024Wissenschaftliche Mitarbeiterin im Forschungsbereich Ewigkeitsaufgaben und Grubenwasser Management2022-2024Wissenschaftliche Mitarbeiterin an der TU Dresden, Fakult\u00e4t Elektrotechnik und...","protected":false},"author":1,"featured_media":0,"parent":2894,"menu_order":0,"comment_status":"closed","ping_status":"closed","template":"","meta":{"footnotes":""},"class_list":["post-3543","page","type-page","status-publish"],"_links":{"self":[{"href":"https:\/\/fzn.thga.de\/en\/wp-json\/wp\/v2\/pages\/3543","targetHints":{"allow":["GET"]}}],"collection":[{"href":"https:\/\/fzn.thga.de\/en\/wp-json\/wp\/v2\/pages"}],"about":[{"href":"https:\/\/fzn.thga.de\/en\/wp-json\/wp\/v2\/types\/page"}],"author":[{"embeddable":true,"href":"https:\/\/fzn.thga.de\/en\/wp-json\/wp\/v2\/users\/1"}],"replies":[{"embeddable":true,"href":"https:\/\/fzn.thga.de\/en\/wp-json\/wp\/v2\/comments?post=3543"}],"version-history":[{"count":11,"href":"https:\/\/fzn.thga.de\/en\/wp-json\/wp\/v2\/pages\/3543\/revisions"}],"predecessor-version":[{"id":8810,"href":"https:\/\/fzn.thga.de\/en\/wp-json\/wp\/v2\/pages\/3543\/revisions\/8810"}],"up":[{"embeddable":true,"href":"https:\/\/fzn.thga.de\/en\/wp-json\/wp\/v2\/pages\/2894"}],"wp:attachment":[{"href":"https:\/\/fzn.thga.de\/en\/wp-json\/wp\/v2\/media?parent=3543"}],"curies":[{"name":"wp","href":"https:\/\/api.w.org\/{rel}","templated":true}]}}