{"id":3888,"date":"2022-09-05T09:32:27","date_gmt":"2022-09-05T07:32:27","guid":{"rendered":"https:\/\/fzn.thga.de\/?page_id=3888"},"modified":"2024-11-15T09:40:14","modified_gmt":"2024-11-15T08:40:14","slug":"3-fragen-an-christian-melchers-interview","status":"publish","type":"page","link":"https:\/\/fzn.thga.de\/en\/3-fragen-an-christian-melchers-interview\/","title":{"rendered":"3 Fragen an Christian Melchers 2"},"content":{"rendered":"<div id=\"fws_69f117631eccf\"  data-column-margin=\"default\" data-midnight=\"dark\" data-top-percent=\"5%\" data-bottom-percent=\"4%\"  class=\"wpb_row vc_row-fluid vc_row standard_section\"  style=\"padding-top: calc(100vw * 0.05); padding-bottom: calc(100vw * 0.04); \"><div class=\"row-bg-wrap\" data-bg-animation=\"none\" data-bg-overlay=\"false\"><div class=\"inner-wrap\"><div class=\"row-bg\"  style=\"\"><\/div><\/div><div class=\"row-bg-overlay\" ><\/div><\/div><div class=\"row_col_wrap_12 col span_12 dark left\">\n\t<div  class=\"vc_col-sm-12 wpb_column column_container vc_column_container col no-extra-padding inherit_tablet inherit_phone\"  data-t-w-inherits=\"default\" data-bg-cover=\"\" data-padding-pos=\"all\" data-has-bg-color=\"false\" data-bg-color=\"\" data-bg-opacity=\"1\" data-hover-bg=\"\" data-hover-bg-opacity=\"1\" data-animation=\"\" data-delay=\"0\" >\n\t\t<div class=\"vc_column-inner\" ><div class=\"column-bg-overlay-wrap\" data-bg-animation=\"none\"><div class=\"column-bg-overlay\"><\/div><\/div>\n\t\t\t<div class=\"wpb_wrapper\">\n\t\t\t\t\r\n<div class=\"wpb_text_column wpb_content_element\" >\r\n\t<div class=\"wpb_wrapper\">\r\n\t\t<h1 style=\"text-align: center\"><span style=\"color: #06396a\">3 questions to<\/span><\/h1>\n<h1 style=\"text-align: center\"><span style=\"color: #e3000f\"><strong>Prof. Dr. Christian Melchers<\/strong><\/span><\/h1>\n\t<\/div>\r\n<\/div>\r\n\r\n\r\n\r\n<p style=\"font-size: 28px;color: #00325f;line-height: 1.5;text-align: center\" class=\"vc_custom_heading\" >\u201eWir sprechen nicht von Ewigkeitslasten, sondern von Ewigkeitsaufgaben. Denn f\u00fcr Aufgaben gibt es L\u00f6sungen\u201c \u2013 mit dieser Haltung pr\u00e4gt Prof. Dr. Christian Melchers die Forschungst\u00e4tigkeiten des FZN seit vielen Jahren.<br \/>\nNun wurde der 45-j\u00e4hrige Diplom-Geologe zum neuen Leiter des Forschungszentrums Nachbergbau ernannt. Sein erkl\u00e4rtes Ziel ist es, mit dem Wissen aus dem Nachbergbau einen Transformationsprozess zu initiieren, der die Gewinnung und Nutzung von Georessourcen nachhaltiger macht.<\/p>\n\t\t\t<\/div> \n\t\t<\/div>\n\t<\/div> \n<\/div><\/div>\n\t\t<div id=\"fws_69f117631f0e7\"  data-column-margin=\"default\" data-midnight=\"dark\"  class=\"wpb_row vc_row-fluid vc_row standard_section\"  style=\"padding-top: 0px; padding-bottom: 0px; \"><div class=\"row-bg-wrap\" data-bg-animation=\"none\" data-bg-overlay=\"false\"><div class=\"inner-wrap\"><div class=\"row-bg\"  style=\"\"><\/div><\/div><div class=\"row-bg-overlay\" ><\/div><\/div><div class=\"row_col_wrap_12 col span_12 dark left\">\n\t<div  class=\"vc_col-sm-12 wpb_column column_container vc_column_container col no-extra-padding inherit_tablet inherit_phone\"  data-t-w-inherits=\"default\" data-bg-cover=\"\" data-padding-pos=\"all\" data-has-bg-color=\"false\" data-bg-color=\"\" data-bg-opacity=\"1\" data-hover-bg=\"\" data-hover-bg-opacity=\"1\" data-animation=\"\" data-delay=\"0\" >\n\t\t<div class=\"vc_column-inner\" ><div class=\"column-bg-overlay-wrap\" data-bg-animation=\"none\"><div class=\"column-bg-overlay\"><\/div><\/div>\n\t\t\t<div class=\"wpb_wrapper\">\n\t\t\t\t<div class=\"img-with-aniamtion-wrap\" data-max-width=\"100%\" data-max-width-mobile=\"default\" data-border-radius=\"none\" data-shadow=\"none\" data-animation=\"fade-in\" >\r\n      <div class=\"inner\">\r\n        <div class=\"hover-wrap\" data-hover-animation=\"none\"> \r\n          <div class=\"hover-wrap-inner\">\r\n            <img loading=\"lazy\" decoding=\"async\" class=\"img-with-animation skip-lazy\" data-delay=\"0\" height=\"1707\" width=\"2560\" data-animation=\"fade-in\" src=\"https:\/\/fzn.thga.de\/wp-content\/uploads\/sites\/4\/2022\/09\/20220426wa1462a_2-scaled.jpg\" alt=\"\" srcset=\"https:\/\/fzn.thga.de\/wp-content\/uploads\/sites\/4\/2022\/09\/20220426wa1462a_2-scaled.jpg 2560w, https:\/\/fzn.thga.de\/wp-content\/uploads\/sites\/4\/2022\/09\/20220426wa1462a_2-300x200.jpg 300w, https:\/\/fzn.thga.de\/wp-content\/uploads\/sites\/4\/2022\/09\/20220426wa1462a_2-1024x683.jpg 1024w, https:\/\/fzn.thga.de\/wp-content\/uploads\/sites\/4\/2022\/09\/20220426wa1462a_2-768x512.jpg 768w, https:\/\/fzn.thga.de\/wp-content\/uploads\/sites\/4\/2022\/09\/20220426wa1462a_2-1536x1024.jpg 1536w, https:\/\/fzn.thga.de\/wp-content\/uploads\/sites\/4\/2022\/09\/20220426wa1462a_2-2048x1365.jpg 2048w, https:\/\/fzn.thga.de\/wp-content\/uploads\/sites\/4\/2022\/09\/20220426wa1462a_2-18x12.jpg 18w, https:\/\/fzn.thga.de\/wp-content\/uploads\/sites\/4\/2022\/09\/20220426wa1462a_2-900x600.jpg 900w\" sizes=\"auto, (min-width: 1450px) 75vw, (min-width: 1000px) 85vw, 100vw\" \/>\r\n          <\/div>\r\n        <\/div>\r\n      <\/div>\r\n    <\/div>\n\t\t\t<\/div> \n\t\t<\/div>\n\t<\/div> \n<\/div><\/div>\n\t\t<div id=\"fws_69f117631f549\"  data-column-margin=\"default\" data-midnight=\"dark\" data-top-percent=\"3%\" data-bottom-percent=\"5%\"  class=\"wpb_row vc_row-fluid vc_row standard_section\"  style=\"padding-top: calc(100vw * 0.03); padding-bottom: calc(100vw * 0.05); \"><div class=\"row-bg-wrap\" data-bg-animation=\"none\" data-bg-overlay=\"false\"><div class=\"inner-wrap\"><div class=\"row-bg\"  style=\"\"><\/div><\/div><div class=\"row-bg-overlay\" ><\/div><\/div><div class=\"row_col_wrap_12 col span_12 dark left\">\n\t<div  class=\"vc_col-sm-12 wpb_column column_container vc_column_container col no-extra-padding inherit_tablet inherit_phone\"  data-t-w-inherits=\"default\" data-bg-cover=\"\" data-padding-pos=\"all\" data-has-bg-color=\"false\" data-bg-color=\"\" data-bg-opacity=\"1\" data-hover-bg=\"\" data-hover-bg-opacity=\"1\" data-animation=\"\" data-delay=\"0\" >\n\t\t<div class=\"vc_column-inner\" ><div class=\"column-bg-overlay-wrap\" data-bg-animation=\"none\"><div class=\"column-bg-overlay\"><\/div><\/div>\n\t\t\t<div class=\"wpb_wrapper\">\n\t\t\t\t<h2 style=\"font-size: 26px;line-height: 1.5;text-align: left\" class=\"vc_custom_heading vc_custom_1662361079101\" >Seit 2015 erforscht das FZN interdisziplin\u00e4r die Herausforderungen und Chancen, die der Bergbau hinterl\u00e4sst. Dabei standen bisher vor allem die so genannten Ewigkeitsaufgaben im Fokus. Welche Themen werden Sie und ihr Team in den kommenden Jahren zus\u00e4tzlich besch\u00e4ftigen?<\/h2>\r\n<div class=\"wpb_text_column wpb_content_element\" >\r\n\t<div class=\"wpb_wrapper\">\r\n\t\t<p><strong>Prof. Dr. Christian Melchers:<\/strong> Nat\u00fcrlich bleiben die Ewigkeitsaufgaben und deren wissenschaftliche Begleitung in den Revieren an Ruhr, Saar und in Ibbenb\u00fcren ein wichtiger Bestandteil unserer Arbeiten. Hierbei stehen neben den Fragen eines kontrollierten Grubenwasseranstiegsprozesses, auch Fragen zum nachhaltigen Wassermanagement in den ehemaligen Bergbaurevieren sowie deren Monitoring im Fokus der Forschungen. Mit dem erworbenen Wissen sowie der Vielfalt an Geodaten, die wir am FZN zusammentragen und auswerten, lassen sich aber auch weitere wichtige Forschungs- und Themenfelder ableiten. Hierzu z\u00e4hlen die Entwicklung von Monitoringmethoden zu Wasser, an Land und aus der Luft sowie \u00fcber Satelliten des Europ\u00e4ischen Erdbeobachtungsprogramm COPERNICUS. Hiermit k\u00f6nnen wir z. B. Ver\u00e4nderungen von Boden- und Wasserhaushalt erfassen. Damit leisten wir einen wichtigen Beitrag, den Klimawandel im Detail besser zu verstehen und die sogenannte \u201eblaugr\u00fcne Infrastruktur\u201c sinnvoll zu gestalten. Aber auch im Zuge des Katastrophen-Managements infolge von extremen Klimaereignissen sind Geodaten von besonderer Bedeutung: Dieses wollen wir k\u00fcnftig am FZN mit dem <strong>Forschungsschwerpunkt \u201eGeorettungswesen\u201c<\/strong> erforschen. Zudem untersucht unser Team den der Einsatz von K\u00fcnstlicher Intelligenz f\u00fcr Fragestellungen im Nachbergbau.<span style=\"color: #000000\"><br \/>\n<\/span><\/p>\n\t<\/div>\r\n<\/div>\r\n\r\n\r\n\r\n\n\t\t\t<\/div> \n\t\t<\/div>\n\t<\/div> \n<\/div><\/div>\n\t\t<div id=\"fws_69f117631f6e8\"  data-column-margin=\"default\" data-midnight=\"dark\"  class=\"wpb_row vc_row-fluid vc_row standard_section\"  style=\"padding-top: 0px; padding-bottom: 0px; \"><div class=\"row-bg-wrap\" data-bg-animation=\"none\" data-bg-overlay=\"false\"><div class=\"inner-wrap\"><div class=\"row-bg\"  style=\"\"><\/div><\/div><div class=\"row-bg-overlay\" ><\/div><\/div><div class=\"row_col_wrap_12 col span_12 dark left\">\n\t<div  class=\"vc_col-sm-12 wpb_column column_container vc_column_container col no-extra-padding inherit_tablet inherit_phone\"  data-t-w-inherits=\"default\" data-bg-cover=\"\" data-padding-pos=\"all\" data-has-bg-color=\"false\" data-bg-color=\"\" data-bg-opacity=\"1\" data-hover-bg=\"\" data-hover-bg-opacity=\"1\" data-animation=\"\" data-delay=\"0\" >\n\t\t<div class=\"vc_column-inner\" ><div class=\"column-bg-overlay-wrap\" data-bg-animation=\"none\"><div class=\"column-bg-overlay\"><\/div><\/div>\n\t\t\t<div class=\"wpb_wrapper\">\n\t\t\t\t<div class=\"img-with-aniamtion-wrap\" data-max-width=\"100%\" data-max-width-mobile=\"default\" data-border-radius=\"none\" data-shadow=\"none\" data-animation=\"fade-in\" >\r\n      <div class=\"inner\">\r\n        <div class=\"hover-wrap\" data-hover-animation=\"none\"> \r\n          <div class=\"hover-wrap-inner\">\r\n            <img loading=\"lazy\" decoding=\"async\" class=\"img-with-animation skip-lazy\" data-delay=\"0\" height=\"1707\" width=\"2560\" data-animation=\"fade-in\" src=\"https:\/\/fzn.thga.de\/wp-content\/uploads\/sites\/4\/2022\/09\/20220426wa1598a-scaled.jpg\" alt=\"\" srcset=\"https:\/\/fzn.thga.de\/wp-content\/uploads\/sites\/4\/2022\/09\/20220426wa1598a-scaled.jpg 2560w, https:\/\/fzn.thga.de\/wp-content\/uploads\/sites\/4\/2022\/09\/20220426wa1598a-300x200.jpg 300w, https:\/\/fzn.thga.de\/wp-content\/uploads\/sites\/4\/2022\/09\/20220426wa1598a-1024x683.jpg 1024w, https:\/\/fzn.thga.de\/wp-content\/uploads\/sites\/4\/2022\/09\/20220426wa1598a-768x512.jpg 768w, https:\/\/fzn.thga.de\/wp-content\/uploads\/sites\/4\/2022\/09\/20220426wa1598a-1536x1024.jpg 1536w, https:\/\/fzn.thga.de\/wp-content\/uploads\/sites\/4\/2022\/09\/20220426wa1598a-2048x1365.jpg 2048w, https:\/\/fzn.thga.de\/wp-content\/uploads\/sites\/4\/2022\/09\/20220426wa1598a-18x12.jpg 18w, https:\/\/fzn.thga.de\/wp-content\/uploads\/sites\/4\/2022\/09\/20220426wa1598a-900x600.jpg 900w\" sizes=\"auto, (min-width: 1450px) 75vw, (min-width: 1000px) 85vw, 100vw\" \/>\r\n          <\/div>\r\n        <\/div>\r\n      <\/div>\r\n    <\/div>\n\t\t\t<\/div> \n\t\t<\/div>\n\t<\/div> \n<\/div><\/div>\n\t\t<div id=\"fws_69f117631f9d5\"  data-column-margin=\"default\" data-midnight=\"dark\" data-top-percent=\"3%\" data-bottom-percent=\"5%\"  class=\"wpb_row vc_row-fluid vc_row standard_section\"  style=\"padding-top: calc(100vw * 0.03); padding-bottom: calc(100vw * 0.05); \"><div class=\"row-bg-wrap\" data-bg-animation=\"none\" data-bg-overlay=\"false\"><div class=\"inner-wrap\"><div class=\"row-bg\"  style=\"\"><\/div><\/div><div class=\"row-bg-overlay\" ><\/div><\/div><div class=\"row_col_wrap_12 col span_12 dark left\">\n\t<div  class=\"vc_col-sm-12 wpb_column column_container vc_column_container col no-extra-padding inherit_tablet inherit_phone\"  data-t-w-inherits=\"default\" data-bg-cover=\"\" data-padding-pos=\"all\" data-has-bg-color=\"false\" data-bg-color=\"\" data-bg-opacity=\"1\" data-hover-bg=\"\" data-hover-bg-opacity=\"1\" data-animation=\"\" data-delay=\"0\" >\n\t\t<div class=\"vc_column-inner\" ><div class=\"column-bg-overlay-wrap\" data-bg-animation=\"none\"><div class=\"column-bg-overlay\"><\/div><\/div>\n\t\t\t<div class=\"wpb_wrapper\">\n\t\t\t\t<h2 style=\"font-size: 26px;line-height: 1.5;text-align: left\" class=\"vc_custom_heading vc_custom_1662361144669\" >Der Nachbergbau ist eine noch recht junge, teils unbekannte Forschungsdisziplin \u2013 welche Herausforderungen aber auch Chancen ergeben sich aus Ihrer Sicht daraus?<\/h2>\r\n<div class=\"wpb_text_column wpb_content_element\" >\r\n\t<div class=\"wpb_wrapper\">\r\n\t\t<p><strong>Prof. Dr. Christian Melchers:\u00a0<\/strong>Die Chancen liegen zweifelsfrei in der Gestaltung. Die Nachbergbau-Zeit bietet eine unglaubliche Vielfalt an Aufgaben und Prozessen. An der THGA in Bochum haben wir den Nachbergbau erstmals als eigenst\u00e4ndige akademische Disziplin in Lehre und Forschung verstanden. Dieses Alleinstellungsmerkmal hat bis heute Bestand. Die Themen sind national wie international von besonderer Bedeutung und sto\u00dfen weltweit auf gro\u00dfes Interesse. Insofern haben wir die Chance, unsere Vorreiterrolle weiter auszubauen. So k\u00f6nnen wir international eine Vorbildfunktion f\u00fcr den verantwortungsvollen Umgang mit den Hinterlassenschaften des Bergbaus \u00fcbernehmen. Ebenso haben wir die Chance, der Welt zu zeigen, dass aus dieser Verantwortung sowohl L\u00f6sungen als auch Innovationen erwachsen k\u00f6nnen \u2013 n\u00e4mlich durch Forschung und Entwicklung. Eine bleibende Herausforderung ist die Kommunikation der wissenschaftlichen Ergebnisse. Insbesondere in einem Umfeld, das durch pers\u00f6nliche Betroffenheit h\u00e4ufig emotional gepr\u00e4gt ist. Diesem begegnen wir mit professionellen Strategien zum Wissenstransfer. Dieses gilt gleicherma\u00dfen f\u00fcr Betroffene, Interessenverb\u00e4nde und -vertreter, industrielle und wissenschaftliche Partner aber auch f\u00fcr politische und gesellschaftliche Entscheidungstr\u00e4ger. Wir teilen unser Wissen gern \u2013 und gestalten so die Transformation aktiv mit! Etwa \u00fcber Ver\u00f6ffentlichungen, Vortr\u00e4ge, Teilnahmen an Tagungen, Kongressen, aber auch mit \u00f6ffentlichen Veranstaltungen und Auftritten in Presse, Funk und Fernsehen.<\/p>\n\t<\/div>\r\n<\/div>\r\n\r\n\r\n\r\n\n\t\t\t<\/div> \n\t\t<\/div>\n\t<\/div> \n<\/div><\/div>\n\t\t<div id=\"fws_69f117631fb38\"  data-column-margin=\"default\" data-midnight=\"dark\"  class=\"wpb_row vc_row-fluid vc_row standard_section\"  style=\"padding-top: 0px; padding-bottom: 0px; \"><div class=\"row-bg-wrap\" data-bg-animation=\"none\" data-bg-overlay=\"false\"><div class=\"inner-wrap\"><div class=\"row-bg\"  style=\"\"><\/div><\/div><div class=\"row-bg-overlay\" ><\/div><\/div><div class=\"row_col_wrap_12 col span_12 dark left\">\n\t<div  class=\"vc_col-sm-12 wpb_column column_container vc_column_container col no-extra-padding inherit_tablet inherit_phone\"  data-t-w-inherits=\"default\" data-bg-cover=\"\" data-padding-pos=\"all\" data-has-bg-color=\"false\" data-bg-color=\"\" data-bg-opacity=\"1\" data-hover-bg=\"\" data-hover-bg-opacity=\"1\" data-animation=\"\" data-delay=\"0\" >\n\t\t<div class=\"vc_column-inner\" ><div class=\"column-bg-overlay-wrap\" data-bg-animation=\"none\"><div class=\"column-bg-overlay\"><\/div><\/div>\n\t\t\t<div class=\"wpb_wrapper\">\n\t\t\t\t<div class=\"img-with-aniamtion-wrap\" data-max-width=\"100%\" data-max-width-mobile=\"default\" data-border-radius=\"none\" data-shadow=\"none\" data-animation=\"fade-in\" >\r\n      <div class=\"inner\">\r\n        <div class=\"hover-wrap\" data-hover-animation=\"none\"> \r\n          <div class=\"hover-wrap-inner\">\r\n            <img loading=\"lazy\" decoding=\"async\" class=\"img-with-animation skip-lazy\" data-delay=\"0\" height=\"1707\" width=\"2560\" data-animation=\"fade-in\" src=\"https:\/\/fzn.thga.de\/wp-content\/uploads\/sites\/4\/2022\/09\/20220426wa1534a-scaled.jpg\" alt=\"\" srcset=\"https:\/\/fzn.thga.de\/wp-content\/uploads\/sites\/4\/2022\/09\/20220426wa1534a-scaled.jpg 2560w, https:\/\/fzn.thga.de\/wp-content\/uploads\/sites\/4\/2022\/09\/20220426wa1534a-300x200.jpg 300w, https:\/\/fzn.thga.de\/wp-content\/uploads\/sites\/4\/2022\/09\/20220426wa1534a-1024x683.jpg 1024w, https:\/\/fzn.thga.de\/wp-content\/uploads\/sites\/4\/2022\/09\/20220426wa1534a-768x512.jpg 768w, https:\/\/fzn.thga.de\/wp-content\/uploads\/sites\/4\/2022\/09\/20220426wa1534a-1536x1024.jpg 1536w, https:\/\/fzn.thga.de\/wp-content\/uploads\/sites\/4\/2022\/09\/20220426wa1534a-2048x1365.jpg 2048w, https:\/\/fzn.thga.de\/wp-content\/uploads\/sites\/4\/2022\/09\/20220426wa1534a-18x12.jpg 18w, https:\/\/fzn.thga.de\/wp-content\/uploads\/sites\/4\/2022\/09\/20220426wa1534a-900x600.jpg 900w\" sizes=\"auto, (min-width: 1450px) 75vw, (min-width: 1000px) 85vw, 100vw\" \/>\r\n          <\/div>\r\n        <\/div>\r\n      <\/div>\r\n    <\/div>\n\t\t\t<\/div> \n\t\t<\/div>\n\t<\/div> \n<\/div><\/div>\n\t\t<div id=\"fws_69f117631fe0c\"  data-column-margin=\"default\" data-midnight=\"dark\" data-top-percent=\"3%\"  class=\"wpb_row vc_row-fluid vc_row standard_section\"  style=\"padding-top: calc(100vw * 0.03); padding-bottom: 0px; \"><div class=\"row-bg-wrap\" data-bg-animation=\"none\" data-bg-overlay=\"false\"><div class=\"inner-wrap\"><div class=\"row-bg\"  style=\"\"><\/div><\/div><div class=\"row-bg-overlay\" ><\/div><\/div><div class=\"row_col_wrap_12 col span_12 dark left\">\n\t<div  class=\"vc_col-sm-12 wpb_column column_container vc_column_container col no-extra-padding inherit_tablet inherit_phone\"  data-t-w-inherits=\"default\" data-bg-cover=\"\" data-padding-pos=\"all\" data-has-bg-color=\"false\" data-bg-color=\"\" data-bg-opacity=\"1\" data-hover-bg=\"\" data-hover-bg-opacity=\"1\" data-animation=\"\" data-delay=\"0\" >\n\t\t<div class=\"vc_column-inner\" ><div class=\"column-bg-overlay-wrap\" data-bg-animation=\"none\"><div class=\"column-bg-overlay\"><\/div><\/div>\n\t\t\t<div class=\"wpb_wrapper\">\n\t\t\t\t<h2 style=\"font-size: 26px;line-height: 1.5;text-align: left\" class=\"vc_custom_heading vc_custom_1662361279295\" >Die Themen werden also immer vielschichtiger und diverser. Ebenso w\u00e4chst das wissenschaftliche Team und der Nachbergbau selbst etabliert sich immer mehr als anerkannte Disziplin. Wo sehen Sie das FZN in 5 Jahren?<\/h2>\r\n<div class=\"wpb_text_column wpb_content_element\" >\r\n\t<div class=\"wpb_wrapper\">\r\n\t\t<p><strong>Prof. Dr. Christian Melchers:<\/strong>\u00a0Ja, der Nachbergbau entwickelt sich stetig weiter. Dieses betrifft Innovationen in den Bereichen Grund- und Grubenwassermanagement ebenso wie die fortschreitende Digitalisierung. Wir nutzen inzwischen immer mehr Robotik, etwa um unzug\u00e4ngliche Grubenr\u00e4ume zu erkunden, oder erforschen m\u00f6gliche Einsatzfelder f\u00fcr KI und den Bereich Internet of Things (IoT). Ebenso m\u00fcssen wir unsere Aktivit\u00e4ten in der Wissensvermittlung stetig ausbauen. Die Erkenntnisse des Forschungszentrums Nachbergbau zahlen zudem auf den dringend gebotenen Transformationsprozess bei der Gewinnung und Nutzung von Georessourcen ein. Wenn wir die Vorg\u00e4nge nach dem Bergbau ganzheitlich betrachten und verstehen, k\u00f6nnen wir auch k\u00fcnftige Rohstoffprozesse nachhaltiger gestalten \u2013 ganz im Sinne eines \u201ebergbaulichen Lebenszyklus\u201c. Denn es geht um nicht weniger als die Zukunft. Dieses soll strategisch mit dem <strong>Transformationszentrum f\u00fcr Georessourcen und -\u00f6kologie<\/strong>, kurz TG\u00d6, am Standort in Herne institutionalisiert werden.<\/p>\n\t<\/div>\r\n<\/div>\r\n\r\n\r\n\r\n\n\t\t\t<\/div> \n\t\t<\/div>\n\t<\/div> \n<\/div><\/div>\n\t\t<div id=\"fws_69f117631ff8c\"  data-column-margin=\"default\" data-midnight=\"dark\" data-top-percent=\"2%\" data-bottom-percent=\"3%\"  class=\"wpb_row vc_row-fluid vc_row standard_section\"  style=\"padding-top: calc(100vw * 0.02); padding-bottom: calc(100vw * 0.03); \"><div class=\"row-bg-wrap\" data-bg-animation=\"none\" data-bg-overlay=\"false\"><div class=\"inner-wrap\"><div class=\"row-bg\"  style=\"\"><\/div><\/div><div class=\"row-bg-overlay\" ><\/div><\/div><div class=\"row_col_wrap_12 col span_12 dark left\">\n\t<div  class=\"vc_col-sm-12 wpb_column column_container vc_column_container col no-extra-padding inherit_tablet inherit_phone\"  data-t-w-inherits=\"default\" data-bg-cover=\"\" data-padding-pos=\"all\" data-has-bg-color=\"false\" data-bg-color=\"\" data-bg-opacity=\"1\" data-hover-bg=\"\" data-hover-bg-opacity=\"1\" data-animation=\"\" data-delay=\"0\" >\n\t\t<div class=\"vc_column-inner\" ><div class=\"column-bg-overlay-wrap\" data-bg-animation=\"none\"><div class=\"column-bg-overlay\"><\/div><\/div>\n\t\t\t<div class=\"wpb_wrapper\">\n\t\t\t\t<div class=\"divider-wrap\" data-alignment=\"default\"><div style=\"margin-top: 12.5px; height: 3px; margin-bottom: 12.5px;\" data-width=\"100%\" data-animate=\"yes\" data-animation-delay=\"\" data-color=\"extra-color-1\" class=\"divider-border\"><\/div><\/div>\r\n<div class=\"wpb_text_column wpb_content_element\" >\r\n\t<div class=\"wpb_wrapper\">\r\n\t\t<p><span style=\"color: #e30000\"><strong>Vita \u2013 Prof. Dr. Christian Melchers<br \/>\n<\/strong><\/span><em>Prof. Dr. rer. nat. Christian Melchers ist seit dem 1. September 2022 Leiter des Forschungszentrums Nachbergbau. Schon zuvor gestaltete er die Forschungst\u00e4tigkeit am FZN ma\u00dfgeblich mit und gilt als Mitbegr\u00fcnder der noch jungen wissenschaftlichen Disziplin Nachbergbau. Als Professor im weltweit einzigartigen Masterstudiengang \u201eGeoingenieurwesen und Nachbergbau\u201c gibt der Experte sein Wissen an die Fachkr\u00e4fte von morgen weiter. Seine wissenschaftlichen Schwerpunkte liegen hierbei in den Bereichen Grubenwasser-Monitoring sowie Fluid- und Gas-Migration. Prof. Dr. Christian Melchers studierte Geologie an der Westf\u00e4lischen Wilhelms-Universit\u00e4t M\u00fcnster und promovierte 2009 zum Thema \u201eMethan im s\u00fcdlichen M\u00fcnsterland\u201c. Zudem ist er stellvertretender Vorsitzender im Kuratorium der Stiftung \u201eForum Bergbau und Wasser\u201c, Sprecher des AK Grubenwasser der Fachsektion Hydrogeologie e.V. in der DGGV e.V. und Beiratsmitglied des Geopark Ruhr.<\/em><\/p>\n\t<\/div>\r\n<\/div>\r\n\r\n\r\n\r\n\n\t\t\t<\/div> \n\t\t<\/div>\n\t<\/div> \n<\/div><\/div>","protected":false},"excerpt":{"rendered":"3 Fragen an Prof. Dr. Christian Melchers \u201eWir sprechen nicht von Ewigkeitslasten, sondern von Ewigkeitsaufgaben. Denn f\u00fcr Aufgaben gibt es L\u00f6sungen\u201c \u2013 mit dieser Haltung pr\u00e4gt Prof. Dr. Christian Melchers...","protected":false},"author":1,"featured_media":0,"parent":0,"menu_order":0,"comment_status":"closed","ping_status":"closed","template":"","meta":{"footnotes":""},"class_list":["post-3888","page","type-page","status-publish"],"_links":{"self":[{"href":"https:\/\/fzn.thga.de\/en\/wp-json\/wp\/v2\/pages\/3888","targetHints":{"allow":["GET"]}}],"collection":[{"href":"https:\/\/fzn.thga.de\/en\/wp-json\/wp\/v2\/pages"}],"about":[{"href":"https:\/\/fzn.thga.de\/en\/wp-json\/wp\/v2\/types\/page"}],"author":[{"embeddable":true,"href":"https:\/\/fzn.thga.de\/en\/wp-json\/wp\/v2\/users\/1"}],"replies":[{"embeddable":true,"href":"https:\/\/fzn.thga.de\/en\/wp-json\/wp\/v2\/comments?post=3888"}],"version-history":[{"count":12,"href":"https:\/\/fzn.thga.de\/en\/wp-json\/wp\/v2\/pages\/3888\/revisions"}],"predecessor-version":[{"id":5769,"href":"https:\/\/fzn.thga.de\/en\/wp-json\/wp\/v2\/pages\/3888\/revisions\/5769"}],"wp:attachment":[{"href":"https:\/\/fzn.thga.de\/en\/wp-json\/wp\/v2\/media?parent=3888"}],"curies":[{"name":"wp","href":"https:\/\/api.w.org\/{rel}","templated":true}]}}