{"id":4430,"date":"2023-04-24T13:10:37","date_gmt":"2023-04-24T11:10:37","guid":{"rendered":"https:\/\/fzn.thga.de\/?page_id=4430"},"modified":"2023-05-16T11:53:03","modified_gmt":"2023-05-16T09:53:03","slug":"abk-ausfluege","status":"publish","type":"page","link":"https:\/\/fzn.thga.de\/en\/fzn\/abk-ausfluege\/","title":{"rendered":"Ausfl\u00fcge ABK"},"content":{"rendered":"<div id=\"fws_69e805ee279e7\"  data-column-margin=\"default\" data-midnight=\"dark\" data-top-percent=\"5%\" data-bottom-percent=\"2%\"  class=\"wpb_row vc_row-fluid vc_row standard_section\"  style=\"padding-top: calc(100vw * 0.05); padding-bottom: calc(100vw * 0.02); \"><div class=\"row-bg-wrap\" data-bg-animation=\"none\" data-bg-overlay=\"false\"><div class=\"inner-wrap\"><div class=\"row-bg\"  style=\"\"><\/div><\/div><div class=\"row-bg-overlay\" ><\/div><\/div><div class=\"row_col_wrap_12 col span_12 dark left\">\n\t<div  class=\"vc_col-sm-8 wpb_column column_container vc_column_container col no-extra-padding inherit_tablet inherit_phone\"  data-t-w-inherits=\"default\" data-bg-cover=\"\" data-padding-pos=\"all\" data-has-bg-color=\"false\" data-bg-color=\"\" data-bg-opacity=\"1\" data-hover-bg=\"\" data-hover-bg-opacity=\"1\" data-animation=\"\" data-delay=\"0\" >\n\t\t<div class=\"vc_column-inner\" ><div class=\"column-bg-overlay-wrap\" data-bg-animation=\"none\"><div class=\"column-bg-overlay\"><\/div><\/div>\n\t\t\t<div class=\"wpb_wrapper\">\n\t\t\t\t\r\n<div class=\"wpb_text_column wpb_content_element\" >\r\n\t<div class=\"wpb_wrapper\">\r\n\t\t<h1 style=\"text-align: left\"><span style=\"color: #06396a\">Ausfl\u00fcge in der Umgebung<br \/>\n<\/span><\/h1>\n\t<\/div>\r\n<\/div>\r\n\r\n\r\n\r\n\r\n<div class=\"wpb_text_column wpb_content_element\" >\r\n\t<div class=\"wpb_wrapper\">\r\n\t\t<h3>Die Zeche Zollverein bietet den perfekten Ausgangspunkt, um das Ruhrgebiet zu erkunden. Hier finden Sie einige Anregungen f\u00fcr Ihren Aufenthalt.<\/h3>\n<p>&nbsp;<\/p>\n<p>Bitte beachten Sie: Beim diesj\u00e4hrigen Altbergbaukolloquium wird kein gesonderdes Exkursions-Programm angeboten. Alle Ausfl\u00fcge finden in Eigenregie statt.<\/p>\n\t<\/div>\r\n<\/div>\r\n\r\n\r\n\r\n\n\t\t\t<\/div> \n\t\t<\/div>\n\t<\/div> \n\n\t<div  class=\"vc_col-sm-4 wpb_column column_container vc_column_container col no-extra-padding inherit_tablet inherit_phone\"  data-t-w-inherits=\"default\" data-bg-cover=\"\" data-padding-pos=\"all\" data-has-bg-color=\"false\" data-bg-color=\"\" data-bg-opacity=\"1\" data-hover-bg=\"\" data-hover-bg-opacity=\"1\" data-animation=\"\" data-delay=\"0\" >\n\t\t<div class=\"vc_column-inner\" ><div class=\"column-bg-overlay-wrap\" data-bg-animation=\"none\"><div class=\"column-bg-overlay\"><\/div><\/div>\n\t\t\t<div class=\"wpb_wrapper\">\n\t\t\t\t\n\t\t\t<\/div> \n\t\t<\/div>\n\t<\/div> \n<\/div><\/div>\n\t\t<div id=\"fws_69e805ee28248\"  data-column-margin=\"default\" data-midnight=\"dark\" data-bottom-percent=\"4%\"  class=\"wpb_row vc_row-fluid vc_row standard_section\"  style=\"padding-top: 0px; padding-bottom: calc(100vw * 0.04); \"><div class=\"row-bg-wrap\" data-bg-animation=\"none\" data-bg-overlay=\"false\"><div class=\"inner-wrap\"><div class=\"row-bg\"  style=\"\"><\/div><\/div><div class=\"row-bg-overlay\" ><\/div><\/div><div class=\"row_col_wrap_12 col span_12 dark left\">\n\t<div  class=\"vc_col-sm-4 wpb_column column_container vc_column_container col no-extra-padding inherit_tablet inherit_phone\"  data-t-w-inherits=\"default\" data-bg-cover=\"\" data-padding-pos=\"all\" data-has-bg-color=\"false\" data-bg-color=\"\" data-bg-opacity=\"1\" data-hover-bg=\"\" data-hover-bg-opacity=\"1\" data-animation=\"\" data-delay=\"0\" >\n\t\t<div class=\"vc_column-inner\" ><div class=\"column-bg-overlay-wrap\" data-bg-animation=\"none\"><div class=\"column-bg-overlay\"><\/div><\/div>\n\t\t\t<div class=\"wpb_wrapper\">\n\t\t\t\t<div class=\"img-with-aniamtion-wrap\" data-max-width=\"100%\" data-max-width-mobile=\"default\" data-border-radius=\"none\" data-shadow=\"none\" data-animation=\"fade-in\" >\r\n      <div class=\"inner\">\r\n        <div class=\"hover-wrap\" data-hover-animation=\"none\"> \r\n          <div class=\"hover-wrap-inner\">\r\n            <a href=\"https:\/\/www.zollverein.de\/highlights\/\" target=\"_blank\" class=\"\">\r\n              <img loading=\"lazy\" decoding=\"async\" class=\"img-with-animation skip-lazy\" data-delay=\"0\" height=\"1707\" width=\"2560\" data-animation=\"fade-in\" src=\"https:\/\/fzn.thga.de\/wp-content\/uploads\/sites\/4\/2023\/04\/20140702-zollverein-LB-FN-Jochen-Tack_017.jpg-scaled.jpg\" alt=\"\" srcset=\"https:\/\/fzn.thga.de\/wp-content\/uploads\/sites\/4\/2023\/04\/20140702-zollverein-LB-FN-Jochen-Tack_017.jpg-scaled.jpg 2560w, https:\/\/fzn.thga.de\/wp-content\/uploads\/sites\/4\/2023\/04\/20140702-zollverein-LB-FN-Jochen-Tack_017.jpg-300x200.jpg 300w, https:\/\/fzn.thga.de\/wp-content\/uploads\/sites\/4\/2023\/04\/20140702-zollverein-LB-FN-Jochen-Tack_017.jpg-1024x683.jpg 1024w, https:\/\/fzn.thga.de\/wp-content\/uploads\/sites\/4\/2023\/04\/20140702-zollverein-LB-FN-Jochen-Tack_017.jpg-768x512.jpg 768w, https:\/\/fzn.thga.de\/wp-content\/uploads\/sites\/4\/2023\/04\/20140702-zollverein-LB-FN-Jochen-Tack_017.jpg-1536x1024.jpg 1536w, https:\/\/fzn.thga.de\/wp-content\/uploads\/sites\/4\/2023\/04\/20140702-zollverein-LB-FN-Jochen-Tack_017.jpg-2048x1365.jpg 2048w, https:\/\/fzn.thga.de\/wp-content\/uploads\/sites\/4\/2023\/04\/20140702-zollverein-LB-FN-Jochen-Tack_017.jpg-18x12.jpg 18w, https:\/\/fzn.thga.de\/wp-content\/uploads\/sites\/4\/2023\/04\/20140702-zollverein-LB-FN-Jochen-Tack_017.jpg-900x600.jpg 900w\" sizes=\"auto, (min-width: 1450px) 75vw, (min-width: 1000px) 85vw, 100vw\" \/>\r\n            <\/a>\r\n          <\/div>\r\n        <\/div>\r\n      <\/div>\r\n      <\/div>\n\t\t\t<\/div> \n\t\t<\/div>\n\t<\/div> \n\n\t<div  class=\"vc_col-sm-8 wpb_column column_container vc_column_container col no-extra-padding inherit_tablet inherit_phone\"  data-t-w-inherits=\"default\" data-bg-cover=\"\" data-padding-pos=\"all\" data-has-bg-color=\"false\" data-bg-color=\"\" data-bg-opacity=\"1\" data-hover-bg=\"\" data-hover-bg-opacity=\"1\" data-animation=\"\" data-delay=\"0\" >\n\t\t<div class=\"vc_column-inner\" ><div class=\"column-bg-overlay-wrap\" data-bg-animation=\"none\"><div class=\"column-bg-overlay\"><\/div><\/div>\n\t\t\t<div class=\"wpb_wrapper\">\n\t\t\t\t<div class=\"nectar-highlighted-text\" data-style=\"full_text\" data-using-custom-color=\"false\" data-animation-delay=\"false\" data-color=\"\" data-color-gradient=\"\" style=\"\">\n<h2><a href=\"https:\/\/www.zollverein.de\/highlights\/\">UNESCO Welterbe Zollverein<\/a><\/h2>\n<\/div>\r\n<div class=\"wpb_text_column wpb_content_element\" >\r\n\t<div class=\"wpb_wrapper\">\r\n\t\t<p>Das UNESCO-Welterbe Zeche und Kokerei Zollverein ist die ehemals gr\u00f6\u00dfte Steinkohlenzeche der Welt und gr\u00f6\u00dfte Kokerei Europas. Seit der letzten Schicht im Jahr 1986 hat sich Zollverein in eine St\u00e4tte f\u00fcr Kunst, Kultur und Kreativwirtschaft verwandelt. Hier finden Sie das Ruhr Museum, den Denkmalpfad Zollverein oder haben die M\u00f6glichkeit, an unterschiedlichen F\u00fchrungen teilzunehmen.<br \/>\n<a href=\"https:\/\/www.zollverein.de\/highlights\/\"><strong>https:\/\/www.zollverein.de\/highlights\/<\/strong><\/a><\/p>\n\t<\/div>\r\n<\/div>\r\n\r\n\r\n\r\n\n\t\t\t<\/div> \n\t\t<\/div>\n\t<\/div> \n<\/div><\/div>\n\t\t<div id=\"fws_69e805ee28ce1\"  data-column-margin=\"default\" data-midnight=\"dark\" data-bottom-percent=\"4%\"  class=\"wpb_row vc_row-fluid vc_row standard_section\"  style=\"padding-top: 0px; padding-bottom: calc(100vw * 0.04); \"><div class=\"row-bg-wrap\" data-bg-animation=\"none\" data-bg-overlay=\"false\"><div class=\"inner-wrap\"><div class=\"row-bg\"  style=\"\"><\/div><\/div><div class=\"row-bg-overlay\" ><\/div><\/div><div class=\"row_col_wrap_12 col span_12 dark left\">\n\t<div  class=\"vc_col-sm-4 wpb_column column_container vc_column_container col no-extra-padding inherit_tablet inherit_phone\"  data-t-w-inherits=\"default\" data-bg-cover=\"\" data-padding-pos=\"all\" data-has-bg-color=\"false\" data-bg-color=\"\" data-bg-opacity=\"1\" data-hover-bg=\"\" data-hover-bg-opacity=\"1\" data-animation=\"\" data-delay=\"0\" >\n\t\t<div class=\"vc_column-inner\" ><div class=\"column-bg-overlay-wrap\" data-bg-animation=\"none\"><div class=\"column-bg-overlay\"><\/div><\/div>\n\t\t\t<div class=\"wpb_wrapper\">\n\t\t\t\t<div class=\"img-with-aniamtion-wrap\" data-max-width=\"100%\" data-max-width-mobile=\"default\" data-border-radius=\"none\" data-shadow=\"none\" data-animation=\"fade-in\" >\r\n      <div class=\"inner\">\r\n        <div class=\"hover-wrap\" data-hover-animation=\"none\"> \r\n          <div class=\"hover-wrap-inner\">\r\n            <a href=\"https:\/\/www.route-industriekultur.ruhr\/\" target=\"_blank\" class=\"\">\r\n              <img loading=\"lazy\" decoding=\"async\" class=\"img-with-animation skip-lazy\" data-delay=\"0\" height=\"576\" width=\"1024\" data-animation=\"fade-in\" src=\"https:\/\/fzn.thga.de\/wp-content\/uploads\/sites\/4\/2023\/05\/2023_Route_der_Industriekultur_Karte_Primaerstandorte_RIK_no_design-1024x576-1.jpg\" alt=\"\" srcset=\"https:\/\/fzn.thga.de\/wp-content\/uploads\/sites\/4\/2023\/05\/2023_Route_der_Industriekultur_Karte_Primaerstandorte_RIK_no_design-1024x576-1.jpg 1024w, https:\/\/fzn.thga.de\/wp-content\/uploads\/sites\/4\/2023\/05\/2023_Route_der_Industriekultur_Karte_Primaerstandorte_RIK_no_design-1024x576-1-300x169.jpg 300w, https:\/\/fzn.thga.de\/wp-content\/uploads\/sites\/4\/2023\/05\/2023_Route_der_Industriekultur_Karte_Primaerstandorte_RIK_no_design-1024x576-1-768x432.jpg 768w, https:\/\/fzn.thga.de\/wp-content\/uploads\/sites\/4\/2023\/05\/2023_Route_der_Industriekultur_Karte_Primaerstandorte_RIK_no_design-1024x576-1-18x10.jpg 18w\" sizes=\"auto, (min-width: 1450px) 75vw, (min-width: 1000px) 85vw, 100vw\" \/>\r\n            <\/a>\r\n          <\/div>\r\n        <\/div>\r\n      <\/div>\r\n      <\/div>\n\t\t\t<\/div> \n\t\t<\/div>\n\t<\/div> \n\n\t<div  class=\"vc_col-sm-8 wpb_column column_container vc_column_container col no-extra-padding inherit_tablet inherit_phone\"  data-t-w-inherits=\"default\" data-bg-cover=\"\" data-padding-pos=\"all\" data-has-bg-color=\"false\" data-bg-color=\"\" data-bg-opacity=\"1\" data-hover-bg=\"\" data-hover-bg-opacity=\"1\" data-animation=\"\" data-delay=\"0\" >\n\t\t<div class=\"vc_column-inner\" ><div class=\"column-bg-overlay-wrap\" data-bg-animation=\"none\"><div class=\"column-bg-overlay\"><\/div><\/div>\n\t\t\t<div class=\"wpb_wrapper\">\n\t\t\t\t<div class=\"nectar-highlighted-text\" data-style=\"full_text\" data-using-custom-color=\"false\" data-animation-delay=\"false\" data-color=\"\" data-color-gradient=\"\" style=\"\">\n<h2><a href=\"https:\/\/www.route-industriekultur.ruhr\/\">Route der Industriekultur<\/a><\/h2>\n<\/div>\r\n<div class=\"wpb_text_column wpb_content_element\" >\r\n\t<div class=\"wpb_wrapper\">\r\n\t\t<p>Eine einzigartige Themenstra\u00dfe, die die beeindruckendsten Industriedenkm\u00e4ler des Ruhrgebiets auf einer Strecke von 400 Kilometern verbindet. Entlang der Route lassen sich die wichtigsten Zeugnisse der 150-j\u00e4hrigen industriellen Vergangenheit des Ruhrgebiets entdecken.<br \/>\n<a href=\"https:\/\/www.route-industriekultur.ruhr\/\"><strong>https:\/\/www.route-industriekultur.ruhr\/<\/strong><\/a><\/p>\n\t<\/div>\r\n<\/div>\r\n\r\n\r\n\r\n\n\t\t\t<\/div> \n\t\t<\/div>\n\t<\/div> \n<\/div><\/div>\n\t\t<div id=\"fws_69e805ee2964a\"  data-column-margin=\"default\" data-midnight=\"dark\" data-bottom-percent=\"4%\"  class=\"wpb_row vc_row-fluid vc_row standard_section\"  style=\"padding-top: 0px; padding-bottom: calc(100vw * 0.04); \"><div class=\"row-bg-wrap\" data-bg-animation=\"none\" data-bg-overlay=\"false\"><div class=\"inner-wrap\"><div class=\"row-bg\"  style=\"\"><\/div><\/div><div class=\"row-bg-overlay\" ><\/div><\/div><div class=\"row_col_wrap_12 col span_12 dark left\">\n\t<div  class=\"vc_col-sm-4 wpb_column column_container vc_column_container col no-extra-padding inherit_tablet inherit_phone\"  data-t-w-inherits=\"default\" data-bg-cover=\"\" data-padding-pos=\"all\" data-has-bg-color=\"false\" data-bg-color=\"\" data-bg-opacity=\"1\" data-hover-bg=\"\" data-hover-bg-opacity=\"1\" data-animation=\"\" data-delay=\"0\" >\n\t\t<div class=\"vc_column-inner\" ><div class=\"column-bg-overlay-wrap\" data-bg-animation=\"none\"><div class=\"column-bg-overlay\"><\/div><\/div>\n\t\t\t<div class=\"wpb_wrapper\">\n\t\t\t\t<div class=\"img-with-aniamtion-wrap\" data-max-width=\"100%\" data-max-width-mobile=\"default\" data-border-radius=\"none\" data-shadow=\"none\" data-animation=\"fade-in\" >\r\n      <div class=\"inner\">\r\n        <div class=\"hover-wrap\" data-hover-animation=\"none\"> \r\n          <div class=\"hover-wrap-inner\">\r\n            <a href=\"https:\/\/www.rvr.ruhr\/themen\/tourismus-freizeit\/halden-landmarken\/\" target=\"_blank\" class=\"\">\r\n              <img loading=\"lazy\" decoding=\"async\" class=\"img-with-animation skip-lazy\" data-delay=\"0\" height=\"1705\" width=\"2560\" data-animation=\"fade-in\" src=\"https:\/\/fzn.thga.de\/wp-content\/uploads\/sites\/4\/2023\/04\/FZN_Geomonitoring_Halde-Rungenberg_Luftbild1-scaled.jpg\" alt=\"\" srcset=\"https:\/\/fzn.thga.de\/wp-content\/uploads\/sites\/4\/2023\/04\/FZN_Geomonitoring_Halde-Rungenberg_Luftbild1-scaled.jpg 2560w, https:\/\/fzn.thga.de\/wp-content\/uploads\/sites\/4\/2023\/04\/FZN_Geomonitoring_Halde-Rungenberg_Luftbild1-300x200.jpg 300w, https:\/\/fzn.thga.de\/wp-content\/uploads\/sites\/4\/2023\/04\/FZN_Geomonitoring_Halde-Rungenberg_Luftbild1-1024x682.jpg 1024w, https:\/\/fzn.thga.de\/wp-content\/uploads\/sites\/4\/2023\/04\/FZN_Geomonitoring_Halde-Rungenberg_Luftbild1-768x512.jpg 768w, https:\/\/fzn.thga.de\/wp-content\/uploads\/sites\/4\/2023\/04\/FZN_Geomonitoring_Halde-Rungenberg_Luftbild1-1536x1023.jpg 1536w, https:\/\/fzn.thga.de\/wp-content\/uploads\/sites\/4\/2023\/04\/FZN_Geomonitoring_Halde-Rungenberg_Luftbild1-2048x1364.jpg 2048w, https:\/\/fzn.thga.de\/wp-content\/uploads\/sites\/4\/2023\/04\/FZN_Geomonitoring_Halde-Rungenberg_Luftbild1-18x12.jpg 18w, https:\/\/fzn.thga.de\/wp-content\/uploads\/sites\/4\/2023\/04\/FZN_Geomonitoring_Halde-Rungenberg_Luftbild1-900x600.jpg 900w\" sizes=\"auto, (min-width: 1450px) 75vw, (min-width: 1000px) 85vw, 100vw\" \/>\r\n            <\/a>\r\n          <\/div>\r\n        <\/div>\r\n      <\/div>\r\n      <\/div>\n\t\t\t<\/div> \n\t\t<\/div>\n\t<\/div> \n\n\t<div  class=\"vc_col-sm-8 wpb_column column_container vc_column_container col no-extra-padding inherit_tablet inherit_phone\"  data-t-w-inherits=\"default\" data-bg-cover=\"\" data-padding-pos=\"all\" data-has-bg-color=\"false\" data-bg-color=\"\" data-bg-opacity=\"1\" data-hover-bg=\"\" data-hover-bg-opacity=\"1\" data-animation=\"\" data-delay=\"0\" >\n\t\t<div class=\"vc_column-inner\" ><div class=\"column-bg-overlay-wrap\" data-bg-animation=\"none\"><div class=\"column-bg-overlay\"><\/div><\/div>\n\t\t\t<div class=\"wpb_wrapper\">\n\t\t\t\t<div class=\"nectar-highlighted-text\" data-style=\"full_text\" data-using-custom-color=\"false\" data-animation-delay=\"false\" data-color=\"\" data-color-gradient=\"\" style=\"\">\n<h2><a href=\"https:\/\/www.rvr.ruhr\/themen\/tourismus-freizeit\/halden-landmarken\/\">Halden im Ruhrgebiet<\/a><\/h2>\n<\/div>\r\n<div class=\"wpb_text_column wpb_content_element\" >\r\n\t<div class=\"wpb_wrapper\">\r\n\t\t<p>Die \u201eH\u00f6hepunkte des Ruhrgebietes\u201c haben eins gemeinsam: Sie sind alle selbstgebaut, bieten tolle Ausblicke \u00fcber die Region und haben oftmals einen besonderen Hang zur Kunst. Aus den ehemaligen Abraumhalden des Steinkohlenbergbaus wurde so eine spannende, gr\u00fcne Freizeitlandschaft, die Sie auf eigene Faust erkunden k\u00f6nnen:<br \/>\n<a href=\"https:\/\/www.rvr.ruhr\/themen\/tourismus-freizeit\/halden-landmarken\/\"><strong>https:\/\/www.rvr.ruhr\/themen\/tourismus-freizeit\/halden-landmarken\/ <\/strong><\/a><\/p>\n\t<\/div>\r\n<\/div>\r\n\r\n\r\n\r\n\n\t\t\t<\/div> \n\t\t<\/div>\n\t<\/div> \n<\/div><\/div>\n\t\t<div id=\"fws_69e805ee2a01b\"  data-column-margin=\"default\" data-midnight=\"dark\" data-bottom-percent=\"4%\"  class=\"wpb_row vc_row-fluid vc_row standard_section\"  style=\"padding-top: 0px; padding-bottom: calc(100vw * 0.04); \"><div class=\"row-bg-wrap\" data-bg-animation=\"none\" data-bg-overlay=\"false\"><div class=\"inner-wrap\"><div class=\"row-bg\"  style=\"\"><\/div><\/div><div class=\"row-bg-overlay\" ><\/div><\/div><div class=\"row_col_wrap_12 col span_12 dark left\">\n\t<div  class=\"vc_col-sm-4 wpb_column column_container vc_column_container col no-extra-padding inherit_tablet inherit_phone\"  data-t-w-inherits=\"default\" data-bg-cover=\"\" data-padding-pos=\"all\" data-has-bg-color=\"false\" data-bg-color=\"\" data-bg-opacity=\"1\" data-hover-bg=\"\" data-hover-bg-opacity=\"1\" data-animation=\"\" data-delay=\"0\" >\n\t\t<div class=\"vc_column-inner\" ><div class=\"column-bg-overlay-wrap\" data-bg-animation=\"none\"><div class=\"column-bg-overlay\"><\/div><\/div>\n\t\t\t<div class=\"wpb_wrapper\">\n\t\t\t\t<div class=\"img-with-aniamtion-wrap\" data-max-width=\"100%\" data-max-width-mobile=\"default\" data-border-radius=\"none\" data-shadow=\"none\" data-animation=\"fade-in\" >\r\n      <div class=\"inner\">\r\n        <div class=\"hover-wrap\" data-hover-animation=\"none\"> \r\n          <div class=\"hover-wrap-inner\">\r\n            <a href=\"https:\/\/www.bergbaumuseum.de\/en\/\" target=\"_blank\" class=\"\">\r\n              <img loading=\"lazy\" decoding=\"async\" class=\"img-with-animation skip-lazy\" data-delay=\"0\" height=\"1181\" width=\"1772\" data-animation=\"fade-in\" src=\"https:\/\/fzn.thga.de\/wp-content\/uploads\/sites\/4\/2023\/04\/aussenansicht-deutsches-bergbau-museum-bochum-c-karlheinz-jardner.jpg\" alt=\"\" srcset=\"https:\/\/fzn.thga.de\/wp-content\/uploads\/sites\/4\/2023\/04\/aussenansicht-deutsches-bergbau-museum-bochum-c-karlheinz-jardner.jpg 1772w, https:\/\/fzn.thga.de\/wp-content\/uploads\/sites\/4\/2023\/04\/aussenansicht-deutsches-bergbau-museum-bochum-c-karlheinz-jardner-300x200.jpg 300w, https:\/\/fzn.thga.de\/wp-content\/uploads\/sites\/4\/2023\/04\/aussenansicht-deutsches-bergbau-museum-bochum-c-karlheinz-jardner-1024x682.jpg 1024w, https:\/\/fzn.thga.de\/wp-content\/uploads\/sites\/4\/2023\/04\/aussenansicht-deutsches-bergbau-museum-bochum-c-karlheinz-jardner-768x512.jpg 768w, https:\/\/fzn.thga.de\/wp-content\/uploads\/sites\/4\/2023\/04\/aussenansicht-deutsches-bergbau-museum-bochum-c-karlheinz-jardner-1536x1024.jpg 1536w, https:\/\/fzn.thga.de\/wp-content\/uploads\/sites\/4\/2023\/04\/aussenansicht-deutsches-bergbau-museum-bochum-c-karlheinz-jardner-18x12.jpg 18w, https:\/\/fzn.thga.de\/wp-content\/uploads\/sites\/4\/2023\/04\/aussenansicht-deutsches-bergbau-museum-bochum-c-karlheinz-jardner-900x600.jpg 900w\" sizes=\"auto, (min-width: 1450px) 75vw, (min-width: 1000px) 85vw, 100vw\" \/>\r\n            <\/a>\r\n          <\/div>\r\n        <\/div>\r\n      <\/div>\r\n      <\/div>\n\t\t\t<\/div> \n\t\t<\/div>\n\t<\/div> \n\n\t<div  class=\"vc_col-sm-8 wpb_column column_container vc_column_container col no-extra-padding inherit_tablet inherit_phone\"  data-t-w-inherits=\"default\" data-bg-cover=\"\" data-padding-pos=\"all\" data-has-bg-color=\"false\" data-bg-color=\"\" data-bg-opacity=\"1\" data-hover-bg=\"\" data-hover-bg-opacity=\"1\" data-animation=\"\" data-delay=\"0\" >\n\t\t<div class=\"vc_column-inner\" ><div class=\"column-bg-overlay-wrap\" data-bg-animation=\"none\"><div class=\"column-bg-overlay\"><\/div><\/div>\n\t\t\t<div class=\"wpb_wrapper\">\n\t\t\t\t<div class=\"nectar-highlighted-text\" data-style=\"full_text\" data-using-custom-color=\"false\" data-animation-delay=\"false\" data-color=\"\" data-color-gradient=\"\" style=\"\">\n<h2><a href=\"https:\/\/www.bergbaumuseum.de\/en\/\">Deutsches Bergbau-Museum Bochum<\/a><\/h2>\n<\/div>\r\n<div class=\"wpb_text_column wpb_content_element\" >\r\n\t<div class=\"wpb_wrapper\">\r\n\t\t<p>Das Deutsche Bergbau-Museum Bochum, Leibniz-Forschungsmuseum f\u00fcr Georessourcen, sammelt, bewahrt, erforscht und vermittelt das materielle Erbe des Bergbaus. Vom Schachtger\u00fcst als Bochumer Wahrzeichen bieten sich viele tolle Ausblicke \u00fcber das Ruhrgebiet. Im Anschauungsbergwerk k\u00f6nnen Besucherinnen und Besucher neben imposanten Maschinen den Arbeitsalltag der Bergleute erleben.<br \/>\n<a href=\"https:\/\/www.bergbaumuseum.de\/en\/\"><strong>https:\/\/www.bergbaumuseum.de\/en\/<\/strong><\/a><\/p>\n\t<\/div>\r\n<\/div>\r\n\r\n\r\n\r\n\n\t\t\t<\/div> \n\t\t<\/div>\n\t<\/div> \n<\/div><\/div>\n\t\t<div id=\"fws_69e805ee2a97c\"  data-column-margin=\"default\" data-midnight=\"dark\" data-bottom-percent=\"4%\"  class=\"wpb_row vc_row-fluid vc_row standard_section\"  style=\"padding-top: 0px; padding-bottom: calc(100vw * 0.04); \"><div class=\"row-bg-wrap\" data-bg-animation=\"none\" data-bg-overlay=\"false\"><div class=\"inner-wrap\"><div class=\"row-bg\"  style=\"\"><\/div><\/div><div class=\"row-bg-overlay\" ><\/div><\/div><div class=\"row_col_wrap_12 col span_12 dark left\">\n\t<div  class=\"vc_col-sm-4 wpb_column column_container vc_column_container col no-extra-padding inherit_tablet inherit_phone\"  data-t-w-inherits=\"default\" data-bg-cover=\"\" data-padding-pos=\"all\" data-has-bg-color=\"false\" data-bg-color=\"\" data-bg-opacity=\"1\" data-hover-bg=\"\" data-hover-bg-opacity=\"1\" data-animation=\"\" data-delay=\"0\" >\n\t\t<div class=\"vc_column-inner\" ><div class=\"column-bg-overlay-wrap\" data-bg-animation=\"none\"><div class=\"column-bg-overlay\"><\/div><\/div>\n\t\t\t<div class=\"wpb_wrapper\">\n\t\t\t\t<div class=\"img-with-aniamtion-wrap\" data-max-width=\"100%\" data-max-width-mobile=\"default\" data-border-radius=\"none\" data-shadow=\"none\" data-animation=\"fade-in\" >\r\n      <div class=\"inner\">\r\n        <div class=\"hover-wrap\" data-hover-animation=\"none\"> \r\n          <div class=\"hover-wrap-inner\">\r\n            <a href=\"http:\/\/www.bergbauhistorie.ruhr\/graf-wittekind\/\" target=\"_blank\" class=\"\">\r\n              <img loading=\"lazy\" decoding=\"async\" class=\"img-with-animation skip-lazy\" data-delay=\"0\" height=\"502\" width=\"694\" data-animation=\"fade-in\" src=\"https:\/\/fzn.thga.de\/wp-content\/uploads\/sites\/4\/2023\/05\/WTK_Foerderberg_Scheidemann.jpg\" alt=\"\" srcset=\"https:\/\/fzn.thga.de\/wp-content\/uploads\/sites\/4\/2023\/05\/WTK_Foerderberg_Scheidemann.jpg 694w, https:\/\/fzn.thga.de\/wp-content\/uploads\/sites\/4\/2023\/05\/WTK_Foerderberg_Scheidemann-300x217.jpg 300w, https:\/\/fzn.thga.de\/wp-content\/uploads\/sites\/4\/2023\/05\/WTK_Foerderberg_Scheidemann-18x12.jpg 18w\" sizes=\"auto, (min-width: 1450px) 75vw, (min-width: 1000px) 85vw, 100vw\" \/>\r\n            <\/a>\r\n          <\/div>\r\n        <\/div>\r\n      <\/div>\r\n      <\/div>\n\t\t\t<\/div> \n\t\t<\/div>\n\t<\/div> \n\n\t<div  class=\"vc_col-sm-8 wpb_column column_container vc_column_container col no-extra-padding inherit_tablet inherit_phone\"  data-t-w-inherits=\"default\" data-bg-cover=\"\" data-padding-pos=\"all\" data-has-bg-color=\"false\" data-bg-color=\"\" data-bg-opacity=\"1\" data-hover-bg=\"\" data-hover-bg-opacity=\"1\" data-animation=\"\" data-delay=\"0\" >\n\t\t<div class=\"vc_column-inner\" ><div class=\"column-bg-overlay-wrap\" data-bg-animation=\"none\"><div class=\"column-bg-overlay\"><\/div><\/div>\n\t\t\t<div class=\"wpb_wrapper\">\n\t\t\t\t<div class=\"nectar-highlighted-text\" data-style=\"full_text\" data-using-custom-color=\"false\" data-animation-delay=\"false\" data-color=\"\" data-color-gradient=\"\" style=\"\">\n<h2><a href=\"http:\/\/www.bergbauhistorie.ruhr\/graf-wittekind\/\">Besucherbergwerk Graf Wittekind\u00a0<\/a><\/h2>\n<\/div>\r\n<div class=\"wpb_text_column wpb_content_element\" >\r\n\t<div class=\"wpb_wrapper\">\r\n\t\t<p>Das Besucherbergwerk Graf Wittekind ist ein Besucherbergwerk im Dortmunder Stadtteil Syburg. Das Besucherbergwerk ist aus den ehemaligen Zechen Graf Wittekind und Schleifm\u00fchle entstanden. Fast jeden Samstag bietet der <strong>F\u00f6rderverein Bergbauhistorischer St\u00e4tten Ruhrrevier e.V.<\/strong> nach vorheriger Anmeldung kostenlose F\u00fchrungen unter Tage an.<br \/>\n<a href=\"http:\/\/www.bergbauhistorie.ruhr\/graf-wittekind\/\"><strong>http:\/\/www.bergbauhistorie.ruhr\/graf-wittekind\/<\/strong><\/a><\/p>\n\t<\/div>\r\n<\/div>\r\n\r\n\r\n\r\n\n\t\t\t<\/div> \n\t\t<\/div>\n\t<\/div> \n<\/div><\/div>","protected":false},"excerpt":{"rendered":"Ausfl\u00fcge in der Umgebung Die Zeche Zollverein bietet den perfekten Ausgangspunkt, um das Ruhrgebiet zu erkunden. Hier finden Sie einige Anregungen f\u00fcr Ihren Aufenthalt. &nbsp; Bitte beachten Sie: Beim diesj\u00e4hrigen...","protected":false},"author":11,"featured_media":0,"parent":65,"menu_order":0,"comment_status":"closed","ping_status":"closed","template":"","meta":{"footnotes":""},"class_list":["post-4430","page","type-page","status-publish"],"_links":{"self":[{"href":"https:\/\/fzn.thga.de\/en\/wp-json\/wp\/v2\/pages\/4430","targetHints":{"allow":["GET"]}}],"collection":[{"href":"https:\/\/fzn.thga.de\/en\/wp-json\/wp\/v2\/pages"}],"about":[{"href":"https:\/\/fzn.thga.de\/en\/wp-json\/wp\/v2\/types\/page"}],"author":[{"embeddable":true,"href":"https:\/\/fzn.thga.de\/en\/wp-json\/wp\/v2\/users\/11"}],"replies":[{"embeddable":true,"href":"https:\/\/fzn.thga.de\/en\/wp-json\/wp\/v2\/comments?post=4430"}],"version-history":[{"count":15,"href":"https:\/\/fzn.thga.de\/en\/wp-json\/wp\/v2\/pages\/4430\/revisions"}],"predecessor-version":[{"id":4555,"href":"https:\/\/fzn.thga.de\/en\/wp-json\/wp\/v2\/pages\/4430\/revisions\/4555"}],"up":[{"embeddable":true,"href":"https:\/\/fzn.thga.de\/en\/wp-json\/wp\/v2\/pages\/65"}],"wp:attachment":[{"href":"https:\/\/fzn.thga.de\/en\/wp-json\/wp\/v2\/media?parent=4430"}],"curies":[{"name":"wp","href":"https:\/\/api.w.org\/{rel}","templated":true}]}}