{"id":4697,"date":"2023-07-27T13:32:32","date_gmt":"2023-07-27T11:32:32","guid":{"rendered":"https:\/\/fzn.thga.de\/?page_id=4697"},"modified":"2023-11-07T10:04:39","modified_gmt":"2023-11-07T09:04:39","slug":"abk-technical-tour","status":"publish","type":"page","link":"https:\/\/fzn.thga.de\/en\/fzn\/abk-technical-tour\/","title":{"rendered":"ABK Technical Tour"},"content":{"rendered":"<div id=\"fws_69dd1e407cabf\"  data-column-margin=\"default\" data-midnight=\"dark\" data-top-percent=\"5%\" data-bottom-percent=\"2%\"  class=\"wpb_row vc_row-fluid vc_row standard_section\"  style=\"padding-top: calc(100vw * 0.05); padding-bottom: calc(100vw * 0.02); \"><div class=\"row-bg-wrap\" data-bg-animation=\"none\" data-bg-overlay=\"false\"><div class=\"inner-wrap\"><div class=\"row-bg\"  style=\"\"><\/div><\/div><div class=\"row-bg-overlay\" ><\/div><\/div><div class=\"row_col_wrap_12 col span_12 dark left\">\n\t<div  class=\"vc_col-sm-12 wpb_column column_container vc_column_container col no-extra-padding inherit_tablet inherit_phone\"  data-t-w-inherits=\"default\" data-bg-cover=\"\" data-padding-pos=\"all\" data-has-bg-color=\"false\" data-bg-color=\"\" data-bg-opacity=\"1\" data-hover-bg=\"\" data-hover-bg-opacity=\"1\" data-animation=\"\" data-delay=\"0\" >\n\t\t<div class=\"vc_column-inner\" ><div class=\"column-bg-overlay-wrap\" data-bg-animation=\"none\"><div class=\"column-bg-overlay\"><\/div><\/div>\n\t\t\t<div class=\"wpb_wrapper\">\n\t\t\t\t\r\n<div class=\"wpb_text_column wpb_content_element\" >\r\n\t<div class=\"wpb_wrapper\">\r\n\t\t<h1 style=\"text-align: left\"><span style=\"color: #06396a\">Begehung der Schachtbaustelle<br \/>\n<\/span><\/h1>\n<h3><span style=\"color: #06396a\">im Rahmen des 21. Altbergbaukolloquiums auf dem UNESCO-Welterbe Zollverein<\/span><\/h3>\n\t<\/div>\r\n<\/div>\r\n\r\n\r\n\r\n\r\n<div class=\"wpb_text_column wpb_content_element\" >\r\n\t<div class=\"wpb_wrapper\">\r\n\t\t<p>Das Grubenwasserkonzept der RAG AG sieht vor, dass Grubenwasser im Ruhrgebiet k\u00fcnftig nur noch an sechs Standorten gehoben wird. Das ehemalige Essener Bergwerk Zollverein ist eine wichtige St\u00fctze dieses Grubenwasserkonzepts \u2013 das Welterbe wird in Zukunft zum Sicherungsstandort. Dann sollen keine Menschen mehr nach Untertage fahren k\u00f6nnen, sondern nur noch Pumpen. Aktuell werden daf\u00fcr hunderte Meter Rohrleitungen in die Tiefe verlegt und der Schacht XII mit Beton verf\u00fcllt. Die umfangreichen Umbauarbeiten dauern bis Ende 2024 an.<\/p>\n<p>Im Rahmen des 21. Altbergbaukolloquiums haben Sie die einmalige M\u00f6glichkeit, die aktuelle Schachtbaustelle in einer exklusiven Begehung zu besichtigen. In kleinen Gruppen erhalten Sie vor Ort seltene Einblicke in die laufenden Prozesse und erfahren alles Wissenswerte zu den Heraus- und Anforderungen des Umbaus. Unsere Tour findet mit freundlicher Unterst\u00fctzung der <a href=\"https:\/\/www.dmt-group.com\/de\/\"><strong>DMT Group<\/strong><\/a> and the <a href=\"https:\/\/www.rag.de\"><strong>RAG AG<\/strong><\/a> statt.<\/p>\n\t<\/div>\r\n<\/div>\r\n\r\n\r\n\r\n<div class=\"divider-wrap\" data-alignment=\"default\"><div style=\"height: 25px;\" class=\"divider\"><\/div><\/div>\r\n<div class=\"wpb_text_column wpb_content_element\" >\r\n\t<div class=\"wpb_wrapper\">\r\n\t\t<h3><strong><span style=\"color: #e30000\">Hinweise zum Ablauf:<br \/>\n<\/span><\/strong><\/h3>\n<ul>\n<li>begrenzte Teilnehmerzahl: max. 170 Personen k\u00f6nnen an der Begehung teilnehmen. Wir bitten daher um fr\u00fchzeitige Anmeldung (s. u.).<\/li>\n<li>Gruppengr\u00f6\u00dfe: max. zehn Personen pro Tour<\/li>\n<li>Termine: Donnerstag, 09.11.2023, 10:30 Uhr &#8211; 16:30 Uhr (keine Touren w\u00e4hrend der Mittagspause) sowie Freitag, 10.11.2023, 09:30 Uhr &#8211; 12:30 Uhr<\/li>\n<li>Terminauswahl erfolgt nach Anmeldung via separatem Link<\/li>\n<li>Dauer: ca. 30 min. pro Tour<\/li>\n<\/ul>\n\t<\/div>\r\n<\/div>\r\n\r\n\r\n\r\n\r\n<div class=\"wpb_text_column wpb_content_element\" >\r\n\t<div class=\"wpb_wrapper\">\r\n\t\t<h3><strong><span style=\"color: #e30000\">Wichtig:<\/span><\/strong><\/h3>\n<p>Jeder Teilnehmende ist verpflichtet, <strong>eigene Sicherheitsschuhe der Kategorie S3 und eine Warnweste<\/strong> mitzubringen. Helme werden seitens der DMT GmbH gestellt. (Ohne die Mitf\u00fchrung geeigneter Sicherheitsausr\u00fcstung kann eine Teilnahme an der Begehung leider nicht gew\u00e4hrleistet werden.)<\/p>\n\t<\/div>\r\n<\/div>\r\n\r\n\r\n\r\n\n\t\t\t<\/div> \n\t\t<\/div>\n\t<\/div> \n<\/div><\/div>","protected":false},"excerpt":{"rendered":"Begehung der Schachtbaustelle im Rahmen des 21. Altbergbaukolloquiums auf dem UNESCO-Welterbe Zollverein Das Grubenwasserkonzept der RAG AG sieht vor, dass Grubenwasser im Ruhrgebiet k\u00fcnftig nur noch an sechs Standorten gehoben...","protected":false},"author":11,"featured_media":4705,"parent":65,"menu_order":0,"comment_status":"closed","ping_status":"closed","template":"","meta":{"footnotes":""},"class_list":["post-4697","page","type-page","status-publish","has-post-thumbnail"],"_links":{"self":[{"href":"https:\/\/fzn.thga.de\/en\/wp-json\/wp\/v2\/pages\/4697","targetHints":{"allow":["GET"]}}],"collection":[{"href":"https:\/\/fzn.thga.de\/en\/wp-json\/wp\/v2\/pages"}],"about":[{"href":"https:\/\/fzn.thga.de\/en\/wp-json\/wp\/v2\/types\/page"}],"author":[{"embeddable":true,"href":"https:\/\/fzn.thga.de\/en\/wp-json\/wp\/v2\/users\/11"}],"replies":[{"embeddable":true,"href":"https:\/\/fzn.thga.de\/en\/wp-json\/wp\/v2\/comments?post=4697"}],"version-history":[{"count":16,"href":"https:\/\/fzn.thga.de\/en\/wp-json\/wp\/v2\/pages\/4697\/revisions"}],"predecessor-version":[{"id":4826,"href":"https:\/\/fzn.thga.de\/en\/wp-json\/wp\/v2\/pages\/4697\/revisions\/4826"}],"up":[{"embeddable":true,"href":"https:\/\/fzn.thga.de\/en\/wp-json\/wp\/v2\/pages\/65"}],"wp:featuredmedia":[{"embeddable":true,"href":"https:\/\/fzn.thga.de\/en\/wp-json\/wp\/v2\/media\/4705"}],"wp:attachment":[{"href":"https:\/\/fzn.thga.de\/en\/wp-json\/wp\/v2\/media?parent=4697"}],"curies":[{"name":"wp","href":"https:\/\/api.w.org\/{rel}","templated":true}]}}