{"id":5140,"date":"2023-12-20T15:02:07","date_gmt":"2023-12-20T14:02:07","guid":{"rendered":"https:\/\/fzn.thga.de\/?page_id=5140"},"modified":"2026-01-08T17:29:58","modified_gmt":"2026-01-08T16:29:58","slug":"benjamin-haske","status":"publish","type":"page","link":"https:\/\/fzn.thga.de\/en\/fzn\/team\/benjamin-haske\/","title":{"rendered":"Dr.-Ing. Benjamin Haske"},"content":{"rendered":"<div id=\"fws_69de2a595d7fc\"  data-column-margin=\"default\" data-midnight=\"dark\" data-top-percent=\"5%\" data-bottom-percent=\"7%\"  class=\"wpb_row vc_row-fluid vc_row standard_section\"  style=\"padding-top: calc(100vw * 0.05); padding-bottom: calc(100vw * 0.07); \"><div class=\"row-bg-wrap\" data-bg-animation=\"none\" data-bg-overlay=\"false\"><div class=\"inner-wrap\"><div class=\"row-bg\"  style=\"\"><\/div><\/div><div class=\"row-bg-overlay\" ><\/div><\/div><div class=\"row_col_wrap_12 col span_12 dark left\">\n\t<div  class=\"vc_col-sm-8 wpb_column column_container vc_column_container col no-extra-padding inherit_tablet inherit_phone\"  data-t-w-inherits=\"default\" data-bg-cover=\"\" data-padding-pos=\"all\" data-has-bg-color=\"false\" data-bg-color=\"\" data-bg-opacity=\"1\" data-hover-bg=\"\" data-hover-bg-opacity=\"1\" data-animation=\"\" data-delay=\"0\" >\n\t\t<div class=\"vc_column-inner\" ><div class=\"column-bg-overlay-wrap\" data-bg-animation=\"none\"><div class=\"column-bg-overlay\"><\/div><\/div>\n\t\t\t<div class=\"wpb_wrapper\">\n\t\t\t\t\r\n<div class=\"wpb_text_column wpb_content_element\" >\r\n\t<div class=\"wpb_wrapper\">\r\n\t\t<h2><a href=\"https:\/\/fzn.thga.de\/en\/fzn\/team\/\"><span style=\"color: #e30000\">Team<\/span><\/a><\/h2>\n\t<\/div>\r\n<\/div>\r\n\r\n\r\n\r\n\r\n<div class=\"wpb_text_column wpb_content_element\" >\r\n\t<div class=\"wpb_wrapper\">\r\n\t\t<h1 style=\"text-align: left\"><span style=\"color: #06396a\">Dr.-Ing. Benjamin Haske<br \/>\n<\/span><\/h1>\n\t<\/div>\r\n<\/div>\r\n\r\n\r\n\r\n<p style=\"font-size: 28px;color: #00325f;line-height: 1.5;text-align: left\" class=\"vc_custom_heading\" >Wissenschaftlicher Mitarbeiter &amp; Geodatenmanager<\/p>\r\n<div class=\"wpb_text_column wpb_content_element  vc_custom_1566995755379\" >\r\n\t<div class=\"wpb_wrapper\">\r\n\t\t<h3><strong>VITA<\/strong><\/h3>\n\t<\/div>\r\n<\/div>\r\n\r\n\r\n\r\n<div class=\"nectar-icon-list\" data-icon-color=\"default\" data-icon-style=\"border\" data-columns=\"3\" data-direction=\"vertical\" data-icon-size=\"small\" data-animate=\"\"><div class=\"nectar-icon-list-item\"><div class=\"list-icon-holder\" data-icon_type=\"icon\"><\/div><div class=\"content\"><h4>November 2021 - April 2025<\/h4>Promotion im Fach Geomonitoring an der TU Bergakademie Freiberg und der THGA<\/div><\/div><div class=\"nectar-icon-list-item\"><div class=\"list-icon-holder\" data-icon_type=\"icon\"><\/div><div class=\"content\"><h4>Seit August 2020<\/h4>Wissenschaftlicher Mitarbeiter und Geodatenmanager im FZN<\/div><\/div><div class=\"nectar-icon-list-item\"><div class=\"list-icon-holder\" data-icon_type=\"icon\"><\/div><div class=\"content\"><h4>Oktober 2017 - Mai 2021<\/h4>Studium Geoingenieurwesen und Nachbergbau an der THGA mit Abschluss zum Master of Engineering (M.Eng.)<\/div><\/div><div class=\"nectar-icon-list-item\"><div class=\"list-icon-holder\" data-icon_type=\"icon\"><\/div><div class=\"content\"><h4>Oktober 2008 - April 2012<\/h4>Studium Geod\u00e4sie und Geoinformation an der Universit\u00e4t der Bundeswehr M\u00fcnchen mit Abschluss zum Dipl.-Ing. (Univ.)<\/div><\/div><div class=\"nectar-icon-list-item\"><div class=\"list-icon-holder\" data-icon_type=\"icon\"><\/div><div class=\"content\"><h4>Juli 2007 - M\u00e4rz 2020<\/h4>Offizier bei der Bundeswehr, u. a. im Zentrum f\u00fcr Geoinformationswesen<\/div><\/div><\/div><div class=\"divider-wrap\" data-alignment=\"default\"><div style=\"height: 25px;\" class=\"divider\"><\/div><\/div>\r\n<div class=\"wpb_text_column wpb_content_element  vc_custom_1706612757717\" >\r\n\t<div class=\"wpb_wrapper\">\r\n\t\t<h3><strong>Research focuses<\/strong><\/h3>\n<ul>\n<li>Geo- und Umweltmonitoring<\/li>\n<li>Geodatenverarbeitung, -analyse und -management<\/li>\n<li>Fernerkundungsbasiertes Risikomanagement im Alt- und Nachbergbau<\/li>\n<\/ul>\n\t<\/div>\r\n<\/div>\r\n\r\n\r\n\r\n\r\n<div class=\"wpb_text_column wpb_content_element  vc_custom_1706612890896\" >\r\n\t<div class=\"wpb_wrapper\">\r\n\t\t<h3><strong>Memberships<\/strong><\/h3>\n<ul>\n<li>Mitglied im Arbeitskreis \u201eGeodatenmanagement\u201c des DVW e.\u00a0V. \u2013 Gesellschaft f\u00fcr Geod\u00e4sie, Geoinformation und Landmanagement<\/li>\n<li>Mitglied in der Arbeitsgruppe \u201eK\u00fcnstliche Intelligenzen\u201c im Deutschen Markscheider-Verein e.V.<\/li>\n<\/ul>\n\t<\/div>\r\n<\/div>\r\n\r\n\r\n\r\n\n\t\t\t<\/div> \n\t\t<\/div>\n\t<\/div> \n\n\t<div  class=\"vc_col-sm-1 wpb_column column_container vc_column_container col no-extra-padding inherit_tablet inherit_phone\"  data-t-w-inherits=\"default\" data-bg-cover=\"\" data-padding-pos=\"all\" data-has-bg-color=\"false\" data-bg-color=\"\" data-bg-opacity=\"1\" data-hover-bg=\"\" data-hover-bg-opacity=\"1\" data-animation=\"\" data-delay=\"0\" >\n\t\t<div class=\"vc_column-inner\" ><div class=\"column-bg-overlay-wrap\" data-bg-animation=\"none\"><div class=\"column-bg-overlay\"><\/div><\/div>\n\t\t\t<div class=\"wpb_wrapper\">\n\t\t\t\t\n\t\t\t<\/div> \n\t\t<\/div>\n\t<\/div> \n\n\t<div  class=\"vc_col-sm-3 wpb_column column_container vc_column_container col no-extra-padding inherit_tablet inherit_phone\"  data-t-w-inherits=\"default\" data-bg-cover=\"\" data-padding-pos=\"all\" data-has-bg-color=\"false\" data-bg-color=\"\" data-bg-opacity=\"1\" data-hover-bg=\"\" data-hover-bg-opacity=\"1\" data-animation=\"\" data-delay=\"0\" >\n\t\t<div class=\"vc_column-inner\" ><div class=\"column-bg-overlay-wrap\" data-bg-animation=\"none\"><div class=\"column-bg-overlay\"><\/div><\/div>\n\t\t\t<div class=\"wpb_wrapper\">\n\t\t\t\t<div class=\"img-with-aniamtion-wrap\" data-max-width=\"100%\" data-max-width-mobile=\"default\" data-border-radius=\"none\" data-shadow=\"none\" data-animation=\"fade-in\" >\r\n      <div class=\"inner\">\r\n        <div class=\"hover-wrap\" data-hover-animation=\"none\"> \r\n          <div class=\"hover-wrap-inner\">\r\n            <img loading=\"lazy\" decoding=\"async\" class=\"img-with-animation skip-lazy\" data-delay=\"0\" height=\"2560\" width=\"1707\" data-animation=\"fade-in\" src=\"https:\/\/fzn.thga.de\/wp-content\/uploads\/sites\/4\/2020\/10\/Benjamin-Haske-scaled.jpg\" alt=\"\" srcset=\"https:\/\/fzn.thga.de\/wp-content\/uploads\/sites\/4\/2020\/10\/Benjamin-Haske-scaled.jpg 1707w, https:\/\/fzn.thga.de\/wp-content\/uploads\/sites\/4\/2020\/10\/Benjamin-Haske-200x300.jpg 200w, https:\/\/fzn.thga.de\/wp-content\/uploads\/sites\/4\/2020\/10\/Benjamin-Haske-683x1024.jpg 683w, https:\/\/fzn.thga.de\/wp-content\/uploads\/sites\/4\/2020\/10\/Benjamin-Haske-768x1152.jpg 768w, https:\/\/fzn.thga.de\/wp-content\/uploads\/sites\/4\/2020\/10\/Benjamin-Haske-1024x1536.jpg 1024w, https:\/\/fzn.thga.de\/wp-content\/uploads\/sites\/4\/2020\/10\/Benjamin-Haske-1365x2048.jpg 1365w, https:\/\/fzn.thga.de\/wp-content\/uploads\/sites\/4\/2020\/10\/Benjamin-Haske-8x12.jpg 8w\" sizes=\"auto, (min-width: 1450px) 75vw, (min-width: 1000px) 85vw, 100vw\" \/>\r\n          <\/div>\r\n        <\/div>\r\n      <\/div>\r\n    <\/div>\n\t\t\t<\/div> \n\t\t<\/div>\n\t<\/div> \n<\/div><\/div>","protected":false},"excerpt":{"rendered":"Team Dr.-Ing. Benjamin Haske Wissenschaftlicher Mitarbeiter &amp; Geodatenmanager VITA November 2021 - April 2025Promotion im Fach Geomonitoring an der TU Bergakademie Freiberg und der THGASeit August 2020Wissenschaftlicher Mitarbeiter und Geodatenmanager...","protected":false},"author":1,"featured_media":0,"parent":2894,"menu_order":0,"comment_status":"closed","ping_status":"closed","template":"","meta":{"footnotes":""},"class_list":["post-5140","page","type-page","status-publish"],"_links":{"self":[{"href":"https:\/\/fzn.thga.de\/en\/wp-json\/wp\/v2\/pages\/5140","targetHints":{"allow":["GET"]}}],"collection":[{"href":"https:\/\/fzn.thga.de\/en\/wp-json\/wp\/v2\/pages"}],"about":[{"href":"https:\/\/fzn.thga.de\/en\/wp-json\/wp\/v2\/types\/page"}],"author":[{"embeddable":true,"href":"https:\/\/fzn.thga.de\/en\/wp-json\/wp\/v2\/users\/1"}],"replies":[{"embeddable":true,"href":"https:\/\/fzn.thga.de\/en\/wp-json\/wp\/v2\/comments?post=5140"}],"version-history":[{"count":13,"href":"https:\/\/fzn.thga.de\/en\/wp-json\/wp\/v2\/pages\/5140\/revisions"}],"predecessor-version":[{"id":8806,"href":"https:\/\/fzn.thga.de\/en\/wp-json\/wp\/v2\/pages\/5140\/revisions\/8806"}],"up":[{"embeddable":true,"href":"https:\/\/fzn.thga.de\/en\/wp-json\/wp\/v2\/pages\/2894"}],"wp:attachment":[{"href":"https:\/\/fzn.thga.de\/en\/wp-json\/wp\/v2\/media?parent=5140"}],"curies":[{"name":"wp","href":"https:\/\/api.w.org\/{rel}","templated":true}]}}