{"id":6343,"date":"2025-03-26T09:44:08","date_gmt":"2025-03-26T08:44:08","guid":{"rendered":"https:\/\/fzn.thga.de\/?page_id=6343"},"modified":"2025-04-02T11:26:49","modified_gmt":"2025-04-02T09:26:49","slug":"nbz-vortraege","status":"publish","type":"page","link":"https:\/\/fzn.thga.de\/en\/fzn\/nbz-vortraege\/","title":{"rendered":"Nachbergbauzeit NRW 2025: Die Pr\u00e4sentationen"},"content":{"rendered":"<div id=\"fws_69d7f9bbdbb9d\"  data-column-margin=\"default\" data-midnight=\"dark\"  class=\"wpb_row vc_row-fluid vc_row standard_section\"  style=\"padding-top: 0px; padding-bottom: 0px; \"><div class=\"row-bg-wrap\" data-bg-animation=\"none\" data-bg-overlay=\"false\"><div class=\"inner-wrap\"><div class=\"row-bg\"  style=\"\"><\/div><\/div><div class=\"row-bg-overlay\" ><\/div><\/div><div class=\"row_col_wrap_12 col span_12 dark left\">\n\t<div  class=\"vc_col-sm-12 wpb_column column_container vc_column_container col no-extra-padding inherit_tablet inherit_phone\"  data-t-w-inherits=\"default\" data-bg-cover=\"\" data-padding-pos=\"all\" data-has-bg-color=\"false\" data-bg-color=\"\" data-bg-opacity=\"1\" data-hover-bg=\"\" data-hover-bg-opacity=\"1\" data-animation=\"\" data-delay=\"0\" >\n\t\t<div class=\"vc_column-inner\" ><div class=\"column-bg-overlay-wrap\" data-bg-animation=\"none\"><div class=\"column-bg-overlay\"><\/div><\/div>\n\t\t\t<div class=\"wpb_wrapper\">\n\t\t\t\t\r\n<div class=\"wpb_text_column wpb_content_element\" >\r\n\t<div class=\"wpb_wrapper\">\r\n\t\t\t<\/div>\r\n<\/div>\r\n\r\n\r\n\r\n<div class=\"divider-wrap\" data-alignment=\"default\"><div style=\"height: 25px;\" class=\"divider\"><\/div><\/div>\r\n<div class=\"wpb_text_column wpb_content_element\" >\r\n\t<div class=\"wpb_wrapper\">\r\n\t\t<h1 style=\"text-align: left\"><span style=\"color: #06396a\">Presentations of the Nachbergbauzeit NRW 2025<\/span><\/h1>\n\t<\/div>\r\n<\/div>\r\n\r\n\r\n\r\n<div class=\"divider-wrap\" data-alignment=\"default\"><div style=\"height: 25px;\" class=\"divider\"><\/div><\/div>\n\t\t\t<\/div> \n\t\t<\/div>\n\t<\/div> \n\n\t<div  class=\"vc_col-sm-12 wpb_column column_container vc_column_container col no-extra-padding inherit_tablet inherit_phone\"  data-t-w-inherits=\"default\" data-bg-cover=\"\" data-padding-pos=\"all\" data-has-bg-color=\"false\" data-bg-color=\"\" data-bg-opacity=\"1\" data-hover-bg=\"\" data-hover-bg-opacity=\"1\" data-animation=\"\" data-delay=\"0\" >\n\t\t<div class=\"vc_column-inner\" ><div class=\"column-bg-overlay-wrap\" data-bg-animation=\"none\"><div class=\"column-bg-overlay\"><\/div><\/div>\n\t\t\t<div class=\"wpb_wrapper\">\n\t\t\t\t\r\n<div class=\"wpb_text_column wpb_content_element\" >\r\n\t<div class=\"wpb_wrapper\">\r\n\t\t<p class=\"\" data-start=\"141\" data-end=\"388\">Wie kann Digitalisierung den Nachbergbau nachhaltig gestalten? Diese zentrale Frage stand am 20. M\u00e4rz 2025 im Fokus der Fachtagung <em data-start=\"272\" data-end=\"330\">\u201eNachbergbauzeit NRW \u2013 Digitalisierung trifft Tradition\u201c<\/em> an der Technischen Hochschule Georg Agricola in Bochum.<\/p>\n<p class=\"\" data-start=\"390\" data-end=\"791\">Rund 250 Expert:innen, Fachleute und Interessierte erlebten hautnah, welche digitalen Technologien bereits erfolgreich im Einsatz sind und welche innovativen L\u00f6sungen die Zukunft pr\u00e4gen werden. In spannenden Vortr\u00e4gen und intensiven Diskussionen wurde deutlich: Die Verbindung von Tradition und modernster Technologie er\u00f6ffnet v\u00f6llig neue M\u00f6glichkeiten f\u00fcr den Umgang mit ehemaligen Bergbaugebieten.<\/p>\n<p class=\"\" data-start=\"793\" data-end=\"950\">The <strong>Research Center of Post-Mining<\/strong> and the <strong>Bezirksregierung Arnsberg <\/strong>bedanken sich herzlich bei allen Teilnehmenden f\u00fcr den inspirierenden Austausch!<\/p>\n\t<\/div>\r\n<\/div>\r\n\r\n\r\n\r\n<div class=\"divider-wrap\" data-alignment=\"default\"><div style=\"margin-top: 12.5px; width: 20%px; height: 1px; margin-bottom: 12.5px;\" data-width=\"20%\" data-animate=\"yes\" data-animation-delay=\"5\" data-color=\"accent-color\" class=\"divider-small-border\"><\/div><\/div>\n\t\t\t<\/div> \n\t\t<\/div>\n\t<\/div> \n\n\t<div  class=\"vc_col-sm-12 wpb_column column_container vc_column_container col no-extra-padding inherit_tablet inherit_phone\"  data-t-w-inherits=\"default\" data-bg-cover=\"\" data-padding-pos=\"all\" data-has-bg-color=\"false\" data-bg-color=\"\" data-bg-opacity=\"1\" data-hover-bg=\"\" data-hover-bg-opacity=\"1\" data-animation=\"\" data-delay=\"0\" >\n\t\t<div class=\"vc_column-inner\" ><div class=\"column-bg-overlay-wrap\" data-bg-animation=\"none\"><div class=\"column-bg-overlay\"><\/div><\/div>\n\t\t\t<div class=\"wpb_wrapper\">\n\t\t\t\t<div class=\"divider-wrap\" data-alignment=\"default\"><div style=\"height: 25px;\" class=\"divider\"><\/div><\/div><div class=\"divider-wrap\" data-alignment=\"default\"><div style=\"height: 25px;\" class=\"divider\"><\/div><\/div>\r\n<div class=\"wpb_text_column wpb_content_element\" >\r\n\t<div class=\"wpb_wrapper\">\r\n\t\t<h2>Hier finden Sie die Pr\u00e4sentationen der Tagung:<\/h2>\n\t<\/div>\r\n<\/div>\r\n\r\n\r\n\r\n<div class=\"divider-wrap\" data-alignment=\"default\"><div style=\"height: 25px;\" class=\"divider\"><\/div><\/div><div class=\"divider-wrap\" data-alignment=\"default\"><div style=\"height: 25px;\" class=\"divider\"><\/div><\/div>\n\t\t\t<\/div> \n\t\t<\/div>\n\t<\/div> \n<\/div><\/div>\n\t\t<div id=\"fws_69d7f9bbdc0c0\"  data-column-margin=\"default\" data-midnight=\"dark\"  class=\"wpb_row vc_row-fluid vc_row standard_section\"  style=\"padding-top: 0px; padding-bottom: 0px; \"><div class=\"row-bg-wrap\" data-bg-animation=\"none\" data-bg-overlay=\"false\"><div class=\"inner-wrap\"><div class=\"row-bg\"  style=\"\"><\/div><\/div><div class=\"row-bg-overlay\" ><\/div><\/div><div class=\"row_col_wrap_12 col span_12 dark left\">\n\t<div  class=\"vc_col-sm-12 wpb_column column_container vc_column_container col no-extra-padding inherit_tablet inherit_phone\"  data-t-w-inherits=\"default\" data-bg-cover=\"\" data-padding-pos=\"all\" data-has-bg-color=\"false\" data-bg-color=\"\" data-bg-opacity=\"1\" data-hover-bg=\"\" data-hover-bg-opacity=\"1\" data-animation=\"\" data-delay=\"0\" >\n\t\t<div class=\"vc_column-inner\" ><div class=\"column-bg-overlay-wrap\" data-bg-animation=\"none\"><div class=\"column-bg-overlay\"><\/div><\/div>\n\t\t\t<div class=\"wpb_wrapper\">\n\t\t\t\t<div class=\"vc_separator wpb_content_element vc_separator_align_left vc_sep_width_100 vc_sep_pos_align_left vc_sep_color_grey vc_custom_1742981951387 vc_separator-has-text\" ><span class=\"vc_sep_holder vc_sep_holder_l\"><span  class=\"vc_sep_line\"><\/span><\/span><h4>Session 1: NACHBERGBAU NEU GEDACHT \u2013 WEGE IN DIE ZUKUNFT<\/h4><span class=\"vc_sep_holder vc_sep_holder_r\"><span  class=\"vc_sep_line\"><\/span><\/span>\n<\/div>\n\t\t\t<\/div> \n\t\t<\/div>\n\t<\/div> \n<\/div><\/div>\n\t\t<div id=\"fws_69d7f9bbdc305\"  data-column-margin=\"default\" data-midnight=\"dark\"  class=\"wpb_row vc_row-fluid vc_row standard_section\"  style=\"padding-top: 0px; padding-bottom: 0px; \"><div class=\"row-bg-wrap\" data-bg-animation=\"none\" data-bg-overlay=\"false\"><div class=\"inner-wrap\"><div class=\"row-bg\"  style=\"\"><\/div><\/div><div class=\"row-bg-overlay\" ><\/div><\/div><div class=\"row_col_wrap_12 col span_12 dark left\">\n\t<div  class=\"vc_col-sm-12 wpb_column column_container vc_column_container col no-extra-padding inherit_tablet inherit_phone\"  data-t-w-inherits=\"default\" data-bg-cover=\"\" data-padding-pos=\"all\" data-has-bg-color=\"false\" data-bg-color=\"\" data-bg-opacity=\"1\" data-hover-bg=\"\" data-hover-bg-opacity=\"1\" data-animation=\"\" data-delay=\"0\" >\n\t\t<div class=\"vc_column-inner\" ><div class=\"column-bg-overlay-wrap\" data-bg-animation=\"none\"><div class=\"column-bg-overlay\"><\/div><\/div>\n\t\t\t<div class=\"wpb_wrapper\">\n\t\t\t\t<div class=\"iwithtext\"><div class=\"iwt-icon\"> <img decoding=\"async\" src=\"https:\/\/fzn.thga.de\/wp-content\/uploads\/sites\/4\/2025\/03\/Pfeil2.svg\" alt=\"\" \/> <\/div><div class=\"iwt-text\"> \n<h4><a href=\"https:\/\/fzn.thga.de\/wp-content\/uploads\/sites\/4\/2025\/04\/1_Bernsdorf_Drohnen-in-der-Nachbergbauzeit.pdf\" target=\"_blank\" rel=\"noopener\">Bodo Bernsdorf: Drohnen im Nachbergbau. Wie Drohnen vom Polder bis zum Rammelsberg digitale Welten schaffen<\/a><\/h4>\n <\/div><div class=\"clear\"><\/div><\/div><div class=\"iwithtext\"><div class=\"iwt-icon\"> <img decoding=\"async\" src=\"https:\/\/fzn.thga.de\/wp-content\/uploads\/sites\/4\/2025\/03\/Pfeil2.svg\" alt=\"\" \/> <\/div><div class=\"iwt-text\"> \n<h4><a href=\"https:\/\/fzn.thga.de\/wp-content\/uploads\/sites\/4\/2025\/03\/2_Meyer_Przyrowski_Epe.pdf\" target=\"_blank\" rel=\"noopener\">Stefan Meyer &amp; Roman Przyrowski: Steinsalzbergbau und Untergrundspeicherung. Methodische Ans\u00e4tze zu einem (modernen) Reservoirmanagement<\/a><\/h4>\n <\/div><div class=\"clear\"><\/div><\/div><div class=\"iwithtext\"><div class=\"iwt-icon\"> <img decoding=\"async\" src=\"https:\/\/fzn.thga.de\/wp-content\/uploads\/sites\/4\/2025\/03\/Pfeil2.svg\" alt=\"\" \/> <\/div><div class=\"iwt-text\"> \n<h4><a href=\"https:\/\/fzn.thga.de\/wp-content\/uploads\/sites\/4\/2025\/03\/3_Kaufmann_Groppe_Risikomanagment_Ruhrgebiet.pdf\" target=\"_blank\" rel=\"noopener\">Dirk Kaufmann &amp; Fiona Groppe: Verbesserung gro\u00dfma\u00dfst\u00e4biger digitaler Karten und die Auswirkung auf das Risikomanagement im Altbergbau des Ruhrgebietes<\/a><\/h4>\n <\/div><div class=\"clear\"><\/div><\/div><div class=\"divider-wrap\" data-alignment=\"default\"><div style=\"height: 25px;\" class=\"divider\"><\/div><\/div>\n\t\t\t<\/div> \n\t\t<\/div>\n\t<\/div> \n<\/div><\/div>\n\t\t<div id=\"fws_69d7f9bbdc62e\"  data-column-margin=\"default\" data-midnight=\"dark\"  class=\"wpb_row vc_row-fluid vc_row standard_section\"  style=\"padding-top: 0px; padding-bottom: 0px; \"><div class=\"row-bg-wrap\" data-bg-animation=\"none\" data-bg-overlay=\"false\"><div class=\"inner-wrap\"><div class=\"row-bg\"  style=\"\"><\/div><\/div><div class=\"row-bg-overlay\" ><\/div><\/div><div class=\"row_col_wrap_12 col span_12 dark left\">\n\t<div  class=\"vc_col-sm-12 wpb_column column_container vc_column_container col no-extra-padding inherit_tablet inherit_phone\"  data-t-w-inherits=\"default\" data-bg-cover=\"\" data-padding-pos=\"all\" data-has-bg-color=\"false\" data-bg-color=\"\" data-bg-opacity=\"1\" data-hover-bg=\"\" data-hover-bg-opacity=\"1\" data-animation=\"\" data-delay=\"0\" >\n\t\t<div class=\"vc_column-inner\" ><div class=\"column-bg-overlay-wrap\" data-bg-animation=\"none\"><div class=\"column-bg-overlay\"><\/div><\/div>\n\t\t\t<div class=\"wpb_wrapper\">\n\t\t\t\t<div class=\"vc_separator wpb_content_element vc_separator_align_left vc_sep_width_100 vc_sep_pos_align_left vc_sep_color_grey vc_custom_1742984833344 vc_separator-has-text\" ><span class=\"vc_sep_holder vc_sep_holder_l\"><span  class=\"vc_sep_line\"><\/span><\/span><h4>Session 2: DIGITALISIERUNG ALS BR\u00dcCKE IN DEN NACHBERGBAU<\/h4><span class=\"vc_sep_holder vc_sep_holder_r\"><span  class=\"vc_sep_line\"><\/span><\/span>\n<\/div><div class=\"iwithtext\"><div class=\"iwt-icon\"> <img decoding=\"async\" src=\"https:\/\/fzn.thga.de\/wp-content\/uploads\/sites\/4\/2025\/03\/Pfeil2.svg\" alt=\"\" \/> <\/div><div class=\"iwt-text\"> \n<h4><a href=\"https:\/\/fzn.thga.de\/wp-content\/uploads\/sites\/4\/2025\/03\/4_Seitz_Meyer_Stand_Digitalisierung_Bergbehoerde_NRW.pdf\" target=\"_blank\" rel=\"noopener\">Gabriele Seitz &amp; Felix-Tillmann Meyer: Digitalisierung der Bergbeh\u00f6rde NRW. Aktueller Stand und Herausforderungen<\/a><\/h4>\n <\/div><div class=\"clear\"><\/div><\/div><div class=\"iwithtext\"><div class=\"iwt-icon\"> <img decoding=\"async\" src=\"https:\/\/fzn.thga.de\/wp-content\/uploads\/sites\/4\/2025\/03\/Pfeil2.svg\" alt=\"\" \/> <\/div><div class=\"iwt-text\"> \n<h4><a href=\"https:\/\/fzn.thga.de\/wp-content\/uploads\/sites\/4\/2025\/03\/5_Kipp_Wiland_ABMon_RAG_final.pdf\">Alexander Kipp &amp; Christian Wiland: Altbergbau-Monitoring bei der RAG Aktiengesellschaft<\/a><\/h4>\n <\/div><div class=\"clear\"><\/div><\/div><div class=\"iwithtext\"><div class=\"iwt-icon\"> <img decoding=\"async\" src=\"https:\/\/fzn.thga.de\/wp-content\/uploads\/sites\/4\/2025\/03\/Pfeil2.svg\" alt=\"\" \/> <\/div><div class=\"iwt-text\"> \n<h4><a href=\"https:\/\/fzn.thga.de\/wp-content\/uploads\/sites\/4\/2025\/03\/6_Rinaldi_Digitalisierung_RWE.pdf\" target=\"_blank\" rel=\"noopener\">Piercristian Rinaldi: Digitalisierung und Automatisierung im Geomonitoring der RWE Power AG<\/a><\/h4>\n <\/div><div class=\"clear\"><\/div><\/div><div class=\"divider-wrap\" data-alignment=\"default\"><div style=\"height: 25px;\" class=\"divider\"><\/div><\/div>\n\t\t\t<\/div> \n\t\t<\/div>\n\t<\/div> \n<\/div><\/div>\n\t\t<div id=\"fws_69d7f9bbdc8c5\"  data-column-margin=\"default\" data-midnight=\"dark\"  class=\"wpb_row vc_row-fluid vc_row standard_section\"  style=\"padding-top: 0px; padding-bottom: 0px; \"><div class=\"row-bg-wrap\" data-bg-animation=\"none\" data-bg-overlay=\"false\"><div class=\"inner-wrap\"><div class=\"row-bg\"  style=\"\"><\/div><\/div><div class=\"row-bg-overlay\" ><\/div><\/div><div class=\"row_col_wrap_12 col span_12 dark left\">\n\t<div  class=\"vc_col-sm-12 wpb_column column_container vc_column_container col no-extra-padding inherit_tablet inherit_phone\"  data-t-w-inherits=\"default\" data-bg-cover=\"\" data-padding-pos=\"all\" data-has-bg-color=\"false\" data-bg-color=\"\" data-bg-opacity=\"1\" data-hover-bg=\"\" data-hover-bg-opacity=\"1\" data-animation=\"\" data-delay=\"0\" >\n\t\t<div class=\"vc_column-inner\" ><div class=\"column-bg-overlay-wrap\" data-bg-animation=\"none\"><div class=\"column-bg-overlay\"><\/div><\/div>\n\t\t\t<div class=\"wpb_wrapper\">\n\t\t\t\t<div class=\"vc_separator wpb_content_element vc_separator_align_left vc_sep_width_100 vc_sep_pos_align_left vc_sep_color_grey vc_custom_1742985784703 vc_separator-has-text\" ><span class=\"vc_sep_holder vc_sep_holder_l\"><span  class=\"vc_sep_line\"><\/span><\/span><h4>Session 3: NEUE HORIZONTE DER DIGITALISIERUNG<\/h4><span class=\"vc_sep_holder vc_sep_holder_r\"><span  class=\"vc_sep_line\"><\/span><\/span>\n<\/div><div class=\"iwithtext\"><div class=\"iwt-icon\"> <img decoding=\"async\" src=\"https:\/\/fzn.thga.de\/wp-content\/uploads\/sites\/4\/2025\/03\/Pfeil2.svg\" alt=\"\" \/> <\/div><div class=\"iwt-text\"> \n<h4><a href=\"https:\/\/fzn.thga.de\/wp-content\/uploads\/sites\/4\/2025\/03\/7_Biermann_EU-Methan-VO.pdf\" target=\"_blank\" rel=\"noopener\">Christian Biermann: Bedeutung der EU-Methanverordnung f\u00fcr den Nachbergbau<\/a><\/h4>\n <\/div><div class=\"clear\"><\/div><\/div><div class=\"iwithtext\"><div class=\"iwt-icon\"> <img decoding=\"async\" src=\"https:\/\/fzn.thga.de\/wp-content\/uploads\/sites\/4\/2025\/03\/Pfeil2.svg\" alt=\"\" \/> <\/div><div class=\"iwt-text\"> \n<h4><a href=\"https:\/\/fzn.thga.de\/wp-content\/uploads\/sites\/4\/2025\/03\/8_Reker_Grubenwasserportal.pdf\" target=\"_blank\" rel=\"noopener\">Bastian Reker: Erfahrungen digital zug\u00e4nglich machen. Das Internetportal \u201cGrubenwasser\u201d<\/a><\/h4>\n <\/div><div class=\"clear\"><\/div><\/div><div class=\"divider-wrap\" data-alignment=\"default\"><div style=\"height: 25px;\" class=\"divider\"><\/div><\/div>\n\t\t\t<\/div> \n\t\t<\/div>\n\t<\/div> \n<\/div><\/div>\n\t\t<div id=\"fws_69d7f9bbdca7f\"  data-column-margin=\"default\" data-midnight=\"dark\"  class=\"wpb_row vc_row-fluid vc_row standard_section\"  style=\"padding-top: 0px; padding-bottom: 0px; \"><div class=\"row-bg-wrap\" data-bg-animation=\"none\" data-bg-overlay=\"false\"><div class=\"inner-wrap\"><div class=\"row-bg\"  style=\"\"><\/div><\/div><div class=\"row-bg-overlay\" ><\/div><\/div><div class=\"row_col_wrap_12 col span_12 dark left\">\n\t<div  class=\"vc_col-sm-12 wpb_column column_container vc_column_container col no-extra-padding inherit_tablet inherit_phone\"  data-t-w-inherits=\"default\" data-bg-cover=\"\" data-padding-pos=\"all\" data-has-bg-color=\"false\" data-bg-color=\"\" data-bg-opacity=\"1\" data-hover-bg=\"\" data-hover-bg-opacity=\"1\" data-animation=\"\" data-delay=\"0\" >\n\t\t<div class=\"vc_column-inner\" ><div class=\"column-bg-overlay-wrap\" data-bg-animation=\"none\"><div class=\"column-bg-overlay\"><\/div><\/div>\n\t\t\t<div class=\"wpb_wrapper\">\n\t\t\t\t<div class=\"vc_separator wpb_content_element vc_separator_align_left vc_sep_width_100 vc_sep_pos_align_left vc_sep_color_grey vc_custom_1742985972319 vc_separator-has-text\" ><span class=\"vc_sep_holder vc_sep_holder_l\"><span  class=\"vc_sep_line\"><\/span><\/span><h4>Session 4: DIGITALISIERUNG IM EINSATZ<\/h4><span class=\"vc_sep_holder vc_sep_holder_r\"><span  class=\"vc_sep_line\"><\/span><\/span>\n<\/div><div class=\"iwithtext\"><div class=\"iwt-icon\"> <img decoding=\"async\" src=\"https:\/\/fzn.thga.de\/wp-content\/uploads\/sites\/4\/2025\/03\/Pfeil2.svg\" alt=\"\" \/> <\/div><div class=\"iwt-text\"> \n<h4><a href=\"https:\/\/fzn.thga.de\/wp-content\/uploads\/sites\/4\/2025\/03\/9_Haske_POMHAZ_Risikomanagement.pdf\" target=\"_blank\" rel=\"noopener\">Benjamin Haske: Entwicklung und Evaluierung eines interaktiven Tools zur Multigefahrenanalyse in europ\u00e4ischen Nachbergbau-Regionen<\/a><\/h4>\n <\/div><div class=\"clear\"><\/div><\/div><div class=\"iwithtext\"><div class=\"iwt-icon\"> <img decoding=\"async\" src=\"https:\/\/fzn.thga.de\/wp-content\/uploads\/sites\/4\/2025\/03\/Pfeil2.svg\" alt=\"\" \/> <\/div><div class=\"iwt-text\"> \n<h4><a href=\"https:\/\/fzn.thga.de\/wp-content\/uploads\/sites\/4\/2025\/03\/10_Hoehn_LINEG.pdf\" target=\"_blank\" rel=\"noopener\">Philipp H\u00f6hn: Digitale Gew\u00e4sserwirtschaft im Bergsenkungsgebiet. Von Betriebsunterst\u00fctzung und Potentialen vorausschauender Bewirtschaftung<\/a><\/h4>\n <\/div><div class=\"clear\"><\/div><\/div><div class=\"divider-wrap\" data-alignment=\"default\"><div style=\"height: 25px;\" class=\"divider\"><\/div><\/div>\n\t\t\t<\/div> \n\t\t<\/div>\n\t<\/div> \n<\/div><\/div>","protected":false},"excerpt":{"rendered":"Pr\u00e4sentationen der Nachbergbauzeit NRW 2025 Wie kann Digitalisierung den Nachbergbau nachhaltig gestalten? Diese zentrale Frage stand am 20. M\u00e4rz 2025 im Fokus der Fachtagung \u201eNachbergbauzeit NRW \u2013 Digitalisierung trifft Tradition\u201c...","protected":false},"author":15,"featured_media":5983,"parent":65,"menu_order":0,"comment_status":"closed","ping_status":"closed","template":"","meta":{"footnotes":""},"class_list":["post-6343","page","type-page","status-publish","has-post-thumbnail"],"_links":{"self":[{"href":"https:\/\/fzn.thga.de\/en\/wp-json\/wp\/v2\/pages\/6343","targetHints":{"allow":["GET"]}}],"collection":[{"href":"https:\/\/fzn.thga.de\/en\/wp-json\/wp\/v2\/pages"}],"about":[{"href":"https:\/\/fzn.thga.de\/en\/wp-json\/wp\/v2\/types\/page"}],"author":[{"embeddable":true,"href":"https:\/\/fzn.thga.de\/en\/wp-json\/wp\/v2\/users\/15"}],"replies":[{"embeddable":true,"href":"https:\/\/fzn.thga.de\/en\/wp-json\/wp\/v2\/comments?post=6343"}],"version-history":[{"count":57,"href":"https:\/\/fzn.thga.de\/en\/wp-json\/wp\/v2\/pages\/6343\/revisions"}],"predecessor-version":[{"id":6412,"href":"https:\/\/fzn.thga.de\/en\/wp-json\/wp\/v2\/pages\/6343\/revisions\/6412"}],"up":[{"embeddable":true,"href":"https:\/\/fzn.thga.de\/en\/wp-json\/wp\/v2\/pages\/65"}],"wp:featuredmedia":[{"embeddable":true,"href":"https:\/\/fzn.thga.de\/en\/wp-json\/wp\/v2\/media\/5983"}],"wp:attachment":[{"href":"https:\/\/fzn.thga.de\/en\/wp-json\/wp\/v2\/media?parent=6343"}],"curies":[{"name":"wp","href":"https:\/\/api.w.org\/{rel}","templated":true}]}}