{"id":814,"date":"2019-08-27T16:37:00","date_gmt":"2019-08-27T14:37:00","guid":{"rendered":"https:\/\/stage.oktober.de\/bergbau\/?page_id=814"},"modified":"2025-08-18T08:52:08","modified_gmt":"2025-08-18T06:52:08","slug":"impressum","status":"publish","type":"page","link":"https:\/\/fzn.thga.de\/en\/impressum\/","title":{"rendered":"Imprint"},"content":{"rendered":"<div id=\"fws_69d604854d290\"  data-column-margin=\"default\" data-midnight=\"dark\" data-top-percent=\"4%\" data-bottom-percent=\"3%\"  class=\"wpb_row vc_row-fluid vc_row standard_section\"  style=\"padding-top: calc(100vw * 0.04); padding-bottom: calc(100vw * 0.03); \"><div class=\"row-bg-wrap\" data-bg-animation=\"none\" data-bg-overlay=\"false\"><div class=\"inner-wrap\"><div class=\"row-bg\"  style=\"\"><\/div><\/div><div class=\"row-bg-overlay\" ><\/div><\/div><div class=\"row_col_wrap_12 col span_12 dark left\">\n\t<div  class=\"vc_col-sm-2 wpb_column column_container vc_column_container col no-extra-padding inherit_tablet inherit_phone\"  data-t-w-inherits=\"default\" data-bg-cover=\"\" data-padding-pos=\"all\" data-has-bg-color=\"false\" data-bg-color=\"\" data-bg-opacity=\"1\" data-hover-bg=\"\" data-hover-bg-opacity=\"1\" data-animation=\"\" data-delay=\"0\" >\n\t\t<div class=\"vc_column-inner\" ><div class=\"column-bg-overlay-wrap\" data-bg-animation=\"none\"><div class=\"column-bg-overlay\"><\/div><\/div>\n\t\t\t<div class=\"wpb_wrapper\">\n\t\t\t\t\n\t\t\t<\/div> \n\t\t<\/div>\n\t<\/div> \n\n\t<div  class=\"vc_col-sm-8 wpb_column column_container vc_column_container col no-extra-padding inherit_tablet inherit_phone\"  data-t-w-inherits=\"default\" data-bg-cover=\"\" data-padding-pos=\"all\" data-has-bg-color=\"false\" data-bg-color=\"\" data-bg-opacity=\"1\" data-hover-bg=\"\" data-hover-bg-opacity=\"1\" data-animation=\"\" data-delay=\"0\" >\n\t\t<div class=\"vc_column-inner\" ><div class=\"column-bg-overlay-wrap\" data-bg-animation=\"none\"><div class=\"column-bg-overlay\"><\/div><\/div>\n\t\t\t<div class=\"wpb_wrapper\">\n\t\t\t\t\r\n<div class=\"wpb_text_column wpb_content_element\" >\r\n\t<div class=\"wpb_wrapper\">\r\n\t\t<h1>Imprint<\/h1>\n<p>&nbsp;<\/p>\n<p><span style=\"color: #000000\"><strong>Technische Hochschule Georg Agricola<\/strong><\/span><br \/>\n<span style=\"color: #000000\">Staatlich anerkannte Hochschule der DMT-Gesellschaft<br \/>\nf\u00fcr Lehre und Bildung (DMT-LB)<\/span><br \/>\n<span style=\"color: #000000\">Research Center of Post-Mining<\/span><\/p>\n<p><span style=\"color: #000000\">Anschrift:<\/span><br \/>\n<span style=\"color: #000000\">Herner Stra\u00dfe 45<\/span><br \/>\n<span style=\"color: #000000\">44787 Bochum<\/span><br \/>\n<span style=\"color: #000000\">Telefon (0234) 9 68-02<\/span><br \/>\n<span style=\"color: #000000\">Telefax (0234) 9 68-34 17<\/span><\/p>\n<p><span style=\"color: #000000\">Die THGA wird durch ihre Pr\u00e4sidentin <a href=\"https:\/\/www.thga.de\/hochschule\/personen\/profile-professorinnen-und-professoren\/prof-susanne-lengyel\">Prof. Susanne Lengye<\/a>l vertreten.<\/span><\/p>\n<p><span style=\"color: #000000\">Die THGA ist eine unselbstst\u00e4ndige Betriebseinheit der DMT-LB. Rechtsgesch\u00e4fte werden daher im Namen und auf Rechnung der DMT-LB get\u00e4tigt.<\/span><\/p>\n<p><span style=\"color: #000000\">Die DMT-LB wird vertreten durch die Gesch\u00e4ftsf\u00fchrung:<\/span><br \/>\n<span style=\"color: #000000\">Prof. Susanne Lengyel (Vorsitzende), Prof. Dr. Sunhild Kleing\u00e4rtner, Ulrich Wessel<\/span><br \/>\n<span style=\"color: #000000\">Sitz: Bochum<\/span><br \/>\n<span style=\"color: #000000\">Amtsgericht Bochum, HRB 4052<\/span><br \/>\n<span style=\"color: #000000\">Umsatzsteuer-Identifikationsnummer: DE124091698<\/span><br \/>\n<span style=\"color: #000000\">Zust\u00e4ndige Aufsichtsbeh\u00f6rde ist das<\/span><br \/>\n<span style=\"color: #000000\">Ministerium f\u00fcr Kultur und Wissenschaft des Landes Nordrhein-Westfalen, V\u00f6lklinger Stra\u00dfe 49, 40221 D\u00fcsseldorf.<\/span><\/p>\n\t<\/div>\r\n<\/div>\r\n\r\n\r\n\r\n<div class=\"divider-wrap\" data-alignment=\"default\"><div style=\"height: 64px;\" class=\"divider\"><\/div><\/div><div class=\"divider-wrap\" data-alignment=\"default\"><div style=\"margin-top: 12.5px; width: 20%px; height: 4px; margin-bottom: 12.5px;\" data-width=\"20%\" data-animate=\"\" data-animation-delay=\"\" data-color=\"accent-color\" class=\"divider-small-border\"><\/div><\/div>\r\n<div class=\"wpb_text_column wpb_content_element\" >\r\n\t<div class=\"wpb_wrapper\">\r\n\t\t<p><strong>Ansprechpartner<\/strong><\/p>\n<p><span style=\"color: #000000\">Bei Fragen zum Forschungszentrum Nachbergbau, der Technischen Hochschule Georg Agricola oder zum Inhalt dieser Webseite und deren redaktionellen Angeboten wenden Sie sich bitte an folgende Ansprechpartner:<\/span><\/p>\n<p><span style=\"color: #000000\"><strong>Inhaltlicher Ansprechpartner<\/strong><\/span><br \/>\n<span style=\"color: #000000\">Public relations<\/span><br \/>\n<span style=\"color: #000000\">Christian Teichmann<br \/>\n<\/span><span style=\"color: #000000\">Tel: +49 234 968 3230<\/span><br \/>\n<span style=\"color: #000000\">Fax: +40 234 968 3417<\/span><br \/>\n<span style=\"color: #000000\">E-Mail: <a style=\"color: #000000\" href=\"mailto:presse@thga.de\">presse(at) thga.de<\/a><\/span><\/p>\n<p><span style=\"color: #000000\"><strong>Technischer\u00a0Ansprechpartner<br \/>\n<\/strong>Hochschulrechenzentrum<\/span><br \/>\n<span style=\"color: #000000\">Helge Wiethoff<br \/>\n<\/span><span style=\"color: #000000\">Tel. +49 234 968 8717<\/span><br \/>\n<span style=\"color: #000000\">E-Mail: <a style=\"color: #000000\" href=\"mailto:webmaster@thga.de\">webmaster(at) thga.de<\/a><\/span><\/p>\n\t<\/div>\r\n<\/div>\r\n\r\n\r\n\r\n<div class=\"divider-wrap\" data-alignment=\"default\"><div style=\"height: 64px;\" class=\"divider\"><\/div><\/div><div class=\"divider-wrap\" data-alignment=\"default\"><div style=\"margin-top: 12.5px; width: 20%px; height: 4px; margin-bottom: 12.5px;\" data-width=\"20%\" data-animate=\"\" data-animation-delay=\"\" data-color=\"accent-color\" class=\"divider-small-border\"><\/div><\/div>\r\n<div class=\"wpb_text_column wpb_content_element\" >\r\n\t<div class=\"wpb_wrapper\">\r\n\t\t<p><strong>Allgemeine Haftungshinweise und Schutzrechte<\/strong><\/p>\n<p><span style=\"color: #000000\">Trotz sorgf\u00e4ltiger inhaltlicher Kontrolle \u00fcbernehmen wir keine Haftung f\u00fcr die Inhalte externer Links. F\u00fcr den Inhalt der verlinkten Seiten sind ausschlie\u00dflich deren Betreiber verantwortlich. Wir bem\u00fchen uns, auf unserer Website zutreffende Informationen und Daten zur Verf\u00fcgung zu stellen. Eine Haftung oder Garantie f\u00fcr die Aktualit\u00e4t, Richtigkeit und Vollst\u00e4ndigkeit der zur Verf\u00fcgung gestellten Informationen und Daten ist jedoch ausgeschlossen.<\/span><\/p>\n<p><span style=\"color: #000000\">Soweit Inhalte der Website des FZN nach Ma\u00dfgabe des Urheberrechtsgesetzes (UrhG) gesch\u00fctzt sind, d\u00fcrfen diese nur mit vorheriger Zustimmung des FZN verwertet, insbesondere vervielf\u00e4ltigt oder ver\u00e4ndert werden. Davon ausgenommen sind die Pressemitteilungen des FZN sowie die ausdr\u00fccklich zur Ver\u00f6ffentlichung angebotenen Pressefotos.<\/span><\/p>\n\t<\/div>\r\n<\/div>\r\n\r\n\r\n\r\n<div class=\"divider-wrap\" data-alignment=\"default\"><div style=\"height: 64px;\" class=\"divider\"><\/div><\/div><div class=\"divider-wrap\" data-alignment=\"default\"><div style=\"margin-top: 12.5px; width: 20%px; height: 4px; margin-bottom: 12.5px;\" data-width=\"20%\" data-animate=\"\" data-animation-delay=\"\" data-color=\"accent-color\" class=\"divider-small-border\"><\/div><\/div>\r\n<div class=\"wpb_text_column wpb_content_element\" >\r\n\t<div class=\"wpb_wrapper\">\r\n\t\t<p><strong>Fotografie<\/strong><\/p>\n<p><span style=\"color: #000000\">Video Startseite und Fotografien (soweit nicht anders vermerkt):<\/span><br \/>\n<span style=\"color: #000000\">\u00a9Volker Wiciok, Lichtblick \u2013 Visuelle Medien<\/span><\/p>\n<p>Startbild Unterseite FZN: F\u00f6rderturm Zeche Ewald \u00a9Dr. Bastian Reker<\/p>\n<p>Startbild Unterseite Kooperationen: Grubenwasser-Einleitung Essen \u00dcberruhr \u00a9Carmen Tomlik<\/p>\n<p>Vorschaubild Projekt &#8222;Monitoring-System Mineberry&#8220;: \u00a9Steffen Kruse<\/p>\n<p>Vorschaubild OCT-Projekt: \u00a9Deutsches Bergbau-Museum Bochum<\/p>\n<p>Vorschaubild Forschungsschwerpunkt Geomonitoring im Alt- und Nachbergbau: Drohne \u00a9Carmen Tomlik<\/p>\n\t<\/div>\r\n<\/div>\r\n\r\n\r\n\r\n<div class=\"divider-wrap\" data-alignment=\"default\"><div style=\"height: 64px;\" class=\"divider\"><\/div><\/div><div class=\"divider-wrap\" data-alignment=\"default\"><div style=\"margin-top: 12.5px; width: 20%px; height: 4px; margin-bottom: 12.5px;\" data-width=\"20%\" data-animate=\"\" data-animation-delay=\"\" data-color=\"accent-color\" class=\"divider-small-border\"><\/div><\/div>\r\n<div class=\"wpb_text_column wpb_content_element\" >\r\n\t<div class=\"wpb_wrapper\">\r\n\t\t<p><strong>Konzeption, Gestaltung, Umsetzung und Support<\/strong><\/p>\n<p><span style=\"color: #000000\">Oktober Kommunikationsdesign GmbH<br \/>\n<\/span><span style=\"color: #000000\">Willy-Brandt-Platz 5-7<\/span><br \/>\n<span style=\"color: #000000\">44787 Bochum<br \/>\n<\/span><strong><span style=\"color: #e30000\"><a style=\"color: #e30000\" href=\"http:\/\/www.oktober.de\">www.oktober.de<\/a><\/span><\/strong><\/p>\n\t<\/div>\r\n<\/div>\r\n\r\n\r\n\r\n\n\t\t\t<\/div> \n\t\t<\/div>\n\t<\/div> \n\n\t<div  class=\"vc_col-sm-2 wpb_column column_container vc_column_container col no-extra-padding inherit_tablet inherit_phone\"  data-t-w-inherits=\"default\" data-bg-cover=\"\" data-padding-pos=\"all\" data-has-bg-color=\"false\" data-bg-color=\"\" data-bg-opacity=\"1\" data-hover-bg=\"\" data-hover-bg-opacity=\"1\" data-animation=\"\" data-delay=\"0\" >\n\t\t<div class=\"vc_column-inner\" ><div class=\"column-bg-overlay-wrap\" data-bg-animation=\"none\"><div class=\"column-bg-overlay\"><\/div><\/div>\n\t\t\t<div class=\"wpb_wrapper\">\n\t\t\t\t\n\t\t\t<\/div> \n\t\t<\/div>\n\t<\/div> \n<\/div><\/div>","protected":false},"excerpt":{"rendered":"Impressum &nbsp; Technische Hochschule Georg Agricola Staatlich anerkannte Hochschule der DMT-Gesellschaft f\u00fcr Lehre und Bildung (DMT-LB) Forschungszentrum Nachbergbau Anschrift: Herner Stra\u00dfe 45 44787 Bochum Telefon (0234) 9 68-02 Telefax (0234)...","protected":false},"author":6,"featured_media":0,"parent":0,"menu_order":0,"comment_status":"closed","ping_status":"closed","template":"","meta":{"footnotes":""},"class_list":["post-814","page","type-page","status-publish"],"_links":{"self":[{"href":"https:\/\/fzn.thga.de\/en\/wp-json\/wp\/v2\/pages\/814","targetHints":{"allow":["GET"]}}],"collection":[{"href":"https:\/\/fzn.thga.de\/en\/wp-json\/wp\/v2\/pages"}],"about":[{"href":"https:\/\/fzn.thga.de\/en\/wp-json\/wp\/v2\/types\/page"}],"author":[{"embeddable":true,"href":"https:\/\/fzn.thga.de\/en\/wp-json\/wp\/v2\/users\/6"}],"replies":[{"embeddable":true,"href":"https:\/\/fzn.thga.de\/en\/wp-json\/wp\/v2\/comments?post=814"}],"version-history":[{"count":5,"href":"https:\/\/fzn.thga.de\/en\/wp-json\/wp\/v2\/pages\/814\/revisions"}],"predecessor-version":[{"id":7877,"href":"https:\/\/fzn.thga.de\/en\/wp-json\/wp\/v2\/pages\/814\/revisions\/7877"}],"wp:attachment":[{"href":"https:\/\/fzn.thga.de\/en\/wp-json\/wp\/v2\/media?parent=814"}],"curies":[{"name":"wp","href":"https:\/\/api.w.org\/{rel}","templated":true}]}}