{"id":8834,"date":"2026-01-12T13:34:12","date_gmt":"2026-01-12T12:34:12","guid":{"rendered":"https:\/\/fzn.thga.de\/?page_id=8834"},"modified":"2026-01-12T13:59:44","modified_gmt":"2026-01-12T12:59:44","slug":"poster_nachbergbauzeit","status":"publish","type":"page","link":"https:\/\/fzn.thga.de\/en\/fzn\/poster_nachbergbauzeit\/","title":{"rendered":"Nachbergbauzeit NRW 2025: Die Pr\u00e4sentationen"},"content":{"rendered":"<div id=\"fws_69d7f9ebb7f07\"  data-column-margin=\"default\" data-midnight=\"dark\"  class=\"wpb_row vc_row-fluid vc_row standard_section\"  style=\"padding-top: 0px; padding-bottom: 0px; \"><div class=\"row-bg-wrap\" data-bg-animation=\"none\" data-bg-overlay=\"false\"><div class=\"inner-wrap\"><div class=\"row-bg\"  style=\"\"><\/div><\/div><div class=\"row-bg-overlay\" ><\/div><\/div><div class=\"row_col_wrap_12 col span_12 dark left\">\n\t<div  class=\"vc_col-sm-12 wpb_column column_container vc_column_container col no-extra-padding inherit_tablet inherit_phone\"  data-t-w-inherits=\"default\" data-bg-cover=\"\" data-padding-pos=\"all\" data-has-bg-color=\"false\" data-bg-color=\"\" data-bg-opacity=\"1\" data-hover-bg=\"\" data-hover-bg-opacity=\"1\" data-animation=\"\" data-delay=\"0\" >\n\t\t<div class=\"vc_column-inner\" ><div class=\"column-bg-overlay-wrap\" data-bg-animation=\"none\"><div class=\"column-bg-overlay\"><\/div><\/div>\n\t\t\t<div class=\"wpb_wrapper\">\n\t\t\t\t\r\n<div class=\"wpb_text_column wpb_content_element\" >\r\n\t<div class=\"wpb_wrapper\">\r\n\t\t\t<\/div>\r\n<\/div>\r\n\r\n\r\n\r\n<div class=\"divider-wrap\" data-alignment=\"default\"><div style=\"height: 25px;\" class=\"divider\"><\/div><\/div>\r\n<div class=\"wpb_text_column wpb_content_element\" >\r\n\t<div class=\"wpb_wrapper\">\r\n\t\t<h1 style=\"text-align: left\"><span style=\"color: #06396a\">Poster der Nachbergbauzeit NRW 2025<\/span><\/h1>\n\t<\/div>\r\n<\/div>\r\n\r\n\r\n\r\n<div class=\"divider-wrap\" data-alignment=\"default\"><div style=\"height: 25px;\" class=\"divider\"><\/div><\/div>\n\t\t\t<\/div> \n\t\t<\/div>\n\t<\/div> \n\n\t<div  class=\"vc_col-sm-12 wpb_column column_container vc_column_container col no-extra-padding inherit_tablet inherit_phone\"  data-t-w-inherits=\"default\" data-bg-cover=\"\" data-padding-pos=\"all\" data-has-bg-color=\"false\" data-bg-color=\"\" data-bg-opacity=\"1\" data-hover-bg=\"\" data-hover-bg-opacity=\"1\" data-animation=\"\" data-delay=\"0\" >\n\t\t<div class=\"vc_column-inner\" ><div class=\"column-bg-overlay-wrap\" data-bg-animation=\"none\"><div class=\"column-bg-overlay\"><\/div><\/div>\n\t\t\t<div class=\"wpb_wrapper\">\n\t\t\t\t\r\n<div class=\"wpb_text_column wpb_content_element\" >\r\n\t<div class=\"wpb_wrapper\">\r\n\t\t<p class=\"\" data-start=\"141\" data-end=\"388\">Wie kann Digitalisierung den Nachbergbau nachhaltig gestalten? Diese zentrale Frage stand am 20. M\u00e4rz 2025 im Fokus der Fachtagung <em data-start=\"272\" data-end=\"330\">\u201eNachbergbauzeit NRW \u2013 Digitalisierung trifft Tradition\u201c<\/em> an der Technischen Hochschule Georg Agricola in Bochum.<\/p>\n<p class=\"\" data-start=\"390\" data-end=\"791\">Rund 250 Expert:innen, Fachleute und Interessierte erlebten hautnah, welche digitalen Technologien bereits erfolgreich im Einsatz sind und welche innovativen L\u00f6sungen die Zukunft pr\u00e4gen werden. In spannenden Vortr\u00e4gen und intensiven Diskussionen wurde deutlich: Die Verbindung von Tradition und modernster Technologie er\u00f6ffnet v\u00f6llig neue M\u00f6glichkeiten f\u00fcr den Umgang mit ehemaligen Bergbaugebieten.<\/p>\n<p class=\"\" data-start=\"793\" data-end=\"950\">The <strong>Research Center of Post-Mining<\/strong> and the <strong>Bezirksregierung Arnsberg <\/strong>bedanken sich herzlich bei allen Teilnehmenden f\u00fcr den inspirierenden Austausch!<\/p>\n\t<\/div>\r\n<\/div>\r\n\r\n\r\n\r\n<div class=\"divider-wrap\" data-alignment=\"default\"><div style=\"margin-top: 12.5px; width: 20%px; height: 1px; margin-bottom: 12.5px;\" data-width=\"20%\" data-animate=\"yes\" data-animation-delay=\"5\" data-color=\"accent-color\" class=\"divider-small-border\"><\/div><\/div>\n\t\t\t<\/div> \n\t\t<\/div>\n\t<\/div> \n\n\t<div  class=\"vc_col-sm-12 wpb_column column_container vc_column_container col no-extra-padding inherit_tablet inherit_phone\"  data-t-w-inherits=\"default\" data-bg-cover=\"\" data-padding-pos=\"all\" data-has-bg-color=\"false\" data-bg-color=\"\" data-bg-opacity=\"1\" data-hover-bg=\"\" data-hover-bg-opacity=\"1\" data-animation=\"\" data-delay=\"0\" >\n\t\t<div class=\"vc_column-inner\" ><div class=\"column-bg-overlay-wrap\" data-bg-animation=\"none\"><div class=\"column-bg-overlay\"><\/div><\/div>\n\t\t\t<div class=\"wpb_wrapper\">\n\t\t\t\t<div class=\"divider-wrap\" data-alignment=\"default\"><div style=\"height: 25px;\" class=\"divider\"><\/div><\/div><div class=\"divider-wrap\" data-alignment=\"default\"><div style=\"height: 25px;\" class=\"divider\"><\/div><\/div>\r\n<div class=\"wpb_text_column wpb_content_element\" >\r\n\t<div class=\"wpb_wrapper\">\r\n\t\t<h2>Hier finden Sie die Poster der Tagung:<\/h2>\n\t<\/div>\r\n<\/div>\r\n\r\n\r\n\r\n<div class=\"divider-wrap\" data-alignment=\"default\"><div style=\"height: 25px;\" class=\"divider\"><\/div><\/div><div class=\"divider-wrap\" data-alignment=\"default\"><div style=\"height: 25px;\" class=\"divider\"><\/div><\/div>\n\t\t\t<\/div> \n\t\t<\/div>\n\t<\/div> \n<\/div><\/div>\n\t\t<div id=\"fws_69d7f9ebb82f8\"  data-column-margin=\"default\" data-midnight=\"dark\"  class=\"wpb_row vc_row-fluid vc_row standard_section\"  style=\"padding-top: 0px; padding-bottom: 0px; \"><div class=\"row-bg-wrap\" data-bg-animation=\"none\" data-bg-overlay=\"false\"><div class=\"inner-wrap\"><div class=\"row-bg\"  style=\"\"><\/div><\/div><div class=\"row-bg-overlay\" ><\/div><\/div><div class=\"row_col_wrap_12 col span_12 dark left\">\n\t<div  class=\"vc_col-sm-12 wpb_column column_container vc_column_container col no-extra-padding inherit_tablet inherit_phone\"  data-t-w-inherits=\"default\" data-bg-cover=\"\" data-padding-pos=\"all\" data-has-bg-color=\"false\" data-bg-color=\"\" data-bg-opacity=\"1\" data-hover-bg=\"\" data-hover-bg-opacity=\"1\" data-animation=\"\" data-delay=\"0\" >\n\t\t<div class=\"vc_column-inner\" ><div class=\"column-bg-overlay-wrap\" data-bg-animation=\"none\"><div class=\"column-bg-overlay\"><\/div><\/div>\n\t\t\t<div class=\"wpb_wrapper\">\n\t\t\t\t<div class=\"iwithtext\"><div class=\"iwt-icon\"> <img decoding=\"async\" src=\"https:\/\/fzn.thga.de\/wp-content\/uploads\/sites\/4\/2025\/03\/Pfeil2.svg\" alt=\"\" \/> <\/div><div class=\"iwt-text\"> \n<h4><a href=\"https:\/\/fzn.thga.de\/wp-content\/uploads\/sites\/4\/2026\/01\/BIMSAR2_Poster.pdf\" target=\"_blank\" rel=\"noopener\">BIMSAR2: KI-basierte Analyse von BIM-und SAR-Daten f\u00fcr ein gro\u00dfr\u00e4umiges Infrastrukturmonitoring<\/a><\/h4>\n <\/div><div class=\"clear\"><\/div><\/div><div class=\"iwithtext\"><div class=\"iwt-icon\"> <img decoding=\"async\" src=\"https:\/\/fzn.thga.de\/wp-content\/uploads\/sites\/4\/2025\/03\/Pfeil2.svg\" alt=\"\" \/> <\/div><div class=\"iwt-text\"> \n<h4><a href=\"https:\/\/fzn.thga.de\/wp-content\/uploads\/sites\/4\/2026\/01\/Gellendin_Poster-3D-Untergrundmodell.pdf\" target=\"_blank\" rel=\"noopener\">Erstellung eines geologischen 3D-Untergrundmodells zur Analyse nachbergbaulicher Wechselwirkungen zwischen Untergrund und Tagesoberfl\u00e4che am ehemaligen Zechenstandort Prosper-Han<\/a>iel<\/h4>\n <\/div><div class=\"clear\"><\/div><\/div><div class=\"iwithtext\"><div class=\"iwt-icon\"> <img decoding=\"async\" src=\"https:\/\/fzn.thga.de\/wp-content\/uploads\/sites\/4\/2025\/03\/Pfeil2.svg\" alt=\"\" \/> <\/div><div class=\"iwt-text\"> \n<h4><a href=\"https:\/\/fzn.thga.de\/wp-content\/uploads\/sites\/4\/2026\/01\/IAW33_Poster_NBZ.pdf\" target=\"_blank\" rel=\"noopener\">IAW33: Innovative Aufbereitungstechnologien und ihr Potential zur Wertstoffgewinnung aus Grubenw\u00e4ssern, F\u00e4llungsprodukten und Aufbereitungsr\u00fcckst\u00e4nden an Ruhr, Saar und in Ibbenb\u00fcren mit besonderer Ber\u00fccksichtigung kritischer Metallressourcen<\/a><\/h4>\n <\/div><div class=\"clear\"><\/div><\/div><div class=\"iwithtext\"><div class=\"iwt-icon\"> <img decoding=\"async\" src=\"https:\/\/fzn.thga.de\/wp-content\/uploads\/sites\/4\/2025\/03\/Pfeil2.svg\" alt=\"\" \/> <\/div><div class=\"iwt-text\"> \n<h4><a href=\"https:\/\/fzn.thga.de\/wp-content\/uploads\/sites\/4\/2026\/01\/INOJOSA_Poster-Framework-combining-Prototype-Spatial-Decision-Support-System.pdf\" target=\"_blank\" rel=\"noopener\">Framework combining Prototype Spatial Decision Support System with Remote Sensing analysis<\/a><\/h4>\n <\/div><div class=\"clear\"><\/div><\/div><div class=\"iwithtext\"><div class=\"iwt-icon\"> <img decoding=\"async\" src=\"https:\/\/fzn.thga.de\/wp-content\/uploads\/sites\/4\/2025\/03\/Pfeil2.svg\" alt=\"\" \/> <\/div><div class=\"iwt-text\"> \n<h4><a href=\"https:\/\/fzn.thga.de\/wp-content\/uploads\/sites\/4\/2026\/01\/MUSE_Poster.pdf\" target=\"_blank\" rel=\"noopener\">MUSE: Multisensor Geomonitoring zur Optimierung der nachbergbaulichen Wasserhaltung<\/a><\/h4>\n <\/div><div class=\"clear\"><\/div><\/div><div class=\"iwithtext\"><div class=\"iwt-icon\"> <img decoding=\"async\" src=\"https:\/\/fzn.thga.de\/wp-content\/uploads\/sites\/4\/2025\/03\/Pfeil2.svg\" alt=\"\" \/> <\/div><div class=\"iwt-text\"> \n<h4><a href=\"https:\/\/fzn.thga.de\/wp-content\/uploads\/sites\/4\/2026\/01\/Poster-Petrophysik_130325.pdf\" target=\"_blank\" rel=\"noopener\">Beurteilung der Emscher-Formation als hydraulische Barriere (Petrophysikalische Untersuchung)<\/a><\/h4>\n <\/div><div class=\"clear\"><\/div><\/div><div class=\"iwithtext\"><div class=\"iwt-icon\"> <img decoding=\"async\" src=\"https:\/\/fzn.thga.de\/wp-content\/uploads\/sites\/4\/2025\/03\/Pfeil2.svg\" alt=\"\" \/> <\/div><div class=\"iwt-text\"> \n<h4><a href=\"https:\/\/fzn.thga.de\/wp-content\/uploads\/sites\/4\/2026\/01\/Poster-Tonmineralogie_130325.pdf\" target=\"_blank\" rel=\"noopener\">Beurteilung der Emscher-Formation als hydraulische Barriere (Petrologische Untersuchungen)<\/a><\/h4>\n <\/div><div class=\"clear\"><\/div><\/div><div class=\"iwithtext\"><div class=\"iwt-icon\"> <img decoding=\"async\" src=\"https:\/\/fzn.thga.de\/wp-content\/uploads\/sites\/4\/2025\/03\/Pfeil2.svg\" alt=\"\" \/> <\/div><div class=\"iwt-text\"> \n<h4><a href=\"https:\/\/fzn.thga.de\/wp-content\/uploads\/sites\/4\/2026\/01\/Poster_MoGruPlex.pdf\" target=\"_blank\" rel=\"noopener\">MoGruPlex: Advanced Modeling of Mine Water Rebound and Inter-Mine Hydraulics<\/a><\/h4>\n <\/div><div class=\"clear\"><\/div><\/div><div class=\"iwithtext\"><div class=\"iwt-icon\"> <img decoding=\"async\" src=\"https:\/\/fzn.thga.de\/wp-content\/uploads\/sites\/4\/2025\/03\/Pfeil2.svg\" alt=\"\" \/> <\/div><div class=\"iwt-text\"> \n<h4><a href=\"https:\/\/fzn.thga.de\/wp-content\/uploads\/sites\/4\/2026\/01\/REMINDNET_Poster.pdf\" target=\"_blank\" rel=\"noopener\">REMINDNET: Alt- und Nachbergbau-Netzwerk<\/a><\/h4>\n <\/div><div class=\"clear\"><\/div><\/div><div class=\"iwithtext\"><div class=\"iwt-icon\"> <img decoding=\"async\" src=\"https:\/\/fzn.thga.de\/wp-content\/uploads\/sites\/4\/2025\/03\/Pfeil2.svg\" alt=\"\" \/> <\/div><div class=\"iwt-text\"> \n<h4><a href=\"https:\/\/fzn.thga.de\/wp-content\/uploads\/sites\/4\/2026\/01\/Schwefelkreislaeufe-im-Grubenwasser_Poster.pdf\" target=\"_blank\" rel=\"noopener\">Schwefelkreisl\u00e4ufe im Grubenwasser<\/a><\/h4>\n <\/div><div class=\"clear\"><\/div><\/div><div class=\"iwithtext\"><div class=\"iwt-icon\"> <img decoding=\"async\" src=\"https:\/\/fzn.thga.de\/wp-content\/uploads\/sites\/4\/2025\/03\/Pfeil2.svg\" alt=\"\" \/> <\/div><div class=\"iwt-text\"> \n<h4><a href=\"https:\/\/fzn.thga.de\/wp-content\/uploads\/sites\/4\/2026\/01\/SIRIMA_NACHBergbauzeit_final.pdf\" target=\"_blank\" rel=\"noopener\">SIRIMA \u2013 Sinkhole hazard and risk management in Post-mining areas<\/a><\/h4>\n <\/div><div class=\"clear\"><\/div><\/div><div class=\"divider-wrap\" data-alignment=\"default\"><div style=\"height: 25px;\" class=\"divider\"><\/div><\/div>\n\t\t\t<\/div> \n\t\t<\/div>\n\t<\/div> \n<\/div><\/div>","protected":false},"excerpt":{"rendered":"Poster der Nachbergbauzeit NRW 2025 Wie kann Digitalisierung den Nachbergbau nachhaltig gestalten? Diese zentrale Frage stand am 20. M\u00e4rz 2025 im Fokus der Fachtagung \u201eNachbergbauzeit NRW \u2013 Digitalisierung trifft Tradition\u201c...","protected":false},"author":42,"featured_media":5983,"parent":65,"menu_order":0,"comment_status":"closed","ping_status":"closed","template":"","meta":{"footnotes":""},"class_list":["post-8834","page","type-page","status-publish","has-post-thumbnail"],"_links":{"self":[{"href":"https:\/\/fzn.thga.de\/en\/wp-json\/wp\/v2\/pages\/8834","targetHints":{"allow":["GET"]}}],"collection":[{"href":"https:\/\/fzn.thga.de\/en\/wp-json\/wp\/v2\/pages"}],"about":[{"href":"https:\/\/fzn.thga.de\/en\/wp-json\/wp\/v2\/types\/page"}],"author":[{"embeddable":true,"href":"https:\/\/fzn.thga.de\/en\/wp-json\/wp\/v2\/users\/42"}],"replies":[{"embeddable":true,"href":"https:\/\/fzn.thga.de\/en\/wp-json\/wp\/v2\/comments?post=8834"}],"version-history":[{"count":5,"href":"https:\/\/fzn.thga.de\/en\/wp-json\/wp\/v2\/pages\/8834\/revisions"}],"predecessor-version":[{"id":8836,"href":"https:\/\/fzn.thga.de\/en\/wp-json\/wp\/v2\/pages\/8834\/revisions\/8836"}],"up":[{"embeddable":true,"href":"https:\/\/fzn.thga.de\/en\/wp-json\/wp\/v2\/pages\/65"}],"wp:featuredmedia":[{"embeddable":true,"href":"https:\/\/fzn.thga.de\/en\/wp-json\/wp\/v2\/media\/5983"}],"wp:attachment":[{"href":"https:\/\/fzn.thga.de\/en\/wp-json\/wp\/v2\/media?parent=8834"}],"curies":[{"name":"wp","href":"https:\/\/api.w.org\/{rel}","templated":true}]}}