{"id":908,"date":"2019-08-28T15:28:52","date_gmt":"2019-08-28T13:28:52","guid":{"rendered":"https:\/\/stage.oktober.de\/bergbau\/?page_id=908"},"modified":"2026-01-08T17:28:57","modified_gmt":"2026-01-08T16:28:57","slug":"tansel-dogan","status":"publish","type":"page","link":"https:\/\/fzn.thga.de\/en\/fzn\/team\/tansel-dogan\/","title":{"rendered":"Dr. Tansel Do\u011fan"},"content":{"rendered":"<div id=\"fws_69d812cddff42\"  data-column-margin=\"default\" data-midnight=\"dark\" data-top-percent=\"5%\" data-bottom-percent=\"7%\"  class=\"wpb_row vc_row-fluid vc_row standard_section\"  style=\"padding-top: calc(100vw * 0.05); padding-bottom: calc(100vw * 0.07); \"><div class=\"row-bg-wrap\" data-bg-animation=\"none\" data-bg-overlay=\"false\"><div class=\"inner-wrap\"><div class=\"row-bg\"  style=\"\"><\/div><\/div><div class=\"row-bg-overlay\" ><\/div><\/div><div class=\"row_col_wrap_12 col span_12 dark left\">\n\t<div  class=\"vc_col-sm-8 wpb_column column_container vc_column_container col no-extra-padding inherit_tablet inherit_phone\"  data-t-w-inherits=\"default\" data-bg-cover=\"\" data-padding-pos=\"all\" data-has-bg-color=\"false\" data-bg-color=\"\" data-bg-opacity=\"1\" data-hover-bg=\"\" data-hover-bg-opacity=\"1\" data-animation=\"\" data-delay=\"0\" >\n\t\t<div class=\"vc_column-inner\" ><div class=\"column-bg-overlay-wrap\" data-bg-animation=\"none\"><div class=\"column-bg-overlay\"><\/div><\/div>\n\t\t\t<div class=\"wpb_wrapper\">\n\t\t\t\t\r\n<div class=\"wpb_text_column wpb_content_element\" >\r\n\t<div class=\"wpb_wrapper\">\r\n\t\t<h2><a href=\"https:\/\/fzn.thga.de\/en\/fzn\/team\/\"><span style=\"color: #e30000\">Team<\/span><\/a><\/h2>\n\t<\/div>\r\n<\/div>\r\n\r\n\r\n\r\n\r\n<div class=\"wpb_text_column wpb_content_element\" >\r\n\t<div class=\"wpb_wrapper\">\r\n\t\t<h1 style=\"text-align: left\"><span style=\"color: #06396a\">Dr. Tansel Do\u011fan<\/span><\/h1>\n\t<\/div>\r\n<\/div>\r\n\r\n\r\n\r\n<p style=\"font-size: 28px;color: #00325f;line-height: 1.5;text-align: left\" class=\"vc_custom_heading\" >Research associate<\/p><div class=\"divider-wrap\" data-alignment=\"default\"><div style=\"height: 25px;\" class=\"divider\"><\/div><\/div>\r\n<div class=\"wpb_text_column wpb_content_element\" >\r\n\t<div class=\"wpb_wrapper\">\r\n\t\t<h3><strong>VITA<\/strong><\/h3>\n\t<\/div>\r\n<\/div>\r\n\r\n\r\n\r\n<div class=\"nectar-icon-list\" data-icon-color=\"default\" data-icon-style=\"border\" data-columns=\"3\" data-direction=\"vertical\" data-icon-size=\"small\" data-animate=\"\"><div class=\"nectar-icon-list-item\"><div class=\"list-icon-holder\" data-icon_type=\"icon\"><\/div><div class=\"content\"><h4>M\u00e4rz 2010<\/h4>Wissenschaftliche Mitarbeiterin und Lehrbeauftragte an der Technischen Hochschule Georg Agricola<\/div><\/div><div class=\"nectar-icon-list-item\"><div class=\"list-icon-holder\" data-icon_type=\"icon\"><\/div><div class=\"content\"><h4>April 2011 bis M\u00e4rz 2012<\/h4>DMT GmbH &amp; Co. KG, Essen<br \/>\nProjektmanagerin Gesch\u00e4ftsentwicklung T\u00fcrkei<br \/>\nWissenschaftliche Mitarbeiterin der Abteilungen<br \/>\nExploration &amp; Geosurvey und Bergbau Service<\/div><\/div><div class=\"nectar-icon-list-item\"><div class=\"list-icon-holder\" data-icon_type=\"icon\"><\/div><div class=\"content\"><h4>M\u00e4rz 2010 bis M\u00e4rz 2012<\/h4>Technische Fachhochschule Georg Agricola zu Bochum<br \/>\nGastprofessorin\/Postdoktorat am Lehrstuhl f\u00fcr Geotechnik und Angewandte Geologie<\/div><\/div><div class=\"nectar-icon-list-item\"><div class=\"list-icon-holder\" data-icon_type=\"icon\"><\/div><div class=\"content\"><h4>November 2008 bis Februar 2012<\/h4>Universit\u00e4t Istanbul<br \/>\nAsst. Prof.Dr. am Lehrstuhl f\u00fcr Bergbauingenieurwesen<\/div><\/div><div class=\"nectar-icon-list-item\"><div class=\"list-icon-holder\" data-icon_type=\"icon\"><\/div><div class=\"content\"><h4>Dezember 1998 bis November 2008<\/h4>Universit\u00e4t Istanbul<br \/>\nForschungsassistentin am Lehrstuhl f\u00fcr Bergbauingenieurwesen<\/div><\/div><div class=\"nectar-icon-list-item\"><div class=\"list-icon-holder\" data-icon_type=\"icon\"><\/div><div class=\"content\"><h4>Juli 2001 bis Juli 2007<\/h4>Universit\u00e4t zu Istanbul, Naturwissenschaftliches Institut<br \/>\nPromotion<br \/>\nThema: Usability of geographic information systems (GIS) in open pit mine production planning<\/div><\/div><\/div><div class=\"divider-wrap\" data-alignment=\"default\"><div style=\"height: 80px;\" class=\"divider\"><\/div><\/div>\r\n<div class=\"wpb_text_column wpb_content_element\" >\r\n\t<div class=\"wpb_wrapper\">\r\n\t\t<h3><strong>Auszeichnungen<\/strong><\/h3>\n<ul>\n<li><strong>TWAS Science Award<\/strong>, 2008, The Scientific and Technological Research Council of Turkey, \u201eReclamation planning for coal mine in Istanbul, A\u011fa\u00e7l\u0131 region\u201c<\/li>\n<li><strong>International Publication Encouraging Award<\/strong>, 2008, \u201eDetermination of initial box cut area in open-pit mine by using geographic information system\u201c, The Executive Secretariat of Scientific Research Projects of Istanbul University<\/li>\n<\/ul>\n<h3><strong>Mitarbeit in Gremien und Aussch\u00fcssen<\/strong><\/h3>\n<ul>\n<li>German representative in the European Monitoring Committee of <strong>FEANI<\/strong><\/li>\n<\/ul>\n\t<\/div>\r\n<\/div>\r\n\r\n\r\n\r\n\n\t\t\t<\/div> \n\t\t<\/div>\n\t<\/div> \n\n\t<div  class=\"vc_col-sm-1 wpb_column column_container vc_column_container col no-extra-padding inherit_tablet inherit_phone\"  data-t-w-inherits=\"default\" data-bg-cover=\"\" data-padding-pos=\"all\" data-has-bg-color=\"false\" data-bg-color=\"\" data-bg-opacity=\"1\" data-hover-bg=\"\" data-hover-bg-opacity=\"1\" data-animation=\"\" data-delay=\"0\" >\n\t\t<div class=\"vc_column-inner\" ><div class=\"column-bg-overlay-wrap\" data-bg-animation=\"none\"><div class=\"column-bg-overlay\"><\/div><\/div>\n\t\t\t<div class=\"wpb_wrapper\">\n\t\t\t\t\n\t\t\t<\/div> \n\t\t<\/div>\n\t<\/div> \n\n\t<div  class=\"vc_col-sm-3 wpb_column column_container vc_column_container col no-extra-padding inherit_tablet inherit_phone\"  data-t-w-inherits=\"default\" data-bg-cover=\"\" data-padding-pos=\"all\" data-has-bg-color=\"false\" data-bg-color=\"\" data-bg-opacity=\"1\" data-hover-bg=\"\" data-hover-bg-opacity=\"1\" data-animation=\"\" data-delay=\"0\" >\n\t\t<div class=\"vc_column-inner\" ><div class=\"column-bg-overlay-wrap\" data-bg-animation=\"none\"><div class=\"column-bg-overlay\"><\/div><\/div>\n\t\t\t<div class=\"wpb_wrapper\">\n\t\t\t\t<div class=\"img-with-aniamtion-wrap\" data-max-width=\"100%\" data-max-width-mobile=\"default\" data-border-radius=\"none\" data-shadow=\"none\" data-animation=\"fade-in\" >\r\n      <div class=\"inner\">\r\n        <div class=\"hover-wrap\" data-hover-animation=\"none\"> \r\n          <div class=\"hover-wrap-inner\">\r\n            <img loading=\"lazy\" decoding=\"async\" class=\"img-with-animation skip-lazy\" data-delay=\"0\" height=\"1500\" width=\"1000\" data-animation=\"fade-in\" src=\"https:\/\/fzn.thga.de\/wp-content\/uploads\/sites\/4\/2019\/07\/Dr.-Tansel-Dogan-weboptimiert.jpg\" alt=\"\" srcset=\"https:\/\/fzn.thga.de\/wp-content\/uploads\/sites\/4\/2019\/07\/Dr.-Tansel-Dogan-weboptimiert.jpg 1000w, https:\/\/fzn.thga.de\/wp-content\/uploads\/sites\/4\/2019\/07\/Dr.-Tansel-Dogan-weboptimiert-200x300.jpg 200w, https:\/\/fzn.thga.de\/wp-content\/uploads\/sites\/4\/2019\/07\/Dr.-Tansel-Dogan-weboptimiert-768x1152.jpg 768w, https:\/\/fzn.thga.de\/wp-content\/uploads\/sites\/4\/2019\/07\/Dr.-Tansel-Dogan-weboptimiert-683x1024.jpg 683w\" sizes=\"auto, (min-width: 1450px) 75vw, (min-width: 1000px) 85vw, 100vw\" \/>\r\n          <\/div>\r\n        <\/div>\r\n      <\/div>\r\n    <\/div>\n\t\t\t<\/div> \n\t\t<\/div>\n\t<\/div> \n<\/div><\/div>","protected":false},"excerpt":{"rendered":"Team Dr. Tansel Do\u011fan Wissenschaftliche Mitarbeiterin am FZN VITA M\u00e4rz 2010Wissenschaftliche Mitarbeiterin und Lehrbeauftragte an der Technischen Hochschule Georg AgricolaApril 2011 bis M\u00e4rz 2012DMT GmbH &amp; Co. KG, Essen Projektmanagerin...","protected":false},"author":6,"featured_media":0,"parent":2894,"menu_order":0,"comment_status":"closed","ping_status":"closed","template":"","meta":{"footnotes":""},"class_list":["post-908","page","type-page","status-publish"],"_links":{"self":[{"href":"https:\/\/fzn.thga.de\/en\/wp-json\/wp\/v2\/pages\/908","targetHints":{"allow":["GET"]}}],"collection":[{"href":"https:\/\/fzn.thga.de\/en\/wp-json\/wp\/v2\/pages"}],"about":[{"href":"https:\/\/fzn.thga.de\/en\/wp-json\/wp\/v2\/types\/page"}],"author":[{"embeddable":true,"href":"https:\/\/fzn.thga.de\/en\/wp-json\/wp\/v2\/users\/6"}],"replies":[{"embeddable":true,"href":"https:\/\/fzn.thga.de\/en\/wp-json\/wp\/v2\/comments?post=908"}],"version-history":[{"count":6,"href":"https:\/\/fzn.thga.de\/en\/wp-json\/wp\/v2\/pages\/908\/revisions"}],"predecessor-version":[{"id":8804,"href":"https:\/\/fzn.thga.de\/en\/wp-json\/wp\/v2\/pages\/908\/revisions\/8804"}],"up":[{"embeddable":true,"href":"https:\/\/fzn.thga.de\/en\/wp-json\/wp\/v2\/pages\/2894"}],"wp:attachment":[{"href":"https:\/\/fzn.thga.de\/en\/wp-json\/wp\/v2\/media?parent=908"}],"curies":[{"name":"wp","href":"https:\/\/api.w.org\/{rel}","templated":true}]}}