{"id":967,"date":"2019-08-28T16:49:10","date_gmt":"2019-08-28T14:49:10","guid":{"rendered":"https:\/\/stage.oktober.de\/bergbau\/?page_id=967"},"modified":"2022-02-23T15:55:41","modified_gmt":"2022-02-23T14:55:41","slug":"juergen-brueggemann","status":"publish","type":"page","link":"https:\/\/fzn.thga.de\/en\/fzn\/team\/juergen-brueggemann\/","title":{"rendered":"Dipl.-Ing. J\u00fcrgen Br\u00fcggemann"},"content":{"rendered":"<div id=\"fws_69ea719b98abd\"  data-column-margin=\"default\" data-midnight=\"dark\" data-top-percent=\"5%\" data-bottom-percent=\"7%\"  class=\"wpb_row vc_row-fluid vc_row standard_section\"  style=\"padding-top: calc(100vw * 0.05); padding-bottom: calc(100vw * 0.07); \"><div class=\"row-bg-wrap\" data-bg-animation=\"none\" data-bg-overlay=\"false\"><div class=\"inner-wrap\"><div class=\"row-bg\"  style=\"\"><\/div><\/div><div class=\"row-bg-overlay\" ><\/div><\/div><div class=\"row_col_wrap_12 col span_12 dark left\">\n\t<div  class=\"vc_col-sm-8 wpb_column column_container vc_column_container col no-extra-padding inherit_tablet inherit_phone\"  data-t-w-inherits=\"default\" data-bg-cover=\"\" data-padding-pos=\"all\" data-has-bg-color=\"false\" data-bg-color=\"\" data-bg-opacity=\"1\" data-hover-bg=\"\" data-hover-bg-opacity=\"1\" data-animation=\"\" data-delay=\"0\" >\n\t\t<div class=\"vc_column-inner\" ><div class=\"column-bg-overlay-wrap\" data-bg-animation=\"none\"><div class=\"column-bg-overlay\"><\/div><\/div>\n\t\t\t<div class=\"wpb_wrapper\">\n\t\t\t\t\r\n<div class=\"wpb_text_column wpb_content_element\" >\r\n\t<div class=\"wpb_wrapper\">\r\n\t\t<h2><a href=\"https:\/\/stage.oktober.de\/bergbau\/fzn\/team\/\"><span style=\"color: #e30000\">Team<\/span><\/a><\/h2>\n\t<\/div>\r\n<\/div>\r\n\r\n\r\n\r\n\r\n<div class=\"wpb_text_column wpb_content_element\" >\r\n\t<div class=\"wpb_wrapper\">\r\n\t\t<h1 style=\"text-align: left\">Dipl.-Ing. J\u00fcrgen Br\u00fcggemann<\/h1>\n\t<\/div>\r\n<\/div>\r\n\r\n\r\n\r\n<p style=\"font-size: 28px;color: #00325f;line-height: 1.5;text-align: left\" class=\"vc_custom_heading\" >Forschungsschwerpunkt Reaktivierung und Transition, Regionalentwicklung und st\u00e4dtebaulich-strategisches Projektmanagement<\/p><div class=\"divider-wrap\" data-alignment=\"default\"><div style=\"height: 25px;\" class=\"divider\"><\/div><\/div>\r\n<div class=\"wpb_text_column wpb_content_element\" >\r\n\t<div class=\"wpb_wrapper\">\r\n\t\t<h3><strong>VITA<\/strong><\/h3>\n\t<\/div>\r\n<\/div>\r\n\r\n\r\n\r\n<div class=\"nectar-icon-list\" data-icon-color=\"default\" data-icon-style=\"border\" data-columns=\"3\" data-direction=\"vertical\" data-icon-size=\"small\" data-animate=\"\"><div class=\"nectar-icon-list-item\"><div class=\"list-icon-holder\" data-icon_type=\"icon\"><\/div><div class=\"content\"><h4>Seit 2018<\/h4>Lehrbeauftragter an der Goethe Business School, Frankfurt<\/div><\/div><div class=\"nectar-icon-list-item\"><div class=\"list-icon-holder\" data-icon_type=\"icon\"><\/div><div class=\"content\"><h4>Seit 2015<\/h4>Senior Consultant am Forschungszentrum Nachbergbau<\/div><\/div><div class=\"nectar-icon-list-item\"><div class=\"list-icon-holder\" data-icon_type=\"icon\"><\/div><div class=\"content\"><h4>Seit 2014<\/h4>Lehrbeauftragter an der TU Dortmund<\/div><\/div><div class=\"nectar-icon-list-item\"><div class=\"list-icon-holder\" data-icon_type=\"icon\"><\/div><div class=\"content\"><h4>Seit 2007<\/h4>Mitglied der Gesch\u00e4ftsf\u00fchrung RAG Montan Immobilien<\/div><\/div><div class=\"nectar-icon-list-item\"><div class=\"list-icon-holder\" data-icon_type=\"icon\"><\/div><div class=\"content\"><h4>Seit 2001<\/h4>Gesch\u00e4ftsf\u00fchrer der Montan Grundst\u00fccksgesellschaft<\/div><\/div><div class=\"nectar-icon-list-item\"><div class=\"list-icon-holder\" data-icon_type=\"icon\"><\/div><div class=\"content\"><h4>Seit 2000<\/h4>Lehrbeauftragter an der Technischen Hochschule Georg Agricola<\/div><\/div><div class=\"nectar-icon-list-item\"><div class=\"list-icon-holder\" data-icon_type=\"icon\"><\/div><div class=\"content\"><h4>Seit 1994<\/h4>Gesch\u00e4ftsf\u00fchrer bei der GPE Gesellschaft f\u00fcr Projektmanagement und Grundst\u00fccksentwicklung mbH, Dortmund und seit 2002 Gesch\u00e4ftsf\u00fchrer der Montan-Grundst\u00fccksgesellschaft mbH, Essen<\/div><\/div><div class=\"nectar-icon-list-item\"><div class=\"list-icon-holder\" data-icon_type=\"icon\"><\/div><div class=\"content\"><h4><\/h4>Studium an der Fachhochschule Bergbau und an der Universit\u00e4t Dortmund,<br \/>\nSachbearbeiter bei der Westf\u00e4lischen Berggewerkschaftskasse Bochum, anschl. Projektleiter bei der Ingenieurgesellschaft f\u00fcr Bautechnik Zerne, Schultz und Partner, Bochum sowie bei der MGE Montan-Grundst\u00fccksentwicklungsgesellschaft mbH.<\/div><\/div><div class=\"nectar-icon-list-item\"><div class=\"list-icon-holder\" data-icon_type=\"icon\"><\/div><div class=\"content\"><h4>1952<\/h4>in Bochum geboren<\/div><\/div><\/div><div class=\"divider-wrap\" data-alignment=\"default\"><div style=\"height: 100px;\" class=\"divider\"><\/div><\/div>\r\n<div class=\"wpb_text_column wpb_content_element\" >\r\n\t<div class=\"wpb_wrapper\">\r\n\t\t<h3><strong>Lehr- und Forschungsschwerpunkte<\/strong><\/h3>\n<p><span style=\"color: #000000\"><strong>Lehrt die folgenden F\u00e4cher:<\/strong><\/span><\/p>\n<ul>\n<li><span style=\"color: #000000\">Fl\u00e4chenentwicklung<\/span><\/li>\n<li><span style=\"color: #000000\">Projektmanagement<\/span><\/li>\n<li><span style=\"color: #000000\">St\u00e4dtebau<\/span><\/li>\n<li><span style=\"color: #000000\">St\u00e4dtebauliches Riskmanagement<\/span><\/li>\n<\/ul>\n<p><span style=\"color: #000000\"><strong>Arbeitsschwerpunkte:<\/strong><\/span><\/p>\n<ul>\n<li><span style=\"color: #000000\">Regionalentwicklung<\/span><\/li>\n<li><span style=\"color: #000000\">St\u00e4dtebauliche Entwicklung<\/span><\/li>\n<li><span style=\"color: #000000\">Wiedernutzbarmachung ehemaliger Industrie- u. Bergbaufl\u00e4chen<\/span><\/li>\n<li><span style=\"color: #000000\">Grundst\u00fccksentwicklung<\/span><\/li>\n<li><span style=\"color: #000000\">St\u00e4dtebaulich-strategisches Projektmanagement<\/span><\/li>\n<li><span style=\"color: #000000\">Organisationsentwicklung\u00a0<\/span><\/li>\n<\/ul>\n\t<\/div>\r\n<\/div>\r\n\r\n\r\n\r\n<div class=\"divider-wrap\" data-alignment=\"default\"><div style=\"height: 80px;\" class=\"divider\"><\/div><\/div>\r\n<div class=\"wpb_text_column wpb_content_element\" >\r\n\t<div class=\"wpb_wrapper\">\r\n\t\t<h3><strong>Memberships<\/strong><\/h3>\n<ul>\n<li><span style=\"color: #000000\">CORENET Global Deutschland e.V.<\/span><\/li>\n<li><span style=\"color: #000000\">Gesellschaft f\u00fcr immobilienwirtschaftliche Forschung (Gif)<\/span><\/li>\n<li><span style=\"color: #000000\">Architektenkammer NRW (Raumplanung)<\/span><\/li>\n<\/ul>\n\t<\/div>\r\n<\/div>\r\n\r\n\r\n\r\n\n\t\t\t<\/div> \n\t\t<\/div>\n\t<\/div> \n\n\t<div  class=\"vc_col-sm-1 wpb_column column_container vc_column_container col no-extra-padding inherit_tablet inherit_phone\"  data-t-w-inherits=\"default\" data-bg-cover=\"\" data-padding-pos=\"all\" data-has-bg-color=\"false\" data-bg-color=\"\" data-bg-opacity=\"1\" data-hover-bg=\"\" data-hover-bg-opacity=\"1\" data-animation=\"\" data-delay=\"0\" >\n\t\t<div class=\"vc_column-inner\" ><div class=\"column-bg-overlay-wrap\" data-bg-animation=\"none\"><div class=\"column-bg-overlay\"><\/div><\/div>\n\t\t\t<div class=\"wpb_wrapper\">\n\t\t\t\t\n\t\t\t<\/div> \n\t\t<\/div>\n\t<\/div> \n\n\t<div  class=\"vc_col-sm-3 wpb_column column_container vc_column_container col no-extra-padding inherit_tablet inherit_phone\"  data-t-w-inherits=\"default\" data-bg-cover=\"\" data-padding-pos=\"all\" data-has-bg-color=\"false\" data-bg-color=\"\" data-bg-opacity=\"1\" data-hover-bg=\"\" data-hover-bg-opacity=\"1\" data-animation=\"\" data-delay=\"0\" >\n\t\t<div class=\"vc_column-inner\" ><div class=\"column-bg-overlay-wrap\" data-bg-animation=\"none\"><div class=\"column-bg-overlay\"><\/div><\/div>\n\t\t\t<div class=\"wpb_wrapper\">\n\t\t\t\t<div class=\"img-with-aniamtion-wrap\" data-max-width=\"100%\" data-max-width-mobile=\"default\" data-border-radius=\"none\" data-shadow=\"none\" data-animation=\"fade-in\" >\r\n      <div class=\"inner\">\r\n        <div class=\"hover-wrap\" data-hover-animation=\"none\"> \r\n          <div class=\"hover-wrap-inner\">\r\n            <img loading=\"lazy\" decoding=\"async\" class=\"img-with-animation skip-lazy\" data-delay=\"0\" height=\"1500\" width=\"1000\" data-animation=\"fade-in\" src=\"https:\/\/fzn.thga.de\/wp-content\/uploads\/sites\/4\/2019\/07\/Dipl.-Ing.-Ju\u0308rgen-Bru\u0308ggemann-SC-weboptimiert.jpg\" alt=\"\" srcset=\"https:\/\/fzn.thga.de\/wp-content\/uploads\/sites\/4\/2019\/07\/Dipl.-Ing.-Ju\u0308rgen-Bru\u0308ggemann-SC-weboptimiert.jpg 1000w, https:\/\/fzn.thga.de\/wp-content\/uploads\/sites\/4\/2019\/07\/Dipl.-Ing.-Ju\u0308rgen-Bru\u0308ggemann-SC-weboptimiert-200x300.jpg 200w, https:\/\/fzn.thga.de\/wp-content\/uploads\/sites\/4\/2019\/07\/Dipl.-Ing.-Ju\u0308rgen-Bru\u0308ggemann-SC-weboptimiert-768x1152.jpg 768w, https:\/\/fzn.thga.de\/wp-content\/uploads\/sites\/4\/2019\/07\/Dipl.-Ing.-Ju\u0308rgen-Bru\u0308ggemann-SC-weboptimiert-683x1024.jpg 683w\" sizes=\"auto, (min-width: 1450px) 75vw, (min-width: 1000px) 85vw, 100vw\" \/>\r\n          <\/div>\r\n        <\/div>\r\n      <\/div>\r\n    <\/div>\n\t\t\t<\/div> \n\t\t<\/div>\n\t<\/div> \n<\/div><\/div>","protected":false},"excerpt":{"rendered":"Team Dipl.-Ing. J\u00fcrgen Br\u00fcggemann Forschungsschwerpunkt Reaktivierung und Transition, Regionalentwicklung und st\u00e4dtebaulich-strategisches Projektmanagement VITA Seit 2018Lehrbeauftragter an der Goethe Business School, FrankfurtSeit 2015Senior Consultant am Forschungszentrum NachbergbauSeit 2014Lehrbeauftragter an der TU...","protected":false},"author":6,"featured_media":0,"parent":2894,"menu_order":0,"comment_status":"closed","ping_status":"closed","template":"","meta":{"footnotes":""},"class_list":["post-967","page","type-page","status-publish"],"_links":{"self":[{"href":"https:\/\/fzn.thga.de\/en\/wp-json\/wp\/v2\/pages\/967","targetHints":{"allow":["GET"]}}],"collection":[{"href":"https:\/\/fzn.thga.de\/en\/wp-json\/wp\/v2\/pages"}],"about":[{"href":"https:\/\/fzn.thga.de\/en\/wp-json\/wp\/v2\/types\/page"}],"author":[{"embeddable":true,"href":"https:\/\/fzn.thga.de\/en\/wp-json\/wp\/v2\/users\/6"}],"replies":[{"embeddable":true,"href":"https:\/\/fzn.thga.de\/en\/wp-json\/wp\/v2\/comments?post=967"}],"version-history":[{"count":9,"href":"https:\/\/fzn.thga.de\/en\/wp-json\/wp\/v2\/pages\/967\/revisions"}],"predecessor-version":[{"id":3599,"href":"https:\/\/fzn.thga.de\/en\/wp-json\/wp\/v2\/pages\/967\/revisions\/3599"}],"up":[{"embeddable":true,"href":"https:\/\/fzn.thga.de\/en\/wp-json\/wp\/v2\/pages\/2894"}],"wp:attachment":[{"href":"https:\/\/fzn.thga.de\/en\/wp-json\/wp\/v2\/media?parent=967"}],"curies":[{"name":"wp","href":"https:\/\/api.w.org\/{rel}","templated":true}]}}